{"id":1356,"date":"2013-09-20T11:16:33","date_gmt":"2013-09-20T14:16:33","guid":{"rendered":"https:\/\/www.infraestruturameioambiente.sp.gov.br\/pgibt\/?page_id=1356"},"modified":"2013-09-20T11:16:33","modified_gmt":"2013-09-20T14:16:33","slug":"2007-sabrina-latansio-costa-ribeiro","status":"publish","type":"page","link":"https:\/\/www.infraestruturameioambiente.sp.gov.br\/pgibt\/dissertacoesteses\/2007-sabrina-latansio-costa-ribeiro\/","title":{"rendered":"Sabrina Latansio Costa Ribeiro MS"},"content":{"rendered":"<h2 style=\"text-align: center\"><a href=\"https:\/\/smastr16.blob.core.windows.net\/pgibt\/2015\/02\/faixapos6.jpg\"><img decoding=\"async\" loading=\"lazy\" class=\"aligncenter size-full wp-image-3777\" style=\"border: 0px\" alt=\"faixapos6\" src=\"https:\/\/smastr16.blob.core.windows.net\/pgibt\/2015\/02\/faixapos6.jpg\" width=\"950\" height=\"163\" srcset=\"https:\/\/smastr16.blob.core.windows.net\/pgibt\/2015\/02\/faixapos6.jpg 950w, https:\/\/smastr16.blob.core.windows.net\/pgibt\/2015\/02\/faixapos6-768x131.jpg 768w\" sizes=\"(max-width: 950px) 100vw, 950px\" \/><\/a><\/h2>\n<hr align=\"center\" noshade=\"noshade\" size=\"1\" width=\"100%\" \/>\n<h2 style=\"text-align: center\"><span style=\"color: #003300\">Sabrina Latansio Costa Ribeiro<\/span><\/h2>\n<hr align=\"center\" noshade=\"noshade\" size=\"1\" width=\"100%\" \/>\n<p style=\"text-align: center\">A Bi\u00f3loga Sabrina Latansio Costa Ribeiro defendeu sua Disserta\u00e7\u00e3o de Mestrado no dia 14 de mar\u00e7o de 2007,<br \/>\nno audit\u00f3rio do Instituto de Bot\u00e2nica de S\u00e3o Paulo, intitulada<br \/>\n&#8220;Din\u00e2mica sazonal das trocas gasosas e do potencial h\u00eddrico em esp\u00e9cies arb\u00f3reas de um<br \/>\nCerrado sensu stricto na Gleba P\u00e9-de-Gigante,\u00a0P.E. Vassununga, SP.&#8221;,<\/p>\n<p style=\"text-align: center\">a Banca examinadora foi composta pelo Prof. Dr. Humberto Ribeiro da Rocha (IAG\/USP),<br \/>\nProf. Dr. Marcos Pereira Marinho Aidar (Fisiologia\/IBt &#8211; Orientador) e Profa. Dra. Regina Maria de Moraes (Ecologia\/IBt).<\/p>\n<div id=\"attachment_1361\" style=\"width: 256px\" class=\"wp-caption aligncenter\"><a href=\"https:\/\/smastr16.blob.core.windows.net\/pgibt\/2013\/09\/sabrina1.jpg\"><img aria-describedby=\"caption-attachment-1361\" decoding=\"async\" loading=\"lazy\" class=\"size-full wp-image-1361\" alt=\"Prof. Dr. Humberto Ribeiro da Rocha (IAG\/USP), Prof. Dr. Marcos Pereira M. Aidar (Fisiologia\/IBt) e  Dra. Regina Maria de Moraes (Ecologia\/IBt)\" src=\"https:\/\/smastr16.blob.core.windows.net\/pgibt\/2013\/09\/sabrina1.jpg\" width=\"246\" height=\"171\" \/><\/a><p id=\"caption-attachment-1361\" class=\"wp-caption-text\">Prof. Dr. Humberto Ribeiro da Rocha (IAG\/USP), Prof. Dr. Marcos Pereira M. Aidar (Fisiologia\/IBt) e<br \/>Dra. Regina Maria de Moraes (Ecologia\/IBt)<\/p><\/div>\n<hr align=\"center\" noshade=\"noshade\" size=\"1\" width=\"100%\" \/>\n<h3 style=\"text-align: center\">Din\u00e2mica sazonal das trocas gasosas e do potencial h\u00eddrico em esp\u00e9cies arb\u00f3reas de um<br \/>\nCerrado\u00a0<em>sensu stricto<\/em>\u00a0na Gleba P\u00e9-de-Gigante, P.E. Vassununga, SP<\/h3>\n<hr align=\"center\" noshade=\"noshade\" size=\"1\" width=\"100%\" \/>\n<h4 style=\"text-align: center\"><strong>RESUMO<\/strong><\/h4>\n<p style=\"text-align: justify\">\u00a0O Bioma cerrado \u00e9 complexo estrutural e funcionalmente e apresenta esp\u00e9cies com diferentes estrat\u00e9gias de utiliza\u00e7\u00e3o espacial e temporal dos recursos h\u00eddricos e efeitos marcantes da sazonalidade no balan\u00e7o de carbono e crescimento. O objetivo deste projeto foi estudar a din\u00e2mica sazonal das trocas gasosas e do \u00f8 das principais esp\u00e9cies arb\u00f3reas que estruturam o Cerrado\u00a0<em>sensu stricto<\/em>\u00a0na Gleba P\u00e9-de-Gigante, P.E. Vassununga, Santa Rita do Passa Quatro (SP), buscando definir suas caracter\u00edsticas fotossint\u00e9ticas e de rela\u00e7\u00f5es h\u00eddricas e avaliar sua contribui\u00e7\u00e3o potencial relativa em termos do balan\u00e7o de carbono no ecossistema M. lingua, sempre-verde, domina o sub-bosque, possui altos CRA, \u00f8 e espessura foliar, e baixos AFE, Amax, Amass e RFAsat, a EUA \u00e9 uniforme e alta, maior longevidade foliar; X. aromatica, semi-dec\u00eddua, domina o estrato intermedi\u00e1rio, possui altos CRA e \u00f8, espessura foliar e AFE m\u00e9dias, altas Amax, Amass e RFAsat, e a EUA \u00e9 uniforme, longevidade foliar intermedi\u00e1ria; A. falcata, dec\u00eddua, domina o dossel, possui baixos CRA, \u00f8 e espessura foliar, e altas Amax, Amass e RFAsat, e a EUA \u00e9 uniforme e alta, menor longevidade foliar. Apesar das diferen\u00e7as entre as esp\u00e9cies nas estrat\u00e9gias fenol\u00f3gicas, assimila\u00e7\u00e3o de carbono e uso da \u00e1gua ao longo do ano, a simula\u00e7\u00e3o do balan\u00e7o de carbono anual potencial indica valores muito similares, por\u00e9m, apesar dessa equival\u00eancia, a determina\u00e7\u00e3o do \u00edndice de \u00e1rea foliar (IAF) para a estimativa da real contribui\u00e7\u00e3o potencial de cada esp\u00e9cie no balan\u00e7o de carbono do ecossistema estudado \u00e9 essencial. alta, menor longevidade foliar.<\/p>\n\n<hr align=\"center\" noshade=\"noshade\" size=\"1\" width=\"100%\" \/>\n<p style=\"text-align: center\"><a href=\"https:\/\/smastr16.blob.core.windows.net\/pgibt\/2013\/09\/pdf_grande.gif\"><img decoding=\"async\" loading=\"lazy\" class=\"aligncenter size-full wp-image-2313\" style=\"border: 0px\" alt=\"pdf_grande\" src=\"https:\/\/smastr16.blob.core.windows.net\/pgibt\/2013\/09\/pdf_grande.gif\" width=\"60\" height=\"60\" \/><\/a><a href=\"https:\/\/smastr16.blob.core.windows.net\/pgibt\/2013\/09\/Sabrina_Latansio_Costa_Ribeiro_MS.pdf\" target=\"_blank\">Sabrina Latansio Costa Ribeiro<br \/>\nDin\u00e2mica sazonal das trocas gasosas e do potencial h\u00eddrico em esp\u00e9cies arb\u00f3reas de um<br \/>\nCerrado\u00a0<em>sensu stricto<\/em>\u00a0na Gleba P\u00e9-de-Gigante, P.E. Vassununga, SP<\/a><\/p>\n<hr align=\"center\" noshade=\"noshade\" size=\"1\" width=\"100%\" \/>\n<p style=\"text-align: center\"><strong>\u00a0<a href=\"https:\/\/www.infraestruturameioambiente.sp.gov.br\/pgibt\/dissertacoesteses\/\">VOLTAR AS DISSERTA\u00c7\u00d5ES E TESES<\/a><\/strong><\/p>\n<hr align=\"center\" noshade=\"noshade\" size=\"1\" width=\"100%\" \/>\n","protected":false},"excerpt":{"rendered":"<p>Sabrina Latansio Costa Ribeiro A Bi\u00f3loga Sabrina Latansio Costa Ribeiro defendeu sua Disserta\u00e7\u00e3o de Mestrado no dia 14 de mar\u00e7o de 2007, no audit\u00f3rio do Instituto de Bot\u00e2nica de S\u00e3o Paulo, intitulada &#8220;Din\u00e2mica sazonal das trocas gasosas e do potencial h\u00eddrico em esp\u00e9cies arb\u00f3reas de um Cerrado sensu stricto na Gleba P\u00e9-de-Gigante,\u00a0P.E. Vassununga, SP.&#8221;, a [&hellip;]<\/p>\n","protected":false},"author":1,"featured_media":0,"parent":249,"menu_order":0,"comment_status":"closed","ping_status":"open","template":"fullpage.php","meta":[],"_links":{"self":[{"href":"https:\/\/www.infraestruturameioambiente.sp.gov.br\/pgibt\/wp-json\/wp\/v2\/pages\/1356"}],"collection":[{"href":"https:\/\/www.infraestruturameioambiente.sp.gov.br\/pgibt\/wp-json\/wp\/v2\/pages"}],"about":[{"href":"https:\/\/www.infraestruturameioambiente.sp.gov.br\/pgibt\/wp-json\/wp\/v2\/types\/page"}],"author":[{"embeddable":true,"href":"https:\/\/www.infraestruturameioambiente.sp.gov.br\/pgibt\/wp-json\/wp\/v2\/users\/1"}],"replies":[{"embeddable":true,"href":"https:\/\/www.infraestruturameioambiente.sp.gov.br\/pgibt\/wp-json\/wp\/v2\/comments?post=1356"}],"version-history":[{"count":0,"href":"https:\/\/www.infraestruturameioambiente.sp.gov.br\/pgibt\/wp-json\/wp\/v2\/pages\/1356\/revisions"}],"up":[{"embeddable":true,"href":"https:\/\/www.infraestruturameioambiente.sp.gov.br\/pgibt\/wp-json\/wp\/v2\/pages\/249"}],"wp:attachment":[{"href":"https:\/\/www.infraestruturameioambiente.sp.gov.br\/pgibt\/wp-json\/wp\/v2\/media?parent=1356"}],"curies":[{"name":"wp","href":"https:\/\/api.w.org\/{rel}","templated":true}]}}