{"id":1349,"date":"2013-09-20T11:09:50","date_gmt":"2013-09-20T14:09:50","guid":{"rendered":"https:\/\/www.infraestruturameioambiente.sp.gov.br\/pgibt\/?page_id=1349"},"modified":"2013-09-20T11:09:50","modified_gmt":"2013-09-20T14:09:50","slug":"2010-michel-navarro-benatti","status":"publish","type":"page","link":"https:\/\/www.infraestruturameioambiente.sp.gov.br\/pgibt\/dissertacoesteses\/2010-michel-navarro-benatti\/","title":{"rendered":"Michel Navarro Benatti DR"},"content":{"rendered":"<h2 style=\"text-align: center\"><a href=\"https:\/\/smastr16.blob.core.windows.net\/pgibt\/2015\/02\/faixapos6.jpg\"><img decoding=\"async\" loading=\"lazy\" class=\"aligncenter size-full wp-image-3777\" style=\"border: 0px\" alt=\"faixapos6\" src=\"https:\/\/smastr16.blob.core.windows.net\/pgibt\/2015\/02\/faixapos6.jpg\" width=\"950\" height=\"163\" srcset=\"https:\/\/smastr16.blob.core.windows.net\/pgibt\/2015\/02\/faixapos6.jpg 950w, https:\/\/smastr16.blob.core.windows.net\/pgibt\/2015\/02\/faixapos6-768x131.jpg 768w\" sizes=\"(max-width: 950px) 100vw, 950px\" \/><\/a><\/h2>\n<hr align=\"center\" noshade=\"noshade\" size=\"1\" width=\"100%\" \/>\n<h2 style=\"text-align: center\">Michel Navarro Benatti<\/h2>\n<hr align=\"center\" noshade=\"noshade\" size=\"1\" width=\"100%\" \/>\n<p style=\"text-align: center\">Michel Navarro Benatti, aluno do Programa de P\u00f3s-Gradua\u00e7\u00e3o em Biodiversidade Vegetal e Meio Ambiente do Instituto de Bot\u00e2nica (IBt) defendeu, n<br \/>\no dia 10 de Fevereiro de 2010, sua tese de doutorado intitulada<br \/>\n\u201cRevis\u00e3o do g\u00eanero\u00a0<em>Bulbothrix<\/em>\u00a0Hale (<em>Parmeliaceae, Ascomycota<\/em> liquenizados)\u201d.<\/p>\n<p style=\"text-align: center\">A banca examinadora foi composta pelos professores doutores Marcelo Pinto Marcelli (orientador),\u00a0Marcela da Silva C\u00e1ceres, Suzana de Azevedo Martins,<br \/>\nAdriana de Mello Gugliotta e Iracema Helena Schoenlein-Crusius.<\/p>\n<p style=\"text-align: justify\">O trabalho consistiu na revis\u00e3o em n\u00edvel mundial do g\u00eanero\u00a0<em>Bulbothrix<\/em>, com o estudo da quase totalidade do material tipo das esp\u00e9cies e de seus sin\u00f4nimos. Ao todo a tese apresenta cinco novas esp\u00e9cies para a ci\u00eancia, quatro novas combina\u00e7\u00f5es a partir de esp\u00e9cies v\u00e1lidas, cinco esp\u00e9cies em sinon\u00edmia reconhecidas como v\u00e1lidas, quatro esp\u00e9cies sem c\u00edlios bulbados exclu\u00eddas de\u00a0<em>Bulbothrix<\/em>, quatro esp\u00e9cies lectotipificadas, cinco novos sin\u00f4nimos propostos, cinco novos nomina inquirenda propostos, tr\u00eas novas cita\u00e7\u00f5es para o Brasil e mais algumas para outros pa\u00edses, 62 esp\u00e9cies minuciosamente descritas e comentadas, mais de 95% dos materiais tipos conhecidos estudados, uma chave mundial contemplando 58 esp\u00e9cies de\u00a0<em>Bulbothrix<\/em>\u00a0e ilustra\u00e7\u00f5es dos materiais tipo e de diversas de suas caracter\u00edsticas.<\/p>\n<hr align=\"center\" noshade=\"noshade\" size=\"1\" width=\"100%\" \/>\n<h3 style=\"text-align: center\"><strong>Revis\u00e3o do g\u00eanero\u00a0<em>Bulbothrix <\/em>Hale\u00a0(<em>Parmeliaceae, Ascomycota<\/em> liquenizados).<\/strong><\/h3>\n<hr align=\"center\" noshade=\"noshade\" size=\"1\" width=\"100%\" \/>\n<h4 style=\"text-align: center\"><strong>RESUMO<\/strong><\/h4>\n<p style=\"text-align: justify\">O g\u00eanero\u00a0<em>Bulbothrix<\/em>\u00a0Hale foi proposto por Hale (1974c), a partir do grupo de esp\u00e9cies de\u00a0<em>Parmelia<\/em>\u00a0com c\u00edlios marginais bulbados e atranorina cortical da S\u00e9rie\u00a0<em>Bicornutae<\/em>\u00a0(Lynge) Hale &amp; Kurokawa. Al\u00e9m destas caracter\u00edsticas, suas esp\u00e9cies apresentam talos laciniados pequenos em geral muito adnatos, c\u00edlios e rizinas simples a ramificados, apot\u00e9cios lisos a coronados contendo asc\u00f3sporos unicelulares, incolores, elips\u00f3ides a bicornes, e con\u00eddios baciliformes a bifusiformes. A qu\u00edmica medular \u00e9 vari\u00e1vel, sendo os \u00e1cidos girof\u00f3rico, lecan\u00f3rico, lob\u00e1rico, norst\u00edctico e salaz\u00ednico as subst\u00e2ncias mais comuns. Atualmente, s\u00e3o citadas em literatura 55 esp\u00e9cies, quase o dobro das 29 aceitas \u00e0 \u00e9poca da monografia feita por Hale (1976b). Destas, 28 s\u00e3o conhecidas para o Brasil, representando mais de 50% do total mundial. Durante as \u00faltimas tr\u00eas d\u00e9cadas e meia, foram feitos apenas estudos de floras em diferentes localidades do globo que inclu\u00edram algumas esp\u00e9cies de\u00a0<em>Bulbothrix<\/em>, por\u00e9m somente para \u00e1reas de cerrados do Brasil (Marcelli 1993). Devido \u00e0 necessidade de saber quais nomes representam esp\u00e9cies distintas e quais as caracter\u00edsticas que de fato separam-nas, uma vez que a literatura tornou-se confusa ou incompleta a respeito de v\u00e1rias delas, incluindo as descritas na monografia de Hale, este trabalho teve a finalidade de realizar a revis\u00e3o taxon\u00f4mica do g\u00eanero. Os materiais tipos conhecidos de todas as esp\u00e9cies aceitas e de seus sin\u00f4nimos foram solicitados a 35 herb\u00e1rios, sendo que 95% deles foram estudados. Estes esp\u00e9cimes, juntamente com centenas de materiais adicionais dos mesmos herb\u00e1rios, foram descritos e comparados aos prot\u00f3logos e \u00e0 literatura existente. Averiguaram-se mais de 80 caracter\u00edsticas morfol\u00f3gicas e qu\u00edmicas dos esp\u00e9cimes (por testes de colora\u00e7\u00e3o, microcristaliza\u00e7\u00e3o, luz ultravioleta e cromatografia em camada delgada, sendo que no caso dos tipos ao inv\u00e9s dos testes qu\u00edmicos foram verificadas as informa\u00e7\u00f5es em literatura e de etiquetas contendo dados cromatogr\u00e1ficos). S\u00e3o descritas cinco novas esp\u00e9cies:\u00a0<em>B. caribensis<\/em>\u00a0Marcelli &amp; Benatti,\u00a0<em>B. lyngei<\/em>Benatti &amp; Marcelli,\u00a0<em>B. pseudofungicola<\/em>\u00a0Benatti &amp; Marcelli,\u00a0<em>B. silicisrea<\/em>\u00a0Marcelli &amp; Benatti e\u00a0<em>B. thomasiana<\/em>\u00a0Benatti &amp; Marcelli. S\u00e3o feitas quatro novas combina\u00e7\u00f5es fora de\u00a0<em>Bulbothrix<\/em>\u00a0[<em>Hypotrachyna tuskiformis<\/em>\u00a0(Elix) Benatti &amp; Marcelli,\u00a0<em>Parmelinopsis pinguiacida<\/em>\u00a0(Louwhoff &amp; Elix) Marcelli &amp; Benatti,\u00a0<em>P. subinflata<\/em>\u00a0(Hale) Benatti &amp; Marcelli e\u00a0<em>Parmotrema yunnanum\u00a0<\/em>(S.L. Wang, J.B. Chen &amp; Elix)Marcelli &amp; Benatti], outras quatro novas combina\u00e7\u00f5es em\u00a0<em>Bulbothrix<\/em>\u00a0[<em>B. glandulifera<\/em>\u00a0(F\u00e9e) Benatti &amp; Marcelli,\u00a0<em>B. laeviuscula<\/em>\u00a0(R\u00e4s\u00e4nen) Benatti &amp; Marcelli,<em>\u00a0B. pseudocoronata<\/em>\u00a0(Gyelnik) Benatti &amp; Marcellie<em>\u00a0B. subscortea<\/em>\u00a0(Asahina) Marcelli &amp; Benatti], e cinco sin\u00f4nimos segundo Hale (1976b) s\u00e3o aceitos como esp\u00e9cies v\u00e1lidas [<em>B. continua<\/em>\u00a0(Lynge) Hale,\u00a0<em>B. papyrina<strong>\u00a0<\/strong><\/em>(F\u00e9e) Hale<em>, B. scortella<\/em>\u00a0(Nylander) Hale,<em>\u00a0B. subdissecta<\/em>\u00a0(Nylander) Hale e<em>\u00a0B. subglandulifera<strong>\u00a0<\/strong><\/em>(Hue) Hale].<\/p>\n<hr align=\"center\" noshade=\"noshade\" size=\"1\" width=\"100%\" \/>\n<p style=\"text-align: center\"><a href=\"https:\/\/smastr16.blob.core.windows.net\/pgibt\/2013\/09\/pdf_grande.gif\"><img decoding=\"async\" loading=\"lazy\" class=\"aligncenter size-full wp-image-2313\" style=\"border: 0px\" alt=\"pdf_grande\" src=\"https:\/\/smastr16.blob.core.windows.net\/pgibt\/2013\/09\/pdf_grande.gif\" width=\"60\" height=\"60\" \/><\/a><a href=\"https:\/\/smastr16.blob.core.windows.net\/pgibt\/2013\/09\/Michel_Navarro_Benatti_DR.pdf\" target=\"_blank\">Michel Navarro Benatti<br \/>\nRevis\u00e3o do g\u00eanero <em>Bulbothrix<\/em> Hale (Parmeliaceae, Ascomycota liquenizados).<\/a><\/p>\n<hr align=\"center\" noshade=\"noshade\" size=\"1\" width=\"100%\" \/>\n<p style=\"text-align: center\"><strong>\u00a0<a href=\"https:\/\/www.infraestruturameioambiente.sp.gov.br\/pgibt\/dissertacoesteses\/\">VOLTAR AS DISSERTA\u00c7\u00d5ES E TESES<\/a><\/strong><\/p>\n<hr align=\"center\" noshade=\"noshade\" size=\"1\" width=\"100%\" \/>\n","protected":false},"excerpt":{"rendered":"<p>Michel Navarro Benatti Michel Navarro Benatti, aluno do Programa de P\u00f3s-Gradua\u00e7\u00e3o em Biodiversidade Vegetal e Meio Ambiente do Instituto de Bot\u00e2nica (IBt) defendeu, n o dia 10 de Fevereiro de 2010, sua tese de doutorado intitulada \u201cRevis\u00e3o do g\u00eanero\u00a0Bulbothrix\u00a0Hale (Parmeliaceae, Ascomycota liquenizados)\u201d. A banca examinadora foi composta pelos professores doutores Marcelo Pinto Marcelli (orientador),\u00a0Marcela da [&hellip;]<\/p>\n","protected":false},"author":1,"featured_media":0,"parent":249,"menu_order":0,"comment_status":"closed","ping_status":"open","template":"fullpage.php","meta":[],"_links":{"self":[{"href":"https:\/\/www.infraestruturameioambiente.sp.gov.br\/pgibt\/wp-json\/wp\/v2\/pages\/1349"}],"collection":[{"href":"https:\/\/www.infraestruturameioambiente.sp.gov.br\/pgibt\/wp-json\/wp\/v2\/pages"}],"about":[{"href":"https:\/\/www.infraestruturameioambiente.sp.gov.br\/pgibt\/wp-json\/wp\/v2\/types\/page"}],"author":[{"embeddable":true,"href":"https:\/\/www.infraestruturameioambiente.sp.gov.br\/pgibt\/wp-json\/wp\/v2\/users\/1"}],"replies":[{"embeddable":true,"href":"https:\/\/www.infraestruturameioambiente.sp.gov.br\/pgibt\/wp-json\/wp\/v2\/comments?post=1349"}],"version-history":[{"count":0,"href":"https:\/\/www.infraestruturameioambiente.sp.gov.br\/pgibt\/wp-json\/wp\/v2\/pages\/1349\/revisions"}],"up":[{"embeddable":true,"href":"https:\/\/www.infraestruturameioambiente.sp.gov.br\/pgibt\/wp-json\/wp\/v2\/pages\/249"}],"wp:attachment":[{"href":"https:\/\/www.infraestruturameioambiente.sp.gov.br\/pgibt\/wp-json\/wp\/v2\/media?parent=1349"}],"curies":[{"name":"wp","href":"https:\/\/api.w.org\/{rel}","templated":true}]}}