{"id":1348,"date":"2013-09-20T11:05:50","date_gmt":"2013-09-20T14:05:50","guid":{"rendered":"https:\/\/www.infraestruturameioambiente.sp.gov.br\/pgibt\/?page_id=1348"},"modified":"2013-09-20T11:05:50","modified_gmt":"2013-09-20T14:05:50","slug":"2007-rosana-cristina-carreira","status":"publish","type":"page","link":"https:\/\/www.infraestruturameioambiente.sp.gov.br\/pgibt\/dissertacoesteses\/2007-rosana-cristina-carreira\/","title":{"rendered":"Rosana Cristina Carreira DR"},"content":{"rendered":"<h2 style=\"text-align: center\"><a href=\"https:\/\/smastr16.blob.core.windows.net\/pgibt\/2015\/02\/faixapos6.jpg\"><img decoding=\"async\" loading=\"lazy\" class=\"aligncenter size-full wp-image-3777\" style=\"border: 0px\" alt=\"faixapos6\" src=\"https:\/\/smastr16.blob.core.windows.net\/pgibt\/2015\/02\/faixapos6.jpg\" width=\"950\" height=\"163\" srcset=\"https:\/\/smastr16.blob.core.windows.net\/pgibt\/2015\/02\/faixapos6.jpg 950w, https:\/\/smastr16.blob.core.windows.net\/pgibt\/2015\/02\/faixapos6-768x131.jpg 768w\" sizes=\"(max-width: 950px) 100vw, 950px\" \/><\/a><\/h2>\n<hr align=\"center\" noshade=\"noshade\" size=\"1\" width=\"100%\" \/>\n<h2 style=\"text-align: center\"><span style=\"color: #003300\">Rosana Cristina Carreira<\/span><\/h2>\n<hr align=\"center\" noshade=\"noshade\" size=\"1\" width=\"100%\" \/>\n<p style=\"text-align: center\">No dia 25 de setembro de 2007, a aluna Rosana Cristina Carreira defendeu sua tese de doutorado no Instituto de Bot\u00e2nica com o t\u00edtulo<\/p>\n<p style=\"text-align: center\">&#8220;<em>Baccharis trimera <\/em>(Less.) DC. (Asteraceae): estudo comparativo dos \u00f3leos vol\u00e1teis, atividade biol\u00f3gica e crescimento<br \/>\nde estacas de popula\u00e7\u00f5es ocorrentes em \u00e1reas de cerrado e Mata Atl\u00e2ntica&#8221;.<\/p>\n<p>A banca examinadora foi composta pela sua co-orientadora Dra. Maria Cl\u00e1udia Marx Young e pelas pesquisadoras Dra. Carmem L\u00facia Queiroga (CPQBA -UNICAMP), Dra. Maria Luiza Faria Salatino (IB -USP), Dra. Maria \u00c2ngela Machado de Carvalho (Instituto de Bot\u00e2nica) e Dra. \u00c2ngela Maria Ladeira (Instituto de Bot\u00e2nica).<\/p>\n<hr align=\"center\" noshade=\"noshade\" size=\"1\" width=\"100%\" \/>\n<h3 style=\"text-align: center\"><em>Baccharis trimera <\/em>(Less.) DC. (Asteraceae): estudo comparativo dos \u00f3leos vol\u00e1teis, atividade biol\u00f3gica e crescimento de estacas de popula\u00e7\u00f5es ocorrentes em \u00e1reas de cerrado e Mata Atl\u00e2ntica<\/h3>\n<hr align=\"center\" noshade=\"noshade\" size=\"1\" width=\"100%\" \/>\n<h4 style=\"text-align: center\"><strong>RESUMO<\/strong><\/h4>\n<p style=\"text-align: justify\"><em>\u00a0Baccharis trimera (Less.) DC<\/em>., conhecida popularmente como carqueja, \u00e9 amplamente utilizadas no Brasil, em medicina popular, para o tratamento de v\u00e1rias doen\u00e7as. \u00c9 uma esp\u00e9cie que ocorre espontaneamente em regi\u00f5es de Cerrado e Mata Atl\u00e2ntica do estado de S\u00e3o Paulo. O objetivo deste estudo foi comparar duas popula\u00e7\u00f5es de<em>\u00a0B. trimera<\/em>, uma proveniente de \u00e1rea de Cerrado, na RBEE de Mogi Gua\u00e7u e outra de Mata Atl\u00e2ntica, na RBAS de Paranapiacaba, ambas no estado de S\u00e3o Paulo, no que se refere \u00e0s suas respostas de crescimento em condi\u00e7\u00f5es ambientais semi-controladas, sazonalidade da sua atividade biol\u00f3gica e composi\u00e7\u00e3o de \u00f3leos vol\u00e1teis.\u00a0A produ\u00e7\u00e3o e a atividade dos \u00f3leos vol\u00e1teis das duas popula\u00e7\u00f5es analisadas est\u00e3o sujeitas \u00e0s altera\u00e7\u00f5es clim\u00e1ticas e podem causar varia\u00e7\u00f5es nas atividades biol\u00f3gicas testadas. Os monoterpenos oxigenados e sesquiterpenos hidrocarbonetos foram obtidos em maior quantidade nas amostras de \u00f3leos vol\u00e1teis. Extratos de plantas frescas e secas nas concentra\u00e7\u00f5es de 100% e 50% coletadas na primavera e no ver\u00e3o, no Cerrado e Mata Atl\u00e2ntica foram mais eficazes em inibir a germina\u00e7\u00e3o de sementes e o crescimento inicial de \u00f3rg\u00e3os a\u00e9reos e das ra\u00edzes de alface e tomate. Sementes e pl\u00e2ntulas de tomate foram mais sens\u00edveis aos extratos das plantas de\u00a0<em>B. trimera<\/em>. Estacas provenientes da regi\u00e3o de Cerrado responderam ao aumento do fotoper\u00edodo e apresentaram maior rendimento nas extra\u00e7\u00f5es de \u00f3leos vol\u00e1teis. Estacas coletadas em \u00e1rea de Mata Atl\u00e2ntica foram indiferentes ao fotoper\u00edodo e os teores de \u00f3leos vol\u00e1teis, aparentemente, mantiveram-se constantes. Qualitativamente, houve predomin\u00e2ncia de compostos sesquiterp\u00eanicos nas amostras de \u00f3leos vol\u00e1teis de estacas crescidas nos fotoper\u00edodos e os compostos biciclogermacreno e espatulenol, foram majorit\u00e1rios nos \u00f3leos vol\u00e1teis das estacas das plantas das \u00e1reas de Cerrado e Mata Atl\u00e2ntica. Essas caracter\u00edsticas permitiriam \u00e0s plantas de<em>\u00a0B. trimera<\/em>\u00a0sucesso na ocupa\u00e7\u00e3o de novos habitats, seja pela volatiliza\u00e7\u00e3o de suas ess\u00eancias e libera\u00e7\u00e3o de outros compostos do metabolismo secund\u00e1rio no solo, al\u00e9m de atuarem como compostos de defesa contra microorganismos patog\u00eanicos.<\/p>\n<div id=\"attachment_1352\" style=\"width: 260px\" class=\"wp-caption aligncenter\"><a href=\"https:\/\/smastr16.blob.core.windows.net\/pgibt\/2013\/09\/rosana1dr.jpg\"><img aria-describedby=\"caption-attachment-1352\" decoding=\"async\" loading=\"lazy\" class=\"size-full wp-image-1352\" alt=\"Aluna Rosana Cristina Carreira em campo\" src=\"https:\/\/smastr16.blob.core.windows.net\/pgibt\/2013\/09\/rosana1dr.jpg\" width=\"250\" height=\"194\" \/><\/a><p id=\"caption-attachment-1352\" class=\"wp-caption-text\">Aluna Rosana Cristina Carreira em campo<\/p><\/div>\n<hr align=\"center\" noshade=\"noshade\" size=\"1\" width=\"100%\" \/>\n<p style=\"text-align: center\"><a href=\"https:\/\/smastr16.blob.core.windows.net\/pgibt\/2013\/09\/pdf_grande.gif\"><img decoding=\"async\" loading=\"lazy\" class=\"aligncenter size-full wp-image-2313\" style=\"border: 0px\" alt=\"pdf_grande\" src=\"https:\/\/smastr16.blob.core.windows.net\/pgibt\/2013\/09\/pdf_grande.gif\" width=\"60\" height=\"60\" \/><\/a><a href=\"https:\/\/smastr16.blob.core.windows.net\/pgibt\/2013\/09\/Rosana_Cristina_Carreira_DR.pdf\"><em><br \/>\n<\/em><\/a><a href=\"https:\/\/smastr16.blob.core.windows.net\/pgibt\/2013\/09\/Rosana_Cristina_Carreira_DR.pdf\" target=\"_blank\">Rosana Cristina Carreira<br \/>\n<em>Baccharis trimera<\/em> (Less.) DC. (Asteraceae): estudo comparativo dos \u00f3leos vol\u00e1teis, atividade biol\u00f3gica e crescimento<br \/>\nde estacas de popula\u00e7\u00f5es ocorrentes em \u00e1reas de cerrado e Mata Atl\u00e2ntica.<\/a><\/p>\n<hr align=\"center\" noshade=\"noshade\" size=\"1\" width=\"100%\" \/>\n<p style=\"text-align: center\"><strong>\u00a0<a href=\"https:\/\/www.infraestruturameioambiente.sp.gov.br\/pgibt\/dissertacoesteses\/\">VOLTAR AS DISSERTA\u00c7\u00d5ES E TESES<\/a><\/strong><\/p>\n<hr align=\"center\" noshade=\"noshade\" size=\"1\" width=\"100%\" \/>\n","protected":false},"excerpt":{"rendered":"<p>Rosana Cristina Carreira No dia 25 de setembro de 2007, a aluna Rosana Cristina Carreira defendeu sua tese de doutorado no Instituto de Bot\u00e2nica com o t\u00edtulo &#8220;Baccharis trimera (Less.) DC. (Asteraceae): estudo comparativo dos \u00f3leos vol\u00e1teis, atividade biol\u00f3gica e crescimento de estacas de popula\u00e7\u00f5es ocorrentes em \u00e1reas de cerrado e Mata Atl\u00e2ntica&#8221;. A banca [&hellip;]<\/p>\n","protected":false},"author":1,"featured_media":0,"parent":249,"menu_order":0,"comment_status":"closed","ping_status":"open","template":"fullpage.php","meta":[],"_links":{"self":[{"href":"https:\/\/www.infraestruturameioambiente.sp.gov.br\/pgibt\/wp-json\/wp\/v2\/pages\/1348"}],"collection":[{"href":"https:\/\/www.infraestruturameioambiente.sp.gov.br\/pgibt\/wp-json\/wp\/v2\/pages"}],"about":[{"href":"https:\/\/www.infraestruturameioambiente.sp.gov.br\/pgibt\/wp-json\/wp\/v2\/types\/page"}],"author":[{"embeddable":true,"href":"https:\/\/www.infraestruturameioambiente.sp.gov.br\/pgibt\/wp-json\/wp\/v2\/users\/1"}],"replies":[{"embeddable":true,"href":"https:\/\/www.infraestruturameioambiente.sp.gov.br\/pgibt\/wp-json\/wp\/v2\/comments?post=1348"}],"version-history":[{"count":0,"href":"https:\/\/www.infraestruturameioambiente.sp.gov.br\/pgibt\/wp-json\/wp\/v2\/pages\/1348\/revisions"}],"up":[{"embeddable":true,"href":"https:\/\/www.infraestruturameioambiente.sp.gov.br\/pgibt\/wp-json\/wp\/v2\/pages\/249"}],"wp:attachment":[{"href":"https:\/\/www.infraestruturameioambiente.sp.gov.br\/pgibt\/wp-json\/wp\/v2\/media?parent=1348"}],"curies":[{"name":"wp","href":"https:\/\/api.w.org\/{rel}","templated":true}]}}