{"id":1337,"date":"2013-09-20T10:47:23","date_gmt":"2013-09-20T13:47:23","guid":{"rendered":"https:\/\/www.infraestruturameioambiente.sp.gov.br\/pgibt\/?page_id=1337"},"modified":"2013-09-20T10:47:23","modified_gmt":"2013-09-20T13:47:23","slug":"2010-marcos-enoque-leite-lima","status":"publish","type":"page","link":"https:\/\/www.infraestruturameioambiente.sp.gov.br\/pgibt\/dissertacoesteses\/2010-marcos-enoque-leite-lima\/","title":{"rendered":"Marcos Enoque Leite Lima MS"},"content":{"rendered":"<h2 style=\"text-align: center\"><a href=\"https:\/\/smastr16.blob.core.windows.net\/pgibt\/2015\/02\/faixapos6.jpg\"><img decoding=\"async\" loading=\"lazy\" class=\"aligncenter size-full wp-image-3777\" style=\"border: 0px\" alt=\"faixapos6\" src=\"https:\/\/smastr16.blob.core.windows.net\/pgibt\/2015\/02\/faixapos6.jpg\" width=\"950\" height=\"163\" srcset=\"https:\/\/smastr16.blob.core.windows.net\/pgibt\/2015\/02\/faixapos6.jpg 950w, https:\/\/smastr16.blob.core.windows.net\/pgibt\/2015\/02\/faixapos6-768x131.jpg 768w\" sizes=\"(max-width: 950px) 100vw, 950px\" \/><\/a><\/h2>\n<hr align=\"center\" noshade=\"noshade\" size=\"1\" width=\"100%\" \/>\n<h2 style=\"text-align: center\"><span style=\"color: #003300\">Marcos Enoque Leite Lima<\/span><\/h2>\n<hr align=\"center\" noshade=\"noshade\" size=\"1\" width=\"100%\" \/>\n<p align=\"center\">A disserta\u00e7\u00e3o de mestrado defendida pelo aluno Marcos Enoque Leite Lima (bolsista CnPq) em 26 de abril de 2010.<\/p>\n<p align=\"center\">Compondo a comiss\u00e3o julgadora estavam a Dra. In\u00eas Cordeiro (orientadora &#8211; Instituto de Bot\u00e2nica),<br \/>\na Dra. Kikyo Yamamoto (Unicamp)\u00a0e o Dr. Eduardo Pereira Cabral Gomes (Instituto de Bot\u00e2nica).<\/p>\n<p>&nbsp;<\/p>\n<hr align=\"center\" noshade=\"noshade\" size=\"1\" width=\"100%\" \/>\n<h3 style=\"text-align: center\">Avalia\u00e7\u00e3o da estrutura do componente arb\u00f3reo de um fragmento de Floresta Ombr\u00f3fila Densa Montana do Parque Natural Municipal Nascentes de Paranapiacaba, Santo Andr\u00e9, S\u00e3o Paulo,\u00a0Brasil.<\/h3>\n<hr align=\"center\" noshade=\"noshade\" size=\"1\" width=\"100%\" \/>\n<h4 style=\"text-align: center\"><strong>RESUMO<\/strong><\/h4>\n<p style=\"text-align: justify\">Neste estudo foi realizada a an\u00e1lise do componente arb\u00f3reo de 1 ha de Floresta Ombr\u00f3fila Densa Montana do Parque Natural Municipal nascentes de Paranapiacaba (PNMNP), Munic\u00edpio de Santo Andr\u00e9, S\u00e3o Paulo, Brasil em duas subparcelas de 0,5 ha (P1 e P2), com situa\u00e7\u00f5es distintas de regenera\u00e7\u00e3o. Foram amostrados todos os indiv\u00edduos com di\u00e2metro \u00e0 altura do peito (DAP) igual ou maior de 4,8 cm, resultando num total de 1992 indiv\u00edduos, distribu\u00eddos em 183 esp\u00e9cies, 103 g\u00eaneros e 49 fam\u00edlias. A fam\u00edlia Myrtaceae \u00e9 a mais rica em esp\u00e9cies, seguida das fam\u00edlias Rubiaceae, Lauraceae e Melastomataceae. A diversidade espec\u00edfica das parcelas foi obtida atrav\u00e9s do \u00cdndice de Shannon (H\u2019), sendo de 3,779 em P1 e 4,049 em P2 e a equitabilidade atrav\u00e9s do \u00cdndice de Pielou (J), sendo 0,770 em P1 e 0,836 em P2. Comparados com outras \u00e1reas de Florestas Ombr\u00f3filas Densas Montanas do Estado de S\u00e3o Paulo, os \u00edndices de diversidade relativamente altos obtidos no PNMNP mostram que as caracter\u00edsticas secund\u00e1rias dessa floresta s\u00e3o provavelmente devidas \u00e0 explora\u00e7\u00e3o seletiva de madeira, ao inv\u00e9s de resultado dos poluentes atmosf\u00e9ricos do P\u00f3lo Petroqu\u00edmico de Cubat\u00e3o. Al\u00e9m disso, a presen\u00e7a de indiv\u00edduos de grande porte pertencentes a esp\u00e9cies n\u00e3o pioneiras em P2, indica que o PNMNP guarda fragmentos remanescentes da florestal original que recobria a regi\u00e3o no passado. De maneira a comparar duas metodologias de an\u00e1lise do componente arb\u00f3reo, tamb\u00e9m foi realizada a an\u00e1lise silvig\u00eanica destas duas parcelas, sendo utilizado o m\u00e9todo de intercepta\u00e7\u00e3o de linhas, com espa\u00e7amento de 10 m entre elas. Dessas \u00e1rvores (DAP igual ou maior que 4,8 cm), foram tomadas suas medidas da altura total, altura do fuste, e aferidas as coordenadas de localiza\u00e7\u00e3o e proje\u00e7\u00e3o horizontal da copa, para constru\u00e7\u00e3o do diagrama do mosaico silv\u00e1tico. Al\u00e9m das ecounidades de \u00e1rvores do futuro, presente e passado, tamb\u00e9m foram mapeadas as clareiras (\u201cchablis\u201d) e ecounidades de bambus, compostas por aglomerados de Merostachis neesi Rupr. e Chusquea sp. A dispers\u00e3o das ecounidades foi avaliada em rela\u00e7\u00e3o ao gradiente topogr\u00e1fico, considerando-se a altitude, inclina\u00e7\u00e3o e \u00edndice de convexidade. Os mosaicos obtidos indicam que as parcelas n\u00e3o representam fragmentos de floresta madura e a an\u00e1lise da dispers\u00e3o de suas ecounidades n\u00e3o revelou nenhuma rela\u00e7\u00e3o com o gradiente topogr\u00e1fico.<\/p>\n<p style=\"text-align: justify\">Palavras-chave: categorias sucessionais, diversidade, ecounidade, fitossociologia, Floresta Ombr\u00f3fila Densa Montana, flor\u00edstica, s\u00edndromes de dispers\u00e3o, mosaico silv\u00e1tico, silvig\u00eanese, topografia<\/p>\n<hr align=\"center\" noshade=\"noshade\" size=\"1\" width=\"100%\" \/>\n<p style=\"text-align: center\"><a href=\"https:\/\/smastr16.blob.core.windows.net\/pgibt\/2013\/09\/pdf_grande.gif\"><img decoding=\"async\" loading=\"lazy\" class=\"aligncenter size-full wp-image-2313\" style=\"border: 0px\" alt=\"pdf_grande\" src=\"https:\/\/smastr16.blob.core.windows.net\/pgibt\/2013\/09\/pdf_grande.gif\" width=\"60\" height=\"60\" \/><\/a><a href=\"https:\/\/smastr16.blob.core.windows.net\/pgibt\/2013\/09\/Marcos_Enoque_Leite_Lima_MS.pdf\" target=\"_blank\">Marcos Enoque Leite Lima<br \/>\n\u201cAvalia\u00e7\u00e3o da estrutura do componente arb\u00f3reo de um fragmento de Floresta Ombr\u00f3fila Densa Montana do<br \/>\nParque Natural Municipal Nascentes de Paranapiacaba, Santo Andr\u00e9, S\u00e3o Paulo, Brasil.\u201d<\/a><\/p>\n<hr align=\"center\" noshade=\"noshade\" size=\"1\" width=\"100%\" \/>\n<p style=\"text-align: center\"><strong>\u00a0<a href=\"https:\/\/www.infraestruturameioambiente.sp.gov.br\/pgibt\/dissertacoesteses\/\">VOLTAR AS DISSERTA\u00c7\u00d5ES E TESES<\/a><\/strong><\/p>\n<hr align=\"center\" noshade=\"noshade\" size=\"1\" width=\"100%\" \/>\n","protected":false},"excerpt":{"rendered":"<p>Marcos Enoque Leite Lima A disserta\u00e7\u00e3o de mestrado defendida pelo aluno Marcos Enoque Leite Lima (bolsista CnPq) em 26 de abril de 2010. Compondo a comiss\u00e3o julgadora estavam a Dra. In\u00eas Cordeiro (orientadora &#8211; Instituto de Bot\u00e2nica), a Dra. Kikyo Yamamoto (Unicamp)\u00a0e o Dr. Eduardo Pereira Cabral Gomes (Instituto de Bot\u00e2nica). &nbsp; Avalia\u00e7\u00e3o da estrutura [&hellip;]<\/p>\n","protected":false},"author":1,"featured_media":0,"parent":249,"menu_order":0,"comment_status":"closed","ping_status":"open","template":"fullpage.php","meta":[],"_links":{"self":[{"href":"https:\/\/www.infraestruturameioambiente.sp.gov.br\/pgibt\/wp-json\/wp\/v2\/pages\/1337"}],"collection":[{"href":"https:\/\/www.infraestruturameioambiente.sp.gov.br\/pgibt\/wp-json\/wp\/v2\/pages"}],"about":[{"href":"https:\/\/www.infraestruturameioambiente.sp.gov.br\/pgibt\/wp-json\/wp\/v2\/types\/page"}],"author":[{"embeddable":true,"href":"https:\/\/www.infraestruturameioambiente.sp.gov.br\/pgibt\/wp-json\/wp\/v2\/users\/1"}],"replies":[{"embeddable":true,"href":"https:\/\/www.infraestruturameioambiente.sp.gov.br\/pgibt\/wp-json\/wp\/v2\/comments?post=1337"}],"version-history":[{"count":0,"href":"https:\/\/www.infraestruturameioambiente.sp.gov.br\/pgibt\/wp-json\/wp\/v2\/pages\/1337\/revisions"}],"up":[{"embeddable":true,"href":"https:\/\/www.infraestruturameioambiente.sp.gov.br\/pgibt\/wp-json\/wp\/v2\/pages\/249"}],"wp:attachment":[{"href":"https:\/\/www.infraestruturameioambiente.sp.gov.br\/pgibt\/wp-json\/wp\/v2\/media?parent=1337"}],"curies":[{"name":"wp","href":"https:\/\/api.w.org\/{rel}","templated":true}]}}