{"id":1336,"date":"2013-09-20T10:56:39","date_gmt":"2013-09-20T13:56:39","guid":{"rendered":"https:\/\/www.infraestruturameioambiente.sp.gov.br\/pgibt\/?page_id=1336"},"modified":"2013-09-20T10:56:39","modified_gmt":"2013-09-20T13:56:39","slug":"2007-regina-celia-gentil","status":"publish","type":"page","link":"https:\/\/www.infraestruturameioambiente.sp.gov.br\/pgibt\/dissertacoesteses\/2007-regina-celia-gentil\/","title":{"rendered":"Regina C\u00e9lia Gentil DR"},"content":{"rendered":"<h2 style=\"text-align: center\"><a href=\"https:\/\/smastr16.blob.core.windows.net\/pgibt\/2015\/02\/faixapos6.jpg\"><img decoding=\"async\" loading=\"lazy\" class=\"aligncenter size-full wp-image-3777\" style=\"border: 0px\" alt=\"faixapos6\" src=\"https:\/\/smastr16.blob.core.windows.net\/pgibt\/2015\/02\/faixapos6.jpg\" width=\"950\" height=\"163\" srcset=\"https:\/\/smastr16.blob.core.windows.net\/pgibt\/2015\/02\/faixapos6.jpg 950w, https:\/\/smastr16.blob.core.windows.net\/pgibt\/2015\/02\/faixapos6-768x131.jpg 768w\" sizes=\"(max-width: 950px) 100vw, 950px\" \/><\/a><\/h2>\n<hr align=\"center\" noshade=\"noshade\" size=\"1\" width=\"100%\" \/>\n<h2 style=\"text-align: center\"><span style=\"color: #003300\">Regina C\u00e9lia Gentil\u00a0<\/span><\/h2>\n<hr align=\"center\" noshade=\"noshade\" size=\"1\" width=\"100%\" \/>\n<p style=\"text-align: center\">No dia 1\u00ba de fevereiro de 2007 a aluna Regina C\u00e9lia Gentil do Programa de P\u00f3s-gradua\u00e7\u00e3o em Biodiversidade Vegetal e Meio Ambiente do Instituto de Bot\u00e2nica de S\u00e3o Paulo (IBt), defendeu sua tese de doutorado intitulada<br \/>\n&#8220;Estrutura da comunidade fitoplanct\u00f4nica de pesqueiros da Regi\u00e3o Metropolitana de S\u00e3o Paulo, SP, em dois per\u00edodos: primavera e ver\u00e3o&#8221;.<\/p>\n<p>A banca examinadora foi composta por sua orientadora Dra. C\u00e9lia Leite Sant&#8217;Anna (Instituto de Bot\u00e2ncia), Dra. Dicl\u00e1 Pupo Santos (Instituto de Bot\u00e2nica), Dra. Maria Tereza de P. Azevedo (Instituto de Bot\u00e2nica), Dra. Denise Navas Pereira (Faculdade de Sa\u00fade P\u00fablica da USP)<br \/>\ne Dra. Maria do Carmo Carvalho (Cetesb).<\/p>\n<div id=\"attachment_1340\" style=\"width: 236px\" class=\"wp-caption aligncenter\"><a href=\"https:\/\/smastr16.blob.core.windows.net\/pgibt\/2013\/09\/regina2.jpg\"><img aria-describedby=\"caption-attachment-1340\" decoding=\"async\" loading=\"lazy\" class=\"size-full wp-image-1340\" alt=\"Dra. Denise N. Pereira (Fac. Sa\u00fade P\u00fablica da USP), Dra. Maria do Carmo Carvalho (Cetesb),  Dra. C\u00e9lia L. Sant'Anna (IBt), Dra. Maria T. de P. Azevedo (IBt) e Dra. Dicl\u00e1 Pupo Santos (IBt), \" src=\"https:\/\/smastr16.blob.core.windows.net\/pgibt\/2013\/09\/regina2.jpg\" width=\"226\" height=\"149\" \/><\/a><p id=\"caption-attachment-1340\" class=\"wp-caption-text\">Dra. Denise N. Pereira (Fac. Sa\u00fade P\u00fablica da USP), Dra. Maria do Carmo Carvalho (Cetesb),<br \/>Dra. C\u00e9lia L. Sant&#8217;Anna (IBt), Dra. Maria T. de P. Azevedo (IBt) e Dra. Dicl\u00e1 Pupo Santos (IBt),<\/p><\/div>\n<hr align=\"center\" noshade=\"noshade\" size=\"1\" width=\"100%\" \/>\n<h3 style=\"text-align: center\">Estrutura da comunidade fitoplanct\u00f4nica de pesqueiros da Regi\u00e3o Metropolitana de S\u00e3o Paulo, SP,<br \/>\nem dois per\u00edodos: primavera e ver\u00e3o<\/h3>\n<hr align=\"center\" noshade=\"noshade\" size=\"1\" width=\"100%\" \/>\n<h4 style=\"text-align: center\"><strong>RESUMO<\/strong><\/h4>\n<p style=\"text-align: justify\">Considerando a escassez de dados referentes \u00e0 qualidade da \u00e1gua dos pesqueiros localizados na Regi\u00e3o Metropolitana de S\u00e3o Paulo, a import\u00e2ncia do fitopl\u00e2ncton nos estudos de avalia\u00e7\u00e3o ambiental e o impacto causado ao ambiente como conseq\u00fc\u00eancia das atividades de pesca esportiva, o presente estudo visa analisar as varia\u00e7\u00f5es da comunidade fitoplanct\u00f4nica e suas rela\u00e7\u00f5es com fatores ambientais, do ponto de vista ecol\u00f3gico e sanit\u00e1rio, fornecendo subs\u00eddios que possam contribuir com futuros planos de manejo dessas \u00e1reas. Foram amostrados trinta pesqueiros com an\u00e1lises de vari\u00e1veis climatol\u00f3gicas, f\u00edsicas, qu\u00edmicas e biol\u00f3gicas da \u00e1gua em duas \u00e9pocas: primavera (setembro e outubro\/2001) e ver\u00e3o (fevereiro e mar\u00e7o\/2002), utilizando-se para as correla\u00e7\u00f5es an\u00e1lise estat\u00edstica multivariada. A an\u00e1lise qualitativa foi realizada atrav\u00e9s de microsc\u00f3pio \u00f3ptico binocular e foram identificados 708 t\u00e1xons para as duas \u00e9pocas estudadas, distribu\u00eddos em nove classes (<em>Bacillariophyceae, Chlorophycae, Cyanobacteria, Chrysophyceae, Cryptophyceae, Dinophyceae, Euglenophyceae, Xanthophyceae\u00a0<\/em>e<em>\u00a0Zygnemaphyceae<\/em>). A an\u00e1lise quantitativa seguiu a metodologia de Uterm\u00f6hl (1958) obtendo-se a densidade dos organismos (org mL-1) e, para c\u00e1lculo do biovolume (mm3 L-1) multiplicou-se as densidades de cada esp\u00e9cie descritora pelo seu volume. Tanto para a riqueza de esp\u00e9cies quanto para a densidade, a maior contribui\u00e7\u00e3o foi da classe\u00a0<em>Chlorophyceae<\/em>, seguida de\u00a0<em>Cyanobacteria<\/em>, nas duas \u00e9pocas estudadas. O elevado grau de eutrofiza\u00e7\u00e3o dos pesqueiros, a influ\u00eancia antr\u00f3pica, o manejo inadequado na administra\u00e7\u00e3o de ra\u00e7\u00f5es e fertilizantes, a pouca profundidade e a mistura da coluna d&#8217;\u00e1gua favoreceram a alta ocorr\u00eancia qualitativa e quantitativa de esp\u00e9cies nanoplanct\u00f4nicas, principalmente da ordem\u00a0<em>Chlorococcales (Chlorophyceae)\u00a0<\/em>e<em>\u00a0Chroococcales<\/em>\u00a0(Cyanobacteria). As classes<em>\u00a0Bacillariophyceae, Cryptophyceae, Euglenophyceae\u00a0<\/em>e<em>\u00a0Zygnemaphyceae<\/em>\u00a0tamb\u00e9m foram favorecidas quantitativamente pelas condi\u00e7\u00f5es predominantes nos pesqueiros, mas com menor express\u00e3o em rela\u00e7\u00e3o \u00e0<em>s Chlorophyceae e Cyanobacteria<\/em>, enquanto que, houve menor representatividade das classes\u00a0<em>Chrysophyceae, Dynophyceae\u00a0<\/em>e<em>\u00a0Xanthophyceae<\/em>\u00a0em composi\u00e7\u00e3o e abund\u00e2ncia de esp\u00e9cies devido ao elevado grau de trofia dos pesqueiros, pois essas classes freq\u00fcentemente est\u00e3o associadas a ambientes oligotr\u00f3ficos. As esp\u00e9cies descritoras com maiores valores de biovolume foram as que mais contribu\u00edram para a biomassa total das esp\u00e9cies descritoras em ambas as \u00e9pocas de estudo.\u00a0<em>Cylindrospermospsis raciborskii<\/em>\u00a0foi a \u00fanica esp\u00e9cie de\u00a0<em>Cyanobacteria<\/em>\u00a0potencialmente t\u00f3xica a formar flora\u00e7\u00e3o, em um \u00fanico pesqueiro na \u00e9poca de primavera. A comunidade fitoplanct\u00f4nica, bem como as vari\u00e1veis ambientais n\u00e3o responderam \u00e0 sazonalidade, mas refletiram o tipo de manejo empregado nos pesqueiros, podendo ser considerada boa ferramenta para avalia\u00e7\u00e3o do grau de trofia dos sistemas estudados. Contato:\u00a0<a href=\"mailto:rcgentil@prefeitura.sp.gov.br\">rcgentil@prefeitura.sp.gov.br<\/a><\/p>\n\n<hr align=\"center\" noshade=\"noshade\" size=\"1\" width=\"100%\" \/>\n<p style=\"text-align: center\"><a href=\"https:\/\/smastr16.blob.core.windows.net\/pgibt\/2013\/09\/pdf_grande.gif\"><img decoding=\"async\" loading=\"lazy\" class=\"aligncenter size-full wp-image-2313\" style=\"border: 0px\" alt=\"pdf_grande\" src=\"https:\/\/smastr16.blob.core.windows.net\/pgibt\/2013\/09\/pdf_grande.gif\" width=\"60\" height=\"60\" \/><\/a> <a href=\"https:\/\/smastr16.blob.core.windows.net\/pgibt\/2013\/09\/Regina_Celia_Gentil_DR.pdf\" target=\"_blank\">Regina C\u00e9lia Gentil<br \/>\nEstrutura da comunidade fitoplanct\u00f4nica de pesqueiros da Regi\u00e3o Metropolitana de S\u00e3o Paulo, SP,em dois per\u00edodos: primavera e ver\u00e3o<\/a><\/p>\n<hr align=\"center\" noshade=\"noshade\" size=\"1\" width=\"100%\" \/>\n<p style=\"text-align: center\"><strong>\u00a0<a href=\"https:\/\/www.infraestruturameioambiente.sp.gov.br\/pgibt\/dissertacoesteses\/\">VOLTAR AS DISSERTA\u00c7\u00d5ES E TESES<\/a><\/strong><\/p>\n<hr align=\"center\" noshade=\"noshade\" size=\"1\" width=\"100%\" \/>\n","protected":false},"excerpt":{"rendered":"<p>Regina C\u00e9lia Gentil\u00a0 No dia 1\u00ba de fevereiro de 2007 a aluna Regina C\u00e9lia Gentil do Programa de P\u00f3s-gradua\u00e7\u00e3o em Biodiversidade Vegetal e Meio Ambiente do Instituto de Bot\u00e2nica de S\u00e3o Paulo (IBt), defendeu sua tese de doutorado intitulada &#8220;Estrutura da comunidade fitoplanct\u00f4nica de pesqueiros da Regi\u00e3o Metropolitana de S\u00e3o Paulo, SP, em dois per\u00edodos: [&hellip;]<\/p>\n","protected":false},"author":1,"featured_media":0,"parent":249,"menu_order":0,"comment_status":"closed","ping_status":"open","template":"fullpage.php","meta":[],"_links":{"self":[{"href":"https:\/\/www.infraestruturameioambiente.sp.gov.br\/pgibt\/wp-json\/wp\/v2\/pages\/1336"}],"collection":[{"href":"https:\/\/www.infraestruturameioambiente.sp.gov.br\/pgibt\/wp-json\/wp\/v2\/pages"}],"about":[{"href":"https:\/\/www.infraestruturameioambiente.sp.gov.br\/pgibt\/wp-json\/wp\/v2\/types\/page"}],"author":[{"embeddable":true,"href":"https:\/\/www.infraestruturameioambiente.sp.gov.br\/pgibt\/wp-json\/wp\/v2\/users\/1"}],"replies":[{"embeddable":true,"href":"https:\/\/www.infraestruturameioambiente.sp.gov.br\/pgibt\/wp-json\/wp\/v2\/comments?post=1336"}],"version-history":[{"count":0,"href":"https:\/\/www.infraestruturameioambiente.sp.gov.br\/pgibt\/wp-json\/wp\/v2\/pages\/1336\/revisions"}],"up":[{"embeddable":true,"href":"https:\/\/www.infraestruturameioambiente.sp.gov.br\/pgibt\/wp-json\/wp\/v2\/pages\/249"}],"wp:attachment":[{"href":"https:\/\/www.infraestruturameioambiente.sp.gov.br\/pgibt\/wp-json\/wp\/v2\/media?parent=1336"}],"curies":[{"name":"wp","href":"https:\/\/api.w.org\/{rel}","templated":true}]}}