{"id":1321,"date":"2013-09-20T10:41:39","date_gmt":"2013-09-20T13:41:39","guid":{"rendered":"https:\/\/www.infraestruturameioambiente.sp.gov.br\/pgibt\/?page_id=1321"},"modified":"2013-09-20T10:41:39","modified_gmt":"2013-09-20T13:41:39","slug":"2007-priscila-da-silva","status":"publish","type":"page","link":"https:\/\/www.infraestruturameioambiente.sp.gov.br\/pgibt\/dissertacoesteses\/2007-priscila-da-silva\/","title":{"rendered":"Priscila da Silva MS"},"content":{"rendered":"<h2 style=\"text-align: center\"><a href=\"https:\/\/smastr16.blob.core.windows.net\/pgibt\/2015\/02\/faixapos6.jpg\"><img decoding=\"async\" loading=\"lazy\" class=\"aligncenter size-full wp-image-3777\" style=\"border: 0px\" alt=\"faixapos6\" src=\"https:\/\/smastr16.blob.core.windows.net\/pgibt\/2015\/02\/faixapos6.jpg\" width=\"950\" height=\"163\" srcset=\"https:\/\/smastr16.blob.core.windows.net\/pgibt\/2015\/02\/faixapos6.jpg 950w, https:\/\/smastr16.blob.core.windows.net\/pgibt\/2015\/02\/faixapos6-768x131.jpg 768w\" sizes=\"(max-width: 950px) 100vw, 950px\" \/><\/a><\/h2>\n<hr align=\"center\" noshade=\"noshade\" size=\"1\" width=\"100%\" \/>\n<h2 style=\"text-align: center\"><span style=\"color: #003300\">Priscila da Silva\u00a0<\/span><\/h2>\n<hr align=\"center\" noshade=\"noshade\" size=\"1\" width=\"100%\" \/>\n<p style=\"text-align: center\">Em 30 de julho de 2007 a aluna Priscila da Silva do Programa de P\u00f3s-Gradua\u00e7\u00e3o em Biodiversidade Vegetal e Meio Ambiente (\u00e1rea de concentra\u00e7\u00e3o: Plantas Avasculares e Fungos em An\u00e1lises Ambientais), no Instituto de Bot\u00e2nica, S\u00e3o Paulo, SP (IBt) e bolsista FAPESP,\u00a0defendeu sua disserta\u00e7\u00e3o de mestrado intitulada:<\/p>\n<p style=\"text-align: center\">&#8220;Fungos Anamorfos decompositores do folhedo de\u00a0<em>Caesalpinia echinata <\/em>Lam.\u00a0provenientes de exemplares estabelecidos<br \/>\nem \u00e1reas com e sem impacto de polui\u00e7\u00e3o a\u00e9rea&#8221;.<\/p>\n<p style=\"text-align: center\">A banca examinadora foi composta por sua orientadora Dra. Rosely Ana Piccolo Grandi (Instituto de Bot\u00e2nica)<br \/>\ne pelos Professores Doutores Iracema H. Schoenlein-Crusius (Instituto de Bot\u00e2nica) e Valderez Gambale (Universidade de S\u00e3o Paulo).<\/p>\n<h2><a href=\"https:\/\/smastr16.blob.core.windows.net\/pgibt\/2013\/09\/priscila1.jpg\"><img decoding=\"async\" loading=\"lazy\" class=\"aligncenter\" alt=\"\" src=\"https:\/\/smastr16.blob.core.windows.net\/pgibt\/2013\/09\/priscila1.jpg\" width=\"283\" height=\"183\" \/><\/a><\/h2>\n<hr align=\"center\" noshade=\"noshade\" size=\"1\" width=\"100%\" \/>\n<h3 style=\"text-align: center\">Fungos Anamorfos decompositores do folhedo de\u00a0<em>Caesalpinia echinata <\/em>Lam.<br \/>\nprovenientes de exemplares estabelecidos em \u00e1reas com e sem impacto de polui\u00e7\u00e3o a\u00e9rea<\/h3>\n<hr align=\"center\" noshade=\"noshade\" size=\"1\" width=\"100%\" \/>\n<h4 style=\"text-align: center\"><strong>RESUMO<\/strong><\/h4>\n<p style=\"text-align: justify\">O trabalho consistiu no levantamento das esp\u00e9cies de Fungos Anamorfos no Parque Municipal do Ibirapuera e na Reserva Biol\u00f3gica de Mogi-Gua\u00e7u, ambas no Estado de S\u00e3o Paulo. A planta estudada foi o pau-brasil, \u00e1rvore s\u00edmbolo do pa\u00eds. Desta, foram coletados fol\u00edolos em decomposi\u00e7\u00e3o que, levados ao laborat\u00f3rio, foram tratados pela t\u00e9cnica sucessiva de lavagem de substratos e acondicionados em c\u00e2maras-\u00famidas. Os fungos foram identificados de acordo com a taxonomia tradicional, utilizando literatura especializada. Os resultados consistiram de 33 t\u00e1xons de Hyphomycetes e destes, 12 foram comuns \u00e0s duas \u00e1reas, demonstrando uma diversidade expressiva, com 53,3% de similaridade entre a micota das duas \u00e1reas de coleta. Acrescentaram-se 18 novos registros de fungos ao Herb\u00e1rio Cient\u00edfico do Estado \u201cMaria Eneyda P. Kauffmann Fidalgo, (SP). Os resultados revelaram, ainda, tr\u00eas novas ocorr\u00eancias para o Brasil:\u00a0<em>Chlamydopsis proliferans Hol.-Jech. &amp; R.F. Casta\u00f1eda, Sporidesmium flagelliforme Matsush.\u00a0<\/em>e<em>\u00a0Uberispora heteroseptata R.F. Casta\u00f1eda, Guarro &amp; Cano<\/em>\u00a0e sugere que a distribui\u00e7\u00e3o e ocorr\u00eancia desses fungos depende mais dos substratos dispon\u00edveis do que das condi\u00e7\u00f5es ambientais adversas. Este trabalho pode ser considerado ponto de partida para a verifica\u00e7\u00e3o do efeito de poluentes atmosf\u00e9ricos sobre os Fungos Anamorfos presentes no folhedo.<\/p>\n<p>Contatos:\u00a0<a href=\"mailto:silva_pri@yahoo.com.br\">silva_pri@yahoo.com.br<\/a><\/p>\n\n<hr align=\"center\" noshade=\"noshade\" size=\"1\" width=\"100%\" \/>\n<p style=\"text-align: center\"><a href=\"https:\/\/smastr16.blob.core.windows.net\/pgibt\/2013\/09\/pdf_grande.gif\"><img decoding=\"async\" loading=\"lazy\" class=\"aligncenter size-full wp-image-2313\" style=\"border: 0px\" alt=\"pdf_grande\" src=\"https:\/\/smastr16.blob.core.windows.net\/pgibt\/2013\/09\/pdf_grande.gif\" width=\"60\" height=\"60\" \/><\/a> <a href=\"https:\/\/smastr16.blob.core.windows.net\/pgibt\/2013\/09\/Priscila_da_Silva_MS.pdf\" target=\"_blank\">Priscila da Silva<br \/>\nFungos Anamorfos decompositores do folhedo de<em>\u00a0Caesalpinia echinata <\/em>Lam.<br \/>\nprovenientes de exemplares estabelecidos em \u00e1reas com e sem impacto de polui\u00e7\u00e3o a\u00e9rea<\/a><\/p>\n<hr align=\"center\" noshade=\"noshade\" size=\"1\" width=\"100%\" \/>\n<p style=\"text-align: center\"><strong>\u00a0<a href=\"https:\/\/www.infraestruturameioambiente.sp.gov.br\/pgibt\/dissertacoesteses\/\">VOLTAR AS DISSERTA\u00c7\u00d5ES E TESES<\/a><\/strong><\/p>\n<hr align=\"center\" noshade=\"noshade\" size=\"1\" width=\"100%\" \/>\n","protected":false},"excerpt":{"rendered":"<p>Priscila da Silva\u00a0 Em 30 de julho de 2007 a aluna Priscila da Silva do Programa de P\u00f3s-Gradua\u00e7\u00e3o em Biodiversidade Vegetal e Meio Ambiente (\u00e1rea de concentra\u00e7\u00e3o: Plantas Avasculares e Fungos em An\u00e1lises Ambientais), no Instituto de Bot\u00e2nica, S\u00e3o Paulo, SP (IBt) e bolsista FAPESP,\u00a0defendeu sua disserta\u00e7\u00e3o de mestrado intitulada: &#8220;Fungos Anamorfos decompositores do folhedo [&hellip;]<\/p>\n","protected":false},"author":1,"featured_media":0,"parent":249,"menu_order":0,"comment_status":"closed","ping_status":"open","template":"fullpage.php","meta":[],"_links":{"self":[{"href":"https:\/\/www.infraestruturameioambiente.sp.gov.br\/pgibt\/wp-json\/wp\/v2\/pages\/1321"}],"collection":[{"href":"https:\/\/www.infraestruturameioambiente.sp.gov.br\/pgibt\/wp-json\/wp\/v2\/pages"}],"about":[{"href":"https:\/\/www.infraestruturameioambiente.sp.gov.br\/pgibt\/wp-json\/wp\/v2\/types\/page"}],"author":[{"embeddable":true,"href":"https:\/\/www.infraestruturameioambiente.sp.gov.br\/pgibt\/wp-json\/wp\/v2\/users\/1"}],"replies":[{"embeddable":true,"href":"https:\/\/www.infraestruturameioambiente.sp.gov.br\/pgibt\/wp-json\/wp\/v2\/comments?post=1321"}],"version-history":[{"count":0,"href":"https:\/\/www.infraestruturameioambiente.sp.gov.br\/pgibt\/wp-json\/wp\/v2\/pages\/1321\/revisions"}],"up":[{"embeddable":true,"href":"https:\/\/www.infraestruturameioambiente.sp.gov.br\/pgibt\/wp-json\/wp\/v2\/pages\/249"}],"wp:attachment":[{"href":"https:\/\/www.infraestruturameioambiente.sp.gov.br\/pgibt\/wp-json\/wp\/v2\/media?parent=1321"}],"curies":[{"name":"wp","href":"https:\/\/api.w.org\/{rel}","templated":true}]}}