{"id":1276,"date":"2013-09-20T09:37:50","date_gmt":"2013-09-20T12:37:50","guid":{"rendered":"https:\/\/www.infraestruturameioambiente.sp.gov.br\/pgibt\/?page_id=1276"},"modified":"2013-09-20T09:37:50","modified_gmt":"2013-09-20T12:37:50","slug":"2007-paulo-jose-alves-de-santana","status":"publish","type":"page","link":"https:\/\/www.infraestruturameioambiente.sp.gov.br\/pgibt\/dissertacoesteses\/2007-paulo-jose-alves-de-santana\/","title":{"rendered":"Paulo Jos\u00e9 Alves de Santana MS"},"content":{"rendered":"<h2 style=\"text-align: center\"><a href=\"https:\/\/smastr16.blob.core.windows.net\/pgibt\/2015\/02\/faixapos6.jpg\"><img decoding=\"async\" loading=\"lazy\" class=\"aligncenter size-full wp-image-3777\" style=\"border: 0px\" alt=\"faixapos6\" src=\"https:\/\/smastr16.blob.core.windows.net\/pgibt\/2015\/02\/faixapos6.jpg\" width=\"950\" height=\"163\" srcset=\"https:\/\/smastr16.blob.core.windows.net\/pgibt\/2015\/02\/faixapos6.jpg 950w, https:\/\/smastr16.blob.core.windows.net\/pgibt\/2015\/02\/faixapos6-768x131.jpg 768w\" sizes=\"(max-width: 950px) 100vw, 950px\" \/><\/a><\/h2>\n<hr align=\"center\" noshade=\"noshade\" size=\"1\" width=\"100%\" \/>\n<h2 style=\"text-align: center\"><span style=\"color: #003300\">Paulo Jos\u00e9 Alves de Santana<\/span><\/h2>\n<hr align=\"center\" noshade=\"noshade\" size=\"1\" width=\"100%\" \/>\n<p style=\"text-align: center\">No dia 26 de junho de 2007, o aluno de p\u00f3s gradua\u00e7\u00e3o em Biodiversidade Vegetal e Meio Ambiente do Instituto de Bot\u00e2nica (IBt),\u00a0Paulo Jos\u00e9 Alves de Santana, defendeu sua disserta\u00e7\u00e3o de mestrado intitulada:<br \/>\nMatura\u00e7\u00e3o, secagem e armazenamento de sementes de esp\u00e9cies de <em>Eugenia<\/em> (Myrtaceae).<\/p>\n<p style=\"text-align: center\">A banca examinadora foi composta pelo Orientador Prof. Dr. Claudio Jos\u00e9 Barbedo, pela Dra. M\u00e1rcia B. Figliolia (Instituto Florestal)<br \/>\ne\u00a0pelo Prof. Dr. Ivor B. de Aguiar (Unesp Jaboticabal).<\/p>\n<hr align=\"center\" noshade=\"noshade\" size=\"1\" width=\"100%\" \/>\n<h3 style=\"text-align: center\">Matura\u00e7\u00e3o, secagem e armazenamento de sementes de esp\u00e9cies de<em> Eugenia<\/em> (Myrtaceae)<\/h3>\n<hr align=\"center\" noshade=\"noshade\" size=\"1\" width=\"100%\" \/>\n<h4 style=\"text-align: center\"><strong>RESUMO<\/strong><\/h4>\n<p style=\"text-align: justify\"><em>Eugenia pyriformis Camb.\u00a0<\/em>(uvaia),\u00a0<em>Eugenia involucrata <\/em>DC.\u00a0(cereja) e\u00a0<em>Eugenia uniflora <\/em>L.\u00a0(pitanga), s\u00e3o esp\u00e9cies com grande potencial ecol\u00f3gico e econ\u00f4mico, contudo, possuem sementes de comportamento recalcitrante e tem sua conserva\u00e7\u00e3o limitada a curtos per\u00edodos. Tecnologias que garantam a conserva\u00e7\u00e3o destas esp\u00e9cies dependem do conhecimento dos processos ocorridos na matura\u00e7\u00e3o, secagem e armazenamento das sementes. O trabalho teve como objetivo analisar o efeito do est\u00e1dio de matura\u00e7\u00e3o, da secagem e do armazenamento na viabilidade das sementes de uvaia, cereja e pitanga visando subsidiar o desenvolvimento de tecnologia para sua conserva\u00e7\u00e3o. Sementes de diferentes est\u00e1dios de matura\u00e7\u00e3o denominados imaturo, intermedi\u00e1rio e maduro, foram submetidas a diferentes n\u00edveis de secagem (leve, moderada e severa) e armazenadas por 30 e 60 dias em sacos pl\u00e1sticos e temperatura a 8\u00baC. As sementes foram avaliadas quanto a germina\u00e7\u00e3o, pl\u00e2ntulas normais, vigor, teor de \u00e1gua e potencial h\u00eddrico. Os resultados levam a concluir que a toler\u00e2ncia \u00e0 desseca\u00e7\u00e3o de sementes das esp\u00e9cies estudadas depende do seu est\u00e1dio de matura\u00e7\u00e3o, n\u00e3o necessariamente obedecendo ao est\u00e1dio de matura\u00e7\u00e3o dos frutos; que a capacidade de armazenamento dessas sementes depende n\u00e3o apenas do est\u00e1dio de matura\u00e7\u00e3o, mas, tamb\u00e9m, do n\u00edvel de secagem das sementes antes do in\u00edcio do armazenamento e que mesmo pequenas redu\u00e7\u00f5es no teor de \u00e1gua, dependendo do est\u00e1dio de matura\u00e7\u00e3o das sementes, podem resultar em acentuadas redu\u00e7\u00f5es na capacidade de armazenamento dessas sementes.<\/p>\n<hr align=\"center\" noshade=\"noshade\" size=\"1\" width=\"100%\" \/>\n<p style=\"text-align: center\"><a href=\"https:\/\/smastr16.blob.core.windows.net\/pgibt\/2013\/09\/pdf_grande.gif\"><img decoding=\"async\" loading=\"lazy\" class=\"aligncenter size-full wp-image-2313\" style=\"border: 0px\" alt=\"pdf_grande\" src=\"https:\/\/smastr16.blob.core.windows.net\/pgibt\/2013\/09\/pdf_grande.gif\" width=\"60\" height=\"60\" \/><\/a> <a href=\"https:\/\/smastr16.blob.core.windows.net\/pgibt\/2013\/09\/Paulo_Jose_Alves_de_Santana_MS.pdf\" target=\"_blank\">Paulo Jos\u00e9 Alves de Santana<br \/>\nMatura\u00e7\u00e3o, secagem e armazenamento de sementes de esp\u00e9cies de <em>Eugenia<\/em> (Myrtaceae)<\/a><\/p>\n<hr align=\"center\" noshade=\"noshade\" size=\"1\" width=\"100%\" \/>\n<p style=\"text-align: center\"><strong>\u00a0<a href=\"https:\/\/www.infraestruturameioambiente.sp.gov.br\/pgibt\/dissertacoesteses\/\">VOLTAR AS DISSERTA\u00c7\u00d5ES E TESES<\/a><\/strong><\/p>\n<hr align=\"center\" noshade=\"noshade\" size=\"1\" width=\"100%\" \/>\n","protected":false},"excerpt":{"rendered":"<p>Paulo Jos\u00e9 Alves de Santana No dia 26 de junho de 2007, o aluno de p\u00f3s gradua\u00e7\u00e3o em Biodiversidade Vegetal e Meio Ambiente do Instituto de Bot\u00e2nica (IBt),\u00a0Paulo Jos\u00e9 Alves de Santana, defendeu sua disserta\u00e7\u00e3o de mestrado intitulada: Matura\u00e7\u00e3o, secagem e armazenamento de sementes de esp\u00e9cies de Eugenia (Myrtaceae). A banca examinadora foi composta pelo [&hellip;]<\/p>\n","protected":false},"author":1,"featured_media":0,"parent":249,"menu_order":0,"comment_status":"closed","ping_status":"open","template":"fullpage.php","meta":[],"_links":{"self":[{"href":"https:\/\/www.infraestruturameioambiente.sp.gov.br\/pgibt\/wp-json\/wp\/v2\/pages\/1276"}],"collection":[{"href":"https:\/\/www.infraestruturameioambiente.sp.gov.br\/pgibt\/wp-json\/wp\/v2\/pages"}],"about":[{"href":"https:\/\/www.infraestruturameioambiente.sp.gov.br\/pgibt\/wp-json\/wp\/v2\/types\/page"}],"author":[{"embeddable":true,"href":"https:\/\/www.infraestruturameioambiente.sp.gov.br\/pgibt\/wp-json\/wp\/v2\/users\/1"}],"replies":[{"embeddable":true,"href":"https:\/\/www.infraestruturameioambiente.sp.gov.br\/pgibt\/wp-json\/wp\/v2\/comments?post=1276"}],"version-history":[{"count":0,"href":"https:\/\/www.infraestruturameioambiente.sp.gov.br\/pgibt\/wp-json\/wp\/v2\/pages\/1276\/revisions"}],"up":[{"embeddable":true,"href":"https:\/\/www.infraestruturameioambiente.sp.gov.br\/pgibt\/wp-json\/wp\/v2\/pages\/249"}],"wp:attachment":[{"href":"https:\/\/www.infraestruturameioambiente.sp.gov.br\/pgibt\/wp-json\/wp\/v2\/media?parent=1276"}],"curies":[{"name":"wp","href":"https:\/\/api.w.org\/{rel}","templated":true}]}}