{"id":1269,"date":"2013-09-20T09:22:40","date_gmt":"2013-09-20T12:22:40","guid":{"rendered":"https:\/\/www.infraestruturameioambiente.sp.gov.br\/pgibt\/?page_id=1269"},"modified":"2013-09-20T09:22:40","modified_gmt":"2013-09-20T12:22:40","slug":"2007-nara-ballaminut","status":"publish","type":"page","link":"https:\/\/www.infraestruturameioambiente.sp.gov.br\/pgibt\/dissertacoesteses\/2007-nara-ballaminut\/","title":{"rendered":"Nara Ballaminut MS"},"content":{"rendered":"<h2 style=\"text-align: center\"><a href=\"https:\/\/smastr16.blob.core.windows.net\/pgibt\/2015\/02\/faixapos6.jpg\"><img decoding=\"async\" loading=\"lazy\" class=\"aligncenter size-full wp-image-3777\" style=\"border: 0px\" alt=\"faixapos6\" src=\"https:\/\/smastr16.blob.core.windows.net\/pgibt\/2015\/02\/faixapos6.jpg\" width=\"950\" height=\"163\" srcset=\"https:\/\/smastr16.blob.core.windows.net\/pgibt\/2015\/02\/faixapos6.jpg 950w, https:\/\/smastr16.blob.core.windows.net\/pgibt\/2015\/02\/faixapos6-768x131.jpg 768w\" sizes=\"(max-width: 950px) 100vw, 950px\" \/><\/a><\/h2>\n<hr align=\"center\" noshade=\"noshade\" size=\"1\" width=\"100%\" \/>\n<h2 style=\"text-align: center\">Nara Ballaminut<\/h2>\n<hr align=\"center\" noshade=\"noshade\" size=\"1\" width=\"100%\" \/>\n<p style=\"text-align: center\">Nara Ballaminut, aluna do Programa de P\u00f3s-Gradua\u00e7\u00e3o em Biodiversidade Vegetal e Meio Ambiente do Instituto de Bot\u00e2nica de S\u00e3o Paulo (IBt), defendeu, no dia 02 de mar\u00e7o de 2007, sua disserta\u00e7\u00e3o de mestrado intitulada:<br \/>\n&#8220;Caracteriza\u00e7\u00e3o fisiol\u00f3gica do in\u00f3culo de <em>Lentinus crinitus<\/em> (L.) Fr. CCB274 empregado em biorremedia\u00e7\u00e3o de solo&#8221;,<br \/>\ntendo como orientador Dr. D\u00e1cio Roberto Matheus.<\/p>\n<p style=\"text-align: center\"><em>Lentinus crinitus<\/em> CCB274 est\u00e1 sendo avaliado em biorremedia\u00e7\u00e3o de solo, devido a sua capacidade de mineralizar organoclorados.<br \/>\nO presente estudo teve como objetivo avaliar a melhor condi\u00e7\u00e3o fisiol\u00f3gica do in\u00f3culo f\u00fangico para degrada\u00e7\u00e3o de poluentes, uma vez que avalia\u00e7\u00e3o visual da coloniza\u00e7\u00e3o tem sido o \u00fanico crit\u00e9rio de qualidade adotado na produ\u00e7\u00e3o de in\u00f3culo.<\/p>\n<h2><a href=\"https:\/\/smastr16.blob.core.windows.net\/pgibt\/2013\/09\/nara1.jpg\"><img decoding=\"async\" loading=\"lazy\" class=\"aligncenter\" alt=\"\" src=\"https:\/\/smastr16.blob.core.windows.net\/pgibt\/2013\/09\/nara1.jpg\" width=\"260\" height=\"195\" \/><\/a><\/h2>\n<hr align=\"center\" noshade=\"noshade\" size=\"1\" width=\"100%\" \/>\n<h3 style=\"text-align: center\">&#8220;Caracteriza\u00e7\u00e3o fisiol\u00f3gica do in\u00f3culo de <em>Lentinus crinitus<\/em> (L.) Fr.<br \/>\nCCB274 empregado em biorremedia\u00e7\u00e3o de solo&#8221;<\/h3>\n<hr align=\"center\" noshade=\"noshade\" size=\"1\" width=\"100%\" \/>\n<h4 style=\"text-align: center\"><strong>RESUMO<\/strong><\/h4>\n<p style=\"text-align: justify\"><em>Lentinus crinitus<\/em> CCB274 est\u00e1 sendo avaliado em biorremedia\u00e7\u00e3o de solo, devido a sua capacidade de mineralizar organoclorados. O presente estudo teve como objetivo avaliar a melhor condi\u00e7\u00e3o fisiol\u00f3gica do in\u00f3culo f\u00fangico para degrada\u00e7\u00e3o de poluentes, uma vez que avalia\u00e7\u00e3o visual da coloniza\u00e7\u00e3o tem sido o \u00fanico crit\u00e9rio de qualidade adotado na produ\u00e7\u00e3o de in\u00f3culo. Baga\u00e7o de cana-de-a\u00e7\u00facar, suplementado para C\/N 90, foi utilizado para produ\u00e7\u00e3o do in\u00f3culo. Crescimento f\u00fangico em substrato s\u00f3lido foi estimado por ergosterol e foram determinadas atividades de peroxidases, lacase e peroxidase dependente de mangan\u00eas (MnP). Peroxidases foram detectadas em substrato s\u00f3lido pelo menos at\u00e9 30 dias de incuba\u00e7\u00e3o, com cerca de 2,50 U L-1. Atividades de lacase e MnP foram m\u00e1ximas aos 10 dias com 17,59 e 53,09 U L-1, respectivamente. Houve aumento significativo de biomassa f\u00fangica durante o per\u00edodo de incuba\u00e7\u00e3o (de 75 para 106 mg de ergosterol g-1 de massa seca). Com base nos dados observados em substrato s\u00f3lido foram escolhidas diferentes idades de in\u00f3culo (5, 10, 15 e 20 dias de incuba\u00e7\u00e3o) para avaliar a produ\u00e7\u00e3o de atividades enzim\u00e1ticas, crescimento f\u00fangico por an\u00e1lise visual e degrada\u00e7\u00e3o de pentaclorofenol em solo. Maior atividade de lacase foi observada no tratamento com in\u00f3culo de 15 dias de incuba\u00e7\u00e3o (T15), entre o 25\u00ba e o 35\u00ba dia de cultivo. Maiores atividades de MnP ocorreram nos tratamentos com in\u00f3culos de 5 (T5) e 10 (T10) dias de incuba\u00e7\u00e3o, entre o 20\u00ba e o 30\u00ba dia de cultivo. Maior descolora\u00e7\u00e3o do RBBR foi observada no T15, entre o 25\u00ba e o 35\u00ba dia de cultivo. O crescimento em solo foi mais r\u00e1pido nos T10, T15 e T20, at\u00e9 40 dias de cultivo. Ao final do per\u00edodo de incuba\u00e7\u00e3o (60 dias) todos os tratamentos colonizaram 100% do solo. Maiores porcentagens de degrada\u00e7\u00e3o do pentaclorofenol foram observadas nos T5, T10 e T15. Concluiu-se que a melhor idade fisiol\u00f3gica de in\u00f3culo de L. crinitus para aplica\u00e7\u00e3o em biorremedia\u00e7\u00e3o foi entre os 10 e 15 dias de incuba\u00e7\u00e3o, por apresentar r\u00e1pida coloniza\u00e7\u00e3o do solo, alta porcentagem de degrada\u00e7\u00e3o e produ\u00e7\u00e3o de grandes quantidades de atividades enzim\u00e1ticas, incluindo a lacase e MnP, que parecem estar envolvida na degrada\u00e7\u00e3o do pentaclorofenol.<\/p>\n<p>Palavras-chave: in\u00f3culo f\u00fangico, biorremedia\u00e7\u00e3o, pentaclorofenol, atividades enzim\u00e1ticas.<\/p>\n<hr align=\"center\" noshade=\"noshade\" size=\"1\" width=\"100%\" \/>\n<p style=\"text-align: center\"><a href=\"https:\/\/smastr16.blob.core.windows.net\/pgibt\/2013\/09\/pdf_grande.gif\"><img decoding=\"async\" loading=\"lazy\" class=\"aligncenter size-full wp-image-2313\" style=\"border: 0px\" alt=\"pdf_grande\" src=\"https:\/\/smastr16.blob.core.windows.net\/pgibt\/2013\/09\/pdf_grande.gif\" width=\"60\" height=\"60\" \/><\/a><br \/>\n<a href=\"https:\/\/smastr16.blob.core.windows.net\/pgibt\/2013\/09\/Nara_Ballaminut_MS.pdf\" target=\"_blank\">Nara Ballaminut<br \/>\n<\/a><a href=\"https:\/\/smastr16.blob.core.windows.net\/pgibt\/2013\/09\/Nara_Ballaminut_MS.pdf\" target=\"_blank\">Caracteriza\u00e7\u00e3o fisiol\u00f3gica do in\u00f3culo de <em>Lentinus crinitus<\/em> (L.) Fr. CCB274 empregado em biorremedia\u00e7\u00e3o de solo<\/a><\/p>\n<hr align=\"center\" noshade=\"noshade\" size=\"1\" width=\"100%\" \/>\n<p style=\"text-align: center\"><strong>\u00a0<a href=\"https:\/\/www.infraestruturameioambiente.sp.gov.br\/pgibt\/dissertacoesteses\/\">VOLTAR AS DISSERTA\u00c7\u00d5ES E TESES<\/a><\/strong><\/p>\n<hr align=\"center\" noshade=\"noshade\" size=\"1\" width=\"100%\" \/>\n","protected":false},"excerpt":{"rendered":"<p>Nara Ballaminut Nara Ballaminut, aluna do Programa de P\u00f3s-Gradua\u00e7\u00e3o em Biodiversidade Vegetal e Meio Ambiente do Instituto de Bot\u00e2nica de S\u00e3o Paulo (IBt), defendeu, no dia 02 de mar\u00e7o de 2007, sua disserta\u00e7\u00e3o de mestrado intitulada: &#8220;Caracteriza\u00e7\u00e3o fisiol\u00f3gica do in\u00f3culo de Lentinus crinitus (L.) Fr. CCB274 empregado em biorremedia\u00e7\u00e3o de solo&#8221;, tendo como orientador Dr. [&hellip;]<\/p>\n","protected":false},"author":1,"featured_media":0,"parent":249,"menu_order":0,"comment_status":"closed","ping_status":"closed","template":"fullpage.php","meta":[],"_links":{"self":[{"href":"https:\/\/www.infraestruturameioambiente.sp.gov.br\/pgibt\/wp-json\/wp\/v2\/pages\/1269"}],"collection":[{"href":"https:\/\/www.infraestruturameioambiente.sp.gov.br\/pgibt\/wp-json\/wp\/v2\/pages"}],"about":[{"href":"https:\/\/www.infraestruturameioambiente.sp.gov.br\/pgibt\/wp-json\/wp\/v2\/types\/page"}],"author":[{"embeddable":true,"href":"https:\/\/www.infraestruturameioambiente.sp.gov.br\/pgibt\/wp-json\/wp\/v2\/users\/1"}],"replies":[{"embeddable":true,"href":"https:\/\/www.infraestruturameioambiente.sp.gov.br\/pgibt\/wp-json\/wp\/v2\/comments?post=1269"}],"version-history":[{"count":0,"href":"https:\/\/www.infraestruturameioambiente.sp.gov.br\/pgibt\/wp-json\/wp\/v2\/pages\/1269\/revisions"}],"up":[{"embeddable":true,"href":"https:\/\/www.infraestruturameioambiente.sp.gov.br\/pgibt\/wp-json\/wp\/v2\/pages\/249"}],"wp:attachment":[{"href":"https:\/\/www.infraestruturameioambiente.sp.gov.br\/pgibt\/wp-json\/wp\/v2\/media?parent=1269"}],"curies":[{"name":"wp","href":"https:\/\/api.w.org\/{rel}","templated":true}]}}