{"id":1261,"date":"2013-09-19T18:03:46","date_gmt":"2013-09-19T21:03:46","guid":{"rendered":"https:\/\/www.infraestruturameioambiente.sp.gov.br\/pgibt\/?page_id=1261"},"modified":"2013-09-19T18:03:46","modified_gmt":"2013-09-19T21:03:46","slug":"2010-leonardo-ramos-seixas-guimaraes","status":"publish","type":"page","link":"https:\/\/www.infraestruturameioambiente.sp.gov.br\/pgibt\/dissertacoesteses\/2010-leonardo-ramos-seixas-guimaraes\/","title":{"rendered":"Leonardo Ramos Seixas Guimar\u00e3es MS"},"content":{"rendered":"<h2 style=\"text-align: center\"><a href=\"https:\/\/smastr16.blob.core.windows.net\/pgibt\/2015\/02\/faixapos6.jpg\"><img decoding=\"async\" loading=\"lazy\" class=\"aligncenter size-full wp-image-3777\" style=\"border: 0px\" alt=\"faixapos6\" src=\"https:\/\/smastr16.blob.core.windows.net\/pgibt\/2015\/02\/faixapos6.jpg\" width=\"950\" height=\"163\" srcset=\"https:\/\/smastr16.blob.core.windows.net\/pgibt\/2015\/02\/faixapos6.jpg 950w, https:\/\/smastr16.blob.core.windows.net\/pgibt\/2015\/02\/faixapos6-768x131.jpg 768w\" sizes=\"(max-width: 950px) 100vw, 950px\" \/><\/a><\/h2>\n<hr align=\"center\" noshade=\"noshade\" size=\"1\" width=\"100%\" \/>\n<h2 style=\"text-align: center\"><span style=\"color: #003300\">Leonardo Ramos Seixas Guimar\u00e3es<\/span><\/h2>\n<hr align=\"center\" noshade=\"noshade\" size=\"1\" width=\"100%\" \/>\n<p align=\"center\">No dia 10 de fevereiro de 2010, o aluno do Programa em P\u00f3s-Gradua\u00e7\u00e3o e Biodiversidade e Meio Ambiente\u00a0Leonardo Ramos Seixas Guimar\u00e3es (Bolsista CAPES), defendeu sua disserta\u00e7\u00e3o de mestrado intitulada<br \/>\n\u201cFlora da Serra do Cip\u00f3 (Minas Gerais, Brasil): Orchidaceae \u2013 subfam\u00edlia Vanilloideae e\u00a0subtribos Dendrobiinae, Oncidiinae, Maxillariinae (subfam\u00edlia Epidendroideae),\u00a0Goodyerinae, Spiranthinae e Cranichidinae (subfam\u00edlia Orchidoideae)\u201d.<\/p>\n<p align=\"center\">A banca examinadora foi composta pelo seu orientador, Dr. F\u00e1bio de Barros (IBt), Dr. Ros\u00e2ngela Sim\u00e3o Bianchini (IBt) e\u00a0Dr. Emerson Ricardo Pansarin (FFCLRP).<\/p>\n<hr align=\"center\" noshade=\"noshade\" size=\"1\" width=\"100%\" \/>\n<h3 style=\"text-align: center\">Flora da Serra do Cip\u00f3 (Minas Gerais, Brasil): Orchidaceae \u2013 subfam\u00edlia Vanilloideae e subtribos Dendrobiinae, Oncidiinae, Maxillariinae (subfam\u00edlia Epidendroideae), Goodyerinae, Spiranthinae e Cranichidinae (subfam\u00edlia Orchidoideae)<\/h3>\n<hr align=\"center\" noshade=\"noshade\" size=\"1\" width=\"100%\" \/>\n<h4 style=\"text-align: center\"><strong>RESUMO<\/strong><\/h4>\n<p>Neste trabalho foi realizado o tratamento taxon\u00f4mico das esp\u00e9cies da subfam\u00edlia Vanilloideae e das subtribos Dendrobiinae, Oncidiinae, Maxillariinae (subfam\u00edlia Epidendroideae), Goodyerinae, Spiranthinae e Cranichidinae (subfam\u00edlia Orchidoideae), que ocorrem na Serra do Cip\u00f3, Minas Gerais. A Serra do Cip\u00f3 est\u00e1 localizada na por\u00e7\u00e3o sul da Cadeia do Espinha\u00e7o, a qual \u00e9 um conjunto de serras com 1.100 km de extens\u00e3o, compreendendo parte dos estados de Minas Gerais e Bahia. Os campos rupestres constituem a vegeta\u00e7\u00e3o t\u00edpica da Cadeia do Espinha\u00e7o, embora \u00e1reas de cerrado, brejos e matas ciliares tamb\u00e9m ocorram. Na Serra do Cip\u00f3, para os grupos estudados, foram reconhecidos 34 g\u00eaneros e 71 esp\u00e9cies, assim distribu\u00eddas: subfam\u00edlia Vanilloideae (14 esp\u00e9cies em 3 g\u00eaneros), subtribos Dendrobiinae (6 esp\u00e9cies do g\u00eanero Bulbophyllum), Oncidiinae (13 esp\u00e9cies em 6 g\u00eaneros), Maxillariinae (11 esp\u00e9cies em 8 g\u00eaneros), Goodyerinae (2 esp\u00e9cies em 2 g\u00eaneros), Spiranthinae (18 esp\u00e9cies em 11 g\u00eaneros) e Cranichidinae (7 esp\u00e9cies em 3 g\u00eaneros). S\u00e3o apresentadas chaves para identifica\u00e7\u00e3o, descri\u00e7\u00f5es e ilustra\u00e7\u00f5es dos g\u00eaneros e esp\u00e9cies, al\u00e9m de dados sobre distribui\u00e7\u00e3o geogr\u00e1fica, flora\u00e7\u00e3o e coment\u00e1rios taxon\u00f4micos. Uma nova combina\u00e7\u00e3o \u00e9 proposta, transferindo Oncidium hookeri Rolfe para o g\u00eanero Coppensia. Este trabalho contribui para o conhecimento da flora da regi\u00e3o, produzindo dados que podem justificar a preserva\u00e7\u00e3o da \u00e1rea.<\/p>\n<p>Palavras chave: Orchidaceae, Serra do Cip\u00f3, campos rupestres.<\/p>\n<hr align=\"center\" noshade=\"noshade\" size=\"1\" width=\"100%\" \/>\n<p style=\"text-align: center\"><a href=\"https:\/\/smastr16.blob.core.windows.net\/pgibt\/2013\/09\/pdf_grande.gif\"><img decoding=\"async\" loading=\"lazy\" class=\"aligncenter size-full wp-image-2313\" style=\"border: 0px\" alt=\"pdf_grande\" src=\"https:\/\/smastr16.blob.core.windows.net\/pgibt\/2013\/09\/pdf_grande.gif\" width=\"60\" height=\"60\" \/><\/a><a href=\"https:\/\/smastr16.blob.core.windows.net\/pgibt\/2013\/09\/Leonardo_Ramos_Seixas_Guimaraes_MS.pdf\" target=\"_blank\">Leonardo Ramos Seixas Guimar\u00e3es<br \/>\nFlora da Serra do Cip\u00f3 (Minas Gerais, Brasil): Orchidaceae \u2013 subfam\u00edlia Vanilloideae e subtribos Dendrobiinae,<br \/>\nOncidiinae, Maxillariinae (subfam\u00edlia Epidendroideae), Goodyerinae, Spiranthinae e Cranichidinae (subfam\u00edlia Orchidoideae)<\/a><\/p>\n<hr align=\"center\" noshade=\"noshade\" size=\"1\" width=\"100%\" \/>\n<p style=\"text-align: center\"><strong>\u00a0<a href=\"https:\/\/www.infraestruturameioambiente.sp.gov.br\/pgibt\/dissertacoesteses\/\">VOLTAR AS DISSERTA\u00c7\u00d5ES E TESES<\/a><\/strong><\/p>\n<hr align=\"center\" noshade=\"noshade\" size=\"1\" width=\"100%\" \/>\n","protected":false},"excerpt":{"rendered":"<p>Leonardo Ramos Seixas Guimar\u00e3es No dia 10 de fevereiro de 2010, o aluno do Programa em P\u00f3s-Gradua\u00e7\u00e3o e Biodiversidade e Meio Ambiente\u00a0Leonardo Ramos Seixas Guimar\u00e3es (Bolsista CAPES), defendeu sua disserta\u00e7\u00e3o de mestrado intitulada \u201cFlora da Serra do Cip\u00f3 (Minas Gerais, Brasil): Orchidaceae \u2013 subfam\u00edlia Vanilloideae e\u00a0subtribos Dendrobiinae, Oncidiinae, Maxillariinae (subfam\u00edlia Epidendroideae),\u00a0Goodyerinae, Spiranthinae e Cranichidinae (subfam\u00edlia [&hellip;]<\/p>\n","protected":false},"author":1,"featured_media":0,"parent":249,"menu_order":0,"comment_status":"closed","ping_status":"open","template":"fullpage.php","meta":[],"_links":{"self":[{"href":"https:\/\/www.infraestruturameioambiente.sp.gov.br\/pgibt\/wp-json\/wp\/v2\/pages\/1261"}],"collection":[{"href":"https:\/\/www.infraestruturameioambiente.sp.gov.br\/pgibt\/wp-json\/wp\/v2\/pages"}],"about":[{"href":"https:\/\/www.infraestruturameioambiente.sp.gov.br\/pgibt\/wp-json\/wp\/v2\/types\/page"}],"author":[{"embeddable":true,"href":"https:\/\/www.infraestruturameioambiente.sp.gov.br\/pgibt\/wp-json\/wp\/v2\/users\/1"}],"replies":[{"embeddable":true,"href":"https:\/\/www.infraestruturameioambiente.sp.gov.br\/pgibt\/wp-json\/wp\/v2\/comments?post=1261"}],"version-history":[{"count":0,"href":"https:\/\/www.infraestruturameioambiente.sp.gov.br\/pgibt\/wp-json\/wp\/v2\/pages\/1261\/revisions"}],"up":[{"embeddable":true,"href":"https:\/\/www.infraestruturameioambiente.sp.gov.br\/pgibt\/wp-json\/wp\/v2\/pages\/249"}],"wp:attachment":[{"href":"https:\/\/www.infraestruturameioambiente.sp.gov.br\/pgibt\/wp-json\/wp\/v2\/media?parent=1261"}],"curies":[{"name":"wp","href":"https:\/\/api.w.org\/{rel}","templated":true}]}}