{"id":1254,"date":"2013-09-19T17:14:33","date_gmt":"2013-09-19T20:14:33","guid":{"rendered":"https:\/\/www.infraestruturameioambiente.sp.gov.br\/pgibt\/?page_id=1254"},"modified":"2013-09-19T17:14:33","modified_gmt":"2013-09-19T20:14:33","slug":"2006-moacir-edson-hellmann","status":"publish","type":"page","link":"https:\/\/www.infraestruturameioambiente.sp.gov.br\/pgibt\/dissertacoesteses\/2006-moacir-edson-hellmann\/","title":{"rendered":"Moacir Edson Hellmann MS"},"content":{"rendered":"<h2 style=\"text-align: center\"><a href=\"https:\/\/smastr16.blob.core.windows.net\/pgibt\/2015\/02\/faixapos6.jpg\"><img decoding=\"async\" loading=\"lazy\" class=\"aligncenter size-full wp-image-3777\" style=\"border: 0px\" alt=\"faixapos6\" src=\"https:\/\/smastr16.blob.core.windows.net\/pgibt\/2015\/02\/faixapos6.jpg\" width=\"950\" height=\"163\" srcset=\"https:\/\/smastr16.blob.core.windows.net\/pgibt\/2015\/02\/faixapos6.jpg 950w, https:\/\/smastr16.blob.core.windows.net\/pgibt\/2015\/02\/faixapos6-768x131.jpg 768w\" sizes=\"(max-width: 950px) 100vw, 950px\" \/><\/a><\/h2>\n<hr align=\"center\" noshade=\"noshade\" size=\"1\" width=\"100%\" \/>\n<h2 style=\"text-align: center\"><span style=\"color: #003300\">Moacir Edson Hellmann<\/span><\/h2>\n<hr align=\"center\" noshade=\"noshade\" size=\"1\" width=\"100%\" \/>\n<p style=\"text-align: center\">Aos 12 de abril de 2006, no anfiteatro do Instituto de Bot\u00e2nica, Moacir Edson Hellmann, aluno do programa de P\u00f3s-gradua\u00e7\u00e3o em Biodiversidade Vegetal e Meio Ambiente do Instituto de Bot\u00e2nica de S\u00e3o Paulo e bolsista CAPES, defendeu sua Disserta\u00e7\u00e3o de Mestrado intitulada<br \/>\n&#8220;Toler\u00e2ncia ao congelamento e armazenamento de sementes de\u00a0<em>Caesalpinia echinata\u00a0<\/em>Lam. (pau-brasil)&#8221;.<\/p>\n<p style=\"text-align: center\">A banca examinadora foi presidida pelo orientador Prof. Dr. Claudio Jos\u00e9 Barbedo, da Se\u00e7\u00e3o de Sementes e Melhoramento Vegetal<br \/>\n(Instituto de Bot\u00e2nica) e contou com a participa\u00e7\u00e3o do Prof. Dr. Massanori Takaki (UNESP &#8211; Rio Claro) e do<br \/>\nProf. Dr. Nelson Augusto dos Santos Junior (Instituto de Bot\u00e2nica).<\/p>\n<p style=\"text-align: center\"><a href=\"https:\/\/smastr16.blob.core.windows.net\/pgibt\/2013\/09\/moacir2.jpg\"><img decoding=\"async\" loading=\"lazy\" alt=\"moacir2\" src=\"https:\/\/smastr16.blob.core.windows.net\/pgibt\/2013\/09\/moacir2.jpg\" width=\"265\" height=\"148\" \/><\/a><\/p>\n<hr align=\"center\" noshade=\"noshade\" size=\"1\" width=\"100%\" \/>\n<h3 style=\"text-align: center\"><strong>Toler\u00e2ncia ao congelamento e armazenamento de sementes de\u00a0<em>Caesalpinia echinata<\/em>\u00a0Lam. (pau-brasil)<\/strong><\/h3>\n<hr align=\"center\" noshade=\"noshade\" size=\"1\" width=\"100%\" \/>\n<h4 style=\"text-align: center\"><strong>RESUMO<\/strong><\/h4>\n<p style=\"text-align: justify\">A disserta\u00e7\u00e3o assume grande import\u00e2ncia no contexto da conserva\u00e7\u00e3o da biodiversidade uma vez que a crescente explora\u00e7\u00e3o dos recursos naturais, sem o devido controle, tem acarretado grande degrada\u00e7\u00e3o ambiental e aumento do n\u00famero de esp\u00e9cies amea\u00e7adas de extin\u00e7\u00e3o, como a <em>Caesalpinia echinata<\/em> Lam., pau-brasil. Uma das maneiras de se preservar o gen\u00f3tipo de plantas \u00e9 por meio do armazenamento de sementes em bancos de germoplasma, mantendo-se a variabilidade gen\u00e9tica.<br \/>\nAs sementes, de uma forma geral, apresentam comportamentos diferentes em rela\u00e7\u00e3o ao armazenamento, muitas das quais n\u00e3o podem ser mantidas por per\u00edodos prolongados por n\u00e3o suportarem redu\u00e7\u00e3o do teor de \u00e1gua ou temperaturas baixas. Estas condi\u00e7\u00f5es, via de regra, diminuem o metabolismo das sementes e reduzem a prolifera\u00e7\u00e3o de microrganismos prejudiciais \u00e0 sua conserva\u00e7\u00e3o. Muitas esp\u00e9cies acumulam compostos como oligossacar\u00eddeos e prote\u00ednas, dentre outros, que supostamente est\u00e3o relacionados com a toler\u00e2ncia \u00e0 desseca\u00e7\u00e3o e ao congelamento, por\u00e9m muitas s\u00e3o desprovidas de tais compostos.<br \/>\nSementes de pau-brasil suportam secagem a n\u00edveis baixos, no entanto n\u00e3o h\u00e1 tecnologia apropriada para manter a viabilidade com elevada qualidade destas sementes. Em vista disto o prop\u00f3sito deste trabalho foi desenvolver mecanismos para armazenamento de sementes de pau-brasil que permitam manter um lote de elevada qualidade por per\u00edodos prolongados. A redu\u00e7\u00e3o do teor de \u00e1gua associada a temperaturas baixas tem sido um procedimento usado por muitos bancos de germoplasma para manter sementes armazenadas por per\u00edodos indeterminados.<br \/>\nEm temperaturas positivas (25 \u00baC e 7 \u00baC) as sementes de pau-brasil perderam rapidamente a viabilidade durante o armazenamento, independente do teor de \u00e1gua inicial, confirmando trabalhos anteriores. Todavia, apresentaram toler\u00e2ncia ao congelamento, quando armazenadas com 12,7% de \u00e1gua, enquanto com 22,6% de \u00e1gua perderam a capacidade germinativa, possivelmente pela forma\u00e7\u00e3o de gelo intracelular e conseq\u00fcente danifica\u00e7\u00e3o das c\u00e9lulas. Quando armazenadas por 12 meses a -5 \u00baC e -18 \u00baC, as sementes com 12,7% de \u00e1gua mantiveram a capacidade germinativa, mantendo o elevado vigor inicial. Em sementes de pau-brasil, oligossacar\u00eddeos da s\u00e9rie da rafinose est\u00e3o presentes em baix\u00edssimas concentra\u00e7\u00f5es, sugerindo que, possivelmente, outros compostos com fun\u00e7\u00f5es similares estariam envolvidos na toler\u00e2ncia \u00e0 secagem e ao congelamento de suas sementes. Apesar da presen\u00e7a marcante de hexoses, que t\u00eam sido consideradas como um ind\u00edcio do vigor de sementes, algumas destas perderam a capacidade germinativa durante o armazenamento, indicando, portanto, que a presen\u00e7a de tais carboidratos n\u00e3o garante a viabilidade das sementes de pau-brasil. Contudo, os resultados sugerem que o metabolismo de sacarose, independentemente da viabilidade das sementes, \u00e9 afetado pela temperatura baixa.<\/p>\n<p style=\"text-align: center\"><a href=\"https:\/\/smastr16.blob.core.windows.net\/pgibt\/2013\/09\/moacir5.jpg\"><img decoding=\"async\" loading=\"lazy\" class=\"alignnone size-full wp-image-1256\" alt=\"moacir5\" src=\"https:\/\/smastr16.blob.core.windows.net\/pgibt\/2013\/09\/moacir5.jpg\" width=\"222\" height=\"169\" \/><\/a> <a href=\"https:\/\/smastr16.blob.core.windows.net\/pgibt\/2013\/09\/moacir6.jpg\"><img decoding=\"async\" loading=\"lazy\" class=\"alignnone size-full wp-image-1257\" alt=\"moacir6\" src=\"https:\/\/smastr16.blob.core.windows.net\/pgibt\/2013\/09\/moacir6.jpg\" width=\"222\" height=\"169\" \/><\/a><\/p>\n<hr align=\"center\" noshade=\"noshade\" size=\"1\" width=\"100%\" \/>\n<p style=\"text-align: center\"><a href=\"https:\/\/smastr16.blob.core.windows.net\/pgibt\/2013\/09\/pdf_grande.gif\"><img decoding=\"async\" loading=\"lazy\" class=\"aligncenter size-full wp-image-2313\" style=\"border: 0px\" alt=\"pdf_grande\" src=\"https:\/\/smastr16.blob.core.windows.net\/pgibt\/2013\/09\/pdf_grande.gif\" width=\"60\" height=\"60\" \/><\/a><a href=\"https:\/\/smastr16.blob.core.windows.net\/pgibt\/2013\/09\/Moacir_Edson_Hellmann_MS.pdf\" target=\"_blank\">Moacir Edson Hellmann<br \/>\nToler\u00e2ncia ao congelamento e armazenamento de sementes de\u00a0<em>Caesalpinia echinata<\/em> Lam<em>.<\/em>\u00a0(pau-brasil)<\/a><\/p>\n<hr align=\"center\" noshade=\"noshade\" size=\"1\" width=\"100%\" \/>\n<p style=\"text-align: center\"><strong>\u00a0<a href=\"https:\/\/www.infraestruturameioambiente.sp.gov.br\/pgibt\/dissertacoesteses\/\">VOLTAR AS DISSERTA\u00c7\u00d5ES E TESES<\/a><\/strong><\/p>\n<hr align=\"center\" noshade=\"noshade\" size=\"1\" width=\"100%\" \/>\n<h1 style=\"text-align: center\"><\/h1>\n","protected":false},"excerpt":{"rendered":"<p>Moacir Edson Hellmann Aos 12 de abril de 2006, no anfiteatro do Instituto de Bot\u00e2nica, Moacir Edson Hellmann, aluno do programa de P\u00f3s-gradua\u00e7\u00e3o em Biodiversidade Vegetal e Meio Ambiente do Instituto de Bot\u00e2nica de S\u00e3o Paulo e bolsista CAPES, defendeu sua Disserta\u00e7\u00e3o de Mestrado intitulada &#8220;Toler\u00e2ncia ao congelamento e armazenamento de sementes de\u00a0Caesalpinia echinata\u00a0Lam. (pau-brasil)&#8221;. [&hellip;]<\/p>\n","protected":false},"author":1,"featured_media":0,"parent":249,"menu_order":0,"comment_status":"closed","ping_status":"closed","template":"fullpage.php","meta":[],"_links":{"self":[{"href":"https:\/\/www.infraestruturameioambiente.sp.gov.br\/pgibt\/wp-json\/wp\/v2\/pages\/1254"}],"collection":[{"href":"https:\/\/www.infraestruturameioambiente.sp.gov.br\/pgibt\/wp-json\/wp\/v2\/pages"}],"about":[{"href":"https:\/\/www.infraestruturameioambiente.sp.gov.br\/pgibt\/wp-json\/wp\/v2\/types\/page"}],"author":[{"embeddable":true,"href":"https:\/\/www.infraestruturameioambiente.sp.gov.br\/pgibt\/wp-json\/wp\/v2\/users\/1"}],"replies":[{"embeddable":true,"href":"https:\/\/www.infraestruturameioambiente.sp.gov.br\/pgibt\/wp-json\/wp\/v2\/comments?post=1254"}],"version-history":[{"count":0,"href":"https:\/\/www.infraestruturameioambiente.sp.gov.br\/pgibt\/wp-json\/wp\/v2\/pages\/1254\/revisions"}],"up":[{"embeddable":true,"href":"https:\/\/www.infraestruturameioambiente.sp.gov.br\/pgibt\/wp-json\/wp\/v2\/pages\/249"}],"wp:attachment":[{"href":"https:\/\/www.infraestruturameioambiente.sp.gov.br\/pgibt\/wp-json\/wp\/v2\/media?parent=1254"}],"curies":[{"name":"wp","href":"https:\/\/api.w.org\/{rel}","templated":true}]}}