{"id":1250,"date":"2013-09-19T17:07:13","date_gmt":"2013-09-19T20:07:13","guid":{"rendered":"https:\/\/www.infraestruturameioambiente.sp.gov.br\/pgibt\/?page_id=1250"},"modified":"2013-09-19T17:07:13","modified_gmt":"2013-09-19T20:07:13","slug":"2006-marilia-cristina-duarte","status":"publish","type":"page","link":"https:\/\/www.infraestruturameioambiente.sp.gov.br\/pgibt\/dissertacoesteses\/2006-marilia-cristina-duarte\/","title":{"rendered":"Mar\u00edlia Cristina Duarte MS"},"content":{"rendered":"<h2 style=\"text-align: center\"><a href=\"https:\/\/smastr16.blob.core.windows.net\/pgibt\/2015\/02\/faixapos6.jpg\"><img decoding=\"async\" loading=\"lazy\" class=\"aligncenter size-full wp-image-3777\" style=\"border: 0px\" alt=\"faixapos6\" src=\"https:\/\/smastr16.blob.core.windows.net\/pgibt\/2015\/02\/faixapos6.jpg\" width=\"950\" height=\"163\" srcset=\"https:\/\/smastr16.blob.core.windows.net\/pgibt\/2015\/02\/faixapos6.jpg 950w, https:\/\/smastr16.blob.core.windows.net\/pgibt\/2015\/02\/faixapos6-768x131.jpg 768w\" sizes=\"(max-width: 950px) 100vw, 950px\" \/><\/a><\/h2>\n<hr align=\"center\" noshade=\"noshade\" size=\"1\" width=\"100%\" \/>\n<h2 style=\"text-align: center\"><span style=\"color: #003300\">Mar\u00edlia Cristina Duarte<\/span><\/h2>\n<hr align=\"center\" noshade=\"noshade\" size=\"1\" width=\"100%\" \/>\n<p style=\"text-align: center\">A disserta\u00e7\u00e3o de mestrado intitulada<br \/>\n&#8220;Diversidade de\u00a0Bombacaceae\u00a0Kunth\u00a0no Estado de S\u00e3o Paulo&#8221;<\/p>\n<p>da aluna do curso de P\u00f3s- Gradua\u00e7\u00e3o em Biodiversidade Vegetal e Meio Ambiente do Instituto de Bot\u00e2nica, Mar\u00edlia Cristina Duarte, sob orienta\u00e7\u00e3o da Dra. Gerleni Lopes Esteves (IBt), foi aprovada em 07 de julho de 2006 pela banca composta pelos professores:\u00a0Dr. Vin\u00edcius Castro Souza, da Universidade de S\u00e3o Paulo- ESALQ; Dra. In\u00eas Cordeiro, do Instituto de Bot\u00e2nica de S\u00e3o Paulo e\u00a0Dra. Gerleni Lopes Esteves, do Instituto de Bot\u00e2nica de S\u00e3o Paulo (presidente da banca).<\/p>\n<p style=\"text-align: center\"><a href=\"https:\/\/smastr16.blob.core.windows.net\/pgibt\/2013\/09\/marilia3.jpg\"><img decoding=\"async\" loading=\"lazy\" alt=\"Dra. Gerleni Lopes Esteves, Dra. In\u00eas Cordeiro, Mar\u00edlia Cristina Duarte e Dr. Vin\u00edcius Castro Souza \" src=\"https:\/\/smastr16.blob.core.windows.net\/pgibt\/2013\/09\/marilia3.jpg\" width=\"250\" height=\"188\" \/><\/a><\/p>\n<p style=\"text-align: center\">Dra. Gerleni Lopes Esteves, Dra. In\u00eas Cordeiro, Mar\u00edlia Cristina Duarte e Dr. Vin\u00edcius Castro Souza<\/p>\n<hr align=\"center\" noshade=\"noshade\" size=\"1\" width=\"100%\" \/>\n<h3 style=\"text-align: center\">Diversidade de\u00a0Bombacaceae\u00a0Kunth\u00a0no Estado de S\u00e3o Paulo<\/h3>\n<hr align=\"center\" noshade=\"noshade\" size=\"1\" width=\"100%\" \/>\n<h4 style=\"text-align: center\"><strong>RESUMO<\/strong><\/h4>\n<p style=\"text-align: justify\">O trabalho integra o projeto &#8220;Flora Fanerog\u00e2mica do Estado de S\u00e3o Paulo&#8221; e teve como objetivos reconhecer as esp\u00e9cies de\u00a0<em>Bombacaceae<\/em>\u00a0e realizar estudos morfol\u00f3gicos a fim de esclarecer problemas taxon\u00f4micos e detectar os caracteres essenciais para a delimita\u00e7\u00e3o dos g\u00eaneros e esp\u00e9cies. O estudo foi baseado em 538 cole\u00e7\u00f5es de herb\u00e1rio e na observa\u00e7\u00e3o de popula\u00e7\u00f5es na natureza. Foram encontrados 6 g\u00eaneros e 14 esp\u00e9cies, sendo\u00a0<em>Bombacopsis calophylla (K. Schum.) A. Robyns, Eriotheca pentaphylla (Vell. emend. K. Schum.) subsp. wittrockiana (K. Schum.) A. Robyns, Quararibea turbinata (Sw.) Poir. e Spirotheca passifloroides Cuatrec.<\/em>\u00a0encontradas exclusivamente em floresta ombr\u00f3fila densa;\u00a0<em>Ceiba pubiflora (A. St-Hil.) K. Schum., Ceiba speciosa (A. St-Hil.) Ravenna\u00a0<\/em>e<em>\u00a0Pseudobombax marginatum (A. St-Hil.) A. Robyns<\/em>\u00a0em floresta estacional semidecidual;\u00a0<em>Eriotheca pubescens (Mart. &amp; Zucc.) Schott &amp; Endl. e Pseudobombax longiflorum (Mart. &amp; Zucc.) A. Robyns<\/em>\u00a0no cerrado, enquanto\u00a0<em>Bombacopsis glabra (Pasq.) A. Robyns, Eriotheca candolleana (K. Schum.) A. Robyns, Eriotheca gracilipes (K. Schum.) A. Robyns, Pseudobombax grandiflorum (Cav.) A. Robyns e Pseudobombax tomentosum (Mart. &amp; Zucc.) A. Robyns<\/em>\u00a0foram coletas em mais de um tipo de forma\u00e7\u00e3o vegetal.<\/p>\n<p style=\"text-align: justify\">Na separa\u00e7\u00e3o dos g\u00eaneros foram utilizados o n\u00famero e o n\u00edvel de concrescimento dos estames, a forma das anteras, presen\u00e7a ou aus\u00eancia de articula\u00e7\u00e3o nos fol\u00edolos e, o tipo de ornamenta\u00e7\u00e3o da semente, utilizado pela primeira vez na separa\u00e7\u00e3o de g\u00eaneros no presente trabalho. Os principais caracteres utilizados na separa\u00e7\u00e3o das esp\u00e9cies foram: as dimens\u00f5es e os tipos de \u00e1pice e base dos fol\u00edolos, forma do c\u00e1lice, presen\u00e7a ou n\u00e3o de nect\u00e1rios no recept\u00e1culo, tipos de indumento e tricoma, colora\u00e7\u00e3o das p\u00e9talas, n\u00famero de estames e o comprimento do tubo estaminal, peci\u00f3lulos e frutos. Foi realizado um estudo da morfologia dos tricomas, com o auxilio da microscopia eletr\u00f4nica de varredura, microscopia eletr\u00f4nica de varredura, a fim de detectar caracteres para a distin\u00e7\u00e3o das esp\u00e9cies, sendo que os tricomas foram ilustrados pela primeira vez no presente trabalho.<\/p>\n<p style=\"text-align: justify\">Com rela\u00e7\u00e3o \u00e0 conserva\u00e7\u00e3o, tr\u00eas esp\u00e9cies estudadas constam na &#8220;Lista oficial das esp\u00e9cies amea\u00e7adas da flora de S\u00e3o Paulo&#8221; (SMA 2004):\u00a0<em>Eriotheca pubescens<\/em>\u00a0enquadrada na categoria Presumivelmente extinta na Natureza (EW),\u00a0<em>Pseudobombax marginatum<\/em>\u00a0inserida na categoria Em Perigo (EN) e\u00a0<em>P. tomentosum<\/em>, na categoria Vulner\u00e1vel (VU). Com base nos resultados obtidos no presente trabalho, duas esp\u00e9cies dever\u00e3o mudar de categoria:<em>\u00a0E. pubescens<\/em>\u00a0passar\u00e1 para a categoria Vulner\u00e1vel (VU) e\u00a0<em>P. tomentosum<\/em>\u00a0para Quase Amea\u00e7ada (NT). Al\u00e9m disso, mais uma esp\u00e9cie dever\u00e1 ser inclu\u00edda na pr\u00f3xima edi\u00e7\u00e3o da lista,\u00a0<em>Bombacopsis calophylla<\/em>, na categoria Vulner\u00e1vel (VU) por apresentar distribui\u00e7\u00e3o no Estado de S\u00e3o Paulo exclusiva em um munic\u00edpio (Iguape), distribui\u00e7\u00e3o exclusiva em \u00e1rea de preserva\u00e7\u00e3o (Esta\u00e7\u00e3o Ecol\u00f3gica Jur\u00e9ia-Itatins), baixa densidade populacional e ocorr\u00eancia em uma \u00fanica forma\u00e7\u00e3o vegetal (floresta ombr\u00f3fila densa).<\/p>\n<p style=\"text-align: justify\">O trabalho consta de chaves de identifica\u00e7\u00e3o, descri\u00e7\u00f5es e ilustra\u00e7\u00f5es, al\u00e9m de coment\u00e1rios sobre variabilidade, taxonomia e distribui\u00e7\u00e3o geogr\u00e1fica para todos os t\u00e1xons.<\/p>\n<hr align=\"center\" noshade=\"noshade\" size=\"1\" width=\"100%\" \/>\n<p style=\"text-align: center\"><a href=\"https:\/\/smastr16.blob.core.windows.net\/pgibt\/2013\/09\/pdf_grande.gif\"><img decoding=\"async\" loading=\"lazy\" class=\"aligncenter size-full wp-image-2313\" style=\"border: 0px\" alt=\"pdf_grande\" src=\"https:\/\/smastr16.blob.core.windows.net\/pgibt\/2013\/09\/pdf_grande.gif\" width=\"60\" height=\"60\" \/><\/a><a href=\"https:\/\/smastr16.blob.core.windows.net\/pgibt\/2013\/09\/Marilia_Cristina_Duarte_MS.pdf\" target=\"_blank\">Mar\u00edlia Cristina Duarte<br \/>\nDiversidade de\u00a0Bombacaceae Kunth\u00a0no Estado de S\u00e3o Paulo<\/a><\/p>\n<hr align=\"center\" noshade=\"noshade\" size=\"1\" width=\"100%\" \/>\n<p style=\"text-align: center\"><strong>\u00a0<a href=\"https:\/\/www.infraestruturameioambiente.sp.gov.br\/pgibt\/dissertacoesteses\/\">VOLTAR AS DISSERTA\u00c7\u00d5ES E TESES<\/a><\/strong><\/p>\n<hr align=\"center\" noshade=\"noshade\" size=\"1\" width=\"100%\" \/>\n","protected":false},"excerpt":{"rendered":"<p>Mar\u00edlia Cristina Duarte A disserta\u00e7\u00e3o de mestrado intitulada &#8220;Diversidade de\u00a0Bombacaceae\u00a0Kunth\u00a0no Estado de S\u00e3o Paulo&#8221; da aluna do curso de P\u00f3s- Gradua\u00e7\u00e3o em Biodiversidade Vegetal e Meio Ambiente do Instituto de Bot\u00e2nica, Mar\u00edlia Cristina Duarte, sob orienta\u00e7\u00e3o da Dra. Gerleni Lopes Esteves (IBt), foi aprovada em 07 de julho de 2006 pela banca composta pelos professores:\u00a0Dr. [&hellip;]<\/p>\n","protected":false},"author":1,"featured_media":0,"parent":249,"menu_order":0,"comment_status":"closed","ping_status":"closed","template":"fullpage.php","meta":[],"_links":{"self":[{"href":"https:\/\/www.infraestruturameioambiente.sp.gov.br\/pgibt\/wp-json\/wp\/v2\/pages\/1250"}],"collection":[{"href":"https:\/\/www.infraestruturameioambiente.sp.gov.br\/pgibt\/wp-json\/wp\/v2\/pages"}],"about":[{"href":"https:\/\/www.infraestruturameioambiente.sp.gov.br\/pgibt\/wp-json\/wp\/v2\/types\/page"}],"author":[{"embeddable":true,"href":"https:\/\/www.infraestruturameioambiente.sp.gov.br\/pgibt\/wp-json\/wp\/v2\/users\/1"}],"replies":[{"embeddable":true,"href":"https:\/\/www.infraestruturameioambiente.sp.gov.br\/pgibt\/wp-json\/wp\/v2\/comments?post=1250"}],"version-history":[{"count":0,"href":"https:\/\/www.infraestruturameioambiente.sp.gov.br\/pgibt\/wp-json\/wp\/v2\/pages\/1250\/revisions"}],"up":[{"embeddable":true,"href":"https:\/\/www.infraestruturameioambiente.sp.gov.br\/pgibt\/wp-json\/wp\/v2\/pages\/249"}],"wp:attachment":[{"href":"https:\/\/www.infraestruturameioambiente.sp.gov.br\/pgibt\/wp-json\/wp\/v2\/media?parent=1250"}],"curies":[{"name":"wp","href":"https:\/\/api.w.org\/{rel}","templated":true}]}}