{"id":1247,"date":"2013-09-19T17:03:18","date_gmt":"2013-09-19T20:03:18","guid":{"rendered":"https:\/\/www.infraestruturameioambiente.sp.gov.br\/pgibt\/?page_id=1247"},"modified":"2013-09-19T17:03:18","modified_gmt":"2013-09-19T20:03:18","slug":"2006-livia-ribeiro-de-mendonca-souza","status":"publish","type":"page","link":"https:\/\/www.infraestruturameioambiente.sp.gov.br\/pgibt\/dissertacoesteses\/2006-livia-ribeiro-de-mendonca-souza\/","title":{"rendered":"L\u00edvia Ribeiro de Mendon\u00e7a-Souza MS"},"content":{"rendered":"<h2 style=\"text-align: center\"><a href=\"https:\/\/smastr16.blob.core.windows.net\/pgibt\/2015\/02\/faixapos6.jpg\"><img decoding=\"async\" loading=\"lazy\" class=\"aligncenter size-full wp-image-3777\" style=\"border: 0px\" alt=\"faixapos6\" src=\"https:\/\/smastr16.blob.core.windows.net\/pgibt\/2015\/02\/faixapos6.jpg\" width=\"950\" height=\"163\" srcset=\"https:\/\/smastr16.blob.core.windows.net\/pgibt\/2015\/02\/faixapos6.jpg 950w, https:\/\/smastr16.blob.core.windows.net\/pgibt\/2015\/02\/faixapos6-768x131.jpg 768w\" sizes=\"(max-width: 950px) 100vw, 950px\" \/><\/a><\/h2>\n<hr align=\"center\" noshade=\"noshade\" size=\"1\" width=\"100%\" \/>\n<h2 style=\"text-align: center\">L\u00edvia Ribeiro de Mendon\u00e7a-Souza<\/h2>\n<hr align=\"center\" noshade=\"noshade\" size=\"1\" width=\"100%\" \/>\n<p style=\"text-align: center\">L\u00edvia Ribeiro de Mendon\u00e7a-Souza, aluna do curso de P\u00f3s- Gradua\u00e7\u00e3o em Biodiversidade Vegetal e Meio Ambiente do Instituto de Bot\u00e2nica e bolsista CNPq, sob a orienta\u00e7\u00e3o do Dr. Sergio Romaniuc Neto (IBt), defendeu em 30 de junho de 2006 sua disserta\u00e7\u00e3o de mestrado, intitulada<br \/>\n&#8220;<em>Ficus (Moraceae)<\/em>\u00a0no Estado de S\u00e3o Paulo&#8221;.<\/p>\n<p style=\"text-align: center\">A banca examinadora foi composta pelos professores: Dr. Jorge Pedro Pereira Carauta, do Museu Nacional do Rio de Janeiro; Dra. Maria C\u00e2ndida Henrique Mamede, do Instituto de Bot\u00e2nica de S\u00e3o Paulo e Dr. Sergio Romaniuc Neto, do Instituto Dr. Sergio Romaniuc Neto; Dra. Maria C\u00e2ndia H.Mamede;<br \/>\nDr. Jorge Pedro Pereira Carauta e L\u00edvia Ribeiro de Mendon\u00e7a-Souza.<\/p>\n<p style=\"text-align: center\"><a href=\"https:\/\/smastr16.blob.core.windows.net\/pgibt\/2013\/09\/livia2.jpg\"><img decoding=\"async\" loading=\"lazy\" alt=\"Dr. Sergio Romaniuc Neto; Dra. Maria C\u00e2ndia H.Mamede; Dr.Jorge Pedro Pereira Carauta e L\u00edvia Ribeiro de Mendon\u00e7a-Souza\" src=\"https:\/\/smastr16.blob.core.windows.net\/pgibt\/2013\/09\/livia2.jpg\" width=\"187\" height=\"137\" \/><\/a><\/p>\n<p style=\"text-align: center\">Dr. Sergio Romaniuc Neto; Dra. Maria C\u00e2ndia H.Mamede; Dr.Jorge Pedro Pereira Carauta e<br \/>\nL\u00edvia Ribeiro de Mendon\u00e7a-Souza<\/p>\n<hr align=\"center\" noshade=\"noshade\" size=\"1\" width=\"100%\" \/>\n<h3 style=\"text-align: center\"><em>Ficus (Moraceae)<\/em>\u00a0no Estado de S\u00e3o Paulo<\/h3>\n<hr align=\"center\" noshade=\"noshade\" size=\"1\" width=\"100%\" \/>\n<h4 style=\"text-align: center\"><strong>RESUMO<\/strong><\/h4>\n<p align=\"justify\">O trabalho faz parte do projeto &#8220;Flora Fanerog\u00e2mica do Estado de S\u00e3o Paulo&#8221; e teve como principais objetivos: contribuir para o conhecimento do g\u00eanero Ficus Tourn. ex L. e das Moraceae no Estado de S\u00e3o Paulo; ampliar o conhecimento sobre a distribui\u00e7\u00e3o geogr\u00e1fica, fenologia, ecologia e conserva\u00e7\u00e3o das esp\u00e9cies de Ficus; identificar caracter\u00edsticas diagn\u00f3sticas para a diferencia\u00e7\u00e3o das esp\u00e9cies do g\u00eanero; al\u00e9m de fornecer subs\u00eddios para outros estudos correlatos \u00e0 taxonomia das esp\u00e9cies de Ficus.<\/p>\n<p align=\"justify\">Foram analisadas principalmente as cole\u00e7\u00f5es depositadas nos herb\u00e1rios do sudeste do Brasil, especialmente nos Estados de S\u00e3o Paulo e Rio de Janeiro, destacando-se dentre os visitados, os herb\u00e1rios GUA, IAC, R, RB, SP, SPF, UEC. Tamb\u00e9m foram feitas viagens de coletas, a fim de observar os esp\u00e9cimes no campo e complementar as cole\u00e7\u00f5es de Ficus dos herb\u00e1rios visitados. Foram reconhecidas 15 esp\u00e9cies de Ficus para o Estado de S\u00e3o Paulo:<em>\u00a0F. citrifolia<\/em>\u00a0Mill., F. cyclophylla (Miq.) Miq.,\u00a0<em>F. eximia Schott, F. gomelleira<\/em>Kunth,\u00a0<em>F. guaranitica<\/em>\u00a0Chodat,\u00a0<em>F. hirsuta<\/em>\u00a0Schott,\u00a0<em>F. insipida<\/em>\u00a0Willd.,\u00a0<em>F. luschnathiana<\/em>\u00a0(Miq.) Miq.,\u00a0<em>F. obtusifolia<\/em>\u00a0Kunth,\u00a0<em>F. obtusiuscula<\/em>\u00a0(Miq.) Miq.,\u00a0<em>F. organensis<\/em>\u00a0(Miq.) Miq.,\u00a0<em>F. pertusa\u00a0<\/em>L.f.,\u00a0<em>F. pulchella\u00a0<\/em>Schott,\u00a0<em>F. trigona<\/em>\u00a0L.f. e\u00a0<em>F. trigonata<\/em>\u00a0L.<\/p>\n<p align=\"justify\">Os estudos morfol\u00f3gicos realizados basearam-se na an\u00e1lise de caracteres relativos ao h\u00e1bito, indumento, forma e dimens\u00f5es das folhas e est\u00edpulas, al\u00e9m do tamanho e aspectos dos sic\u00f4nios, flores e frutos. Para a separa\u00e7\u00e3o das esp\u00e9cies foram utilizados, principalmente caracteres quanto \u00e0 forma e dimens\u00e3o das follhas, formato e tamanho dos sic\u00f4nios, al\u00e9m do indumento e tipo de tricoma encontrado, este \u00faltimo analisado sob microscopia eletr\u00f4nica de varredura.<\/p>\n<p>O g\u00eanero ocorre em todas as forma\u00e7\u00f5es vegetais do Estado de S\u00e3o Paulo, sendo mais freq\u00fcente em \u00e1reas de floresta ombr\u00f3fila densa e estacional semidecidual, geralmente ocorrendo pr\u00f3ximo aos rios quando em matas rip\u00e1rias do cerrado. As esp\u00e9cies s\u00e3o tamb\u00e9m encontradas em \u00e1reas degradadas, como pastagens e beira de rodovias. Na floresta ombr\u00f3fila mista foi registrada apenas a ocorr\u00eancia de F. luschnathiana. As esp\u00e9cies foram classificadas em categorias de conserva\u00e7\u00e3o, sendo registradas pela primeira vez como amea\u00e7adas para o Estado de S\u00e3o Paulo:\u00a0<em>F. pertusa<\/em>, como vulner\u00e1vel (VU),\u00a0<em>F. cyclophylla<\/em>,\u00a0<em>F. hirsuta<\/em>\u00a0e\u00a0<em>F. pulchella<\/em>, como criticamente em perigo de extin\u00e7\u00e3o (CR). O restante das esp\u00e9cies do g\u00eanero foi considerado como em baixo risco de extin\u00e7\u00e3o (LR) ou pr\u00f3ximo a vulner\u00e1vel (NT).<\/p>\n<p align=\"justify\">O presente trabalho consta de chaves de identifica\u00e7\u00e3o, descri\u00e7\u00f5es, ilustra\u00e7\u00f5es, mapas de distribui\u00e7\u00e3o geogr\u00e1fica, coment\u00e1rios sobre taxonomia, distribui\u00e7\u00e3o geogr\u00e1fica e delimita\u00e7\u00e3o dos t\u00e1xons, al\u00e9m de categorias de conserva\u00e7\u00e3o para todas as esp\u00e9cies.<\/p>\n<hr align=\"center\" noshade=\"noshade\" size=\"1\" width=\"100%\" \/>\n<p style=\"text-align: center\"><a href=\"https:\/\/smastr16.blob.core.windows.net\/pgibt\/2013\/09\/pdf_grande.gif\"><img decoding=\"async\" loading=\"lazy\" class=\"aligncenter size-full wp-image-2313\" style=\"border: 0px\" alt=\"pdf_grande\" src=\"https:\/\/smastr16.blob.core.windows.net\/pgibt\/2013\/09\/pdf_grande.gif\" width=\"60\" height=\"60\" \/><\/a><a href=\"https:\/\/smastr16.blob.core.windows.net\/pgibt\/2013\/09\/Livia_Ribeiro_de_Mendonca_Souza_MS.pdf\" target=\"_blank\">L\u00edvia Ribeiro de Mendon\u00e7a-Souza<br \/>\n<em>Ficus (Moraceae)<\/em>\u00a0no Estado de S\u00e3o Paulo<\/a><\/p>\n<hr align=\"center\" noshade=\"noshade\" size=\"1\" width=\"100%\" \/>\n<p style=\"text-align: center\"><strong>\u00a0<a href=\"https:\/\/www.infraestruturameioambiente.sp.gov.br\/pgibt\/dissertacoesteses\/\">VOLTAR AS DISSERTA\u00c7\u00d5ES E TESES<\/a><\/strong><\/p>\n<hr align=\"center\" noshade=\"noshade\" size=\"1\" width=\"100%\" \/>\n<h1 style=\"text-align: center\"><\/h1>\n<p>&nbsp;<\/p>\n<p>&nbsp;<\/p>\n<p>&nbsp;<\/p>\n","protected":false},"excerpt":{"rendered":"<p>L\u00edvia Ribeiro de Mendon\u00e7a-Souza L\u00edvia Ribeiro de Mendon\u00e7a-Souza, aluna do curso de P\u00f3s- Gradua\u00e7\u00e3o em Biodiversidade Vegetal e Meio Ambiente do Instituto de Bot\u00e2nica e bolsista CNPq, sob a orienta\u00e7\u00e3o do Dr. Sergio Romaniuc Neto (IBt), defendeu em 30 de junho de 2006 sua disserta\u00e7\u00e3o de mestrado, intitulada &#8220;Ficus (Moraceae)\u00a0no Estado de S\u00e3o Paulo&#8221;. A [&hellip;]<\/p>\n","protected":false},"author":1,"featured_media":0,"parent":249,"menu_order":0,"comment_status":"closed","ping_status":"closed","template":"fullpage.php","meta":[],"_links":{"self":[{"href":"https:\/\/www.infraestruturameioambiente.sp.gov.br\/pgibt\/wp-json\/wp\/v2\/pages\/1247"}],"collection":[{"href":"https:\/\/www.infraestruturameioambiente.sp.gov.br\/pgibt\/wp-json\/wp\/v2\/pages"}],"about":[{"href":"https:\/\/www.infraestruturameioambiente.sp.gov.br\/pgibt\/wp-json\/wp\/v2\/types\/page"}],"author":[{"embeddable":true,"href":"https:\/\/www.infraestruturameioambiente.sp.gov.br\/pgibt\/wp-json\/wp\/v2\/users\/1"}],"replies":[{"embeddable":true,"href":"https:\/\/www.infraestruturameioambiente.sp.gov.br\/pgibt\/wp-json\/wp\/v2\/comments?post=1247"}],"version-history":[{"count":0,"href":"https:\/\/www.infraestruturameioambiente.sp.gov.br\/pgibt\/wp-json\/wp\/v2\/pages\/1247\/revisions"}],"up":[{"embeddable":true,"href":"https:\/\/www.infraestruturameioambiente.sp.gov.br\/pgibt\/wp-json\/wp\/v2\/pages\/249"}],"wp:attachment":[{"href":"https:\/\/www.infraestruturameioambiente.sp.gov.br\/pgibt\/wp-json\/wp\/v2\/media?parent=1247"}],"curies":[{"name":"wp","href":"https:\/\/api.w.org\/{rel}","templated":true}]}}