{"id":1241,"date":"2013-09-19T16:24:44","date_gmt":"2013-09-19T19:24:44","guid":{"rendered":"https:\/\/www.infraestruturameioambiente.sp.gov.br\/pgibt\/?page_id=1241"},"modified":"2013-09-19T16:24:44","modified_gmt":"2013-09-19T19:24:44","slug":"2010-juliana-moreno-pina","status":"publish","type":"page","link":"https:\/\/www.infraestruturameioambiente.sp.gov.br\/pgibt\/dissertacoesteses\/2010-juliana-moreno-pina\/","title":{"rendered":"Juliana Moreno Pina DR"},"content":{"rendered":"<h2 style=\"text-align: center\"><a href=\"https:\/\/smastr16.blob.core.windows.net\/pgibt\/2015\/02\/faixapos6.jpg\"><img decoding=\"async\" loading=\"lazy\" class=\"aligncenter size-full wp-image-3777\" style=\"border: 0px\" alt=\"faixapos6\" src=\"https:\/\/smastr16.blob.core.windows.net\/pgibt\/2015\/02\/faixapos6.jpg\" width=\"950\" height=\"163\" srcset=\"https:\/\/smastr16.blob.core.windows.net\/pgibt\/2015\/02\/faixapos6.jpg 950w, https:\/\/smastr16.blob.core.windows.net\/pgibt\/2015\/02\/faixapos6-768x131.jpg 768w\" sizes=\"(max-width: 950px) 100vw, 950px\" \/><\/a><\/h2>\n<hr align=\"center\" noshade=\"noshade\" size=\"1\" width=\"100%\" \/>\n<h2 style=\"text-align: center\"><span style=\"color: #003300\">Juliana Moreno Pina<\/span><\/h2>\n<hr align=\"center\" noshade=\"noshade\" size=\"1\" width=\"100%\" \/>\n<p style=\"text-align: center\">No dia 27 de janeiro de 2010, a aluna do programa de P\u00f3s-Gradua\u00e7\u00e3o em Biodiversidade Vegetal e Meio Ambiente\u00a0do Instituto de Bot\u00e2nica de S\u00e3o Paulo, Juliana Moreno Pina, defendeu sua tese de doutorado intitulada<br \/>\n&#8220;Trocas gasosas, sintomas foliares vis\u00edveis e atividade enzim\u00e1tica antioxidativa em plantas jovens de\u00a0<em>Psidium guajava<\/em>\u00a0&#8216;Paluma&#8217;<br \/>\nexpostas ao oz\u00f4nio no Parque Estadual das Fontes do Ipiranga, S\u00e3o Paulo, SP&#8221;,<br \/>\nsob orienta\u00e7\u00e3o da Dra. Regina Maria de Moraes, da Se\u00e7\u00e3o de Ecologia do Instituto de Bot\u00e2nica de S\u00e3o Paulo (IBt)<br \/>\ne co-orienta\u00e7\u00e3o do Dr. S\u00e9rgio Tadeu Meirelles, do Departamento de Ecologia da Universidade de S\u00e3o Paulo (USP).<\/p>\n<p style=\"text-align: center\">A banca examinadora foi composta pelos professores: Dra. Regina Maria de Moraes (Se\u00e7\u00e3o de Ecologia\/IBt), Dra. Solange C. Mazzoni-Viveiros (Se\u00e7\u00e3o de Anatomia e Morfologia\/IBt), Dr. Emerson Alves da Silva (Se\u00e7\u00e3o de Fisiologia e Bioqu\u00edmica\/IBt), Dr. Carlos Henrique Britto Prado (Departamento de Bot\u00e2nica\/UFSCar) e<br \/>\nDr. Renato Rodrigues Ferreira (Centro de Energia Nuclear na Agricultura\/USP).<\/p>\n<hr align=\"center\" noshade=\"noshade\" size=\"1\" width=\"100%\" \/>\n<h3 style=\"text-align: center\"><strong>Trocas gasosas, sintomas foliares vis\u00edveis e atividade enzim\u00e1tica antioxidativa em plantas jovens de<br \/>\n<em>Psidium guajava<\/em>\u00a0&#8216;Paluma&#8217; expostas ao oz\u00f4nio no Parque Estadual das Fontes do Ipiranga, S\u00e3o Paulo, SP<\/strong><\/h3>\n<hr align=\"center\" noshade=\"noshade\" size=\"1\" width=\"100%\" \/>\n<h4 style=\"text-align: center\"><strong>RESUMO<\/strong><\/h4>\n<p style=\"text-align: justify\">O oz\u00f4nio troposf\u00e9rico (O<sub>3<\/sub>) \u00e9 um poluente secund\u00e1rio cujas concentra\u00e7\u00f5es v\u00eam aumentando progressivamente desde as \u00faltimas d\u00e9cadas principalmente como conseq\u00fc\u00eancia do aumento da queima de combust\u00edveis f\u00f3sseis. Formado na troposfera por meio de rea\u00e7\u00f5es fotoqu\u00edmicas entre \u00f3xidos de nitrog\u00eanio e hidrocarbonetos n\u00e3o met\u00e2nicos, o O<sub>3<\/sub>\u00a0atua oxidando tecidos biol\u00f3gicos causando, dessa forma, efeitos delet\u00e9rios na sa\u00fade humana, na vegeta\u00e7\u00e3o e nos materiais. Uma forma de avaliar a polui\u00e7\u00e3o por oz\u00f4nio \u00e9 por meio da exposi\u00e7\u00e3o de bioindicadores, esp\u00e9cies de plantas que manifestam sintomas foliares vis\u00edveis ap\u00f3s exposi\u00e7\u00e3o ao poluente. O objetivo do presente estudo foi avaliar as respostas apresentadas por\u00a0<em>Psidium guajava<\/em>\u00a0&#8216;Paluma&#8217; (goiabeira) sob exposi\u00e7\u00e3o ao oz\u00f4nio troposf\u00e9rico visando estabelecer a esp\u00e9cie como um bioindicador tropical. Foram realizadas seis exposi\u00e7\u00f5es de aproximadamente 80 dias no per\u00edodo de abril de 2007 a dezembro de 2008, no qual plantas jovens de &#8216;Paluma&#8217; permaneceram expostas no Parque Estadual das Fontes do Ipiranga, que apresenta concentra\u00e7\u00f5es elevadas de O<sub>3.<\/sub>\u00a0As goiabeiras foram analisadas periodicamente e avaliadas quanto \u00e0 manifesta\u00e7\u00e3o e progress\u00e3o de sintomas foliares vis\u00edveis, \u00e0s trocas gasosas de CO<sub>2<\/sub>\u00a0e H<sub>2<\/sub>O sob radia\u00e7\u00e3o fotossinteticamente ativa saturante e \u00e0 atividade antioxidativa das enzimas super\u00f3xido dismutase (SOD), ascorbato peroxidase (APX) e glutationa redutase (GR). Durante o experimento, observou-se que as condi\u00e7\u00f5es ambientais, em especial a irradia\u00e7\u00e3o global, o d\u00e9ficit de press\u00e3o de vapor e a precipita\u00e7\u00e3o, influenciaram na manifesta\u00e7\u00e3o de sintomas foliares da planta, que foi acompanhada por altera\u00e7\u00f5es significativas nas trocas gasosas (redu\u00e7\u00e3o de assimila\u00e7\u00e3o de carbono, condut\u00e2ncia estom\u00e1tica e transpira\u00e7\u00e3o e aumento da concentra\u00e7\u00e3o interna de CO<sub>2<\/sub>.Contrariamente ao esperado, a atividade de APX e GR n\u00e3o foi diretamente relacionada \u00e0 exposi\u00e7\u00e3o ao O<sub>3<\/sub>, ao passo que a enzima SOD apresentou, em algumas exposi\u00e7\u00f5es, uma menor atividade. A an\u00e1lise multivariada entre os dados obtidos indicou que os sintomas foliares vis\u00edveis foram associados diretamente ao aumento da exposi\u00e7\u00e3o ao oz\u00f4nio, ao aumento da irradia\u00e7\u00e3o global e \u00e0 redu\u00e7\u00e3o da assimila\u00e7\u00e3o l\u00edquida de carbono. Com base nos resultados, conclui-se que a goiabeira &#8216;Paluma&#8217; apresenta grande potencial como esp\u00e9cie bioindicadora tropical sens\u00edvel ao oz\u00f4nio, mostrando uma resposta qualitativa.<\/p>\n<p style=\"text-align: justify\">Palavras chaves: Myrtacea, bioindicador, oz\u00f4nio, trocas gasosas, atividade enzim\u00e1tica antioxidativa<\/p>\n<hr align=\"center\" noshade=\"noshade\" size=\"1\" width=\"100%\" \/>\n<p style=\"text-align: center\"><a href=\"https:\/\/smastr16.blob.core.windows.net\/pgibt\/2013\/09\/pdf_grande.gif\"><img decoding=\"async\" loading=\"lazy\" class=\"aligncenter size-full wp-image-2313\" style=\"border: 0px\" alt=\"pdf_grande\" src=\"https:\/\/smastr16.blob.core.windows.net\/pgibt\/2013\/09\/pdf_grande.gif\" width=\"60\" height=\"60\" \/><\/a><a href=\"https:\/\/smastr16.blob.core.windows.net\/pgibt\/2013\/09\/Juliana_Pina_DR.pdf\" target=\"_blank\">Juliana Moreno Pina<br \/>\nTrocas gasosas, sintomas foliares vis\u00edveis e atividade enzim\u00e1tica antioxidativa em plantas jovens de<br \/>\n<em>Psidium guajava<\/em> &#8216;Paluma&#8217; expostas ao oz\u00f4nio no Parque Estadual das Fontes do Ipiranga, S\u00e3o Paulo, SP<\/a><\/p>\n<hr align=\"center\" noshade=\"noshade\" size=\"1\" width=\"100%\" \/>\n<p style=\"text-align: center\"><strong>\u00a0<a href=\"https:\/\/www.infraestruturameioambiente.sp.gov.br\/pgibt\/dissertacoesteses\/\">VOLTAR AS DISSERTA\u00c7\u00d5ES E TESES<\/a><\/strong><\/p>\n<hr align=\"center\" noshade=\"noshade\" size=\"1\" width=\"100%\" \/>\n","protected":false},"excerpt":{"rendered":"<p>Juliana Moreno Pina No dia 27 de janeiro de 2010, a aluna do programa de P\u00f3s-Gradua\u00e7\u00e3o em Biodiversidade Vegetal e Meio Ambiente\u00a0do Instituto de Bot\u00e2nica de S\u00e3o Paulo, Juliana Moreno Pina, defendeu sua tese de doutorado intitulada &#8220;Trocas gasosas, sintomas foliares vis\u00edveis e atividade enzim\u00e1tica antioxidativa em plantas jovens de\u00a0Psidium guajava\u00a0&#8216;Paluma&#8217; expostas ao oz\u00f4nio no [&hellip;]<\/p>\n","protected":false},"author":1,"featured_media":0,"parent":249,"menu_order":0,"comment_status":"closed","ping_status":"closed","template":"fullpage.php","meta":[],"_links":{"self":[{"href":"https:\/\/www.infraestruturameioambiente.sp.gov.br\/pgibt\/wp-json\/wp\/v2\/pages\/1241"}],"collection":[{"href":"https:\/\/www.infraestruturameioambiente.sp.gov.br\/pgibt\/wp-json\/wp\/v2\/pages"}],"about":[{"href":"https:\/\/www.infraestruturameioambiente.sp.gov.br\/pgibt\/wp-json\/wp\/v2\/types\/page"}],"author":[{"embeddable":true,"href":"https:\/\/www.infraestruturameioambiente.sp.gov.br\/pgibt\/wp-json\/wp\/v2\/users\/1"}],"replies":[{"embeddable":true,"href":"https:\/\/www.infraestruturameioambiente.sp.gov.br\/pgibt\/wp-json\/wp\/v2\/comments?post=1241"}],"version-history":[{"count":0,"href":"https:\/\/www.infraestruturameioambiente.sp.gov.br\/pgibt\/wp-json\/wp\/v2\/pages\/1241\/revisions"}],"up":[{"embeddable":true,"href":"https:\/\/www.infraestruturameioambiente.sp.gov.br\/pgibt\/wp-json\/wp\/v2\/pages\/249"}],"wp:attachment":[{"href":"https:\/\/www.infraestruturameioambiente.sp.gov.br\/pgibt\/wp-json\/wp\/v2\/media?parent=1241"}],"curies":[{"name":"wp","href":"https:\/\/api.w.org\/{rel}","templated":true}]}}