{"id":1237,"date":"2013-09-19T15:48:29","date_gmt":"2013-09-19T18:48:29","guid":{"rendered":"https:\/\/www.infraestruturameioambiente.sp.gov.br\/pgibt\/?page_id=1237"},"modified":"2013-09-19T15:48:29","modified_gmt":"2013-09-19T18:48:29","slug":"2010-james-andreas-maier","status":"publish","type":"page","link":"https:\/\/www.infraestruturameioambiente.sp.gov.br\/pgibt\/dissertacoesteses\/2010-james-andreas-maier\/","title":{"rendered":"James Andreas Maier MS"},"content":{"rendered":"<h2 style=\"text-align: center\"><a href=\"https:\/\/smastr16.blob.core.windows.net\/pgibt\/2015\/02\/faixapos6.jpg\"><img decoding=\"async\" loading=\"lazy\" class=\"aligncenter size-full wp-image-3777\" style=\"border: 0px\" alt=\"faixapos6\" src=\"https:\/\/smastr16.blob.core.windows.net\/pgibt\/2015\/02\/faixapos6.jpg\" width=\"950\" height=\"163\" srcset=\"https:\/\/smastr16.blob.core.windows.net\/pgibt\/2015\/02\/faixapos6.jpg 950w, https:\/\/smastr16.blob.core.windows.net\/pgibt\/2015\/02\/faixapos6-768x131.jpg 768w\" sizes=\"(max-width: 950px) 100vw, 950px\" \/><\/a><\/h2>\n<hr align=\"center\" noshade=\"noshade\" size=\"1\" width=\"100%\" \/>\n<h2 style=\"text-align: center\"><span style=\"color: #003300\">James Andreas Maier<\/span><\/h2>\n<hr align=\"center\" noshade=\"noshade\" size=\"1\" width=\"100%\" \/>\n<p style=\"text-align: center\" align=\"center\">No dia 23 de Fevereiro de 2010, o aluno de P\u00f3s-Gradua\u00e7\u00e3o em Biodiversidade Vegetal e Meio Ambiente\u00a0do Instituto de Bot\u00e2nica de S\u00e3o Paulo (IBt), James Andreas Maier\u00a0 defendeu sua disserta\u00e7\u00e3o de mestrado intitulada<br \/>\n&#8220;Efeitos do extrato etan\u00f3lico e fra\u00e7\u00f5es purificadas de\u00a0<em>Esenbeckia leiocarpa<\/em>\u00a0Engl. (Rutaceae)<br \/>\nna atividade anticolinester\u00e1sica e no comportamento de animais.&#8221;<\/p>\n<p style=\"text-align: center\" align=\"center\">A banca examinadora foi composta por Dra. Elaine Monteiro Cardoso Lopes (orientadora (IBt), \u00a0Dra. Luciana Retz de Carvalho (IBt) e<br \/>\nDr. Hudson de Sousa Buck (FCMSC-SP).<\/p>\n<p style=\"text-align: center\">O presente trabalho teve como objetivo realizar o estudo qu\u00edmico de\u00a0<em>E. leiocarpa<\/em>\u00a0direcionado para a obten\u00e7\u00e3o dos compostos respons\u00e1veis pela atividade anticolinester\u00e1sica e verificar a atividade da fra\u00e7\u00e3o alcal\u00f3ides totais sobre a mem\u00f3ria, ansiedade e depress\u00e3o. Os ramos caulinares sem folha de E. leiocarpa foram mo\u00eddos e o extrato etan\u00f3lico obtido a partir do tr\u00eas m\u00e9todos: macera\u00e7\u00e3o, ASE \u00e0 temperatura ambiente e ASE \u00e0 70\u00baC. O extrato etan\u00f3lico (34,8g) foi dissolvido em solu\u00e7\u00e3o \u00e1cida (HCl 0,1M) e submetido a processo de separa\u00e7\u00e3o \u00e1cido\/base. Embora o m\u00e9todo da macera\u00e7\u00e3o tenha mostrado melhor rendimento na obten\u00e7\u00e3o do extrato etan\u00f3lico o m\u00e9todo ASE70 mostrou melhor efici\u00eancia para a obten\u00e7\u00e3o dos alcal\u00f3ides. Ap\u00f3s a identifica\u00e7\u00e3o de seus compostos a FALC foi utilizada em testes comportamentais em camundongos C57\/Black6 para avaliar a atividade locomotora, a ansiedade e os processos de mem\u00f3ria nas concentra\u00e7\u00f5es de 10 e 40 mg\/Kg, via i.p. e comparadas com galantamina.\u00a0 Foram purificados e identificados cinco alcal\u00f3ide da FALC. As fra\u00e7\u00f5es Fr. 7 (tR= 15,4 min) e Fr. 9 (tR= 19,3 min) foram identificados como dois alcal\u00f3ides 4-quinolinonicos, leiokinina A (5,8 mg) e leptomerina (16,0 mg), respectivamente. Nas fra\u00e7\u00f5es Fr. 10 (tR= 24,5 min) e Fr. 11 (tR= 26,2 min) foram identificados dois alcal\u00f3ides furoquinolinicos, kokusaginina (5,7 mg) e esquimianina (12,3 mg), respectivamente. Na Fr. 12 (tR= 34,3 min) foi encontrada uma mistura dos alcal\u00f3ides\u00a0 (3.2 mg), maculina and flindersiamina. Os alcal\u00f3ides leiokinina A e esquimianina apresentaram inibi\u00e7\u00e3o da acetilcolinesterase com IC50 0,21 mM e 1,4 mM, respectivamente. Enquanto, leptomerina e kokusaginina apresentaram atividade anticolinester\u00e1sica potente com IC50 de 2,5 mM e 46,0 mM, respectivamente, semelhante \u00e0 subst\u00e2ncia padr\u00e3o galantamina (IC50 1,7 mM). Os resultados mostraram pela primeira vez a presen\u00e7a dos alcal\u00f3ides leptomerina e esquimianina no caule de\u00a0<em>E. leiocarpa<\/em>. Os testes comportamentais mostram que a FALC apresenta atividade ansiol\u00edtica e altera\u00e7\u00f5es na aquisi\u00e7\u00e3o de mem\u00f3ria.<\/p>\n<hr align=\"center\" noshade=\"noshade\" size=\"1\" width=\"100%\" \/>\n<h3 style=\"text-align: center\">Efeitos do extrato etan\u00f3lico e fra\u00e7\u00f5es purificadas de <em>Esenbeckia leiocarpa<\/em> Engl. (Rutaceae)<br \/>\nna atividade anticolinester\u00e1sica e no comportamento de animais<\/h3>\n<hr align=\"center\" noshade=\"noshade\" size=\"1\" width=\"100%\" \/>\n<h4 style=\"text-align: center\"><strong>RESUMO<\/strong><\/h4>\n<p style=\"text-align: justify\"><em>E<\/em><em>senbeckia. leiocarpa<\/em>\u00a0Engl. (Rutaceae) \u00e9 uma planta semidec\u00eddua, esci\u00f3fita, caracter\u00edstica da floresta latifoliada prim\u00e1ria, de estrutura arb\u00f3rea com tronco reto que pode atingir de 20 a 30 metros, madeira pesada, encontrada do sul da Bahia at\u00e9 S\u00e3o Paulo. Diversos metab\u00f3litos secund\u00e1rios j\u00e1 foram identificados em\u00a0<em>E. leiocarpa\u00a0<\/em>como os alcal\u00f3ides kokusaginina, flindersiamina, maculina, dictamnina, leiokinina A, leiokinina B entre. A Doen\u00e7a de Alzheimer \u00e9 caracterizada por uma desordem neurodegenerativa progressiva onde h\u00e1 um d\u00e9ficit neuroqu\u00edmico que atinge principalmente a regi\u00e3o do hipocampo e os n\u00facleos basais, afetando as vias colin\u00e9rgicas. O foco do tratamento da DA est\u00e1 em aumentar o n\u00edvel de acetilcolina no c\u00e9rebro com o auxilio de inibidores de acetilcolinesterase. Estudos anteriores com o extrato bruto de\u00a0<em>E. leiocarpa<\/em>\u00a0demonstraram potencial inibi\u00e7\u00e3o da acetilcolinesterase em testes\u00a0<em>in vitro<\/em>. O presente trabalho teve como objetivo realizar o estudo qu\u00edmico de\u00a0<em>E. leiocarpa<\/em>\u00a0direcionado para a obten\u00e7\u00e3o dos compostos respons\u00e1veis pela atividade anticolinester\u00e1sica e verificar a atividade da fra\u00e7\u00e3o alcal\u00f3ides totais sobre a mem\u00f3ria, ansiedade e depress\u00e3o. Os ramos caulinares sem folha de E. leiocarpa foram mo\u00eddos e o extrato etan\u00f3lico obtido a partir do tr\u00eas m\u00e9todos: macera\u00e7\u00e3o, ASE \u00e0 temperatura ambiente e ASE \u00e0 70\u00baC. O extrato etan\u00f3lico (34,8g) foi dissolvido em solu\u00e7\u00e3o \u00e1cida (HCl 0,1M) e submetido a processo de separa\u00e7\u00e3o \u00e1cido\/base. Embora o m\u00e9todo da macera\u00e7\u00e3o tenha mostrado melhor rendimento na obten\u00e7\u00e3o do extrato etan\u00f3lico o m\u00e9todo ASE70 mostrou melhor efici\u00eancia para a obten\u00e7\u00e3o dos alcal\u00f3ides. A Fra\u00e7\u00e3o Alcalo\u00eddica (FALC) obtida foi separada em CLAE usando coluna preparativa ODS Shimadzu C-18 (250 x 20 mm), e a fase m\u00f3vel acetonitrila(10%):metanol (45%):\u00e1gua (45%) (UV 242 nm e fluxo de 8 mL\/min). A identifica\u00e7\u00e3o estrutural foi feita por resson\u00e2ncia magn\u00e9tica nuclear 1D (1H, 13C e DEPT) e 2D (1H-1H gCOSY, gHMQC e gHMBC) e comparada com dados da literatura<strong>.\u00a0<\/strong>Ap\u00f3s a identifica\u00e7\u00e3o de seus compostos a FALC foi utilizada em testes comportamentais em camundongos C57\/Black6 para avaliar a atividade locomotora, a ansiedade e os processos de mem\u00f3ria nas concentra\u00e7\u00f5es de 10 e 40 mg\/Kg, via i.p. e comparadas com galantamina.\u00a0 Foram purificados e identificados cinco alcal\u00f3ide da FALC. As fra\u00e7\u00f5es Fr. 7 (tR= 15,4 min) e Fr. 9 (tR= 19,3 min) foram identificados como dois alcal\u00f3ides 4-quinolinonicos, leiokinina A (5,8 mg) e leptomerina (16,0 mg), respectivamente. Nas fra\u00e7\u00f5es Fr. 10 (tR= 24,5 min) e Fr. 11 (tR= 26,2 min) foram identificados dois alcal\u00f3ides furoquinolinicos, kokusaginina (5,7 mg) e esquimianina (12,3 mg), respectivamente. Na Fr. 12 (tR= 34,3 min) foi encontrada uma mistura dos alcal\u00f3ides\u00a0 (3.2 mg), maculina and flindersiamina. Os alcal\u00f3ides leiokinina A e esquimianina apresentaram inibi\u00e7\u00e3o da acetilcolinesterase com IC50 0,21 mM e 1,4 mM, respectivamente. Enquanto, leptomerina e kokusaginina apresentaram atividade anticolinester\u00e1sica potente com IC50 de 2,5 mM e 46,0 mM, respectivamente, semelhante \u00e0 subst\u00e2ncia padr\u00e3o galantamina (IC50 1,7 mM). Os resultados mostraram pela primeira vez a presen\u00e7a dos alcal\u00f3ides leptomerina e esquimianina no caule de\u00a0<em>E. leiocarpa<\/em>. Os testes comportamentais mostram que a FALC apresenta atividade ansiol\u00edtica e altera\u00e7\u00f5es na aquisi\u00e7\u00e3o de mem\u00f3ria.<\/p>\n<p style=\"text-align: justify\">Palavras-chave: 1. Fitoqu\u00edmica. 2. Alcal\u00f3ides. 3. Mem\u00f3ria<\/p>\n<hr align=\"center\" noshade=\"noshade\" size=\"1\" width=\"100%\" \/>\n<p style=\"text-align: center\"><a href=\"https:\/\/smastr16.blob.core.windows.net\/pgibt\/2013\/09\/pdf_grande.gif\"><img decoding=\"async\" loading=\"lazy\" class=\"aligncenter size-full wp-image-2313\" style=\"border: 0px\" alt=\"pdf_grande\" src=\"https:\/\/smastr16.blob.core.windows.net\/pgibt\/2013\/09\/pdf_grande.gif\" width=\"60\" height=\"60\" \/><\/a><a href=\"https:\/\/smastr16.blob.core.windows.net\/pgibt\/2013\/09\/James_Andreas_Maier_MS.pdf\" target=\"_blank\">James Andreas Maier<br \/>\nEfeitos do extrato etan\u00f3lico e fra\u00e7\u00f5es purificadas de<em>\u00a0Esenbeckia leiocarpa<\/em>\u00a0Engl. (Rutaceae)<br \/>\nna atividade anticolinester\u00e1sica e no comportamento de animais<\/a><\/p>\n<hr align=\"center\" noshade=\"noshade\" size=\"1\" width=\"100%\" \/>\n<p style=\"text-align: center\"><strong>\u00a0<a href=\"https:\/\/www.infraestruturameioambiente.sp.gov.br\/pgibt\/dissertacoesteses\/\">VOLTAR AS DISSERTA\u00c7\u00d5ES E TESES<\/a><\/strong><\/p>\n<hr align=\"center\" noshade=\"noshade\" size=\"1\" width=\"100%\" \/>\n","protected":false},"excerpt":{"rendered":"<p>James Andreas Maier No dia 23 de Fevereiro de 2010, o aluno de P\u00f3s-Gradua\u00e7\u00e3o em Biodiversidade Vegetal e Meio Ambiente\u00a0do Instituto de Bot\u00e2nica de S\u00e3o Paulo (IBt), James Andreas Maier\u00a0 defendeu sua disserta\u00e7\u00e3o de mestrado intitulada &#8220;Efeitos do extrato etan\u00f3lico e fra\u00e7\u00f5es purificadas de\u00a0Esenbeckia leiocarpa\u00a0Engl. (Rutaceae) na atividade anticolinester\u00e1sica e no comportamento de animais.&#8221; A [&hellip;]<\/p>\n","protected":false},"author":1,"featured_media":0,"parent":249,"menu_order":0,"comment_status":"closed","ping_status":"closed","template":"fullpage.php","meta":[],"_links":{"self":[{"href":"https:\/\/www.infraestruturameioambiente.sp.gov.br\/pgibt\/wp-json\/wp\/v2\/pages\/1237"}],"collection":[{"href":"https:\/\/www.infraestruturameioambiente.sp.gov.br\/pgibt\/wp-json\/wp\/v2\/pages"}],"about":[{"href":"https:\/\/www.infraestruturameioambiente.sp.gov.br\/pgibt\/wp-json\/wp\/v2\/types\/page"}],"author":[{"embeddable":true,"href":"https:\/\/www.infraestruturameioambiente.sp.gov.br\/pgibt\/wp-json\/wp\/v2\/users\/1"}],"replies":[{"embeddable":true,"href":"https:\/\/www.infraestruturameioambiente.sp.gov.br\/pgibt\/wp-json\/wp\/v2\/comments?post=1237"}],"version-history":[{"count":0,"href":"https:\/\/www.infraestruturameioambiente.sp.gov.br\/pgibt\/wp-json\/wp\/v2\/pages\/1237\/revisions"}],"up":[{"embeddable":true,"href":"https:\/\/www.infraestruturameioambiente.sp.gov.br\/pgibt\/wp-json\/wp\/v2\/pages\/249"}],"wp:attachment":[{"href":"https:\/\/www.infraestruturameioambiente.sp.gov.br\/pgibt\/wp-json\/wp\/v2\/media?parent=1237"}],"curies":[{"name":"wp","href":"https:\/\/api.w.org\/{rel}","templated":true}]}}