{"id":1218,"date":"2013-09-19T15:27:15","date_gmt":"2013-09-19T18:27:15","guid":{"rendered":"https:\/\/www.infraestruturameioambiente.sp.gov.br\/pgibt\/?page_id=1218"},"modified":"2013-09-19T15:27:15","modified_gmt":"2013-09-19T18:27:15","slug":"2007-marina-camara-mattos-martins","status":"publish","type":"page","link":"https:\/\/www.infraestruturameioambiente.sp.gov.br\/pgibt\/dissertacoesteses\/2007-marina-camara-mattos-martins\/","title":{"rendered":"Marina C\u00e2mara Mattos Martins MS"},"content":{"rendered":"<h2 style=\"text-align: center\"><a href=\"https:\/\/smastr16.blob.core.windows.net\/pgibt\/2015\/02\/faixapos6.jpg\"><img decoding=\"async\" loading=\"lazy\" class=\"aligncenter size-full wp-image-3777\" style=\"border: 0px\" alt=\"faixapos6\" src=\"https:\/\/smastr16.blob.core.windows.net\/pgibt\/2015\/02\/faixapos6.jpg\" width=\"950\" height=\"163\" srcset=\"https:\/\/smastr16.blob.core.windows.net\/pgibt\/2015\/02\/faixapos6.jpg 950w, https:\/\/smastr16.blob.core.windows.net\/pgibt\/2015\/02\/faixapos6-768x131.jpg 768w\" sizes=\"(max-width: 950px) 100vw, 950px\" \/><\/a><\/h2>\n<hr align=\"center\" noshade=\"noshade\" size=\"1\" width=\"100%\" \/>\n<h2 style=\"text-align: center\"><span style=\"color: #003300\">Marina C\u00e2mara Mattos Martins<\/span><\/h2>\n<hr align=\"center\" noshade=\"noshade\" size=\"1\" width=\"100%\" \/>\n<p style=\"text-align: center\">A aluna Marina C\u00e2mara Mattos Martins defendeu sua disserta\u00e7\u00e3o de Mestrado intitulada<br \/>\n&#8220;Ecofisiologia do uso de reservas de carbono e nitrog\u00eanio ao longo do ciclo de vida de\u00a0<em>Hymenaea courbaril var. stilbocarpa (Heyne) Lee &amp; Lang. (Leguminosae, Caesalpinioideae)<\/em>&#8221;<br \/>\nno dia 29 de janeiro de 2007, no anfiteatro do Instituto de Bot\u00e2nica.<\/p>\n<p>A banca examinadora foi presidida pelo Dr. Marcos Pereira Marinho Aidar (Orientador) e contou com a presen\u00e7a do\u00a0Dr. Ladaslav Sodek (UNICAMP) e do Dr. Marco Aur\u00e9lio S. Tin\u00e9 (IBt).\u00a0Dr. Ladaslav Sodek (UNICAMP), A aluna Marina, Dr. Marcos Pereira Marinho Aidar (Orientador) e\u00a0o Dr. Marco Aur\u00e9lio S. Tin\u00e9 (IBt).<\/p>\n<div id=\"attachment_1221\" style=\"width: 256px\" class=\"wp-caption aligncenter\"><a href=\"https:\/\/smastr16.blob.core.windows.net\/pgibt\/2013\/09\/marina2.jpg\"><img aria-describedby=\"caption-attachment-1221\" decoding=\"async\" loading=\"lazy\" class=\"size-full wp-image-1221\" alt=\"Dr. Ladaslav Sodek (UNICAMP), A aluna Marina, Dr. Marcos Pereira Marinho Aidar (Orientador) e o Dr. Marco Aur\u00e9lio S. Tin\u00e9 (IBt).\" src=\"https:\/\/smastr16.blob.core.windows.net\/pgibt\/2013\/09\/marina2.jpg\" width=\"246\" height=\"171\" \/><\/a><p id=\"caption-attachment-1221\" class=\"wp-caption-text\">Dr. Ladaslav Sodek (UNICAMP), A aluna Marina, Dr. Marcos Pereira Marinho Aidar (Orientador) e<br \/>o Dr. Marco Aur\u00e9lio S. Tin\u00e9 (IBt).<\/p><\/div>\n<hr align=\"center\" noshade=\"noshade\" size=\"1\" width=\"100%\" \/>\n<h3 style=\"text-align: center\">&#8220;Ecofisiologia do uso de reservas de carbono e nitrog\u00eanio ao longo do ciclo de vida de\u00a0<em>Hymenaea courbaril var. stilbocarpa (Heyne) Lee &amp; Lang. (Leguminosae, Caesalpinioideae)<\/em>&#8220;<\/h3>\n<hr align=\"center\" noshade=\"noshade\" size=\"1\" width=\"100%\" \/>\n<h4 style=\"text-align: center\"><strong>RESUMO<\/strong><\/h4>\n<p style=\"text-align: justify\">O crescimento e desenvolvimento ao longo do ciclo de vida da planta sofrem influ\u00eancia da sazonalidade, sendo a remobiliza\u00e7\u00e3o de compostos de carbono e nutrientes internos uma resposta comum \u00e0 varia\u00e7\u00f5es temporais na disponibilidade de recursos. Em plantas existe uma estreita correla\u00e7\u00e3o entre os metabolismos de carbono e nitrog\u00eanio, especialmente em rela\u00e7\u00e3o ao controle da fotoss\u00edntese e desenvolvimento foliar. Pouco se sabe sobre o ac\u00famulo e a mobiliza\u00e7\u00e3o de reservas em esp\u00e9cies arb\u00f3reas de florestas tropicais e seu papel na produtividade e reprodu\u00e7\u00e3o.\u00a0<em>Hymenaea courbaril var. stilbocarpa<\/em>\u00a0(jatob\u00e1) \u00e9 uma leguminosa arb\u00f3rea tropical semi-dec\u00eddua considerada secund\u00e1ria tardia na sucess\u00e3o ecol\u00f3gica e que ocorre em Floresta Estacional Semi-Decidual e Floresta Ombr\u00f3fila Densa. Os objetivos deste trabalho s\u00e3o caracterizar os mecanismos de uso de reservas de carbono e nitrog\u00eanio para o estabelecimento de pl\u00e2ntulas e compar\u00e1-los com indiv\u00edduos jovens e adultos de\u00a0<em>Hymenaea courbaril var. stilbocarpa<\/em>. Para o experimento com pl\u00e2ntulas, sementes foram germinadas e colocadas em vasos em estufa durante 78 dias. A cada coleta, a seiva do xilema era retirada e a pl\u00e2ntula dividida em ra\u00edzes, caule, folhas e cotil\u00e9dones. Os \u00f3rg\u00e3os eram liofilizados e mo\u00eddos para\u00a0an\u00e1lise de carboidratos por cromatografia de troca ani\u00f4nica de alto desempenho com detector de pulso amperom\u00e9trico (HPAEC-PAD), conte\u00fado de amido, an\u00e1lise da composi\u00e7\u00e3o da seiva do xilema e conte\u00fado total de carbono e nitrog\u00eanio por espectrometria de massas. Para o experimento com indiv\u00edduos jovens e adultos, foram realizadas coletas bimensais no per\u00edodo de junho\/05 a abril\/06 em cinco esp\u00e9cimes localizados no Instituto de Bot\u00e2nica de S\u00e3o Paulo. A cada coleta, eram excisados dois ramos por indiv\u00edduo, sendo a seiva do xilema retirada e as folhas e os caules utilizados para an\u00e1lises bioqu\u00edmicas (mesmos par\u00e2metros das pl\u00e2ntulas). Tamb\u00e9m foram mensuradas medidas pontuais de fotoss\u00edntese em folhas de cada ramo. Os resultados de mobiliza\u00e7\u00e3o de reservas em pl\u00e2ntulas confirmaram que o fluxo principal de carbono durante o desenvolvimento se d\u00e1 dos cotil\u00e9dones para a parte a\u00e9rea. O caule, al\u00e9m da fun\u00e7\u00e3o de transporte, seria tamb\u00e9m um \u00f3rg\u00e3o armazenador de amido durante o estabelecimento. Os principais amino\u00e1cidos transportados na seiva do xilema s\u00e3o \u00e1cido asp\u00e1rtico e asparagina, por\u00e9m foi observado que o transporte de nitrog\u00eanio oriundo da degrada\u00e7\u00e3o dos corpos prot\u00e9icos dos cotil\u00e9dones \u00e9 realizado pela arginina. Em indiv\u00edduos jovens e adultos, os resultados de diversos par\u00e2metros analisados mostraram uma varia\u00e7\u00e3o sazonal dr\u00e1stica no m\u00eas de outubro\/05, \u00e9poca em que folhas jovens est\u00e3o se expandindo ap\u00f3s o per\u00edodo de inverno para reconstru\u00e7\u00e3o da copa e quando os nutrientes reassimilados ap\u00f3s a senesc\u00eancia foliar s\u00e3o remobilizados. Os teores de amido nas folhas foram mais expressivos nos meses de outubro e dezembro\/05. A arginina apresentou contribui\u00e7\u00e3o significativa para o transporte de N durante o per\u00edodo de remobiliza\u00e7\u00e3o de nutrientes.\u00a0Assim, a arginina pode ser utilizada como um indicador de mobiliza\u00e7\u00e3o de N das prote\u00ednas de reserva dos cotil\u00e9dones em pl\u00e2ntulas e da remobiliza\u00e7\u00e3o da reserva vegetativa em indiv\u00edduos jovens e adultos durante a transi\u00e7\u00e3o das esta\u00e7\u00f5es inverno-primavera. Os resultados indicam que os processos de estabelecimento da pl\u00e2ntula e o crescimento sazonal de indiv\u00edduos adultos s\u00e3o muito similares, sugerindo que a pl\u00e2ntula pode ser considerada equivalente ao novo ramo produzido na esta\u00e7\u00e3o de crescimento. Deste modo, o processo b\u00e1sico de desenvolvimento apresenta um padr\u00e3o modular e indica que a planta adulta pode ser entendida como um conjunto de m\u00f3dulos estruturais, caracterizando uma metapopula\u00e7\u00e3o composta por elementos estruturais similares a estrutura da pl\u00e2ntula.<\/p>\n<div id=\"attachment_1220\" style=\"width: 195px\" class=\"wp-caption aligncenter\"><a href=\"https:\/\/smastr16.blob.core.windows.net\/pgibt\/2013\/09\/marina3.jpg\"><img aria-describedby=\"caption-attachment-1220\" decoding=\"async\" loading=\"lazy\" class=\"size-full wp-image-1220\" alt=\"\u00c1rvore Jatoba (adulta)\" src=\"https:\/\/smastr16.blob.core.windows.net\/pgibt\/2013\/09\/marina3.jpg\" width=\"185\" height=\"247\" \/><\/a><p id=\"caption-attachment-1220\" class=\"wp-caption-text\">\u00c1rvore Jatoba (adulta)<\/p><\/div>\n<hr align=\"center\" noshade=\"noshade\" size=\"1\" width=\"100%\" \/>\n<p style=\"text-align: center\"><a href=\"https:\/\/smastr16.blob.core.windows.net\/pgibt\/2013\/09\/pdf_grande.gif\"><img decoding=\"async\" loading=\"lazy\" class=\"aligncenter size-full wp-image-2313\" style=\"border: 0px\" alt=\"pdf_grande\" src=\"https:\/\/smastr16.blob.core.windows.net\/pgibt\/2013\/09\/pdf_grande.gif\" width=\"60\" height=\"60\" \/><\/a><br \/>\n<a href=\"https:\/\/smastr16.blob.core.windows.net\/pgibt\/2013\/09\/Marina_Camara_Mattos_Martins_MS.pdf\" target=\"_blank\">Marina C\u00e2mara Mattos Martins<br \/>\n&#8220;Ecofisiologia do uso de reservas de carbono e nitrog\u00eanio ao longo do ciclo de vida de<br \/>\n<em>Hymenaea courbaril var. stilbocarpa (Heyne) Lee &amp; Lang. (Leguminosae, Caesalpinioideae)<\/em>&#8220;<\/a><\/p>\n<hr align=\"center\" noshade=\"noshade\" size=\"1\" width=\"100%\" \/>\n<p style=\"text-align: center\"><strong>\u00a0<a href=\"https:\/\/www.infraestruturameioambiente.sp.gov.br\/pgibt\/dissertacoesteses\/\">VOLTAR AS DISSERTA\u00c7\u00d5ES E TESES<\/a><\/strong><\/p>\n<hr align=\"center\" noshade=\"noshade\" size=\"1\" width=\"100%\" \/>\n","protected":false},"excerpt":{"rendered":"<p>Marina C\u00e2mara Mattos Martins A aluna Marina C\u00e2mara Mattos Martins defendeu sua disserta\u00e7\u00e3o de Mestrado intitulada &#8220;Ecofisiologia do uso de reservas de carbono e nitrog\u00eanio ao longo do ciclo de vida de\u00a0Hymenaea courbaril var. stilbocarpa (Heyne) Lee &amp; Lang. (Leguminosae, Caesalpinioideae)&#8221; no dia 29 de janeiro de 2007, no anfiteatro do Instituto de Bot\u00e2nica. A [&hellip;]<\/p>\n","protected":false},"author":1,"featured_media":0,"parent":249,"menu_order":0,"comment_status":"closed","ping_status":"closed","template":"fullpage.php","meta":[],"_links":{"self":[{"href":"https:\/\/www.infraestruturameioambiente.sp.gov.br\/pgibt\/wp-json\/wp\/v2\/pages\/1218"}],"collection":[{"href":"https:\/\/www.infraestruturameioambiente.sp.gov.br\/pgibt\/wp-json\/wp\/v2\/pages"}],"about":[{"href":"https:\/\/www.infraestruturameioambiente.sp.gov.br\/pgibt\/wp-json\/wp\/v2\/types\/page"}],"author":[{"embeddable":true,"href":"https:\/\/www.infraestruturameioambiente.sp.gov.br\/pgibt\/wp-json\/wp\/v2\/users\/1"}],"replies":[{"embeddable":true,"href":"https:\/\/www.infraestruturameioambiente.sp.gov.br\/pgibt\/wp-json\/wp\/v2\/comments?post=1218"}],"version-history":[{"count":0,"href":"https:\/\/www.infraestruturameioambiente.sp.gov.br\/pgibt\/wp-json\/wp\/v2\/pages\/1218\/revisions"}],"up":[{"embeddable":true,"href":"https:\/\/www.infraestruturameioambiente.sp.gov.br\/pgibt\/wp-json\/wp\/v2\/pages\/249"}],"wp:attachment":[{"href":"https:\/\/www.infraestruturameioambiente.sp.gov.br\/pgibt\/wp-json\/wp\/v2\/media?parent=1218"}],"curies":[{"name":"wp","href":"https:\/\/api.w.org\/{rel}","templated":true}]}}