{"id":1205,"date":"2013-09-19T15:13:27","date_gmt":"2013-09-19T18:13:27","guid":{"rendered":"https:\/\/www.infraestruturameioambiente.sp.gov.br\/pgibt\/?page_id=1205"},"modified":"2013-09-19T15:13:27","modified_gmt":"2013-09-19T18:13:27","slug":"2007-maria-luiza-de-miranda","status":"publish","type":"page","link":"https:\/\/www.infraestruturameioambiente.sp.gov.br\/pgibt\/dissertacoesteses\/2007-maria-luiza-de-miranda\/","title":{"rendered":"Maria Luiza de Miranda MS"},"content":{"rendered":"<h2 style=\"text-align: center\"><a href=\"https:\/\/smastr16.blob.core.windows.net\/pgibt\/2015\/02\/faixapos6.jpg\"><img decoding=\"async\" loading=\"lazy\" class=\"aligncenter size-full wp-image-3777\" style=\"border: 0px\" alt=\"faixapos6\" src=\"https:\/\/smastr16.blob.core.windows.net\/pgibt\/2015\/02\/faixapos6.jpg\" width=\"950\" height=\"163\" srcset=\"https:\/\/smastr16.blob.core.windows.net\/pgibt\/2015\/02\/faixapos6.jpg 950w, https:\/\/smastr16.blob.core.windows.net\/pgibt\/2015\/02\/faixapos6-768x131.jpg 768w\" sizes=\"(max-width: 950px) 100vw, 950px\" \/><\/a><\/h2>\n<hr align=\"center\" noshade=\"noshade\" size=\"1\" width=\"100%\" \/>\n<h2 style=\"text-align: center\"><span style=\"color: #003300\">Maria Luiza de Miranda<\/span><\/h2>\n<hr align=\"center\" noshade=\"noshade\" size=\"1\" width=\"100%\" \/>\n<p style=\"text-align: center\">Maria Luiza de Miranda, aluna do Programa de P\u00f3s-Gradua\u00e7\u00e3o em Biodiversidade Vegetal e Meio Ambiente, defendeu, no dia 20 de junho de 2007, sua disserta\u00e7\u00e3o de mestrado intitulada<br \/>\n&#8220;Diversidade de Oomycota do Parque Estadual da Serra da Cantareira, estado de S\u00e3o Paulo&#8221;.<\/p>\n<p style=\"text-align: center\">A banca examinadora foi composta por sua orientadora, Dra Carmen Lidia Amorim Pires Zottarelli (IBt-SP),<br \/>\npelo Dr Adauto Ivo Milanez (IBt-SP) e pela Dra Christiane Ceriane Aparecido (Instituto Biol\u00f3gico de S\u00e3o Paulo).<\/p>\n<p style=\"text-align: center\"><a href=\"https:\/\/smastr16.blob.core.windows.net\/pgibt\/2013\/09\/marialuiza1.jpg\"><img decoding=\"async\" loading=\"lazy\" alt=\"Defesa de Maria Luiza Miranda\" src=\"https:\/\/smastr16.blob.core.windows.net\/pgibt\/2013\/09\/marialuiza1.jpg\" width=\"246\" height=\"186\" \/><\/a><\/p>\n<p style=\"text-align: center\">Defesa de Maria Luiza Miranda<\/p>\n<hr align=\"center\" noshade=\"noshade\" size=\"1\" width=\"100%\" \/>\n<h3 style=\"text-align: center\">Diversidade de Oomycota do Parque Estadual da Serra da Cantareira,\u00a0estado de S\u00e3o Paulo<\/h3>\n<hr align=\"center\" noshade=\"noshade\" size=\"1\" width=\"100%\" \/>\n<h4 style=\"text-align: center\"><strong>RESUMO<\/strong><\/h4>\n<p style=\"text-align: justify\">O objetivo deste estudo foi conhecer a diversidade de Oomycota de \u00e1gua e solo do Parque Estadual da Serra da Cantareira, ampliar o conhecimento da distribui\u00e7\u00e3o da micota zoosp\u00f3rica do estado de S\u00e3o Paulo, com \u00eanfase em Mata Atl\u00e2ntica e, obter novas linhagens de\u00a0<em>oomicetos<\/em>\u00a0para a Cole\u00e7\u00e3o de Culturas de Fungos do Instituto de Bot\u00e2nica de S\u00e3o Paulo, para futuros estudos de bioprospec\u00e7\u00e3o. Para o isolamento dos fungos, foram utilizadas duas t\u00e9cnicas, na primeira, as amostras de \u00e1gua e solo foram iscadas com substratos celul\u00f3sicos, quitinosos e queratinosos em laborat\u00f3rio, e na segunda foi realizado a iscagem em campo, por meio da submers\u00e3o de frutos de Malus sp.\u00a0Foram identificados 31 t\u00e1xons de\u00a0<em>oomicetos<\/em>, 29 ao n\u00edvel espec\u00edfico e 2 ao n\u00edvel de g\u00eanero, com o aux\u00edlio da literatura espec\u00edfica e descritos, comentados, ilustrados atrav\u00e9s de c\u00e2mara clara acoplada ao microsc\u00f3pio e fotografados atrav\u00e9s de um analisador de imagens. Nenhum, dentre os t\u00e1xons, \u00e9 primeira cita\u00e7\u00e3o para o Brasil, por\u00e9m se mostraram similares a outros isolados em \u00e1reas da Mata Atl\u00e2ntica, sendo que o relato dos mesmos amplia o conhecimento do grupo no Brasil, em especial para \u00e1reas de Mata Atl\u00e2ntica e, para o Parque Estadual da Serra da Cantareira, onde todos os relatos s\u00e3o novos e apontam para a necessidade da cont\u00ednua preserva\u00e7\u00e3o deste bioma brasileiro.<\/p>\n\n<hr align=\"center\" noshade=\"noshade\" size=\"1\" width=\"100%\" \/>\n<p style=\"text-align: center\"><a href=\"https:\/\/smastr16.blob.core.windows.net\/pgibt\/2013\/09\/pdf_grande.gif\"><img decoding=\"async\" loading=\"lazy\" class=\"aligncenter size-full wp-image-2313\" style=\"border: 0px\" alt=\"pdf_grande\" src=\"https:\/\/smastr16.blob.core.windows.net\/pgibt\/2013\/09\/pdf_grande.gif\" width=\"60\" height=\"60\" \/><\/a><a href=\"https:\/\/smastr16.blob.core.windows.net\/pgibt\/2013\/09\/Maria_Luiza_de_Miranda_MS.pdf\" target=\"_blank\">Maria Luiza de Miranda<br \/>\nDiversidade de\u00a0<em>Oomycota<\/em>\u00a0do Parque Estadual da Serra da Cantareira, estado de S\u00e3o Paulo<\/a><\/p>\n<hr align=\"center\" noshade=\"noshade\" size=\"1\" width=\"100%\" \/>\n<p style=\"text-align: center\"><strong>\u00a0<a href=\"https:\/\/www.infraestruturameioambiente.sp.gov.br\/pgibt\/dissertacoesteses\/\">VOLTAR AS DISSERTA\u00c7\u00d5ES E TESES<\/a><\/strong><\/p>\n<hr align=\"center\" noshade=\"noshade\" size=\"1\" width=\"100%\" \/>\n","protected":false},"excerpt":{"rendered":"<p>Maria Luiza de Miranda Maria Luiza de Miranda, aluna do Programa de P\u00f3s-Gradua\u00e7\u00e3o em Biodiversidade Vegetal e Meio Ambiente, defendeu, no dia 20 de junho de 2007, sua disserta\u00e7\u00e3o de mestrado intitulada &#8220;Diversidade de Oomycota do Parque Estadual da Serra da Cantareira, estado de S\u00e3o Paulo&#8221;. A banca examinadora foi composta por sua orientadora, Dra [&hellip;]<\/p>\n","protected":false},"author":1,"featured_media":0,"parent":249,"menu_order":0,"comment_status":"closed","ping_status":"closed","template":"fullpage.php","meta":[],"_links":{"self":[{"href":"https:\/\/www.infraestruturameioambiente.sp.gov.br\/pgibt\/wp-json\/wp\/v2\/pages\/1205"}],"collection":[{"href":"https:\/\/www.infraestruturameioambiente.sp.gov.br\/pgibt\/wp-json\/wp\/v2\/pages"}],"about":[{"href":"https:\/\/www.infraestruturameioambiente.sp.gov.br\/pgibt\/wp-json\/wp\/v2\/types\/page"}],"author":[{"embeddable":true,"href":"https:\/\/www.infraestruturameioambiente.sp.gov.br\/pgibt\/wp-json\/wp\/v2\/users\/1"}],"replies":[{"embeddable":true,"href":"https:\/\/www.infraestruturameioambiente.sp.gov.br\/pgibt\/wp-json\/wp\/v2\/comments?post=1205"}],"version-history":[{"count":0,"href":"https:\/\/www.infraestruturameioambiente.sp.gov.br\/pgibt\/wp-json\/wp\/v2\/pages\/1205\/revisions"}],"up":[{"embeddable":true,"href":"https:\/\/www.infraestruturameioambiente.sp.gov.br\/pgibt\/wp-json\/wp\/v2\/pages\/249"}],"wp:attachment":[{"href":"https:\/\/www.infraestruturameioambiente.sp.gov.br\/pgibt\/wp-json\/wp\/v2\/media?parent=1205"}],"curies":[{"name":"wp","href":"https:\/\/api.w.org\/{rel}","templated":true}]}}