{"id":1204,"date":"2013-09-19T15:04:53","date_gmt":"2013-09-19T18:04:53","guid":{"rendered":"https:\/\/www.infraestruturameioambiente.sp.gov.br\/pgibt\/?page_id=1204"},"modified":"2013-09-19T15:04:53","modified_gmt":"2013-09-19T18:04:53","slug":"2010-gisele-de-oliveira-silva","status":"publish","type":"page","link":"https:\/\/www.infraestruturameioambiente.sp.gov.br\/pgibt\/dissertacoesteses\/2010-gisele-de-oliveira-silva\/","title":{"rendered":"Gisele de Oliveira Silva MS"},"content":{"rendered":"<h2 style=\"text-align: center\"><a href=\"https:\/\/smastr16.blob.core.windows.net\/pgibt\/2015\/02\/faixapos6.jpg\"><img decoding=\"async\" loading=\"lazy\" class=\"aligncenter size-full wp-image-3777\" style=\"border: 0px\" alt=\"faixapos6\" src=\"https:\/\/smastr16.blob.core.windows.net\/pgibt\/2015\/02\/faixapos6.jpg\" width=\"950\" height=\"163\" srcset=\"https:\/\/smastr16.blob.core.windows.net\/pgibt\/2015\/02\/faixapos6.jpg 950w, https:\/\/smastr16.blob.core.windows.net\/pgibt\/2015\/02\/faixapos6-768x131.jpg 768w\" sizes=\"(max-width: 950px) 100vw, 950px\" \/><\/a><\/h2>\n<hr align=\"center\" noshade=\"noshade\" size=\"1\" width=\"100%\" \/>\n<h2 style=\"text-align: center\"><span style=\"color: #003300\">Gisele de Oliveira Silva<\/span><\/h2>\n<hr align=\"center\" noshade=\"noshade\" size=\"1\" width=\"100%\" \/>\n<p style=\"text-align: center\">Em 25 de maio de 2010, a aluna Gisele de Oliveira Silva do Programa de P\u00f3s Gradua\u00e7\u00e3o em Biodiversidade Vegetal e Meio Ambiente<br \/>\ndefendeu sua disserta\u00e7\u00e3o de Mestrado intitulada<br \/>\n\u201cFlora de Mucug\u00ea, Bahia, Brasil: Xyridaceae\u201d.<\/p>\n<div id=\"attachment_1208\" style=\"width: 271px\" class=\"wp-caption aligncenter\"><a href=\"https:\/\/smastr16.blob.core.windows.net\/pgibt\/2013\/09\/gisele1.jpg\"><img aria-describedby=\"caption-attachment-1208\" decoding=\"async\" loading=\"lazy\" class=\"size-full wp-image-1208\" alt=\"A banca examinadora foi composta por sua orientadora , Dra. Maria das Gra\u00e7as Lapa Wanderley (IBt),  Dr. Paulo Takeo Sano (USP) e Dr. Fabio de Barros (IBt).  \" src=\"https:\/\/smastr16.blob.core.windows.net\/pgibt\/2013\/09\/gisele1.jpg\" width=\"261\" height=\"188\" \/><\/a><p id=\"caption-attachment-1208\" class=\"wp-caption-text\">A banca examinadora foi composta por sua orientadora , Dra. Maria das Gra\u00e7as Lapa Wanderley (IBt),Dr. Paulo Takeo Sano (USP) e Dr. Fabio de Barros (IBt).<\/p><\/div>\n<hr align=\"center\" noshade=\"noshade\" size=\"1\" width=\"100%\" \/>\n<h3 style=\"text-align: center\">Flora de Mucug\u00ea, Bahia, Brasil: Xyridaceae<\/h3>\n<hr align=\"center\" noshade=\"noshade\" size=\"1\" width=\"100%\" \/>\n<h4 style=\"text-align: center\"><strong>RESUMO<\/strong><\/h4>\n<p>A monografia das Xyridaceae do munic\u00edpio de Mucug\u00ea foi baseada em estudos de campo e cole\u00e7\u00f5es de herb\u00e1rio. S\u00e3o reconhecidas para a regi\u00e3o 19 esp\u00e9cies de Xyris, sendo cinco end\u00eamicas da Chapada Diamantina. Este trabalho \u00e9 parte do Projeto \u201cFlora da Bahia\u201d, e inclui descri\u00e7\u00f5es, ilustra\u00e7\u00f5es, chaves de identifica\u00e7\u00e3o e dados de localiza\u00e7\u00e3o geogr\u00e1fica dos t\u00e1xons, bem como coment\u00e1rios taxon\u00f4micos. O estudo sob MEV (microscopia eletr\u00f4nica de varredura) conta com a an\u00e1lise da ornamenta\u00e7\u00e3o da superf\u00edcie foliar e testa da semente de 10 esp\u00e9cies, contribuindo para a taxonomia do g\u00eanero Xyris, fornecendo novos caracteres morfol\u00f3gicos da superf\u00edcie foliar e da testa da semente.<\/p>\n<p><strong>Palavras-chave:<\/strong>\u00a0Xyris; Campo Rupestre; Chapada Diamantina; MEV.<\/p>\n<hr align=\"center\" noshade=\"noshade\" size=\"1\" width=\"100%\" \/>\n<p style=\"text-align: center\"><a href=\"https:\/\/smastr16.blob.core.windows.net\/pgibt\/2013\/09\/pdf_grande.gif\"><img decoding=\"async\" loading=\"lazy\" class=\"aligncenter size-full wp-image-2313\" style=\"border: 0px\" alt=\"pdf_grande\" src=\"https:\/\/smastr16.blob.core.windows.net\/pgibt\/2013\/09\/pdf_grande.gif\" width=\"60\" height=\"60\" \/><\/a><a href=\"https:\/\/smastr16.blob.core.windows.net\/pgibt\/2013\/09\/Gisele_Oliveira_MS.pdf\" target=\"_blank\">Gisele de Oliveira Silva<br \/>\nFlora de Mucug\u00ea, Bahia, Brasil: Xyridaceae<\/a><\/p>\n<hr align=\"center\" noshade=\"noshade\" size=\"1\" width=\"100%\" \/>\n<p style=\"text-align: center\"><strong>\u00a0<a href=\"https:\/\/www.infraestruturameioambiente.sp.gov.br\/pgibt\/dissertacoesteses\/\">VOLTAR AS DISSERTA\u00c7\u00d5ES E TESES<\/a><\/strong><\/p>\n<hr align=\"center\" noshade=\"noshade\" size=\"1\" width=\"100%\" \/>\n","protected":false},"excerpt":{"rendered":"<p>Gisele de Oliveira Silva Em 25 de maio de 2010, a aluna Gisele de Oliveira Silva do Programa de P\u00f3s Gradua\u00e7\u00e3o em Biodiversidade Vegetal e Meio Ambiente defendeu sua disserta\u00e7\u00e3o de Mestrado intitulada \u201cFlora de Mucug\u00ea, Bahia, Brasil: Xyridaceae\u201d. Flora de Mucug\u00ea, Bahia, Brasil: Xyridaceae RESUMO A monografia das Xyridaceae do munic\u00edpio de Mucug\u00ea foi [&hellip;]<\/p>\n","protected":false},"author":1,"featured_media":0,"parent":249,"menu_order":0,"comment_status":"closed","ping_status":"closed","template":"fullpage.php","meta":[],"_links":{"self":[{"href":"https:\/\/www.infraestruturameioambiente.sp.gov.br\/pgibt\/wp-json\/wp\/v2\/pages\/1204"}],"collection":[{"href":"https:\/\/www.infraestruturameioambiente.sp.gov.br\/pgibt\/wp-json\/wp\/v2\/pages"}],"about":[{"href":"https:\/\/www.infraestruturameioambiente.sp.gov.br\/pgibt\/wp-json\/wp\/v2\/types\/page"}],"author":[{"embeddable":true,"href":"https:\/\/www.infraestruturameioambiente.sp.gov.br\/pgibt\/wp-json\/wp\/v2\/users\/1"}],"replies":[{"embeddable":true,"href":"https:\/\/www.infraestruturameioambiente.sp.gov.br\/pgibt\/wp-json\/wp\/v2\/comments?post=1204"}],"version-history":[{"count":0,"href":"https:\/\/www.infraestruturameioambiente.sp.gov.br\/pgibt\/wp-json\/wp\/v2\/pages\/1204\/revisions"}],"up":[{"embeddable":true,"href":"https:\/\/www.infraestruturameioambiente.sp.gov.br\/pgibt\/wp-json\/wp\/v2\/pages\/249"}],"wp:attachment":[{"href":"https:\/\/www.infraestruturameioambiente.sp.gov.br\/pgibt\/wp-json\/wp\/v2\/media?parent=1204"}],"curies":[{"name":"wp","href":"https:\/\/api.w.org\/{rel}","templated":true}]}}