{"id":1189,"date":"2013-09-19T14:58:23","date_gmt":"2013-09-19T17:58:23","guid":{"rendered":"https:\/\/www.infraestruturameioambiente.sp.gov.br\/pgibt\/?page_id=1189"},"modified":"2013-09-19T14:58:23","modified_gmt":"2013-09-19T17:58:23","slug":"2010-fernanda-tresmondi","status":"publish","type":"page","link":"https:\/\/www.infraestruturameioambiente.sp.gov.br\/pgibt\/dissertacoesteses\/2010-fernanda-tresmondi\/","title":{"rendered":"Fernanda Tresmondi MS"},"content":{"rendered":"<h2 style=\"text-align: center\"><a href=\"https:\/\/smastr16.blob.core.windows.net\/pgibt\/2015\/02\/faixapos6.jpg\"><img decoding=\"async\" loading=\"lazy\" class=\"aligncenter size-full wp-image-3777\" style=\"border: 0px\" alt=\"faixapos6\" src=\"https:\/\/smastr16.blob.core.windows.net\/pgibt\/2015\/02\/faixapos6.jpg\" width=\"950\" height=\"163\" srcset=\"https:\/\/smastr16.blob.core.windows.net\/pgibt\/2015\/02\/faixapos6.jpg 950w, https:\/\/smastr16.blob.core.windows.net\/pgibt\/2015\/02\/faixapos6-768x131.jpg 768w\" sizes=\"(max-width: 950px) 100vw, 950px\" \/><\/a><\/h2>\n<hr align=\"center\" noshade=\"noshade\" size=\"1\" width=\"100%\" \/>\n<h2 style=\"text-align: center\"><span style=\"color: #003300\">Fernanda Tresmondi<\/span><\/h2>\n<hr align=\"center\" noshade=\"noshade\" size=\"1\" width=\"100%\" \/>\n<p style=\"text-align: center\">No dia 30 de mar\u00e7o de 2010, a aluna Fernanda Tresmondi do curso de P\u00f3s Gradua\u00e7\u00e3o em Biodiversidade Vegetal e Meio Ambiente,\u00a0defendeu sua disserta\u00e7\u00e3o intitulada\u00a0\u201cAn\u00e1lises estruturais e ultraestruturais em folhas de<em>\u00a0Psidium guajava<\/em>\u00a0\u2018Paluma\u2019 \u00a0expostas em ambiente contaminado por oz\u00f4nio\u201d.<\/p>\n<p style=\"text-align: center\">A banca examinadora composta pela Dra. Edenise Segala Alves (Orientadora e Presidente\/IBt),<br \/>\nDra. Silvia Rodrigues Machado (UNESP \u2013 Botucatu) e Dra. Cl\u00e1udia Maria Furlan (UFABC).<\/p>\n<hr align=\"center\" noshade=\"noshade\" size=\"1\" width=\"100%\" \/>\n<h3 style=\"text-align: center\"><strong>An\u00e1lises estruturais e ultraestruturais em folhas de\u00a0<em>Psidium guajava\u00a0<\/em>&#8216;Paluma&#8217;<br \/>\nexpostas em ambientes contaminado por oz\u00f4nio<\/strong><\/h3>\n<hr align=\"center\" noshade=\"noshade\" size=\"1\" width=\"100%\" \/>\n<h4 style=\"text-align: center\"><strong>RESUMO<\/strong><\/h4>\n<p style=\"text-align: justify\">A polui\u00e7\u00e3o nos grandes centros urbanos tem sido agravada pelo aumento da frota automotiva, gerando uma maior concentra\u00e7\u00e3o de poluentes de origens prim\u00e1ria, e conseq\u00fcentemente, secund\u00e1ria, como \u00e9 o caso do oz\u00f4nio (O<sub>3<\/sub>). Plantas s\u00e3o consideradas bioindicadoras quando apresentam especificidade na resposta a determinado poluente.\u00a0<em>Psidium guajava<\/em>\u00a0\u2018Paluma\u2019 vem sendo testada como bioindicadora de O<sub>3<\/sub>\u00a0e responde com a presen\u00e7a de manchas foliares vermelhas, entre as nervuras, na superf\u00edcie adaxial, decorrente do ac\u00famulo de antocianina. O presente estudo objetivou contribuir com informa\u00e7\u00f5es que permitam afirmar se a planta \u00e9 ou n\u00e3o indicada para o biomonitoramento do O<sub>3\u00a0<\/sub><em>in situ,\u00a0<\/em>com base em aspectos estruturais, ultraestruturais e histoqu\u00edmicos. Assim, avaliaram-se esses par\u00e2metros em plantas expostas no Parque Estadual das Fontes do Ipiranga (PEFI), \u00e1rea verde inserida na cidade de S\u00e3o Paulo, com presen\u00e7a de O<sub>3<\/sub>. Os resultados mostraram redu\u00e7\u00e3o na quantidade de cloroplastos, degenera\u00e7\u00e3o do conte\u00fado citoplasm\u00e1tico e grande aumento de compostos fen\u00f3licos, al\u00e9m de oclus\u00e3o de c\u00e2mara subestom\u00e1tica em folhas expostas no ambiente. A densidade estom\u00e1tica foi maior nas plantas expostas durante as esta\u00e7\u00f5es que tiveram maiores concentra\u00e7\u00f5es de O<sub>3<\/sub>. As an\u00e1lises com DAB mostraram correla\u00e7\u00e3o entre ac\u00famulo de H<sub>2<\/sub>O<sub>2<\/sub>\u00a0nas c\u00e9lulas epid\u00e9rmicas e concentra\u00e7\u00e3o de O<sub>3<\/sub>, quando esta foi mais alta. A localiza\u00e7\u00e3o e intensidade de antocianina, decorrente do aparecimento de sintomas vis\u00edveis, indicaram que este metab\u00f3lito secund\u00e1rio pode interferir positivamente na neutraliza\u00e7\u00e3o das esp\u00e9cies reativas de oxig\u00eanio, uma vez que possui propriedades antioxidantes. Em ultraestrutura, observaram-se altera\u00e7\u00f5es na parede celular, dilata\u00e7\u00e3o de cristas mitocondriais e tilac\u00f3ides, altera\u00e7\u00f5es nos gr\u00e3os de amido e plastogl\u00f3bulos e condensa\u00e7\u00e3o de cromatina. Todos esses sintomas s\u00e3o indicativos de senesc\u00eancia celular acelerada (ACS) e ocorreram em folhas mais velhas, o que indica que est\u00e3o relacionados ao fato dessas folhas possu\u00edrem menos defesas, facilitando a ocorr\u00eancia de ACS. Conclui-se que\u00a0<em>Psidium guajava<\/em>\u00a0\u2018Paluma\u2019 \u00e9 uma esp\u00e9cie bioindicadora tolerante ao O<sub>3<\/sub>\u00a0e pode ser aplicada em programas de biomonitoramento.<\/p>\n<p style=\"text-align: justify\"><strong>\u00a0Palavras-chave:<\/strong>\u00a0<em>Psidium guajava<\/em>\u00a0\u2018Paluma\u2019, estresse oxidativo, anatomia foliar, biomonitoramento.<\/p>\n<hr align=\"center\" noshade=\"noshade\" size=\"1\" width=\"100%\" \/>\n<p style=\"text-align: center\"><a href=\"https:\/\/smastr16.blob.core.windows.net\/pgibt\/2013\/09\/pdf_grande.gif\"><img decoding=\"async\" loading=\"lazy\" class=\"aligncenter size-full wp-image-2313\" style=\"border: 0px\" alt=\"pdf_grande\" src=\"https:\/\/smastr16.blob.core.windows.net\/pgibt\/2013\/09\/pdf_grande.gif\" width=\"60\" height=\"60\" \/><\/a><a href=\"https:\/\/smastr16.blob.core.windows.net\/pgibt\/2013\/09\/Fernanda_Tresmondi_MS.pdf\" target=\"_blank\">Fernanda Tresmondi<br \/>\nAn\u00e1lises estruturais e ultraestruturais em folhas de <em>Psidium guajava<\/em> &#8216;Paluma&#8217; expostas em ambientes com oz\u00f4nio<\/a><\/p>\n<hr align=\"center\" noshade=\"noshade\" size=\"1\" width=\"100%\" \/>\n<p style=\"text-align: center\"><strong>\u00a0<a href=\"https:\/\/www.infraestruturameioambiente.sp.gov.br\/pgibt\/dissertacoesteses\/\">VOLTAR AS DISSERTA\u00c7\u00d5ES E TESES<\/a><\/strong><\/p>\n<hr align=\"center\" noshade=\"noshade\" size=\"1\" width=\"100%\" \/>\n<h1 style=\"text-align: center\"><\/h1>\n<p>&nbsp;<\/p>\n<p>&nbsp;<\/p>\n","protected":false},"excerpt":{"rendered":"<p>Fernanda Tresmondi No dia 30 de mar\u00e7o de 2010, a aluna Fernanda Tresmondi do curso de P\u00f3s Gradua\u00e7\u00e3o em Biodiversidade Vegetal e Meio Ambiente,\u00a0defendeu sua disserta\u00e7\u00e3o intitulada\u00a0\u201cAn\u00e1lises estruturais e ultraestruturais em folhas de\u00a0Psidium guajava\u00a0\u2018Paluma\u2019 \u00a0expostas em ambiente contaminado por oz\u00f4nio\u201d. A banca examinadora composta pela Dra. Edenise Segala Alves (Orientadora e Presidente\/IBt), Dra. Silvia Rodrigues [&hellip;]<\/p>\n","protected":false},"author":1,"featured_media":0,"parent":249,"menu_order":0,"comment_status":"closed","ping_status":"closed","template":"fullpage.php","meta":[],"_links":{"self":[{"href":"https:\/\/www.infraestruturameioambiente.sp.gov.br\/pgibt\/wp-json\/wp\/v2\/pages\/1189"}],"collection":[{"href":"https:\/\/www.infraestruturameioambiente.sp.gov.br\/pgibt\/wp-json\/wp\/v2\/pages"}],"about":[{"href":"https:\/\/www.infraestruturameioambiente.sp.gov.br\/pgibt\/wp-json\/wp\/v2\/types\/page"}],"author":[{"embeddable":true,"href":"https:\/\/www.infraestruturameioambiente.sp.gov.br\/pgibt\/wp-json\/wp\/v2\/users\/1"}],"replies":[{"embeddable":true,"href":"https:\/\/www.infraestruturameioambiente.sp.gov.br\/pgibt\/wp-json\/wp\/v2\/comments?post=1189"}],"version-history":[{"count":0,"href":"https:\/\/www.infraestruturameioambiente.sp.gov.br\/pgibt\/wp-json\/wp\/v2\/pages\/1189\/revisions"}],"up":[{"embeddable":true,"href":"https:\/\/www.infraestruturameioambiente.sp.gov.br\/pgibt\/wp-json\/wp\/v2\/pages\/249"}],"wp:attachment":[{"href":"https:\/\/www.infraestruturameioambiente.sp.gov.br\/pgibt\/wp-json\/wp\/v2\/media?parent=1189"}],"curies":[{"name":"wp","href":"https:\/\/api.w.org\/{rel}","templated":true}]}}