{"id":1186,"date":"2013-09-19T14:56:15","date_gmt":"2013-09-19T17:56:15","guid":{"rendered":"https:\/\/www.infraestruturameioambiente.sp.gov.br\/pgibt\/?page_id=1186"},"modified":"2013-09-19T14:56:15","modified_gmt":"2013-09-19T17:56:15","slug":"2006-juliana-kiomi-rodrigues-hirata","status":"publish","type":"page","link":"https:\/\/www.infraestruturameioambiente.sp.gov.br\/pgibt\/dissertacoesteses\/2006-juliana-kiomi-rodrigues-hirata\/","title":{"rendered":"Juliana Kiomi Rodrigues Hirata MS"},"content":{"rendered":"<h2 style=\"text-align: center\"><a href=\"https:\/\/smastr16.blob.core.windows.net\/pgibt\/2015\/02\/faixapos6.jpg\"><img decoding=\"async\" loading=\"lazy\" class=\"aligncenter size-full wp-image-3777\" style=\"border: 0px\" alt=\"faixapos6\" src=\"https:\/\/smastr16.blob.core.windows.net\/pgibt\/2015\/02\/faixapos6.jpg\" width=\"950\" height=\"163\" srcset=\"https:\/\/smastr16.blob.core.windows.net\/pgibt\/2015\/02\/faixapos6.jpg 950w, https:\/\/smastr16.blob.core.windows.net\/pgibt\/2015\/02\/faixapos6-768x131.jpg 768w\" sizes=\"(max-width: 950px) 100vw, 950px\" \/><\/a><\/h2>\n<hr align=\"center\" noshade=\"noshade\" size=\"1\" width=\"100%\" \/>\n<h2 style=\"text-align: center\"><span style=\"color: #003300\">Juliana Kiomi Rodrigues Hirata<\/span><\/h2>\n<hr align=\"center\" noshade=\"noshade\" size=\"1\" width=\"100%\" \/>\n<p style=\"text-align: center\">No dia 31 de julho de 2006 a aluna Juliana Kiomi Rodrigues Hirata do Programa de P\u00f3s-gradua\u00e7\u00e3o em Biodiversidade Vegetal e Meio Ambiente do Instituto de Bot\u00e2nica de S\u00e3o Paulo (IBt), defendeu sua disserta\u00e7\u00e3o de mestrado intitulada<br \/>\n&#8220;Flor\u00edstica e estrutura do componente arb\u00f3reo de trilhas no Parque Estadual das Fontes do Ipiranga, S\u00e3o Paulo, SP&#8221;.<\/p>\n<p style=\"text-align: center\">A banca examinadora foi composta por sua orientadora Dra. Maria Margarida da Rocha Fiuza de Melo (IBt), \u00a0Prof. Dr. Alexandre Francisco da Silva,<br \/>\nProf. Dr. Eduardo Pereira Cabral, Profa. Dra. Marie Sugiyama e Prof. Dr. S\u00e9rgio Romaniuc Neto.<\/p>\n<hr align=\"center\" noshade=\"noshade\" size=\"1\" width=\"100%\" \/>\n<h3 style=\"text-align: center\"><strong>Flor\u00edstica e estrutura do componente arb\u00f3reo de trilhas no<br \/>\nParque Estadual das Fontes do Ipiranga, S\u00e3o Paulo, SP<\/strong><\/h3>\n<hr align=\"center\" noshade=\"noshade\" size=\"1\" width=\"100%\" \/>\n<h4 style=\"text-align: center\"><strong>RESUMO<\/strong><\/h4>\n<p style=\"text-align: justify\">O Parque Estadual das Fontes do Ipiranga (PEFI) est\u00e1 situado na cidade de S\u00e3o Paulo, distante 10,2 km ao Sul e 0,8 km a Leste do centro (Pra\u00e7a da S\u00e9), nas coordenadas geogr\u00e1ficas 46\u00b038&#8217;00&#8243;W e 23\u00b038&#8217;08&#8243;S.\u00a0O PEFI ocupa uma \u00e1rea total de 526,38 ha, sendo 357 ha de Reserva Biol\u00f3gica (Melhem et al. 1981, Nastri etal. 1992). O restante \u00e9 ocupado por uma \u00e1rea altamente antropizada, na qual se encontram as instala\u00e7\u00f5es das seguintes institui\u00e7\u00f5es: Instituto de Bot\u00e2nica (incluindo o Jardim Bot\u00e2nico de S\u00e3o Paulo); Funda\u00e7\u00e3o Parque Zool\u00f3gico de S\u00e3o Paulo e Zoo Saf\u00e1ri; Secretaria da Agricultura e Abastecimento do Estado; Parque de Ci\u00eancia e Tecnologia; Instituto de Astronomia Geof\u00edsica e Ci\u00eancias Atmosf\u00e9ricas (parcialmente transferido para a Cidade Universit\u00e1ria &#8220;Armando Salles de Oliveira&#8221;, da Universidade de S\u00e3o Paulo); Hospital Psiqui\u00e1trico; 3\u00b0 Batalh\u00e3o da Pol\u00edcia Militar; 97\u00b0 Departamento de Pol\u00edcia Civil; Parque de Exposi\u00e7\u00f5es Imigrantes e Centro de Log\u00edstica de Exporta\u00e7\u00e3o (Reis 1998; Rocha 1999; Bicudo et al. 2002).O PEFI \u00e9 uma Unidade de Conserva\u00e7\u00e3o administrada pelo Instituto de Bot\u00e2nica, pertencente \u00e0 Secretaria Estadual do Meio Ambiente do Estado de S\u00e3o Paulo, estando totalmente inserida no n\u00facleo urbano da cidade de S\u00e3o Paulo. Por possuir um ambiente antr\u00f3pico (\u00e1reas administrativas das institui\u00e7\u00f5es) e natural (representado principalmente pela Reserva Biol\u00f3gica das Fontes do Ipiranga), o PEFI possui um elo considerado muito importante pelos cientistas ambientalistas e estudiosos de meio ambiente: a conviv\u00eancia de ambiente alterado e natural.Trata-se de uma Unidade de Conserva\u00e7\u00e3o que exerce papel importante na qualidade de vida dos habitantes da cidade, e possivelmente, um dos \u00faltimos corredores de liga\u00e7\u00e3o dos remanescentes do sul e do interior do Estado de S\u00e3o Paulo. Sua import\u00e2ncia \u00e9 hist\u00f3rica na conserva\u00e7\u00e3o de mananciais e de esp\u00e9cies nativas (Hoehne et al. 1941), al\u00e9m da reconhecida atua\u00e7\u00e3o na regula\u00e7\u00e3o do microclima regional (S\u00e3o Paulo 1999).<\/p>\n<p><a href=\"https:\/\/smastr16.blob.core.windows.net\/pgibt\/2013\/09\/juliana1.jpg\"><img decoding=\"async\" loading=\"lazy\" class=\"aligncenter\" alt=\"juliana1\" src=\"https:\/\/smastr16.blob.core.windows.net\/pgibt\/2013\/09\/juliana1.jpg\" width=\"238\" height=\"359\" \/><\/a><\/p>\n<hr align=\"center\" noshade=\"noshade\" size=\"1\" width=\"100%\" \/>\n<p style=\"text-align: center\"><a href=\"https:\/\/smastr16.blob.core.windows.net\/pgibt\/2013\/09\/pdf_grande.gif\"><img decoding=\"async\" loading=\"lazy\" class=\"aligncenter size-full wp-image-2313\" style=\"border: 0px\" alt=\"pdf_grande\" src=\"https:\/\/smastr16.blob.core.windows.net\/pgibt\/2013\/09\/pdf_grande.gif\" width=\"60\" height=\"60\" \/><\/a><a href=\"https:\/\/smastr16.blob.core.windows.net\/pgibt\/2013\/09\/Juliana_Kiomi_Rodrigues_Hirata_MS.pdf\" target=\"_blank\">Juliana Kiomi Rodrigues Hirata<br \/>\nFlor\u00edstica e estrutura do componente arb\u00f3reo de trilhas no Parque Estadual das Fontes do Ipiranga, S\u00e3o Paulo, SP<\/a><\/p>\n<hr align=\"center\" noshade=\"noshade\" size=\"1\" width=\"100%\" \/>\n<p style=\"text-align: center\"><strong>\u00a0<a href=\"https:\/\/www.infraestruturameioambiente.sp.gov.br\/pgibt\/dissertacoesteses\/\">VOLTAR AS DISSERTA\u00c7\u00d5ES E TESES<\/a><\/strong><\/p>\n<hr align=\"center\" noshade=\"noshade\" size=\"1\" width=\"100%\" \/>\n<h1 style=\"text-align: center\"><\/h1>\n","protected":false},"excerpt":{"rendered":"<p>Juliana Kiomi Rodrigues Hirata No dia 31 de julho de 2006 a aluna Juliana Kiomi Rodrigues Hirata do Programa de P\u00f3s-gradua\u00e7\u00e3o em Biodiversidade Vegetal e Meio Ambiente do Instituto de Bot\u00e2nica de S\u00e3o Paulo (IBt), defendeu sua disserta\u00e7\u00e3o de mestrado intitulada &#8220;Flor\u00edstica e estrutura do componente arb\u00f3reo de trilhas no Parque Estadual das Fontes do [&hellip;]<\/p>\n","protected":false},"author":1,"featured_media":0,"parent":249,"menu_order":0,"comment_status":"closed","ping_status":"closed","template":"fullpage.php","meta":[],"_links":{"self":[{"href":"https:\/\/www.infraestruturameioambiente.sp.gov.br\/pgibt\/wp-json\/wp\/v2\/pages\/1186"}],"collection":[{"href":"https:\/\/www.infraestruturameioambiente.sp.gov.br\/pgibt\/wp-json\/wp\/v2\/pages"}],"about":[{"href":"https:\/\/www.infraestruturameioambiente.sp.gov.br\/pgibt\/wp-json\/wp\/v2\/types\/page"}],"author":[{"embeddable":true,"href":"https:\/\/www.infraestruturameioambiente.sp.gov.br\/pgibt\/wp-json\/wp\/v2\/users\/1"}],"replies":[{"embeddable":true,"href":"https:\/\/www.infraestruturameioambiente.sp.gov.br\/pgibt\/wp-json\/wp\/v2\/comments?post=1186"}],"version-history":[{"count":0,"href":"https:\/\/www.infraestruturameioambiente.sp.gov.br\/pgibt\/wp-json\/wp\/v2\/pages\/1186\/revisions"}],"up":[{"embeddable":true,"href":"https:\/\/www.infraestruturameioambiente.sp.gov.br\/pgibt\/wp-json\/wp\/v2\/pages\/249"}],"wp:attachment":[{"href":"https:\/\/www.infraestruturameioambiente.sp.gov.br\/pgibt\/wp-json\/wp\/v2\/media?parent=1186"}],"curies":[{"name":"wp","href":"https:\/\/api.w.org\/{rel}","templated":true}]}}