{"id":1173,"date":"2013-09-19T14:38:58","date_gmt":"2013-09-19T17:38:58","guid":{"rendered":"https:\/\/www.infraestruturameioambiente.sp.gov.br\/pgibt\/?page_id=1173"},"modified":"2013-09-19T14:38:58","modified_gmt":"2013-09-19T17:38:58","slug":"2007-lilian-mos-blois-crispino","status":"publish","type":"page","link":"https:\/\/www.infraestruturameioambiente.sp.gov.br\/pgibt\/dissertacoesteses\/2007-lilian-mos-blois-crispino\/","title":{"rendered":"Lilian Mos Blois Crispino DR"},"content":{"rendered":"<h2 style=\"text-align: center\"><a href=\"https:\/\/smastr16.blob.core.windows.net\/pgibt\/2015\/02\/faixapos6.jpg\"><img decoding=\"async\" loading=\"lazy\" class=\"aligncenter size-full wp-image-3777\" style=\"border: 0px\" alt=\"faixapos6\" src=\"https:\/\/smastr16.blob.core.windows.net\/pgibt\/2015\/02\/faixapos6.jpg\" width=\"950\" height=\"163\" srcset=\"https:\/\/smastr16.blob.core.windows.net\/pgibt\/2015\/02\/faixapos6.jpg 950w, https:\/\/smastr16.blob.core.windows.net\/pgibt\/2015\/02\/faixapos6-768x131.jpg 768w\" sizes=\"(max-width: 950px) 100vw, 950px\" \/><\/a><\/h2>\n<hr align=\"center\" noshade=\"noshade\" size=\"1\" width=\"100%\" \/>\n<h2 style=\"text-align: center\"><span style=\"color: #003300\">Lilian Mos Blois Crispino<\/span><\/h2>\n<hr align=\"center\" noshade=\"noshade\" size=\"1\" width=\"100%\" \/>\n<p style=\"text-align: center\">Lilian Mos Blois Crispino, aluna do curso de P\u00f3s-Gradua\u00e7\u00e3o em Biodiversidade Vegetal e Meio Ambiente do Instituto de Bot\u00e2nica,\u00a0sob orienta\u00e7\u00e3o da Dra. C\u00e9lia Leite Sant&#8217;Anna (IBt), defendeu em 11 de setembro de 2007, sua tese de Doutorado intitulada<br \/>\n&#8220;Cianobact\u00e9rias marinhas bent\u00f4nicas do litoral do Estado de S\u00e3o Paulo&#8221;.<\/p>\n<p style=\"text-align: center\">Na banca examinadora estavam presentes: Dra. Estela Maria Plastino (IBT-USP), Dra. Mutue Toyota Fujii (Instituto de Bot\u00e2nica-SMA\/SP),<br \/>\nDr. Luis Henrique Zanini Branco (IBILCE-UNESP Rio Preto), Dra. Andr\u00e9a Tucci (Instituto de Bot\u00e2nica-SMA\/SP)<br \/>\ne\u00a0Dra. C\u00e9lia Leite Sant&#8217;Anna (Instituto de Bot\u00e2nica-SMA\/SP).<\/p>\n<hr align=\"center\" noshade=\"noshade\" size=\"1\" width=\"100%\" \/>\n<h3 style=\"text-align: center\">Cianobact\u00e9rias marinhas bent\u00f4nicas do litoral do Estado de S\u00e3o Paulo<\/h3>\n<hr align=\"center\" noshade=\"noshade\" size=\"1\" width=\"100%\" \/>\n<h4 style=\"text-align: center\"><strong>RESUMO<\/strong><\/h4>\n<p style=\"text-align: justify\">O grupo das cianobact\u00e9rias marinhas bent\u00f4nicas vem sendo freq\u00fcentemente exclu\u00eddo dos levantamentos taxon\u00f4micos da costa brasileira, com exce\u00e7\u00e3o de alguns trabalhos para o litoral paulista. O objetivo deste estudo consiste em ampliar o conhecimento da riqueza das cianobact\u00e9rias marinhas bent\u00f4nicas do litoral paulista. Os resultados obtidos mostram a ocorr\u00eancia de 65 esp\u00e9cies de cianobact\u00e9rias no litoral paulista. A ordem\u00a0<em>Oscillatoriales<\/em>\u00a0foi representada por 28 esp\u00e9cies (43%),\u00a0<em>Chroococcales<\/em>\u00a0por 23 esp\u00e9cies (35%),\u00a0<em>Nostocales<\/em>\u00a0por 12 esp\u00e9cies (19%) e\u00a0<em>Stigonematales<\/em>\u00a0por 2 esp\u00e9cies (3%). Entre as esp\u00e9cies identificadas, 13 (23%) s\u00e3o novas ocorr\u00eancias para o litoral Atl\u00e2ntico Sul:\u00a0<em>Asterocapsa<\/em>\u00a0divina\u00a0<em>Kom\u00e1rek<\/em>,<em>\u00a0Cyanodermatium gonzaliensis H. Leon-Tejera et al., Pleurocapsa crepidinum Collins, Aphanocapsa reinboldii (Richter) Kom\u00e1rek &amp; Anagnostidis, Gloeocapsa deusta (Meneghini) Kutzing, Chroococcidiopsis fissurarum (Ercegovic) Kom\u00e1rek &amp; Anagnostidis, Myxosarcina gloeocapsoides (Setchell &amp; Gardner) Kom\u00e1rek &amp; Anagnostidis, Xenococcus pallidus (Hansgirg) Kom\u00e1rek &amp; Anagnostidis, Ammatoidea murmanica Petrov, Microchaete aeruginea Batters, Hydrocorine spongiosa Bornet &amp; Flahault, Nostoc entophytum Bornet Flahault<\/em>\u00a0e\u00a0<em>Dichothrix<\/em>\u00a0minima\u00a0<em>Setchell &amp; Gardner. Rivularia atra Roth<\/em>\u00a0\u00e9 nova ocorr\u00eancia para o litoral brasileiro. Duas esp\u00e9cies s\u00e3o novas ocorr\u00eancias para o litoral Estado de S\u00e3o Paulo:\u00a0<em>Blennothrix glutinosa Gomont (Anagnostidis &amp; Kom\u00e1rek)<\/em>\u00a0e\u00a0<em>Leptolyngbya marina (Gardner) Anagnostidis<\/em>. Atualiza\u00e7\u00f5es nomenclaturais foram adotadas de acordo com o sistema de classifica\u00e7\u00e3o atual. O seq\u00fc\u00eanciamento do gene 16S rRNA de<em>\u00a0Lyngbya confervoides Gomont<\/em>\u00a0foi realizado utilizando-se amostras ambientais, permitindo a compara\u00e7\u00e3o dos dados genot\u00edpicos obtidos com os dos estudos morfom\u00e9tricos.<\/p>\n<p style=\"text-align: justify\"><strong>Palavras-chave:<\/strong>\u00a0Cyanobacteria Bent\u00f4nica, morfologia, S\u00e3o Paulo, taxonomia, 16S rRNA.<\/p>\n<hr align=\"center\" noshade=\"noshade\" size=\"1\" width=\"100%\" \/>\n<p style=\"text-align: center\"><a href=\"https:\/\/smastr16.blob.core.windows.net\/pgibt\/2013\/09\/pdf_grande.gif\"><img decoding=\"async\" loading=\"lazy\" class=\"aligncenter size-full wp-image-2313\" style=\"border: 0px\" alt=\"pdf_grande\" src=\"https:\/\/smastr16.blob.core.windows.net\/pgibt\/2013\/09\/pdf_grande.gif\" width=\"60\" height=\"60\" \/><\/a><a href=\"https:\/\/smastr16.blob.core.windows.net\/pgibt\/2013\/09\/Lilian_Mos_Blois_Crispino_DR.pdf\" target=\"_blank\">Lilian Mos Blois Crispino<br \/>\nCianobact\u00e9rias marinhas bent\u00f4nicas do litoral do Estado de S\u00e3o Paulo<\/a><\/p>\n<hr align=\"center\" noshade=\"noshade\" size=\"1\" width=\"100%\" \/>\n<p style=\"text-align: center\"><strong>\u00a0<a href=\"https:\/\/www.infraestruturameioambiente.sp.gov.br\/pgibt\/dissertacoesteses\/\">VOLTAR AS DISSERTA\u00c7\u00d5ES E TESES<\/a><\/strong><\/p>\n<hr align=\"center\" noshade=\"noshade\" size=\"1\" width=\"100%\" \/>\n","protected":false},"excerpt":{"rendered":"<p>Lilian Mos Blois Crispino Lilian Mos Blois Crispino, aluna do curso de P\u00f3s-Gradua\u00e7\u00e3o em Biodiversidade Vegetal e Meio Ambiente do Instituto de Bot\u00e2nica,\u00a0sob orienta\u00e7\u00e3o da Dra. C\u00e9lia Leite Sant&#8217;Anna (IBt), defendeu em 11 de setembro de 2007, sua tese de Doutorado intitulada &#8220;Cianobact\u00e9rias marinhas bent\u00f4nicas do litoral do Estado de S\u00e3o Paulo&#8221;. Na banca examinadora [&hellip;]<\/p>\n","protected":false},"author":1,"featured_media":0,"parent":249,"menu_order":0,"comment_status":"closed","ping_status":"closed","template":"fullpage.php","meta":[],"_links":{"self":[{"href":"https:\/\/www.infraestruturameioambiente.sp.gov.br\/pgibt\/wp-json\/wp\/v2\/pages\/1173"}],"collection":[{"href":"https:\/\/www.infraestruturameioambiente.sp.gov.br\/pgibt\/wp-json\/wp\/v2\/pages"}],"about":[{"href":"https:\/\/www.infraestruturameioambiente.sp.gov.br\/pgibt\/wp-json\/wp\/v2\/types\/page"}],"author":[{"embeddable":true,"href":"https:\/\/www.infraestruturameioambiente.sp.gov.br\/pgibt\/wp-json\/wp\/v2\/users\/1"}],"replies":[{"embeddable":true,"href":"https:\/\/www.infraestruturameioambiente.sp.gov.br\/pgibt\/wp-json\/wp\/v2\/comments?post=1173"}],"version-history":[{"count":0,"href":"https:\/\/www.infraestruturameioambiente.sp.gov.br\/pgibt\/wp-json\/wp\/v2\/pages\/1173\/revisions"}],"up":[{"embeddable":true,"href":"https:\/\/www.infraestruturameioambiente.sp.gov.br\/pgibt\/wp-json\/wp\/v2\/pages\/249"}],"wp:attachment":[{"href":"https:\/\/www.infraestruturameioambiente.sp.gov.br\/pgibt\/wp-json\/wp\/v2\/media?parent=1173"}],"curies":[{"name":"wp","href":"https:\/\/api.w.org\/{rel}","templated":true}]}}