{"id":1171,"date":"2013-09-19T14:35:25","date_gmt":"2013-09-19T17:35:25","guid":{"rendered":"https:\/\/www.infraestruturameioambiente.sp.gov.br\/pgibt\/?page_id=1171"},"modified":"2013-09-19T14:35:25","modified_gmt":"2013-09-19T17:35:25","slug":"2006-giovano-candiani","status":"publish","type":"page","link":"https:\/\/www.infraestruturameioambiente.sp.gov.br\/pgibt\/dissertacoesteses\/2006-giovano-candiani\/","title":{"rendered":"Giovano Candiani MS"},"content":{"rendered":"<h2 style=\"text-align: center\"><a href=\"https:\/\/smastr16.blob.core.windows.net\/pgibt\/2015\/02\/faixapos6.jpg\"><img decoding=\"async\" loading=\"lazy\" class=\"aligncenter size-full wp-image-3777\" style=\"border: 0px\" alt=\"faixapos6\" src=\"https:\/\/smastr16.blob.core.windows.net\/pgibt\/2015\/02\/faixapos6.jpg\" width=\"950\" height=\"163\" srcset=\"https:\/\/smastr16.blob.core.windows.net\/pgibt\/2015\/02\/faixapos6.jpg 950w, https:\/\/smastr16.blob.core.windows.net\/pgibt\/2015\/02\/faixapos6-768x131.jpg 768w\" sizes=\"(max-width: 950px) 100vw, 950px\" \/><\/a><\/h2>\n<hr align=\"center\" noshade=\"noshade\" size=\"1\" width=\"100%\" \/>\n<h2 style=\"text-align: center\"><span style=\"color: #003300\">Giovano Candiani<\/span><\/h2>\n<hr align=\"center\" noshade=\"noshade\" size=\"1\" width=\"100%\" \/>\n<p align=\"center\"><strong>Giovano Candiani<\/strong>, aluno de P\u00f3s-Gradua\u00e7\u00e3o do Instituto de Bot\u00e2nica da Secretaria do Meio Ambiente do Estado de S\u00e3o Paulo, do Programa de P\u00f3s-Gradua\u00e7\u00e3o em Biodiversidade Vegetal e Meio Ambiente, defendeu no dia 25 de julho de 2006 sua disserta\u00e7\u00e3o de mestrado com o t\u00edtulo:<\/p>\n<p align=\"center\">&#8220;Regenera\u00e7\u00e3o natural em \u00e1reas anteriormente ocupadas por floresta de\u00a0<em>Eucalyptus saligna<\/em>\u00a0Smith. no munic\u00edpio de Caieiras (SP):<br \/>\nsubs\u00eddios para recupera\u00e7\u00e3o florestal&#8221;.<\/p>\n<p style=\"text-align: center\">A banca examinadora foi composta pelo seu orientador Prof. Dr. Jos\u00e9 Marcos Barbosa (Instituto de Bot\u00e2nica),<br \/>\npelo Prof. Dr. Marcos Pereira Marinho Aidar (Instituto de Bot\u00e2nica) e pelo Prof. Dr. Nelson Augusto dos Santos Junior (Instituto de Bot\u00e2nica).<\/p>\n<p style=\"text-align: center\"><strong><a href=\"https:\/\/smastr16.blob.core.windows.net\/pgibt\/2013\/09\/giovano1.jpg\"><img decoding=\"async\" loading=\"lazy\" alt=\"giovano1\" src=\"https:\/\/smastr16.blob.core.windows.net\/pgibt\/2013\/09\/giovano1.jpg\" width=\"264\" height=\"197\" \/><\/a><\/strong><\/p>\n<hr align=\"center\" noshade=\"noshade\" size=\"1\" width=\"100%\" \/>\n<h3 style=\"text-align: center\">Regenera\u00e7\u00e3o natural em \u00e1reas anteriormente ocupadas por floresta de\u00a0<em>Eucalyptus saligna <\/em>Smith.<br \/>\nno munic\u00edpio de Caieiras (SP): subs\u00eddios para recupera\u00e7\u00e3o florestal<\/h3>\n<hr align=\"center\" noshade=\"noshade\" size=\"1\" width=\"100%\" \/>\n<h4 style=\"text-align: center\"><strong>RESUMO<\/strong><\/h4>\n<p style=\"text-align: justify\">O trabalho consistiu na caracteriza\u00e7\u00e3o da regenera\u00e7\u00e3o natural de \u00e1reas anteriormente ocupadas por floresta de eucalipto, considerando-se a fitossociologia do estrato arbustivo-arb\u00f3reo e da comunidade jovem (pl\u00e2ntulas), a chuva de sementes e o banco de sementes do solo nas referidas \u00e1reas.<br \/>\nSendo assim, no primeiro cap\u00edtulo o levantamento fitossociol\u00f3gico demonstrou que as fitocenoses estudadas podem abrigar esp\u00e9cies nativas origin\u00e1rias do processo de regenera\u00e7\u00e3o natural.\u00a0\u00a0\u00a0\u00a0\u00a0\u00a0Essas comunidades vegetais estudadas encontram-se em est\u00e1gio sucessional inicial, apresentando elevada diversidade de esp\u00e9cies de acordo com o \u00edndice de Shannon e alta similaridade flor\u00edstica segundo o \u00edndice de Jaccard. As pl\u00e2ntulas contribuem bastante para o estabelecimento da comunidade adulta, destacando-se as esp\u00e9cies\u00a0<em>Cupania vernalis<\/em>\u00a0Camb. (Sapindaceae),\u00a0<em>Jacaranda micrantha<\/em>\u00a0Cham. (Bignoniaceae) e\u00a0<em>Alchornea glandulosa<\/em>\u00a0Poepp. &amp; End. (euphorbiaceae).<br \/>\nNo segundo cap\u00edtulo, a chuva de sementes mostrou que a maior produ\u00e7\u00e3o de sementes ocorreu no per\u00edodo de ver\u00e3o, principalmente no m\u00eas de dezembro. As esp\u00e9cies com s\u00edndrome de dispers\u00e3o zooc\u00f3rica predominaram nas comunidades estudadas. As esp\u00e9cies que se destacaram foram:\u00a0<em>Trema micrantha<\/em>\u00a0(L.) Blume (Ulmaceae),\u00a0<em>Aegiphila sellowiana<\/em>\u00a0Cham. (Verbenaceae) e\u00a0<em>Schinus terebinthifolius<\/em>Raddi (Anacardiaceae). Foi encontrada baixa similaridade flor\u00edstica (28,7% pelo \u00edndice de Jaccard) entre a chuva de sementes e o estrato arbustivo-arb\u00f3reo, mostrando a import\u00e2ncia da contribui\u00e7\u00e3o de sementes al\u00f3ctones (\u00e1reas de entorno) para o estabelecimento das comunidades estudadas.<br \/>\nE no terceiro cap\u00edtulo, o banco de sementes do solo mostrou ser um mecanismo importante para o estabelecimento do processo de regenera\u00e7\u00e3o natural, principalmente nos est\u00e1gios iniciais de sucess\u00e3o ecol\u00f3gica, pois as esp\u00e9cies herb\u00e1ceas predominaram nas comunidades estudadas, determinando a baixa similaridade flor\u00edstica encontrada entre o banco de sementes e o estrato arbustivo-arb\u00f3reo. As esp\u00e9cies que se destacaram foram:\u00a0<em>Trema micrantha<\/em>\u00a0(L.) Blume (Ulmaceae) e\u00a0<em>Alchornea glandulosa<\/em>\u00a0Poepp. &amp; End. (euphorbiaceae).<br \/>\nCada vez mais estudos integrados envolvendo o processo de regenera\u00e7\u00e3o natural ser\u00e3o muito proveitosos e enriquecedores, vistos serem importantes para a recupera\u00e7\u00e3o florestal de \u00e1reas degradadas, principalmente no estabelecimento de princ\u00edpios de manejo, silviculturais e conserva\u00e7\u00e3o ambiental.<\/p>\n<hr align=\"center\" noshade=\"noshade\" size=\"1\" width=\"100%\" \/>\n<p style=\"text-align: center\"><a href=\"https:\/\/smastr16.blob.core.windows.net\/pgibt\/2013\/09\/pdf_grande.gif\"><img decoding=\"async\" loading=\"lazy\" class=\"aligncenter size-full wp-image-2313\" style=\"border: 0px\" alt=\"pdf_grande\" src=\"https:\/\/smastr16.blob.core.windows.net\/pgibt\/2013\/09\/pdf_grande.gif\" width=\"60\" height=\"60\" \/><\/a><a href=\"https:\/\/smastr16.blob.core.windows.net\/pgibt\/2013\/09\/Giovano_Candiani_MS.pdf\" target=\"_blank\">Giovano Candiani<br \/>\nRegenera\u00e7\u00e3o natural em \u00e1reas anteriormente ocupadas por floresta de <em>Eucalyptus saligna<\/em> Smith.<br \/>\nno munic\u00edpio de Caieiras (SP): subs\u00eddios para recupera\u00e7\u00e3o florestal<\/a><\/p>\n<hr align=\"center\" noshade=\"noshade\" size=\"1\" width=\"100%\" \/>\n<p style=\"text-align: center\"><strong>\u00a0<a href=\"https:\/\/www.infraestruturameioambiente.sp.gov.br\/pgibt\/dissertacoesteses\/\">VOLTAR AS DISSERTA\u00c7\u00d5ES E TESES<\/a><\/strong><\/p>\n<hr align=\"center\" noshade=\"noshade\" size=\"1\" width=\"100%\" \/>\n<h1 align=\"center\"><\/h1>\n","protected":false},"excerpt":{"rendered":"<p>Giovano Candiani Giovano Candiani, aluno de P\u00f3s-Gradua\u00e7\u00e3o do Instituto de Bot\u00e2nica da Secretaria do Meio Ambiente do Estado de S\u00e3o Paulo, do Programa de P\u00f3s-Gradua\u00e7\u00e3o em Biodiversidade Vegetal e Meio Ambiente, defendeu no dia 25 de julho de 2006 sua disserta\u00e7\u00e3o de mestrado com o t\u00edtulo: &#8220;Regenera\u00e7\u00e3o natural em \u00e1reas anteriormente ocupadas por floresta de\u00a0Eucalyptus [&hellip;]<\/p>\n","protected":false},"author":1,"featured_media":0,"parent":249,"menu_order":0,"comment_status":"closed","ping_status":"closed","template":"fullpage.php","meta":[],"_links":{"self":[{"href":"https:\/\/www.infraestruturameioambiente.sp.gov.br\/pgibt\/wp-json\/wp\/v2\/pages\/1171"}],"collection":[{"href":"https:\/\/www.infraestruturameioambiente.sp.gov.br\/pgibt\/wp-json\/wp\/v2\/pages"}],"about":[{"href":"https:\/\/www.infraestruturameioambiente.sp.gov.br\/pgibt\/wp-json\/wp\/v2\/types\/page"}],"author":[{"embeddable":true,"href":"https:\/\/www.infraestruturameioambiente.sp.gov.br\/pgibt\/wp-json\/wp\/v2\/users\/1"}],"replies":[{"embeddable":true,"href":"https:\/\/www.infraestruturameioambiente.sp.gov.br\/pgibt\/wp-json\/wp\/v2\/comments?post=1171"}],"version-history":[{"count":0,"href":"https:\/\/www.infraestruturameioambiente.sp.gov.br\/pgibt\/wp-json\/wp\/v2\/pages\/1171\/revisions"}],"up":[{"embeddable":true,"href":"https:\/\/www.infraestruturameioambiente.sp.gov.br\/pgibt\/wp-json\/wp\/v2\/pages\/249"}],"wp:attachment":[{"href":"https:\/\/www.infraestruturameioambiente.sp.gov.br\/pgibt\/wp-json\/wp\/v2\/media?parent=1171"}],"curies":[{"name":"wp","href":"https:\/\/api.w.org\/{rel}","templated":true}]}}