{"id":1156,"date":"2013-09-19T14:18:23","date_gmt":"2013-09-19T17:18:23","guid":{"rendered":"https:\/\/www.infraestruturameioambiente.sp.gov.br\/pgibt\/?page_id=1156"},"modified":"2013-09-19T14:18:23","modified_gmt":"2013-09-19T17:18:23","slug":"2007-igor-ferrari-borges","status":"publish","type":"page","link":"https:\/\/www.infraestruturameioambiente.sp.gov.br\/pgibt\/dissertacoesteses\/2007-igor-ferrari-borges\/","title":{"rendered":"Igor Ferrari Borges MS"},"content":{"rendered":"<h2 style=\"text-align: center\"><a href=\"https:\/\/smastr16.blob.core.windows.net\/pgibt\/2015\/02\/faixapos6.jpg\"><img decoding=\"async\" loading=\"lazy\" class=\"aligncenter size-full wp-image-3777\" style=\"border: 0px\" alt=\"faixapos6\" src=\"https:\/\/smastr16.blob.core.windows.net\/pgibt\/2015\/02\/faixapos6.jpg\" width=\"950\" height=\"163\" srcset=\"https:\/\/smastr16.blob.core.windows.net\/pgibt\/2015\/02\/faixapos6.jpg 950w, https:\/\/smastr16.blob.core.windows.net\/pgibt\/2015\/02\/faixapos6-768x131.jpg 768w\" sizes=\"(max-width: 950px) 100vw, 950px\" \/><\/a><\/h2>\n<hr align=\"center\" noshade=\"noshade\" size=\"1\" width=\"100%\" \/>\n<h2 style=\"text-align: center\">Igor Ferrari Borges<\/h2>\n<hr align=\"center\" noshade=\"noshade\" size=\"1\" width=\"100%\" \/>\n<p style=\"text-align: center\">Igor Ferrari Borges, aluno do programa de P\u00f3s-gradua\u00e7\u00e3o em Biodiversidade Vegetal e Meio Ambiente do<br \/>\nInstituto de Bot\u00e2nica de S\u00e3o Paulo e bolsista CAPES, defendeu sua Disserta\u00e7\u00e3o de Mestrado intitulada<br \/>\n&#8220;Matura\u00e7\u00e3o de sementes de\u00a0<em>Caesalpinia echinata Lam.<\/em>\u00a0(pau-brasil) em bosques plantados no Estado de S\u00e3o Paulo&#8221;.<\/p>\n<p style=\"text-align: center\">A banca examinadora foi presidida pelo orientador Prof. Dr. Claudio Jos\u00e9 Barbedo, da Se\u00e7\u00e3o de Sementes e Melhoramento Vegetal (Instituto de Bot\u00e2nica) e contou com a participa\u00e7\u00e3o do Prof. Dr. Claudio Cavariani (UNESP) e da Profa. Dra. Lilian B. Peteado Zaidan (Instituto de Bot\u00e2nica). Dr. Claudio Cavariani, Igor F. Borges, Dra L\u00edlian Zaidan e Dr. Claudio Barbedo<\/p>\n<div id=\"attachment_1162\" style=\"width: 256px\" class=\"wp-caption aligncenter\"><a href=\"https:\/\/smastr16.blob.core.windows.net\/pgibt\/2013\/09\/igor2.jpg\"><img aria-describedby=\"caption-attachment-1162\" decoding=\"async\" loading=\"lazy\" class=\"size-full wp-image-1162\" alt=\"Dr. Claudio Cavariani, Igor F. Borges, Dra L\u00edlian Zaidan e Dr. Claudio Barbedo\" src=\"https:\/\/smastr16.blob.core.windows.net\/pgibt\/2013\/09\/igor2.jpg\" width=\"246\" height=\"185\" \/><\/a><p id=\"caption-attachment-1162\" class=\"wp-caption-text\">Dr. Claudio Cavariani, Igor F. Borges, Dra L\u00edlian Zaidan e Dr. Claudio Barbedo<strong>\u00a0<\/strong><\/p><\/div>\n<hr align=\"center\" noshade=\"noshade\" size=\"1\" width=\"100%\" \/>\n<h3 style=\"text-align: center\">Matura\u00e7\u00e3o de sementes de\u00a0<em>Caesalpinia echinata Lam.<\/em>\u00a0(pau-brasil)<br \/>\nem bosques plantados no Estado de S\u00e3o Paulo<\/h3>\n<hr align=\"center\" noshade=\"noshade\" size=\"1\" width=\"100%\" \/>\n<h4 style=\"text-align: center\"><strong>RESUMO<\/strong><\/h4>\n<p style=\"text-align: justify\">O tema de sua disserta\u00e7\u00e3o vem oferecer novas perspectivas que servir\u00e3o de base para pesquisas visando a conserva\u00e7\u00e3o de uma das esp\u00e9cies arb\u00f3reas mais importantes de nosso pa\u00eds, o pau-brasil (<em>Caesalpinia echinata Lam.<\/em>). Utilizada para o tingimento de tecidos, esta esp\u00e9cie foi extensamente removida por toda a sua \u00e1rea de ocorr\u00eancia natural na Mata Atl\u00e2ntica e em tempos mais recentes, \u00e9 ainda apreciada por arqueteiros (fabricantes de arcos de violinos) de todo o mundo, pois sua madeira apresenta propriedades ac\u00fasticas \u00fanicas. Neste panorama da import\u00e2ncia e da explora\u00e7\u00e3o do pau-brasil at\u00e9 os dias atuais, torna-se evidente a necessidade do desenvolvimento de a\u00e7\u00f5es que criem subs\u00eddios para permitir a reposi\u00e7\u00e3o desta esp\u00e9cie no bioma e o conhecimento dos aspectos biol\u00f3gicos \u00e9 um dos fatores necess\u00e1rios para subsidiar planos de conserva\u00e7\u00e3o a curto e longo prazo. Assim, este trabalho analisou o per\u00edodo de matura\u00e7\u00e3o das sementes de pau-brasil e identificou o momento ideal de coleta das sementes durante o seu processo de desenvolvimento, ou seja, a identifica\u00e7\u00e3o do momento no qual as sementes est\u00e3o realmente maduras e com o seu m\u00e1ximo vigor. Aspecto este importante para uma semente considerada de baixa longevidade em armazenamento e o que impossibilita, por exemplo, a composi\u00e7\u00e3o de bancos de germoplasma. Para tanto, frutos e sementes de diversas popula\u00e7\u00f5es plantadas no Estado de S\u00e3o Paulo foram analisados quanto as suas caracter\u00edsticas externas e dimens\u00f5es. Das sementes foram ainda analisados o teor de \u00e1gua, mat\u00e9ria seca, germina\u00e7\u00e3o, vigor e varia\u00e7\u00f5es nos carboidratos sol\u00faveis, ciclit\u00f3is e galactosil ciclit\u00f3is. Resultados mostraram que a colora\u00e7\u00e3o dos frutos e as dimens\u00f5es e o teor de \u00e1gua de sementes podem ser utilizados para indicar o in\u00edcio da fase de deisc\u00eancia e que as sementes adquirem a capacidade germinativa aproximadamente aos 30-40 dias ap\u00f3s a antese das flores (DAA). Varia\u00e7\u00f5es nos carboidratos sol\u00faveis, ciclit\u00f3is e galactosil ciclit\u00f3is foram relacionados com o processo de matura\u00e7\u00e3o e a qualidade das sementes. Foi poss\u00edvel concluir que a maturidade fisiol\u00f3gica das sementes de pau-brasil ocorre ao redor de 60-65 DAA no estado de S\u00e3o Paulo, imediatamente antes a dispers\u00e3o. Contudo, verificou-se que a coleta prematura das sementes leva \u00e0 obten\u00e7\u00e3o de sementes de baixa qualidade e vigor. A caracteriza\u00e7\u00e3o precisa do est\u00e1gio de matura\u00e7\u00e3o \u00e9 crucial para definir o melhor momento de colheita de sementes de\u00a0<em>C. echinata<\/em>. Estes resultados acrescentaram informa\u00e7\u00f5es sobre uma esp\u00e9cie da Mata Atl\u00e2ntica em risco de extin\u00e7\u00e3o e contribu\u00edram para a prote\u00e7\u00e3o desse ambiente, em especial a flora de\u00a0<em>Leguminosae<\/em>, uma das mais ricas e importantes fam\u00edlias dos tr\u00f3picos.<\/p>\n\n<hr align=\"center\" noshade=\"noshade\" size=\"1\" width=\"100%\" \/>\n<p style=\"text-align: center\"><a href=\"https:\/\/smastr16.blob.core.windows.net\/pgibt\/2013\/09\/pdf_grande.gif\"><img decoding=\"async\" loading=\"lazy\" class=\"aligncenter size-full wp-image-2313\" style=\"border: 0px\" alt=\"pdf_grande\" src=\"https:\/\/smastr16.blob.core.windows.net\/pgibt\/2013\/09\/pdf_grande.gif\" width=\"60\" height=\"60\" \/><\/a><a href=\"https:\/\/smastr16.blob.core.windows.net\/pgibt\/2013\/09\/Igor_Ferrari_Borges_MS.pdf\" target=\"_blank\">Igor Ferrari Borges<br \/>\nMatura\u00e7\u00e3o de sementes de\u00a0<em>Caesalpinia echinata Lam.<\/em>\u00a0(pau-brasil) em bosques plantados no Estado de S\u00e3o Paulo<\/a><\/p>\n<hr align=\"center\" noshade=\"noshade\" size=\"1\" width=\"100%\" \/>\n<p style=\"text-align: center\"><strong>\u00a0<a href=\"https:\/\/www.infraestruturameioambiente.sp.gov.br\/pgibt\/dissertacoesteses\/\">VOLTAR AS DISSERTA\u00c7\u00d5ES E TESES<\/a><\/strong><\/p>\n<hr align=\"center\" noshade=\"noshade\" size=\"1\" width=\"100%\" \/>\n","protected":false},"excerpt":{"rendered":"<p>Igor Ferrari Borges Igor Ferrari Borges, aluno do programa de P\u00f3s-gradua\u00e7\u00e3o em Biodiversidade Vegetal e Meio Ambiente do Instituto de Bot\u00e2nica de S\u00e3o Paulo e bolsista CAPES, defendeu sua Disserta\u00e7\u00e3o de Mestrado intitulada &#8220;Matura\u00e7\u00e3o de sementes de\u00a0Caesalpinia echinata Lam.\u00a0(pau-brasil) em bosques plantados no Estado de S\u00e3o Paulo&#8221;. A banca examinadora foi presidida pelo orientador Prof. [&hellip;]<\/p>\n","protected":false},"author":1,"featured_media":0,"parent":249,"menu_order":0,"comment_status":"closed","ping_status":"closed","template":"fullpage.php","meta":[],"_links":{"self":[{"href":"https:\/\/www.infraestruturameioambiente.sp.gov.br\/pgibt\/wp-json\/wp\/v2\/pages\/1156"}],"collection":[{"href":"https:\/\/www.infraestruturameioambiente.sp.gov.br\/pgibt\/wp-json\/wp\/v2\/pages"}],"about":[{"href":"https:\/\/www.infraestruturameioambiente.sp.gov.br\/pgibt\/wp-json\/wp\/v2\/types\/page"}],"author":[{"embeddable":true,"href":"https:\/\/www.infraestruturameioambiente.sp.gov.br\/pgibt\/wp-json\/wp\/v2\/users\/1"}],"replies":[{"embeddable":true,"href":"https:\/\/www.infraestruturameioambiente.sp.gov.br\/pgibt\/wp-json\/wp\/v2\/comments?post=1156"}],"version-history":[{"count":0,"href":"https:\/\/www.infraestruturameioambiente.sp.gov.br\/pgibt\/wp-json\/wp\/v2\/pages\/1156\/revisions"}],"up":[{"embeddable":true,"href":"https:\/\/www.infraestruturameioambiente.sp.gov.br\/pgibt\/wp-json\/wp\/v2\/pages\/249"}],"wp:attachment":[{"href":"https:\/\/www.infraestruturameioambiente.sp.gov.br\/pgibt\/wp-json\/wp\/v2\/media?parent=1156"}],"curies":[{"name":"wp","href":"https:\/\/api.w.org\/{rel}","templated":true}]}}