{"id":1147,"date":"2013-09-19T14:04:48","date_gmt":"2013-09-19T17:04:48","guid":{"rendered":"https:\/\/www.infraestruturameioambiente.sp.gov.br\/pgibt\/?page_id=1147"},"modified":"2013-09-19T14:04:48","modified_gmt":"2013-09-19T17:04:48","slug":"2010-fernanda-lopes-de-macedo","status":"publish","type":"page","link":"https:\/\/www.infraestruturameioambiente.sp.gov.br\/pgibt\/dissertacoesteses\/2010-fernanda-lopes-de-macedo\/","title":{"rendered":"Fernanda Lopes Macedo MS"},"content":{"rendered":"<h2 style=\"text-align: center\"><a href=\"https:\/\/smastr16.blob.core.windows.net\/pgibt\/2015\/02\/faixapos6.jpg\"><img decoding=\"async\" loading=\"lazy\" class=\"aligncenter size-full wp-image-3777\" style=\"border: 0px\" alt=\"faixapos6\" src=\"https:\/\/smastr16.blob.core.windows.net\/pgibt\/2015\/02\/faixapos6.jpg\" width=\"950\" height=\"163\" srcset=\"https:\/\/smastr16.blob.core.windows.net\/pgibt\/2015\/02\/faixapos6.jpg 950w, https:\/\/smastr16.blob.core.windows.net\/pgibt\/2015\/02\/faixapos6-768x131.jpg 768w\" sizes=\"(max-width: 950px) 100vw, 950px\" \/><\/a><\/h2>\n<hr align=\"center\" noshade=\"noshade\" size=\"1\" width=\"100%\" \/>\n<h2 style=\"text-align: center\"><span style=\"color: #003300\">Fernanda Lopes Macedo<\/span><\/h2>\n<hr align=\"center\" noshade=\"noshade\" size=\"1\" width=\"100%\" \/>\n<p style=\"text-align: center\">Em 25 de fevereiro de 2010, a aluna Fernanda Lopes de Macedo defendeu a sua disserta\u00e7\u00e3o de mestrado intitulada<br \/>\n&#8220;Estimativa da fixa\u00e7\u00e3o de N<sub>2<\/sub>\u00a0atrav\u00e9s da composi\u00e7\u00e3oda seiva do xilema e t\u00e9cnicas de dilui\u00e7\u00e3o de\u00a0<sup>15<\/sup>N\u00a0em<em>\u00a0Anadenanthera falcata<\/em>\u00a0(Benth.) Speg.<br \/>\n(Leguminosae \u2013 Mimosoideae).&#8221;<\/p>\n<p style=\"text-align: center\">A banca examinadora foi composta pelo Dr. Ladaslav Sodek da Unicamp, \u00a0pelo Dr. Danilo da Cruz Centeno, p\u00f3s-doutorando do Instituto de Bot\u00e2nica de S\u00e3o Paulo).<\/p>\n<div id=\"attachment_1149\" style=\"width: 291px\" class=\"wp-caption aligncenter\"><a href=\"https:\/\/smastr16.blob.core.windows.net\/pgibt\/2013\/09\/defesa_Macedo_FL.jpg\"><img aria-describedby=\"caption-attachment-1149\" decoding=\"async\" loading=\"lazy\" class=\"size-full wp-image-1149\" alt=\"Dr. Marcos Pereira Marinho Aidar (orientador \u2013 Instituto de Bot\u00e2nica de S\u00e3o Paulo); MSc. Fernanda Lopes de Macedo; Dr. Ladaslav Sodek (UNICAMP) e Dr. Danilo da Cruz Centeno (Instituto de Bot\u00e2nica de S\u00e3o Paulo).\" src=\"https:\/\/smastr16.blob.core.windows.net\/pgibt\/2013\/09\/defesa_Macedo_FL.jpg\" width=\"281\" height=\"176\" \/><\/a><p id=\"caption-attachment-1149\" class=\"wp-caption-text\">Dr. Marcos Pereira Marinho Aidar (orientador \u2013 Instituto de Bot\u00e2nica de S\u00e3o Paulo); MSc. Fernanda Lopes de Macedo;<br \/>Dr. Ladaslav Sodek (UNICAMP) e Dr. Danilo da Cruz Centeno (Instituto de Bot\u00e2nica de S\u00e3o Paulo).<\/p><\/div>\n<hr align=\"center\" noshade=\"noshade\" size=\"1\" width=\"100%\" \/>\n<h3 style=\"text-align: center\">Estimativa da fixa\u00e7\u00e3o de N<sub>2<\/sub>\u00a0atrav\u00e9s da composi\u00e7\u00e3o da seiva do xilema e t\u00e9cnicas de dilui\u00e7\u00e3o de\u00a0<sup>15<\/sup>N<br \/>\nem\u00a0<em>Anadenanthera falcata<\/em>\u00a0(Benth.) Speg. (Leguminosae \u2013 Mimosoideae)<\/h3>\n<hr align=\"center\" noshade=\"noshade\" size=\"1\" width=\"100%\" \/>\n<h4 style=\"text-align: center\"><strong>RESUMO<\/strong><\/h4>\n<p style=\"text-align: justify\">O nitrog\u00eanio (N) \u00e9 um dos principais bioelementos, essencial para a estrutura e fun\u00e7\u00e3o de prote\u00ednas, glicoprote\u00ednas, \u00e1cidos nucl\u00e9icos, e muitas outras mol\u00e9culas vegetais sendo considerado um dos maiores fatores limitantes que influencia na din\u00e2mica, biodiversidade e funcionamento de muitos ecossistemas. A fixa\u00e7\u00e3o biol\u00f3gica do nitrog\u00eanio (FBN) \u00e9 a mais significativa rota para introdu\u00e7\u00e3o do N da atmosfera. Em ecossistemas sav\u00e2nicos neotropicais, a principal fonte de N prov\u00e9m da atividade simbi\u00f3tica da fixa\u00e7\u00e3o de nitrog\u00eanio, pois normalmente os solos s\u00e3o pobres e lixiviados e as formas de N inorg\u00e2nicas e org\u00e2nicas est\u00e3o pouco dispon\u00edveis. Alguns estudos v\u00eam sendo realizados com esp\u00e9cies nativas do cerrado e entre eles \u00e9 poss\u00edvel encontrar trabalhos sobre o desenvolvimento de n\u00f3dulos em ra\u00edzes de Leguminosas como a esp\u00e9cie\u00a0<em>Anadenanthera falcata<\/em>, esp\u00e9cie de ampla dispers\u00e3o no cerrado brasileiro, que apresenta nodula\u00e7\u00e3o em suas ra\u00edzes. Este trabalho teve por objetivo estimar a de FBN em plantas jovens e adultas de\u00a0<em>Anadenanthera falcata<\/em>(Benth.) Speg. (Leguminosae \u2013 Mimosoideae), esp\u00e9cie dominante na gleba P\u00e9-de-Gigante, Parque Estadual do Vassununga, SP, atrav\u00e9s da caracteriza\u00e7\u00e3o do padr\u00e3o de transporte de amino\u00e1cidos na seiva do xilema de pl\u00e2ntulas submetidas a diferentes fontes de N (incluindo a nodula\u00e7\u00e3o radicular) e de plantas jovens e adultas em campo; e da estimativa da FBN atrav\u00e9s do uso de\u00a0<sup>15<\/sup>N<sub>2<\/sub>\u00a0em experimento controlado. O experimento com diferentes fonte de N mostrou que plantas que adquirem N proveniente apenas da FBN t\u00eam crescimento mais lento em rela\u00e7\u00e3o \u00e0s plantas que adquirem N do solo, apenas. Este experimento tamb\u00e9m mostrou que os ure\u00eddeos n\u00e3o podem ser utilizados como indicativo da presen\u00e7a de FBN e que n\u00e3o h\u00e1 um amino\u00e1cido espec\u00edfico correlacionado com o transporte de N oriundo da fixa\u00e7\u00e3o biol\u00f3gica. Em indiv\u00edduos adultos o maior transporte de compostos nitrogenados na seiva do xilema aparece na esta\u00e7\u00e3o de crescimento, quando a demanda pelo N \u00e9 maior, al\u00e9m da raz\u00e3o ASN (asparagina) + GLN (glutamina) + GLU (glutamato) \/ ARG (arginina) evidenciar a maior participa\u00e7\u00e3o da entrada de \u201cnovo\u201d N em indiv\u00edduos mais jovens em rela\u00e7\u00e3o aos indiv\u00edduos adultos, onde o transporte de N remobilizado toma grande import\u00e2ncia. O experimento controlado com\u00a0<sup>15<\/sup>N<sub>2<\/sub>\u00a0mostrou que o amino\u00e1cido GLN \u00e9 o que apresenta maior enriquecimento, tanto na seiva quanto em n\u00f3dulos, confirmando sua import\u00e2ncia na assimila\u00e7\u00e3o do N proveniente da fixa\u00e7\u00e3o biol\u00f3gica. Desta forma, a esp\u00e9cie\u00a0<em>A. falcata<\/em>\u00a0mostrou compet\u00eancia em fixar N biologicamente, por\u00e9m \u00e9 necess\u00e1rio o estudo de t\u00e9cnicas eficientes para estimar a entrada de N na planta, proveniente da FBN.<\/p>\n<p style=\"text-align: justify\">Palavras chave: Anadenanthera falcata, cerrado, fixa\u00e7\u00e3o biol\u00f3gica de nitrog\u00eanio,\u00a0<sup>15<\/sup>N<sub>2<\/sub>.<\/p>\n<hr align=\"center\" noshade=\"noshade\" size=\"1\" width=\"100%\" \/>\n<p style=\"text-align: center\"><a href=\"https:\/\/smastr16.blob.core.windows.net\/pgibt\/2013\/09\/pdf_grande.gif\"><img decoding=\"async\" loading=\"lazy\" class=\"aligncenter size-full wp-image-2313\" style=\"border: 0px\" alt=\"pdf_grande\" src=\"https:\/\/smastr16.blob.core.windows.net\/pgibt\/2013\/09\/pdf_grande.gif\" width=\"60\" height=\"60\" \/><\/a><a href=\"https:\/\/smastr16.blob.core.windows.net\/pgibt\/2013\/09\/Fernanda_Lopes_de_Macedo_MS.pdf\" target=\"_blank\">Fernanda Lopes Macedo<br \/>\nEstimativa da fixa\u00e7\u00e3o de N2 atrav\u00e9s da composi\u00e7\u00e3o da seiva do xilema e t\u00e9cnicas de dilui\u00e7\u00e3o de 15N<br \/>\nem\u00a0<em>Anadenanthera falcata<\/em>\u00a0(Benth.) Speg. (Leguminosae \u2013 Mimosoideae)<\/a><\/p>\n<hr align=\"center\" noshade=\"noshade\" size=\"1\" width=\"100%\" \/>\n<p style=\"text-align: center\"><strong>\u00a0<a href=\"https:\/\/www.infraestruturameioambiente.sp.gov.br\/pgibt\/dissertacoesteses\/\">VOLTAR AS DISSERTA\u00c7\u00d5ES E TESES<\/a><\/strong><\/p>\n<hr align=\"center\" noshade=\"noshade\" size=\"1\" width=\"100%\" \/>\n","protected":false},"excerpt":{"rendered":"<p>Fernanda Lopes Macedo Em 25 de fevereiro de 2010, a aluna Fernanda Lopes de Macedo defendeu a sua disserta\u00e7\u00e3o de mestrado intitulada &#8220;Estimativa da fixa\u00e7\u00e3o de N2\u00a0atrav\u00e9s da composi\u00e7\u00e3oda seiva do xilema e t\u00e9cnicas de dilui\u00e7\u00e3o de\u00a015N\u00a0em\u00a0Anadenanthera falcata\u00a0(Benth.) Speg. (Leguminosae \u2013 Mimosoideae).&#8221; A banca examinadora foi composta pelo Dr. Ladaslav Sodek da Unicamp, \u00a0pelo Dr. [&hellip;]<\/p>\n","protected":false},"author":1,"featured_media":0,"parent":249,"menu_order":0,"comment_status":"closed","ping_status":"closed","template":"fullpage.php","meta":[],"_links":{"self":[{"href":"https:\/\/www.infraestruturameioambiente.sp.gov.br\/pgibt\/wp-json\/wp\/v2\/pages\/1147"}],"collection":[{"href":"https:\/\/www.infraestruturameioambiente.sp.gov.br\/pgibt\/wp-json\/wp\/v2\/pages"}],"about":[{"href":"https:\/\/www.infraestruturameioambiente.sp.gov.br\/pgibt\/wp-json\/wp\/v2\/types\/page"}],"author":[{"embeddable":true,"href":"https:\/\/www.infraestruturameioambiente.sp.gov.br\/pgibt\/wp-json\/wp\/v2\/users\/1"}],"replies":[{"embeddable":true,"href":"https:\/\/www.infraestruturameioambiente.sp.gov.br\/pgibt\/wp-json\/wp\/v2\/comments?post=1147"}],"version-history":[{"count":0,"href":"https:\/\/www.infraestruturameioambiente.sp.gov.br\/pgibt\/wp-json\/wp\/v2\/pages\/1147\/revisions"}],"up":[{"embeddable":true,"href":"https:\/\/www.infraestruturameioambiente.sp.gov.br\/pgibt\/wp-json\/wp\/v2\/pages\/249"}],"wp:attachment":[{"href":"https:\/\/www.infraestruturameioambiente.sp.gov.br\/pgibt\/wp-json\/wp\/v2\/media?parent=1147"}],"curies":[{"name":"wp","href":"https:\/\/api.w.org\/{rel}","templated":true}]}}