{"id":1127,"date":"2013-09-19T13:48:16","date_gmt":"2013-09-19T16:48:16","guid":{"rendered":"https:\/\/www.infraestruturameioambiente.sp.gov.br\/pgibt\/?page_id=1127"},"modified":"2013-09-19T13:48:16","modified_gmt":"2013-09-19T16:48:16","slug":"2010-fernanda-karstedt","status":"publish","type":"page","link":"https:\/\/www.infraestruturameioambiente.sp.gov.br\/pgibt\/dissertacoesteses\/2010-fernanda-karstedt\/","title":{"rendered":"Fernanda Karstedt MS"},"content":{"rendered":"<h2 style=\"text-align: center\"><a href=\"https:\/\/smastr16.blob.core.windows.net\/pgibt\/2015\/02\/faixapos6.jpg\"><img decoding=\"async\" loading=\"lazy\" class=\"aligncenter size-full wp-image-3777\" style=\"border: 0px\" alt=\"faixapos6\" src=\"https:\/\/smastr16.blob.core.windows.net\/pgibt\/2015\/02\/faixapos6.jpg\" width=\"950\" height=\"163\" srcset=\"https:\/\/smastr16.blob.core.windows.net\/pgibt\/2015\/02\/faixapos6.jpg 950w, https:\/\/smastr16.blob.core.windows.net\/pgibt\/2015\/02\/faixapos6-768x131.jpg 768w\" sizes=\"(max-width: 950px) 100vw, 950px\" \/><\/a><\/h2>\n<hr align=\"center\" noshade=\"noshade\" size=\"1\" width=\"100%\" \/>\n<h2 style=\"text-align: center\"><span style=\"color: #003300\">Fernanda Karstedt\u00a0<\/span><\/h2>\n<hr align=\"center\" noshade=\"noshade\" size=\"1\" width=\"100%\" \/>\n<p style=\"text-align: center\">Fernanda Karstedt, aluna do Programa de P\u00f3s-Gradua\u00e7\u00e3o em Biodiversidade Vegetal e Meio Ambiente,<br \/>\ndefendeu no dia 26 de fevereiro de 2010 sua disserta\u00e7\u00e3o intitulada:<br \/>\n\u201c<em>Entolomataceae<\/em>\u00a0em \u00e1reas de Mata Atl\u00e2ntica da regi\u00e3o metropolitana de S\u00e3o Paulo, SP\u201d.<\/p>\n<p style=\"text-align: center\">A banca examinadora foi composta pela doutoras Marina Capelari (orientadora, IBt), \u00a0\u00a0Maria Alice de Neves (UFPB) e Carmem L.A. Pires Zottarelli (IBt).<\/p>\n<div id=\"attachment_1128\" style=\"width: 360px\" class=\"wp-caption aligncenter\"><a href=\"https:\/\/smastr16.blob.core.windows.net\/pgibt\/2013\/09\/fernanda_karstedt1.jpg\"><img aria-describedby=\"caption-attachment-1128\" decoding=\"async\" loading=\"lazy\" class=\"size-full wp-image-1128\" alt=\" Dra. Carmem L.A. Pires-Zotarelli, Dra. Maria Alice de Neves, a aluna Fernanda Karstedt e Dra. Marina Capelari\" src=\"https:\/\/smastr16.blob.core.windows.net\/pgibt\/2013\/09\/fernanda_karstedt1.jpg\" width=\"350\" height=\"243\" \/><\/a><p id=\"caption-attachment-1128\" class=\"wp-caption-text\"><br \/>Dra. Carmem L.A. Pires-Zotarelli, Dra. Maria Alice de Neves,<br \/>a aluna Fernanda Karstedt e Dra. Marina Capelari<\/p><\/div>\n<hr align=\"center\" noshade=\"noshade\" size=\"1\" width=\"100%\" \/>\n<h3 style=\"text-align: center\"><em>Entolomataceae<\/em> em \u00e1reas de Mata Atl\u00e2ntica da regi\u00e3o metropolitana de S\u00e3o Paulo, SP<\/h3>\n<hr align=\"center\" noshade=\"noshade\" size=\"1\" width=\"100%\" \/>\n<h4 style=\"text-align: center\"><strong>RESUMO<\/strong><\/h4>\n<p style=\"text-align: justify\">As esp\u00e9cies de\u00a0<em>Entolomataceae<\/em>\u00a0s\u00e3o facilmente reconhecidas por terem esporada rosada e basidi\u00f3sporos angulados, rugoso-facetados ou longitudinalmente sulcados e, embora seja considerada uma fam\u00edlia abundante nos tr\u00f3picos, \u00e9 pouco conhecida no Brasil. Com o objetivo de contribuir para o conhecimento da diversidade de\u00a0<em>Entolomataceae<\/em>\u00a0foram estudados materiais resultantes de dois anos de coletas mensais em remanescentes de Mata Atl\u00e2ntica no estado de S\u00e3o Paulo: Parque Estadual da Cantareira, Parque Estadual das Fontes do Ipiranga e Reserva Biol\u00f3gica de Paranapiacaba. Trinta e quatro esp\u00e9cies foram identificadas e est\u00e3o distribu\u00eddas em oito g\u00eaneros sendo 15 esp\u00e9cies novas:\u00a0<em>Calliderma fibulata<\/em>,\u00a0<em>C. rimosa<\/em>,<em>\u00a0Entoloma pulchrum<\/em>,\u00a0<em>Inocephalus cervinus<\/em>,\u00a0<em>I. mucronatus<\/em>,\u00a0<em>I. tenuis<\/em>,\u00a0<em>Leptonia acystidiata<\/em>,\u00a0<em>L. atrocyanea<\/em>,\u00a0<em>L. caulocystidiata<\/em>,\u00a0<em>L. paranapiacabensis<\/em>,\u00a0<em>L. rolfii<\/em>,\u00a0<em>Nolanea brunneogriseola<\/em>,\u00a0<em>N. pallidosalmonea<\/em>,\u00a0<em>N. parvispora<\/em>\u00a0e\u00a0<em>Trichopilus porphyrophaeoideus<\/em>; nove s\u00e3o cita\u00e7\u00f5es novas para o Brasil:\u00a0<em>Alboleptonia sericella<\/em>,<em>Inocephalus glycosmus<\/em>,\u00a0<em>Leptonia fragilis<\/em>,\u00a0<em>L. infirma<\/em>,\u00a0<em>L. serrulata<\/em>,\u00a0<em>L. sodalis<\/em>,<em>\u00a0Nolanea belouvense,<\/em>\u00a0<em>N. dissimilis\u00a0<\/em>e\u00a0<em>N. singeri<\/em>; cinco para o estado de S\u00e3o Paulo:\u00a0<em>Alboleptonia sulcata<\/em>,\u00a0<em>Calliderma pruinatocutis<\/em>,\u00a0<em>Inocephalus azureoviridis<\/em>,<em>\u00a0I. flavotinctus<\/em>\u00a0e\u00a0<em>Pouzarella ferrerii<\/em>; cinco para a regi\u00e3o metropolitana de S\u00e3o Paulo:\u00a0<em>Alboleptonia\u00a0<\/em>aff.\u00a0<em>aripoana Inocephalus cystidiophorus<\/em>,\u00a0<em>I. dennisii<\/em>,\u00a0<em>I. virescens<\/em>\u00a0e\u00a0<em>Leptonia argyropellis<\/em>\u00a0e todas as esp\u00e9cies s\u00e3o primeira cita\u00e7\u00e3o para as \u00e1reas estudadas. Combina\u00e7\u00f5es novas s\u00e3o propostas de acordo com a classifica\u00e7\u00e3o adotada neste trabalho. Para as esp\u00e9cies s\u00e3o apresentadas descri\u00e7\u00f5es, coment\u00e1rios, ilustra\u00e7\u00f5es, fotos em MEV e fotos coloridas dos basidiomas, al\u00e9m de chaves de identifica\u00e7\u00e3o. Ainda, com o intuito de contribuir para futuros estudos filogen\u00e9ticos, sequ\u00eancias do gene LSU e da regi\u00e3o ITS foram obtidas para 16 e nove esp\u00e9cies respectivamente. Os dados obtidos demonstram que o presente trabalho contribuiu significativamente para o conhecimento de\u00a0<em>Entolomataceae<\/em>.<\/p>\n<p style=\"text-align: justify\">Palavras-chave:\u00a0<em>Basidiomycetes<\/em>,\u00a0<em>Agaricales<\/em>, fungos do neotr\u00f3pico, taxonomia, Am\u00e9rica do Sul<\/p>\n<p style=\"text-align: justify\"><a href=\"https:\/\/smastr16.blob.core.windows.net\/pgibt\/2013\/09\/fernanda_karstedt8.jpg\"><img decoding=\"async\" loading=\"lazy\" class=\"aligncenter size-full wp-image-1135\" alt=\"fernanda_karstedt8\" src=\"https:\/\/smastr16.blob.core.windows.net\/pgibt\/2013\/09\/fernanda_karstedt8.jpg\" width=\"810\" height=\"629\" \/><\/a><\/p>\n<hr align=\"center\" noshade=\"noshade\" size=\"1\" width=\"100%\" \/>\n<p style=\"text-align: center\"><a href=\"https:\/\/smastr16.blob.core.windows.net\/pgibt\/2013\/09\/pdf_grande.gif\"><img decoding=\"async\" loading=\"lazy\" class=\"aligncenter size-full wp-image-2313\" style=\"border: 0px\" alt=\"pdf_grande\" src=\"https:\/\/smastr16.blob.core.windows.net\/pgibt\/2013\/09\/pdf_grande.gif\" width=\"60\" height=\"60\" \/><\/a><a href=\"https:\/\/smastr16.blob.core.windows.net\/pgibt\/2013\/09\/Fernanda_Karstedt_MS.pdf\" target=\"_blank\"><em>Fernanda Karstedt<br \/>\nEntolomataceae<\/em>\u00a0em \u00e1reas de Mata Atl\u00e2ntica da regi\u00e3o metropolitana de S\u00e3o Paulo, SP<\/a><\/p>\n<hr align=\"center\" noshade=\"noshade\" size=\"1\" width=\"100%\" \/>\n<p style=\"text-align: center\"><strong>\u00a0<a href=\"https:\/\/www.infraestruturameioambiente.sp.gov.br\/pgibt\/dissertacoesteses\/\">VOLTAR AS DISSERTA\u00c7\u00d5ES E TESES<\/a><\/strong><\/p>\n<hr align=\"center\" noshade=\"noshade\" size=\"1\" width=\"100%\" \/>\n","protected":false},"excerpt":{"rendered":"<p>Fernanda Karstedt\u00a0 Fernanda Karstedt, aluna do Programa de P\u00f3s-Gradua\u00e7\u00e3o em Biodiversidade Vegetal e Meio Ambiente, defendeu no dia 26 de fevereiro de 2010 sua disserta\u00e7\u00e3o intitulada: \u201cEntolomataceae\u00a0em \u00e1reas de Mata Atl\u00e2ntica da regi\u00e3o metropolitana de S\u00e3o Paulo, SP\u201d. A banca examinadora foi composta pela doutoras Marina Capelari (orientadora, IBt), \u00a0\u00a0Maria Alice de Neves (UFPB) e [&hellip;]<\/p>\n","protected":false},"author":1,"featured_media":0,"parent":249,"menu_order":0,"comment_status":"closed","ping_status":"closed","template":"fullpage.php","meta":[],"_links":{"self":[{"href":"https:\/\/www.infraestruturameioambiente.sp.gov.br\/pgibt\/wp-json\/wp\/v2\/pages\/1127"}],"collection":[{"href":"https:\/\/www.infraestruturameioambiente.sp.gov.br\/pgibt\/wp-json\/wp\/v2\/pages"}],"about":[{"href":"https:\/\/www.infraestruturameioambiente.sp.gov.br\/pgibt\/wp-json\/wp\/v2\/types\/page"}],"author":[{"embeddable":true,"href":"https:\/\/www.infraestruturameioambiente.sp.gov.br\/pgibt\/wp-json\/wp\/v2\/users\/1"}],"replies":[{"embeddable":true,"href":"https:\/\/www.infraestruturameioambiente.sp.gov.br\/pgibt\/wp-json\/wp\/v2\/comments?post=1127"}],"version-history":[{"count":0,"href":"https:\/\/www.infraestruturameioambiente.sp.gov.br\/pgibt\/wp-json\/wp\/v2\/pages\/1127\/revisions"}],"up":[{"embeddable":true,"href":"https:\/\/www.infraestruturameioambiente.sp.gov.br\/pgibt\/wp-json\/wp\/v2\/pages\/249"}],"wp:attachment":[{"href":"https:\/\/www.infraestruturameioambiente.sp.gov.br\/pgibt\/wp-json\/wp\/v2\/media?parent=1127"}],"curies":[{"name":"wp","href":"https:\/\/api.w.org\/{rel}","templated":true}]}}