{"id":1123,"date":"2013-09-19T13:27:36","date_gmt":"2013-09-19T16:27:36","guid":{"rendered":"https:\/\/www.infraestruturameioambiente.sp.gov.br\/pgibt\/?page_id=1123"},"modified":"2013-09-19T13:27:36","modified_gmt":"2013-09-19T16:27:36","slug":"2007-flavia-ribeiro-cruz","status":"publish","type":"page","link":"https:\/\/www.infraestruturameioambiente.sp.gov.br\/pgibt\/dissertacoesteses\/2007-flavia-ribeiro-cruz\/","title":{"rendered":"Fl\u00e1via Ribeiro Cruz MS"},"content":{"rendered":"<h2 style=\"text-align: center\"><a href=\"https:\/\/smastr16.blob.core.windows.net\/pgibt\/2015\/02\/faixapos6.jpg\"><img decoding=\"async\" loading=\"lazy\" class=\"aligncenter size-full wp-image-3777\" style=\"border: 0px\" alt=\"faixapos6\" src=\"https:\/\/smastr16.blob.core.windows.net\/pgibt\/2015\/02\/faixapos6.jpg\" width=\"950\" height=\"163\" srcset=\"https:\/\/smastr16.blob.core.windows.net\/pgibt\/2015\/02\/faixapos6.jpg 950w, https:\/\/smastr16.blob.core.windows.net\/pgibt\/2015\/02\/faixapos6-768x131.jpg 768w\" sizes=\"(max-width: 950px) 100vw, 950px\" \/><\/a><\/h2>\n<hr align=\"center\" noshade=\"noshade\" size=\"1\" width=\"100%\" \/>\n<h2 style=\"text-align: center\">Fl\u00e1via Ribeiro Cruz<\/h2>\n<hr align=\"center\" noshade=\"noshade\" size=\"1\" width=\"100%\" \/>\n<p style=\"text-align: center\">Fl\u00e1via Ribeiro Cruz, aluna de p\u00f3s-gradua\u00e7\u00e3o em Biodiversidade Vegetal e Meio Ambiente, do Instituto de Bot\u00e2nica de S\u00e3o Paulo (IBt), bolsista Capes, defendeu no dia 31 de maio de 2007 sua disserta\u00e7\u00e3o de Mestrado intitulada:<br \/>\n&#8220;Sterculiaceae\u00a0Vent. no Estado de S\u00e3o Paulo &#8220;.<\/p>\n<p style=\"text-align: center\">A banca examinadora foi composta pela sua orientadora Dra. Gerleni Lopes Esteves (Instituto de Bot\u00e2nica),\u00a0Dra. Neusa Toroda ( Unesp) e<br \/>\nDra. Maria das Gra\u00e7as Lapa Wanderley (Instituto de Bot\u00e2nica).<\/p>\n<hr align=\"center\" noshade=\"noshade\" size=\"1\" width=\"100%\" \/>\n<h3 style=\"text-align: center\">Sterculiaceae Vent<em>.<\/em>\u00a0no Estado de S\u00e3o Paulo<\/h3>\n<hr align=\"center\" noshade=\"noshade\" size=\"1\" width=\"100%\" \/>\n<h4 style=\"text-align: center\"><strong>RESUMO<\/strong><\/h4>\n<p style=\"text-align: justify\">\u00a0O presente trabalho integra o Projeto &#8220;Flora Fanerog\u00e2mica do Estado de S\u00e3o Paulo&#8221;. Situado numa \u00e1rea de cerca de 250.000 km\u00b2 da regi\u00e3o Sudeste do Brasil, S\u00e3o Paulo possui vegeta\u00e7\u00e3o diversificada, incluindo principalmente floresta ombr\u00f3fila densa, floresta estacional semidecidual e cerrado. No Brasil, ocorrem mais de 14 g\u00eaneros e 160 esp\u00e9cies de Sterculiaceae distribu\u00eddas por todo o pa\u00eds, em maior diversidade nas regi\u00f5es Nordeste e Sudeste. Nesse estudo, baseado no exame de 972 materiais de herb\u00e1rio e na observa\u00e7\u00e3o de popula\u00e7\u00f5es na natureza, foram registrados sete g\u00eaneros e 28 esp\u00e9cies no Estado de S\u00e3o Paulo:\u00a0<em>Ayenia nummularia\u00a0<\/em>Crist\u00f3bal,\u00a0<em>A. praecipua<\/em>\u00a0Crist\u00f3bal,\u00a0<em>A. tomentosa\u00a0<\/em>L.,\u00a0<em>Byttneria australis\u00a0<\/em>A. St.-Hil.,\u00a0<em>B. catalpaefolia<\/em>\u00a0Jacq. subsp.\u00a0<em>sidaefolia\u00a0<\/em>(A. St.-Hil.) Crist\u00f3bal,\u00a0<em>B. gracilipes\u00a0<\/em>Decne. ex Baill.,\u00a0<em>B. hatschbachii\u00a0<\/em>Crist\u00f3bal,\u00a0<em>B. oblongata\u00a0<\/em>Pohl,\u00a0<em>B. palustris\u00a0<\/em>Crist\u00f3bal,\u00a0<em>B. sagittifolia\u00a0<\/em>A. St.-Hil.,\u00a0<em>B. scabra\u00a0<\/em>L.,\u00a0<em>Guazuma ulmifolia\u00a0<\/em>Lam.,\u00a0<em>Helicteres brevispira\u00a0<\/em>A. St.-Hil.,\u00a0<em>H. corylifolia\u00a0<\/em>Nees &amp; Mart.,\u00a0<em>H. lhotzkyana\u00a0<\/em>(Schott &amp; Endl.) K. Schum.,<em>H. ovata\u00a0<\/em>Lam.,\u00a0<em>H. sacarolha\u00a0<\/em>A. St.-Hil., A. Juss. &amp; Cambess.,\u00a0<em>Melochia pilosa\u00a0<\/em>(Mill.) Fawc. &amp; Rendle,\u00a0<em>M. pyramidata\u00a0<\/em>L.,\u00a0<em>M. simplex\u00a0<\/em>A. St.-Hil,<em>M. spicata\u00a0<\/em>(L.) Fryxell,\u00a0<em>Sterculia curiosa\u00a0<\/em>(Vell.) Taroda,\u00a0<em>S. striata\u00a0<\/em>A. St.-Hil. &amp; Naud.,\u00a0<em>Waltheria carpinifolia\u00a0<\/em>A. St.-Hil. &amp; Naud.,\u00a0<em>W. collina\u00a0<\/em>K. Schum.,\u00a0<em>W. communis\u00a0<\/em>A. St.-Hil.,\u00a0<em>W. indica\u00a0<\/em>L. e\u00a0<em>W. viscosissima\u00a0<\/em>A. St.-Hil. Os principais caracteres utilizados na delimita\u00e7\u00e3o dos t\u00e1xons foram: os tipos de h\u00e1bito, colora\u00e7\u00e3o e tipos de tricomas, colora\u00e7\u00e3o, forma, tipos de \u00e1pice, margem e base das l\u00e2minas, posi\u00e7\u00e3o das infloresc\u00eancias, dimens\u00f5es dos lobos do c\u00e1lice, n\u00famero de estames, presen\u00e7a de estamin\u00f3dios e androgin\u00f3foro, forma do tubo, forma e ornamenta\u00e7\u00e3o dos frutos e colora\u00e7\u00e3o das sementes. S\u00e3o apresentadas: chaves de identifica\u00e7\u00e3o, descri\u00e7\u00f5es e ilustra\u00e7\u00f5es, al\u00e9m de coment\u00e1rios sobre variabilidade morfol\u00f3gica, rela\u00e7\u00f5es taxon\u00f4micas e distribui\u00e7\u00e3o geogr\u00e1fica para todos os t\u00e1xons.<\/p>\n<hr align=\"center\" noshade=\"noshade\" size=\"1\" width=\"100%\" \/>\n<p style=\"text-align: center\"><a href=\"https:\/\/smastr16.blob.core.windows.net\/pgibt\/2013\/09\/pdf_grande.gif\"><img decoding=\"async\" loading=\"lazy\" class=\"aligncenter size-full wp-image-2313\" style=\"border: 0px\" alt=\"pdf_grande\" src=\"https:\/\/smastr16.blob.core.windows.net\/pgibt\/2013\/09\/pdf_grande.gif\" width=\"60\" height=\"60\" \/><\/a><a href=\"https:\/\/smastr16.blob.core.windows.net\/pgibt\/2013\/09\/Flavia_Ribeiro_Cruz_MS.pdf\" target=\"_blank\">Fl\u00e1via Ribeiro Cruz<em><br \/>\n<\/em>Sterculiaceae Vent.\u00a0no Estado de S\u00e3o Paulo<\/a><\/p>\n<hr align=\"center\" noshade=\"noshade\" size=\"1\" width=\"100%\" \/>\n<p style=\"text-align: center\"><strong>\u00a0<a href=\"https:\/\/www.infraestruturameioambiente.sp.gov.br\/pgibt\/dissertacoesteses\/\">VOLTAR AS DISSERTA\u00c7\u00d5ES E TESES<\/a><\/strong><\/p>\n<hr align=\"center\" noshade=\"noshade\" size=\"1\" width=\"100%\" \/>\n<h1 style=\"text-align: center\"><\/h1>\n","protected":false},"excerpt":{"rendered":"<p>Fl\u00e1via Ribeiro Cruz Fl\u00e1via Ribeiro Cruz, aluna de p\u00f3s-gradua\u00e7\u00e3o em Biodiversidade Vegetal e Meio Ambiente, do Instituto de Bot\u00e2nica de S\u00e3o Paulo (IBt), bolsista Capes, defendeu no dia 31 de maio de 2007 sua disserta\u00e7\u00e3o de Mestrado intitulada: &#8220;Sterculiaceae\u00a0Vent. no Estado de S\u00e3o Paulo &#8220;. A banca examinadora foi composta pela sua orientadora Dra. Gerleni [&hellip;]<\/p>\n","protected":false},"author":1,"featured_media":0,"parent":249,"menu_order":0,"comment_status":"closed","ping_status":"closed","template":"fullpage.php","meta":[],"_links":{"self":[{"href":"https:\/\/www.infraestruturameioambiente.sp.gov.br\/pgibt\/wp-json\/wp\/v2\/pages\/1123"}],"collection":[{"href":"https:\/\/www.infraestruturameioambiente.sp.gov.br\/pgibt\/wp-json\/wp\/v2\/pages"}],"about":[{"href":"https:\/\/www.infraestruturameioambiente.sp.gov.br\/pgibt\/wp-json\/wp\/v2\/types\/page"}],"author":[{"embeddable":true,"href":"https:\/\/www.infraestruturameioambiente.sp.gov.br\/pgibt\/wp-json\/wp\/v2\/users\/1"}],"replies":[{"embeddable":true,"href":"https:\/\/www.infraestruturameioambiente.sp.gov.br\/pgibt\/wp-json\/wp\/v2\/comments?post=1123"}],"version-history":[{"count":0,"href":"https:\/\/www.infraestruturameioambiente.sp.gov.br\/pgibt\/wp-json\/wp\/v2\/pages\/1123\/revisions"}],"up":[{"embeddable":true,"href":"https:\/\/www.infraestruturameioambiente.sp.gov.br\/pgibt\/wp-json\/wp\/v2\/pages\/249"}],"wp:attachment":[{"href":"https:\/\/www.infraestruturameioambiente.sp.gov.br\/pgibt\/wp-json\/wp\/v2\/media?parent=1123"}],"curies":[{"name":"wp","href":"https:\/\/api.w.org\/{rel}","templated":true}]}}