{"id":1117,"date":"2013-09-19T13:19:05","date_gmt":"2013-09-19T16:19:05","guid":{"rendered":"https:\/\/www.infraestruturameioambiente.sp.gov.br\/pgibt\/?page_id=1117"},"modified":"2013-09-19T13:19:05","modified_gmt":"2013-09-19T16:19:05","slug":"2010-edna-ferreira-rossini","status":"publish","type":"page","link":"https:\/\/www.infraestruturameioambiente.sp.gov.br\/pgibt\/dissertacoesteses\/2010-edna-ferreira-rossini\/","title":{"rendered":"Edna Ferreira Rosini MS"},"content":{"rendered":"<h2 style=\"text-align: center\"><a href=\"https:\/\/smastr16.blob.core.windows.net\/pgibt\/2015\/02\/faixapos6.jpg\"><img decoding=\"async\" loading=\"lazy\" class=\"aligncenter size-full wp-image-3777\" style=\"border: 0px\" alt=\"faixapos6\" src=\"https:\/\/smastr16.blob.core.windows.net\/pgibt\/2015\/02\/faixapos6.jpg\" width=\"950\" height=\"163\" srcset=\"https:\/\/smastr16.blob.core.windows.net\/pgibt\/2015\/02\/faixapos6.jpg 950w, https:\/\/smastr16.blob.core.windows.net\/pgibt\/2015\/02\/faixapos6-768x131.jpg 768w\" sizes=\"(max-width: 950px) 100vw, 950px\" \/><\/a><\/h2>\n<hr align=\"center\" noshade=\"noshade\" size=\"1\" width=\"100%\" \/>\n<h2 style=\"text-align: center\"><span style=\"color: #003300\">Edna Ferreira Rosini<\/span><\/h2>\n<hr align=\"center\" noshade=\"noshade\" size=\"1\" width=\"100%\" \/>\n<p align=\"center\">No dia 24 de fevereiro de 2010, a aluna Edna Ferreira Rosini (Bolsista CNPq), do Programa de P\u00f3s-Gradua\u00e7\u00e3o em Biodiversidade Vegetal\u00a0e Meio Ambiente do<br \/>\nInstituto de Bot\u00e2nica de S\u00e3o Paulo, defendeu sua disserta\u00e7\u00e3o de mestrado intitulada<br \/>\n\u201cFitopl\u00e2ncton de pesqueiros da Regi\u00e3o Metropolitana de S\u00e3o Paulo: levantamento flor\u00edstico\u201d.<\/p>\n<p align=\"center\">A banca examinadora foi composta pelas doutoras Mari\u00e2ngela Menezes (UFRJ),\u00a0Dra. C\u00e9lia Leite Sant\u2019Anna (IBt) e Dra. Andr\u00e9a Tucci (Orientadora\/IBt).\u00a0O trabalho representa o primeiro levantamento taxon\u00f4mico sobre \u00a0o fitopl\u00e2ncton de pesqueiros da Regi\u00e3o Metropolitana de S\u00e3o Paulo, apresentando descri\u00e7\u00f5es,\u00a0ilustra\u00e7\u00f5es e chaves de identifica\u00e7\u00e3o para os 145 t\u00e1xons identificados.<\/p>\n<hr align=\"center\" noshade=\"noshade\" size=\"1\" width=\"100%\" \/>\n<h3 style=\"text-align: center\">Fitopl\u00e2ncton de Pesqueiros da Regi\u00e3o Metropolitana de S\u00e3o Paulo: Levantamento Flor\u00edstico<\/h3>\n<hr align=\"center\" noshade=\"noshade\" size=\"1\" width=\"100%\" \/>\n<h4 style=\"text-align: center\"><strong>RESUMO<\/strong><\/h4>\n<p style=\"text-align: justify\">Pesqueiro \u00e9 um nome gen\u00e9rico atribu\u00eddo a empreendimentos de lagos de pesca esportiva ou recreativa. Esta atividade se expandiu no Estado de S\u00e3o Paulo a partir da d\u00e9cada de 1990. Um dos maiores problemas encontrados nas atividades relacionadas aos pesqueiros \u00e9 a eutrofiza\u00e7\u00e3o da \u00e1gua que, pelo aumento da concentra\u00e7\u00e3o de nutrientes (manejo inadequado e ra\u00e7\u00e3o para alimenta\u00e7\u00e3o dos peixes), resulta em flora\u00e7\u00f5es de algas e cianobact\u00e9rias. Estudos j\u00e1 realizados nesses sistemas enfocaram principalmente quest\u00f5es econ\u00f4micas e ambientais, enquanto que, estudos espec\u00edficos sobre taxonomia de algas e cianobact\u00e9rias n\u00e3o foram realizados. Assim, diante da import\u00e2ncia ecol\u00f3gica e sanit\u00e1ria da ocorr\u00eancia destes microrganismos em ecossistemas aqu\u00e1ticos, o presente trabalho teve como objetivo realizar o levantamento da biodiversidade fitoplanct\u00f4nica em dez pesqueiros da Regi\u00e3o Metropolitana de S\u00e3o Paulo (RMSP). Os sistemas estudados est\u00e3o localizados na bacia hidrogr\u00e1fica do alto rio Tiet\u00ea, que corresponde a uma \u00e1rea de drenagem 7.390 Km2 e abrange 35 munic\u00edpios. Possui aproximadamente 37% de \u00e1rea urbanizada. As coletas foram realizadas em duas \u00e9pocas do ano: setembro\/outubro de 2001 (final do per\u00edodo de estiagem) e fevereiro\/mar\u00e7o de 2002 (final do per\u00edodo chuvoso) (n = 20). Cada pesqueiro recebeu um c\u00f3digo num\u00e9rico. A esta\u00e7\u00e3o de amostragem foi estabelecida pr\u00f3ximo ao centro de cada sistema, cuja profundidade m\u00e9dia variou entre 1,0 e 1,5 metro. As amostras de \u00e1gua para a an\u00e1lise taxon\u00f4mica do fitopl\u00e2ncton foram realizadas na sub-superf\u00edcie da coluna d\u2019\u00e1gua atrav\u00e9s de arrasto horizontal com rede de pl\u00e2ncton com abertura de malha de 20 \u00b5m. Essas amostras foram preservadas em formol a 4%. O estudo do material foi feito ao microsc\u00f3pio fot\u00f4nico, Zeiss Axioplan 2, com c\u00e2mara clara, ret\u00edculo micrometrado e c\u00e2mara fotogr\u00e1fica acoplados. A identifica\u00e7\u00e3o foi realizada em n\u00edvel espec\u00edfico e infraespec\u00edfico, sempre que poss\u00edvel, analisando-se as caracter\u00edsticas morfol\u00f3gicas e m\u00e9tricas das popula\u00e7\u00f5es. Todas as amostras estudadas est\u00e3o depositadas no Herb\u00e1rio do Instituto de Bot\u00e2nica (SP). Foram identificados 145 t\u00e1xons distribu\u00eddos em nove classes, 20 ordens, 34 fam\u00edlias, 73 g\u00eaneros, 144 esp\u00e9cies, 16 variedades e tr\u00eas formas taxon\u00f4micas. A classe com maior riqueza espec\u00edfica foi Chlorophyceae (44%), seguida pelas Bacillariophyceae (17%), Cyanobacteria (16%), Zygnematophyceae (9%), Euglenophyceae (8%), Coscinodiscophyceae (3%), Xanthophyceae (2%), Fragilariophyceae (1,5%) e Dinophyceae (0,5%). Dentre os t\u00e1xons identificados destaca-se Aphanocapsa annulata G.B. McGregor (Chroococcales, Cyanobacteria), por ser a primeira cita\u00e7\u00e3o para o Brasil. Quanto \u00e0 freq\u00fc\u00eancia de ocorr\u00eancia nas amostras analisadas, destaca-se: Dictyosphaerium pulchellum H.C.Wood (Chlorococcales, Chlorophyceae) por ter 90% de frequ\u00eancia de ocorr\u00eancia. Cerca de 50% dos t\u00e1xons identificados ocorreram em apenas 20% das amostras analisadas, ou seja, ocorreram em apenas quatro amostras, indicando que as floras de cada pesqueiro tem uma riqueza particular, muito provavelmente em resposta as caracter\u00edsticas ambientais de cada ambiente. Dentre as cianobact\u00e9rias t\u00f3xicas mais comuns no Brasil, segundo a literatura, destacam-se os g\u00eaneros Microcystis, Radiocystis, Planktothrix, Anabaena e Cylindrospermopsis, todos registrados em pelo menos um dos pesqueiros avaliados. Nas amostras analisadas os grupos fitoflagelados foram raramente encontrados. S\u00e3o apresentadas chaves para identifica\u00e7\u00e3o de g\u00eaneros e esp\u00e9cies registrados nas amostras estudadas.<\/p>\n<p style=\"text-align: justify\">Palavras chave: Pesqueiros, taxonomia, biodiversidade, algas e Chlorophyceae.<\/p>\n<hr align=\"center\" noshade=\"noshade\" size=\"1\" width=\"100%\" \/>\n<p style=\"text-align: center\"><a href=\"https:\/\/smastr16.blob.core.windows.net\/pgibt\/2013\/09\/pdf_grande.gif\"><img decoding=\"async\" loading=\"lazy\" class=\"aligncenter size-full wp-image-2313\" style=\"border: 0px\" alt=\"pdf_grande\" src=\"https:\/\/smastr16.blob.core.windows.net\/pgibt\/2013\/09\/pdf_grande.gif\" width=\"60\" height=\"60\" \/><\/a><a href=\"https:\/\/smastr16.blob.core.windows.net\/pgibt\/2013\/09\/Edna_Ferreira_Rossini_MS.pdf\" target=\"_blank\">Edna Ferreira Rosini<br \/>\nFitopl\u00e2ncton de Pesqueiros da Regi\u00e3o Metropolitana de S\u00e3o Paulo: Levantamento Flor\u00edstico<\/a><\/p>\n<hr align=\"center\" noshade=\"noshade\" size=\"1\" width=\"100%\" \/>\n<p style=\"text-align: center\"><strong>\u00a0<a href=\"https:\/\/www.infraestruturameioambiente.sp.gov.br\/pgibt\/dissertacoesteses\/\">VOLTAR AS DISSERTA\u00c7\u00d5ES E TESES<\/a><\/strong><\/p>\n<hr align=\"center\" noshade=\"noshade\" size=\"1\" width=\"100%\" \/>\n","protected":false},"excerpt":{"rendered":"<p>Edna Ferreira Rosini No dia 24 de fevereiro de 2010, a aluna Edna Ferreira Rosini (Bolsista CNPq), do Programa de P\u00f3s-Gradua\u00e7\u00e3o em Biodiversidade Vegetal\u00a0e Meio Ambiente do Instituto de Bot\u00e2nica de S\u00e3o Paulo, defendeu sua disserta\u00e7\u00e3o de mestrado intitulada \u201cFitopl\u00e2ncton de pesqueiros da Regi\u00e3o Metropolitana de S\u00e3o Paulo: levantamento flor\u00edstico\u201d. A banca examinadora foi composta [&hellip;]<\/p>\n","protected":false},"author":1,"featured_media":0,"parent":249,"menu_order":0,"comment_status":"closed","ping_status":"closed","template":"fullpage.php","meta":[],"_links":{"self":[{"href":"https:\/\/www.infraestruturameioambiente.sp.gov.br\/pgibt\/wp-json\/wp\/v2\/pages\/1117"}],"collection":[{"href":"https:\/\/www.infraestruturameioambiente.sp.gov.br\/pgibt\/wp-json\/wp\/v2\/pages"}],"about":[{"href":"https:\/\/www.infraestruturameioambiente.sp.gov.br\/pgibt\/wp-json\/wp\/v2\/types\/page"}],"author":[{"embeddable":true,"href":"https:\/\/www.infraestruturameioambiente.sp.gov.br\/pgibt\/wp-json\/wp\/v2\/users\/1"}],"replies":[{"embeddable":true,"href":"https:\/\/www.infraestruturameioambiente.sp.gov.br\/pgibt\/wp-json\/wp\/v2\/comments?post=1117"}],"version-history":[{"count":0,"href":"https:\/\/www.infraestruturameioambiente.sp.gov.br\/pgibt\/wp-json\/wp\/v2\/pages\/1117\/revisions"}],"up":[{"embeddable":true,"href":"https:\/\/www.infraestruturameioambiente.sp.gov.br\/pgibt\/wp-json\/wp\/v2\/pages\/249"}],"wp:attachment":[{"href":"https:\/\/www.infraestruturameioambiente.sp.gov.br\/pgibt\/wp-json\/wp\/v2\/media?parent=1117"}],"curies":[{"name":"wp","href":"https:\/\/api.w.org\/{rel}","templated":true}]}}