{"id":1114,"date":"2013-09-19T13:13:09","date_gmt":"2013-09-19T16:13:09","guid":{"rendered":"https:\/\/www.infraestruturameioambiente.sp.gov.br\/pgibt\/?page_id=1114"},"modified":"2013-09-19T13:13:09","modified_gmt":"2013-09-19T16:13:09","slug":"2010-cynthia-hering-rinnert","status":"publish","type":"page","link":"https:\/\/www.infraestruturameioambiente.sp.gov.br\/pgibt\/dissertacoesteses\/2010-cynthia-hering-rinnert\/","title":{"rendered":"Cynthia Hering Rinnert DR"},"content":{"rendered":"<h2 style=\"text-align: center\"><a href=\"https:\/\/smastr16.blob.core.windows.net\/pgibt\/2015\/02\/faixapos6.jpg\"><img decoding=\"async\" loading=\"lazy\" class=\"aligncenter size-full wp-image-3777\" style=\"border: 0px\" alt=\"faixapos6\" src=\"https:\/\/smastr16.blob.core.windows.net\/pgibt\/2015\/02\/faixapos6.jpg\" width=\"950\" height=\"163\" srcset=\"https:\/\/smastr16.blob.core.windows.net\/pgibt\/2015\/02\/faixapos6.jpg 950w, https:\/\/smastr16.blob.core.windows.net\/pgibt\/2015\/02\/faixapos6-768x131.jpg 768w\" sizes=\"(max-width: 950px) 100vw, 950px\" \/><\/a><\/h2>\n<hr align=\"center\" noshade=\"noshade\" size=\"1\" width=\"100%\" \/>\n<h2 style=\"text-align: center\"><span style=\"color: #003300\">Cynthia Hering Rinnert\u00a0<\/span><\/h2>\n<hr align=\"center\" noshade=\"noshade\" size=\"1\" width=\"100%\" \/>\n<p style=\"text-align: center\">No dia 25 de fevereiro de 2010, Cynthia Hering Rinnert, aluna de P\u00f3s-gradua\u00e7\u00e3o do Instituto de Bot\u00e2nica da secretaria do Meio Ambiente do Estado de S\u00e3o Paulo, sob a orienta\u00e7\u00e3o da Dr\u00aa Solange Cristina Mazzoni-Viveiros, defendeu sua tese de doutorado intitulada<\/p>\n<p style=\"text-align: center\">\u201cAn\u00e1lise estrutural de folhas de\u00a0<em>Senna multijuga\u00a0<\/em>subsp.<em>\u00a0lindleyana<\/em>\u00a0(Gardner) H.S. Irwin &amp; Barneby (Leguminosae, Caesalpinioideae) e lo<br \/>\ncaliza\u00e7\u00e3o\u00a0<em>in situ<\/em>\u00a0de compostos com a\u00e7\u00e3o biol\u00f3gica de interesse farmacol\u00f3gico\u201d.<\/p>\n<p style=\"text-align: center\">A banca examinadora foi composta pela Dr\u00aa Solange Cristina Mazzoni-Viveiros (N\u00facleo de Pesquisa em Anatomia\/IBt), Dr\u00aa Adriana Hissae Hayashi (N\u00facleo de Pesquisa em Anatomia\/IBt), Dr\u00aa Maria Cl\u00e1udia Marx Young (Se\u00e7\u00e3o de Fisiologia de Plantas\/IBt), Dr\u00aa Simone de P\u00e1dua Teixeira (Depto de Ci\u00eancias Farmac\u00eauticas, FCFRP\/USP) e Dr. Pauto Roberto H. Moreno (Depto. de Qu\u00edmica Fundamental, USP).<br \/>\nEste estudo buscou caracterizar a organiza\u00e7\u00e3o estrutural das folhas de\u00a0<em>Senna multijuga\u00a0<\/em>subsp.<em>\u00a0Lindleyana<\/em>,<br \/>\nverificar quais compostos secund\u00e1rios ocorrem em suas folhas e em que tecidos s\u00e3o encontrados.<br \/>\nForam observados pela primeira vez, o padr\u00e3o de vena\u00e7\u00e3o, a exist\u00eancia de dom\u00e1cias caracterizadas pela margem revoluta na base dos fol\u00edolos, pr\u00f3ximo ao nect\u00e1rio extrafloral, a presen\u00e7a de tricomas tectores multicelulares e de tricomas glandulares capitados,<br \/>\nal\u00e9m de nova descri\u00e7\u00e3o para o padr\u00e3o estom\u00e1tico.<br \/>\nTestes histoqu\u00edmicos indicaram a presen\u00e7a de alcal\u00f3ides exclusivamente no tecido floem\u00e1tico, compostos fen\u00f3licos gerais nos diversos par\u00eanquimas da folha, flavon\u00f3ides nos tricomas tectores, epiderme e par\u00eanquima clorofiliano, cumarinas no mesofilo foliolar, lip\u00eddios \u00e1cidos na epiderme e par\u00eanquima lacunoso, polissacar\u00eddeos em c\u00e9lulas parenquim\u00e1ticas, taninos em idioblastos secretores, e terpenos na epiderme e em c\u00e9lulas parenquim\u00e1ticas, todos observados em fol\u00edolos, raquis, nect\u00e1rio extrafloral e pec\u00edolo. H\u00e1 evid\u00eancias de que, \u00e0 exce\u00e7\u00e3o dos alcal\u00f3ides, as demais subst\u00e2ncias ocorrem geralmente em idioblastos de secre\u00e7\u00e3o mista.<br \/>\nAs informa\u00e7\u00f5es obtidas neste trabalho estimulam a realiza\u00e7\u00e3o de pesquisas multidisciplinares, necess\u00e1rias para superar alguns obst\u00e1culos metodol\u00f3gicos e obter resultados mais completos no \u00e2mbito da bioprospec\u00e7\u00e3o de plantas com interesse farmacol\u00f3gico.<\/p>\n<hr align=\"center\" noshade=\"noshade\" size=\"1\" width=\"100%\" \/>\n<h3 style=\"text-align: center\">An\u00e1lise estrutural de folhas de<em>\u00a0Senna multijuga<\/em>\u00a0subsp. lindleyana (Gardner) H.S. Irwin &amp; Barneby<br \/>\n(Leguminosae, Caesalpinioideae) e localiza\u00e7\u00e3o\u00a0<em>in situ<\/em>\u00a0de compostos<br \/>\ncom a\u00e7\u00e3o biol\u00f3gica de interesse farmacol\u00f3gico.<\/h3>\n<hr align=\"center\" noshade=\"noshade\" size=\"1\" width=\"100%\" \/>\n<h4 style=\"text-align: center\"><strong>RESUMO<\/strong><\/h4>\n<p style=\"text-align: justify\"><em>Senna multijuga<\/em>\u00a0subsp.\u00a0<i>lindleyana<\/i>\u00a0(Gardner) H.S. Irwin &amp; Barneby \u2013 Leguminosae \u00e9 objeto de estudos de bioprospec\u00e7\u00e3o farmacol\u00f3gica, mas faltam informa\u00e7\u00f5es estruturais, histoqu\u00edmicas e fitoqu\u00edmicas. Estudos anteriores indicaram ser a folha o \u00f3rg\u00e3o com maior quantidade de compostos bioativos, justificando sua escolha para a realiza\u00e7\u00e3o deste trabalho. Foram confirmadas caracter\u00edsticas estruturais j\u00e1 descritas: epiderme uniestratificada, mesofilo hipoestom\u00e1tico, presen\u00e7a de cristais e grande quantidade de idioblastos secretores. Al\u00e9m disso, foram observados pela primeira vez, o padr\u00e3o de vena\u00e7\u00e3o, a exist\u00eancia de dom\u00e1cias caracterizadas pela margem revoluta na base dos fol\u00edolos, pr\u00f3ximo ao nect\u00e1rio extrafloral, a presen\u00e7a de tricomas tectores multicelulares e de tricomas glandulares capitados, al\u00e9m de nova descri\u00e7\u00e3o para o padr\u00e3o estom\u00e1tico. Testes histoqu\u00edmicos indicaram a presen\u00e7a de alcal\u00f3ides exclusivamente no tecido floem\u00e1tico, compostos fen\u00f3licos gerais nos diversos par\u00eanquimas da folha, flavon\u00f3ides nos tricomas tectores, epiderme e par\u00eanquima clorofiliano, cumarinas no mesofilo foliolar, lip\u00eddios \u00e1cidos na epiderme e par\u00eanquima lacunoso, polissacar\u00eddeos em c\u00e9lulas parenquim\u00e1ticas, taninos em idioblastos secretores, e terpenos na epiderme e em c\u00e9lulas parenquim\u00e1ticas, todos observados em fol\u00edolos, raquis, nect\u00e1rio extrafloral e pec\u00edolo. H\u00e1 evid\u00eancias de que, \u00e0 exce\u00e7\u00e3o dos alcal\u00f3ides, as demais subst\u00e2ncias ocorrem geralmente em idioblastos de secre\u00e7\u00e3o mista. A an\u00e1lise fitoqu\u00edmica preliminar das folhas corroborou a presen\u00e7a de alcal\u00f3ides e flavon\u00f3ides e evidenciou cumarinas, heteros\u00eddeos cardioativos, saponinas e taninos. Com rela\u00e7\u00e3o aos m\u00e9todos utilizados, amostras armazenadas em etanol 70% sofreram extra\u00e7\u00e3o de compostos secund\u00e1rios, n\u00e3o sendo adequadas aos testes. A fixa\u00e7\u00e3o em formalina neutra tamponada (FNT) seguida de corte \u00e0 m\u00e3o livre e da rea\u00e7\u00e3o com iodoplatinato forneceu os melhores resultados para alcal\u00f3ides, enquanto os materiais emblocados em Paraplast para confeccionar l\u00e2minas permanentes n\u00e3o se mostraram adequados para histolocalizar essas subst\u00e2ncias. Flavon\u00f3ides foram observados em material fresco e em material fixado em FNT. Diferentes testes para taninos apresentaram resultados semelhantes, contrariando dados de literatura. As informa\u00e7\u00f5es obtidas neste trabalho estimulam a realiza\u00e7\u00e3o de pesquisas multidisciplinares, necess\u00e1rias para superar alguns obst\u00e1culos metodol\u00f3gicos e obter resultados mais completos no \u00e2mbito da bioprospec\u00e7\u00e3o de plantas com interesse farmacol\u00f3gico.<\/p>\n<p style=\"text-align: justify\">Palavras chave: Senna multijuga, anatomia, histoqu\u00edmica, fitoqu\u00edmica.<\/p>\n<hr align=\"center\" noshade=\"noshade\" size=\"1\" width=\"100%\" \/>\n<p style=\"text-align: center\"><a href=\"https:\/\/smastr16.blob.core.windows.net\/pgibt\/2013\/09\/pdf_grande.gif\"><img decoding=\"async\" loading=\"lazy\" class=\"aligncenter size-full wp-image-2313\" style=\"border: 0px\" alt=\"pdf_grande\" src=\"https:\/\/smastr16.blob.core.windows.net\/pgibt\/2013\/09\/pdf_grande.gif\" width=\"60\" height=\"60\" \/><\/a><\/p>\n<p style=\"text-align: center\"><a href=\"https:\/\/smastr16.blob.core.windows.net\/pgibt\/2013\/09\/Cynthia_Hering_Rinnert_DR.pdf\" target=\"_blank\">Cynthia Hering Rinnert<br \/>\nAn\u00e1lise estrutural de folhas de<em> Senna multijuga<\/em> subsp. <em>lindleyana<\/em> (Gardner) H.S. Irwin &amp; Barneby (Leguminosae, Caesalpinioideae) e<br \/>\nlocaliza\u00e7\u00e3o <em>in situ<\/em> de compostos com a\u00e7\u00e3o biol\u00f3gica de interesse farmacol\u00f3gico.<\/a><\/p>\n<p>&nbsp;<\/p>\n<hr align=\"center\" noshade=\"noshade\" size=\"1\" width=\"100%\" \/>\n<p style=\"text-align: center\"><strong>\u00a0<a href=\"https:\/\/www.infraestruturameioambiente.sp.gov.br\/pgibt\/dissertacoesteses\/\">VOLTAR AS DISSERTA\u00c7\u00d5ES E TESES<\/a><\/strong><\/p>\n<hr align=\"center\" noshade=\"noshade\" size=\"1\" width=\"100%\" \/>\n","protected":false},"excerpt":{"rendered":"<p>Cynthia Hering Rinnert\u00a0 No dia 25 de fevereiro de 2010, Cynthia Hering Rinnert, aluna de P\u00f3s-gradua\u00e7\u00e3o do Instituto de Bot\u00e2nica da secretaria do Meio Ambiente do Estado de S\u00e3o Paulo, sob a orienta\u00e7\u00e3o da Dr\u00aa Solange Cristina Mazzoni-Viveiros, defendeu sua tese de doutorado intitulada \u201cAn\u00e1lise estrutural de folhas de\u00a0Senna multijuga\u00a0subsp.\u00a0lindleyana\u00a0(Gardner) H.S. Irwin &amp; Barneby (Leguminosae, [&hellip;]<\/p>\n","protected":false},"author":1,"featured_media":0,"parent":249,"menu_order":0,"comment_status":"closed","ping_status":"closed","template":"fullpage.php","meta":[],"_links":{"self":[{"href":"https:\/\/www.infraestruturameioambiente.sp.gov.br\/pgibt\/wp-json\/wp\/v2\/pages\/1114"}],"collection":[{"href":"https:\/\/www.infraestruturameioambiente.sp.gov.br\/pgibt\/wp-json\/wp\/v2\/pages"}],"about":[{"href":"https:\/\/www.infraestruturameioambiente.sp.gov.br\/pgibt\/wp-json\/wp\/v2\/types\/page"}],"author":[{"embeddable":true,"href":"https:\/\/www.infraestruturameioambiente.sp.gov.br\/pgibt\/wp-json\/wp\/v2\/users\/1"}],"replies":[{"embeddable":true,"href":"https:\/\/www.infraestruturameioambiente.sp.gov.br\/pgibt\/wp-json\/wp\/v2\/comments?post=1114"}],"version-history":[{"count":0,"href":"https:\/\/www.infraestruturameioambiente.sp.gov.br\/pgibt\/wp-json\/wp\/v2\/pages\/1114\/revisions"}],"up":[{"embeddable":true,"href":"https:\/\/www.infraestruturameioambiente.sp.gov.br\/pgibt\/wp-json\/wp\/v2\/pages\/249"}],"wp:attachment":[{"href":"https:\/\/www.infraestruturameioambiente.sp.gov.br\/pgibt\/wp-json\/wp\/v2\/media?parent=1114"}],"curies":[{"name":"wp","href":"https:\/\/api.w.org\/{rel}","templated":true}]}}