{"id":1085,"date":"2013-09-18T16:34:50","date_gmt":"2013-09-18T19:34:50","guid":{"rendered":"https:\/\/www.infraestruturameioambiente.sp.gov.br\/pgibt\/?page_id=1085"},"modified":"2013-09-18T16:34:50","modified_gmt":"2013-09-18T19:34:50","slug":"2010-ana-paula-lopes-dias","status":"publish","type":"page","link":"https:\/\/www.infraestruturameioambiente.sp.gov.br\/pgibt\/dissertacoesteses\/2010-ana-paula-lopes-dias\/","title":{"rendered":"Ana Paula Lopes Dias MS"},"content":{"rendered":"<h2 style=\"text-align: center\"><a href=\"https:\/\/smastr16.blob.core.windows.net\/pgibt\/2015\/02\/faixapos6.jpg\"><img decoding=\"async\" loading=\"lazy\" class=\"aligncenter size-full wp-image-3777\" style=\"border: 0px\" alt=\"faixapos6\" src=\"https:\/\/smastr16.blob.core.windows.net\/pgibt\/2015\/02\/faixapos6.jpg\" width=\"950\" height=\"163\" srcset=\"https:\/\/smastr16.blob.core.windows.net\/pgibt\/2015\/02\/faixapos6.jpg 950w, https:\/\/smastr16.blob.core.windows.net\/pgibt\/2015\/02\/faixapos6-768x131.jpg 768w\" sizes=\"(max-width: 950px) 100vw, 950px\" \/><\/a><\/h2>\n<hr align=\"center\" noshade=\"noshade\" size=\"1\" width=\"100%\" \/>\n<h2 style=\"text-align: center\"><span style=\"color: #003300\">Ana Paula Lopes Dias<\/span><\/h2>\n<hr align=\"center\" noshade=\"noshade\" size=\"1\" width=\"100%\" \/>\n<p style=\"text-align: center\">Ana Paula Lopes Dias defendeu sua disserta\u00e7\u00e3o de mestrado em 26 de fevereiro de 2010 intitulada<br \/>\n\u201cVaria\u00e7\u00f5es na capacidade de oxi-redu\u00e7\u00e3o em plantas de<em> Nicotiana tabacum<\/em> \u2018Bel W3\u2019 expostas em ambiente contaminado por oz\u00f4nio&#8221;.<\/p>\n<p style=\"text-align: center\">A banca examinadora foi composta pela sua orientadora Profa. Dra. Marisa Domingos, Profa. Dra. Catarina Carvalho Nievola e Prof. Dr. Renato Rodrigues Ferreira.<\/p>\n<hr align=\"center\" noshade=\"noshade\" size=\"1\" width=\"100%\" \/>\n<h3 style=\"text-align: center\">Varia\u00e7\u00f5es na capacidade de oxi-redu\u00e7\u00e3o em plantas de\u00a0<em>Nicotiana tabacum<\/em>\u00a0\u2018Bel-W3\u2019<br \/>\nexpostas em ambiente contaminado por oz\u00f4nio<\/h3>\n<hr align=\"center\" noshade=\"noshade\" size=\"1\" width=\"100%\" \/>\n<h4 style=\"text-align: center\"><strong>RESUMO<\/strong><\/h4>\n<p style=\"text-align: justify\">A fam\u00edlia Polypodiaceae (J. Presl) agrupa 56 g\u00eaneros e cerca de 1200 esp\u00e9cies, e \u00e9 bastante diversificada morfologicamente, n\u00e3o podendo ser definida apenas por uma \u00fanica caracter\u00edstica. Estudos filogen\u00e9ticos a partir de dados morfol\u00f3gicos e moleculares propuseram uma reorganiza\u00e7\u00e3o do grupo e resultaram em um novo sistema de classifica\u00e7\u00e3o na fam\u00edlia. O g\u00eanero\u00a0<em>Serpocaulon<\/em>\u00a0A.R. Sm. foi segregado de\u00a0<em>Polypodium\u00a0<\/em>L., com cerca de 42 esp\u00e9cies, como uma linhagem monofil\u00e9tica de esp\u00e9cies exclusivamente neotropical. Foi estudada a morfologia dos esporos das 16 esp\u00e9cies que ocorrem no Brasil, aprimorando a sistem\u00e1tica e a compreens\u00e3o das complexas rela\u00e7\u00f5es filogen\u00e9ticas da fam\u00edlia Polypodiaceae:\u00a0<em>Serpocaulon adnatum\u00a0<\/em>(Kunze ex Klotzsch) A.R. Sm.<em>, S. attenuatum\u00a0<\/em>(Humb. &amp; Bonpl. ex Willd.) A.R. Sm.<em>, S. caceresii\u00a0<\/em>(Sodiro) A.R. Sm.,<em>\u00a0S. catharinae\u00a0<\/em>(Langsd. &amp; Fisch.) A.R. Sm.<em>, S. fraxinifolium\u00a0<\/em>(Jacq.) A.R. Sm.<em>, S. giganteum\u00a0<\/em>(Desv.) A.R. Sm.<em>, S. glandulosissimum\u00a0<\/em>(Brade) Labiak &amp; J. Prado<em>, S. latipes\u00a0<\/em>(Langsd. &amp; Fisch.) A.R. Sm.<em>, S. levigatum\u00a0<\/em>(Cav.) A.R. Sm.<em>, S. meniscifolium\u00a0<\/em>(Langsd. &amp; Fisch.) A.R. Sm.<em>, S. mexiae\u00a0<\/em>(Copel.) A.R. Sm.<em>, S. panorense\u00a0<\/em>(C. Chr.) A.R. Sm.<em>, S. richardii\u00a0<\/em>(Klotzsch) A.R. Sm.<em>, S. sehnemii\u00a0<\/em>(Pic. Serm.) Labiak &amp; J. Prado<em>, S. triseriale\u00a0<\/em>(Sw.) A.R. Sm.e<em>\u00a0S. vacillans\u00a0<\/em>(Link) A.R. Sm. Os materiais foram obtidos de plantas herborizadas procedentes de exsicatas dos herb\u00e1rios ESA, HRCB, INPA, MBM, RB, RBR, SP, UEC, UPCB. Os esporos foram acetolisados, medidos e fotografados sob microscopia \u00f3ptica e eletr\u00f4nica de varredura. N\u00e3o foram considerados materiais padr\u00e3o e compara\u00e7\u00e3o no presente estudo, j\u00e1 que se pretendia analisar a varia\u00e7\u00e3o morfol\u00f3gica entre os esp\u00e9cimes a partir de dados morfol\u00f3gicos e estat\u00edsticos. As medidas receberam tratamentos estat\u00edsticos descritivos e atrav\u00e9s da ordena\u00e7\u00e3o dos componentes principais (PCA), em que foram tratadas as vari\u00e1veis m\u00e9tricas dos di\u00e2metros, fitofisionomias e ornamenta\u00e7\u00e3o visando avaliar se estes permitiam a delimita\u00e7\u00e3o de t\u00e1xons. Os esporos de\u00a0<em>Serpocaulon\u00a0<\/em>s\u00e3o monoletes, grandes, com les\u00e3o medindo aproximadamente \u00bd do di\u00e2metro equatorial maior. A superf\u00edcie \u00e9 recoberta por verrugas que variam em altura, largura e adensamento sobre o exosporo, permitindo a distin\u00e7\u00e3o de nove grupos de esp\u00e9cies e auxiliando nas delimita\u00e7\u00f5es intraespec\u00edficas. A morfologia dos esporos n\u00e3o separa\u00a0<em>Serpocaulon<\/em>\u00a0A.R. Sm. de\u00a0<em>Polypodium<\/em>\u00a0L., j\u00e1 que em ambos os esporos s\u00e3o monoletes e ornamentados por verrugas. Ainda, este trabalho tamb\u00e9m n\u00e3o indica o monofiletismo de\u00a0<em>Serpocaulon<\/em>, mas em contrapartida, corrobora a monofilia do clado neotropical de Schneider\u00a0<em>et al.<\/em>\u00a0(2004).<\/p>\n<p style=\"text-align: justify\">Palavras-chave: Serpocaulon, esporos, morfologia, palinologia, Samambaias.<\/p>\n\n<p style=\"text-align: center\">Inj\u00farias foliares vis\u00edveis em <em>N. tabacum<\/em> Bel W3 observadas durante o per\u00edodo de estudo. Folha em est\u00e1gio inicial.<br \/>\nFolha em est\u00e1gio avan\u00e7ado e planta vista de cima, danos iniciam-se nas folhas mais velhas, folhas jovens sem danos.<\/p>\n<hr align=\"center\" noshade=\"noshade\" size=\"1\" width=\"100%\" \/>\n<p style=\"text-align: center\"><a href=\"https:\/\/smastr16.blob.core.windows.net\/pgibt\/2013\/09\/pdf_grande.gif\"><img decoding=\"async\" loading=\"lazy\" class=\"aligncenter size-full wp-image-2313\" style=\"border: 0px\" alt=\"pdf_grande\" src=\"https:\/\/smastr16.blob.core.windows.net\/pgibt\/2013\/09\/pdf_grande.gif\" width=\"60\" height=\"60\" \/><\/a><a href=\"https:\/\/smastr16.blob.core.windows.net\/pgibt\/2013\/09\/Ana_Paula_Lopes_Dias_MS.pdf\" target=\"_blank\">Ana Paula Lopes Dias<br \/>\nVaria\u00e7\u00f5es na capacidade de oxi-redu\u00e7\u00e3o em plantas de<em> Nicotiana tabacum<\/em> \u2018Bel-W3\u2019 expostas em ambiente contaminado por oz\u00f4nio<\/a><\/p>\n<hr align=\"center\" noshade=\"noshade\" size=\"1\" width=\"100%\" \/>\n<p style=\"text-align: center\"><strong>\u00a0<a href=\"https:\/\/www.infraestruturameioambiente.sp.gov.br\/pgibt\/dissertacoesteses\/\">VOLTAR AS DISSERTA\u00c7\u00d5ES E TESES<\/a><\/strong><\/p>\n<hr align=\"center\" noshade=\"noshade\" size=\"1\" width=\"100%\" \/>\n","protected":false},"excerpt":{"rendered":"<p>Ana Paula Lopes Dias Ana Paula Lopes Dias defendeu sua disserta\u00e7\u00e3o de mestrado em 26 de fevereiro de 2010 intitulada \u201cVaria\u00e7\u00f5es na capacidade de oxi-redu\u00e7\u00e3o em plantas de Nicotiana tabacum \u2018Bel W3\u2019 expostas em ambiente contaminado por oz\u00f4nio&#8221;. A banca examinadora foi composta pela sua orientadora Profa. Dra. Marisa Domingos, Profa. Dra. Catarina Carvalho Nievola [&hellip;]<\/p>\n","protected":false},"author":1,"featured_media":0,"parent":249,"menu_order":0,"comment_status":"closed","ping_status":"closed","template":"fullpage.php","meta":[],"_links":{"self":[{"href":"https:\/\/www.infraestruturameioambiente.sp.gov.br\/pgibt\/wp-json\/wp\/v2\/pages\/1085"}],"collection":[{"href":"https:\/\/www.infraestruturameioambiente.sp.gov.br\/pgibt\/wp-json\/wp\/v2\/pages"}],"about":[{"href":"https:\/\/www.infraestruturameioambiente.sp.gov.br\/pgibt\/wp-json\/wp\/v2\/types\/page"}],"author":[{"embeddable":true,"href":"https:\/\/www.infraestruturameioambiente.sp.gov.br\/pgibt\/wp-json\/wp\/v2\/users\/1"}],"replies":[{"embeddable":true,"href":"https:\/\/www.infraestruturameioambiente.sp.gov.br\/pgibt\/wp-json\/wp\/v2\/comments?post=1085"}],"version-history":[{"count":0,"href":"https:\/\/www.infraestruturameioambiente.sp.gov.br\/pgibt\/wp-json\/wp\/v2\/pages\/1085\/revisions"}],"up":[{"embeddable":true,"href":"https:\/\/www.infraestruturameioambiente.sp.gov.br\/pgibt\/wp-json\/wp\/v2\/pages\/249"}],"wp:attachment":[{"href":"https:\/\/www.infraestruturameioambiente.sp.gov.br\/pgibt\/wp-json\/wp\/v2\/media?parent=1085"}],"curies":[{"name":"wp","href":"https:\/\/api.w.org\/{rel}","templated":true}]}}