{"id":1072,"date":"2013-09-18T16:13:42","date_gmt":"2013-09-18T19:13:42","guid":{"rendered":"https:\/\/www.infraestruturameioambiente.sp.gov.br\/pgibt\/?page_id=1072"},"modified":"2013-09-18T16:13:42","modified_gmt":"2013-09-18T19:13:42","slug":"2011-tulio-luiz-laitano-penha","status":"publish","type":"page","link":"https:\/\/www.infraestruturameioambiente.sp.gov.br\/pgibt\/dissertacoesteses\/2011-tulio-luiz-laitano-penha\/","title":{"rendered":"T\u00falio Luiz Laitano Penha MS"},"content":{"rendered":"<h2 style=\"text-align: center\"><a href=\"https:\/\/smastr16.blob.core.windows.net\/pgibt\/2015\/02\/faixapos6.jpg\"><img decoding=\"async\" loading=\"lazy\" class=\"aligncenter size-full wp-image-3777\" style=\"border: 0px\" alt=\"faixapos6\" src=\"https:\/\/smastr16.blob.core.windows.net\/pgibt\/2015\/02\/faixapos6.jpg\" width=\"950\" height=\"163\" srcset=\"https:\/\/smastr16.blob.core.windows.net\/pgibt\/2015\/02\/faixapos6.jpg 950w, https:\/\/smastr16.blob.core.windows.net\/pgibt\/2015\/02\/faixapos6-768x131.jpg 768w\" sizes=\"(max-width: 950px) 100vw, 950px\" \/><\/a><\/h2>\n<hr align=\"center\" noshade=\"noshade\" size=\"1\" width=\"100%\" \/>\n<h2 style=\"text-align: center\">T\u00falio Luiz Laitano Penha<\/h2>\n<hr align=\"center\" noshade=\"noshade\" size=\"1\" width=\"100%\" \/>\n<p style=\"text-align: center\">No dia 25 de fevereiro de 2011 defendeu sua disserta\u00e7\u00e3o de Mestrado o bi\u00f3logo T\u00falio Luiz Laitano Penha. A defesa ocorreu \u00e0s 9:00h tendo como membros da banca a Dra. In\u00eas Cordeiro, como membro interno ao programa, a Dra. Samantha Koehler, da Universidade Federal de S\u00e3o Paulo, campus Diadema e o orientador Dr. Eduardo Luis Martins Catharino. Durante a arg\u00fci\u00e7\u00e3o foi destacada a originalidade do trabalho, notadamente no tocante a conserva\u00e7\u00e3o de esp\u00e9cies amea\u00e7adas, cuja interface com a taxonomia foi real\u00e7ada, como importante contribui\u00e7\u00e3o ao conhecimento e conserva\u00e7\u00e3o de esp\u00e9cies da flora amea\u00e7ada de extin\u00e7\u00e3o.<br \/>\nA disserta\u00e7\u00e3o foi aprovada pelos membros da banca.<\/p>\n<hr align=\"center\" noshade=\"noshade\" size=\"1\" width=\"100%\" \/>\n<h3 style=\"text-align: center\">Taxonomia e conserva\u00e7\u00e3o de<em>\u00a0Kleberiella\u00a0<\/em>V. P. Castro &amp; Cath. (Orchidaceae, Oncidiinae)<\/h3>\n<hr align=\"center\" noshade=\"noshade\" size=\"1\" width=\"100%\" \/>\n<h4 style=\"text-align: center\"><strong>RESUMO<\/strong><\/h4>\n<p style=\"text-align: justify\">A fam\u00edlia Orchidaceae possui muitas esp\u00e9cies com inconsist\u00eancia taxon\u00f4mica, o que pode ser observado em v\u00e1rios complexos de esp\u00e9cies, como no caso de\u00a0<em>Kleberiella<\/em>. Este complexo de esp\u00e9cies se encontravam inicialmente em\u00a0<em>Oncidium<\/em>. Entretanto, filogeneticamente as esp\u00e9cies deste complexo s\u00e3o distantes da esp\u00e9cie tipo de\u00a0<em>Oncidium<\/em>\u00a0e foram transferidas para\u00a0<em>Alatiglossum<\/em>. No mesmo ano\u00a0<em>Alatiglossum<\/em>\u00a0foi segregado em tr\u00eas g\u00eaneros sendo descrito\u00a0<em>Kleberiella<\/em>\u00a0para abrigar as esp\u00e9cies de infloresc\u00eancias curtas e racemosas. A circunscri\u00e7\u00e3o gen\u00e9rica e a delimita\u00e7\u00e3o espec\u00edfica no grupo \u00e9 muito complexa, tanto que duas das seis esp\u00e9cies do g\u00eanero s\u00f3 foram descritas recentemente e apresentam poucos caracteres para sua diagnose. No presente trabalho objetivamos: (1) levantar caracter\u00edsticas que apresentem descontinuidade morfol\u00f3gica e que possam ser empregadas na delimita\u00e7\u00e3o taxon\u00f4mica de esp\u00e9cies do g\u00eanero\u00a0<em>Kleberiella<\/em>, procurando definir quantas esp\u00e9cies podem ser caracterizadas morfologicamente; (2) realizar a contagem do n\u00famero de cromossomos das esp\u00e9cies reconhecidas em\u00a0<em>Kleberiella<\/em>\u00a0e de grupos afins;(3) efetuar uma sinopse do g\u00eanero com descri\u00e7\u00f5es padronizadas, ilustra\u00e7\u00f5es, interpreta\u00e7\u00e3o da distribui\u00e7\u00e3o geogr\u00e1fica, elabora\u00e7\u00e3o de chave para a identifica\u00e7\u00e3o das esp\u00e9cies e inferir sobre o prov\u00e1vel \u201c<em>status\u201d<\/em>\u00a0de conserva\u00e7\u00e3o das sua esp\u00e9cies<em>.<\/em>\u00a0Para tal, analisamos 90 caracter\u00edsticas de 91 materiais vivos e 67 exsicatas utilizando m\u00e9todos de an\u00e1lises multivariadas, PCA, UPGMA e NMS, com coeficiente de dist\u00e2ncia de Bray-Curtis. Para a contagem cromoss\u00f4mica das esp\u00e9cies utilizou-se meristemas radiculares tratados com anti-mit\u00f3tico (8-hidroxiquinole\u00edna) por 24h em geladeira e fixados em Farmer. As c\u00e9lulas foram coradas seguindo a t\u00e9cnica de Giemsa. As l\u00e2minas confeccionadas foram fotografadas para facilitar a contagem e apresenta\u00e7\u00e3o dos resultados. A an\u00e1lise taxon\u00f4mica foi feita com base em literatura e consulta ampla a materiais secos e vivos. Para inferir sobre o \u201c<em>status<\/em>\u201d de conserva\u00e7\u00e3o das esp\u00e9cies baseou-se nos crit\u00e9rios e categorias IUCN adaptados. Verificou-se que as caracter\u00edsticas utilizadas tradicionalmente para delimitar esp\u00e9cies do grupo apresentam grande sobreposi\u00e7\u00e3o entre os t\u00e1xons. No entanto, levantamos 19 caracteres \u00fateis na delimita\u00e7\u00e3o entre as esp\u00e9cies sendo que 12 foram levantadas neste trabalho, como o comprimento da coluna, forma da pol\u00ednia e do fruto. Todas as esp\u00e9cies de\u00a0<em>Kleberiella<\/em>analisadas revelaram o mesmo n\u00famero cromoss\u00f4mico, 2n=56, e os g\u00eaneros afins tiveram 2n=48 para\u00a0<em>Neosruschia<\/em>\u00a0e 2n= 56, para<em>Alatiglossum ciliatum<\/em>,\u00a0<em>A. barbatum<\/em>,\u00a0<em>A. micropogon<\/em>\u00a0e 2n=52 para\u00a0<em>A. fuscopetalum<\/em>. Na sinopse final do g\u00eanero conclu\u00edmos pela defini\u00e7\u00e3o morfol\u00f3gica de cinco esp\u00e9cies,\u00a0<em>K. uniflora, K. longipes, K. croesus, K. regentii<\/em>\u00a0e\u00a0<em>K. bohnkiana<\/em>, sugerindo a mudan\u00e7a de\u00a0<em>status<\/em>\u00a0da esp\u00e9cie<em>K. unicolor<\/em>\u00a0para variedade de\u00a0<em>K. longipes<\/em>, bem como pela cria\u00e7\u00e3o da variedade \u201cmonophylla\u201d para\u00a0<em>K. longipes<\/em>. Com base nas caracter\u00edsticas levantadas foram elaboradas descri\u00e7\u00f5es padronizadas, ilustra\u00e7\u00f5es, interpreta\u00e7\u00e3o da distribui\u00e7\u00e3o geogr\u00e1fica e elaborada uma chave para a identifica\u00e7\u00e3o das esp\u00e9cies priorizando as caracter\u00edsticas florais. Com base nos crit\u00e9rios e categorias IUCN adaptados, verificou-se que todas as esp\u00e9cies do grupo s\u00e3o enquadradas com algum grau de amea\u00e7a sendo consideradas Criticamente Amea\u00e7adas (CR)\u00a0<em>K. uniflora<\/em>,\u00a0<em>K. regentii,<\/em>\u00a0<em>K. unicolor<\/em>\u00a0e\u00a0<em>K. bohnkiana<\/em>, sugerindo-se elevar para a categoria Em Perigo (PE)\u00a0<em>K. longipes\u00a0<\/em>e foi mantida na Categoria Presumivelmente Extinta na Natureza (EX-N),\u00a0<em>K. croesus<\/em>. A falta de bons crit\u00e9rios para a delimita\u00e7\u00e3o destas esp\u00e9cies teve implica\u00e7\u00e3o na conserva\u00e7\u00e3o das mesmas, sendo que pelo menos quatro esp\u00e9cies deveriam ser consideradas criticamente amea\u00e7adas, o que n\u00e3o esta sendo considerado. Provavelmente, an\u00e1lises mais detalhadas do cari\u00f3tipo, assim como da gen\u00e9tica de popula\u00e7\u00f5es poder\u00e3o fornecer dados mais precisos para entender os processos evolutivos no grupo e a conserva\u00e7\u00e3o mais adequada da sua variabilidade.<\/p>\n<p style=\"text-align: justify\"><strong>Palavras chaves:\u00a0<\/strong>Orchidaceae,\u00a0<em>Oncidium<\/em>, esp\u00e9cies amea\u00e7adas<\/p>\n<hr align=\"center\" noshade=\"noshade\" size=\"1\" width=\"100%\" \/>\n<p style=\"text-align: center\"><a href=\"https:\/\/smastr16.blob.core.windows.net\/pgibt\/2013\/09\/pdf_grande.gif\"><img decoding=\"async\" loading=\"lazy\" class=\"aligncenter size-full wp-image-2313\" style=\"border: 0px\" alt=\"pdf_grande\" src=\"https:\/\/smastr16.blob.core.windows.net\/pgibt\/2013\/09\/pdf_grande.gif\" width=\"60\" height=\"60\" \/><\/a><a href=\"https:\/\/smastr16.blob.core.windows.net\/pgibt\/2013\/09\/Tulio_Luiz_Laitano_Penha_MS.pdf\" target=\"_blank\">T\u00falio Luiz Laitano Penha<br \/>\nTaxonomia e conserva\u00e7\u00e3o de\u00a0<em>Kleberiella<\/em>\u00a0V. P. Castro &amp; Cath. (Orchidaceae, Oncidiinae).<\/a><\/p>\n<hr align=\"center\" noshade=\"noshade\" size=\"1\" width=\"100%\" \/>\n<p style=\"text-align: center\"><strong>\u00a0<a href=\"https:\/\/www.infraestruturameioambiente.sp.gov.br\/pgibt\/dissertacoesteses\/\">VOLTAR AS DISSERTA\u00c7\u00d5ES E TESES<\/a><\/strong><\/p>\n<hr align=\"center\" noshade=\"noshade\" size=\"1\" width=\"100%\" \/>\n","protected":false},"excerpt":{"rendered":"<p>T\u00falio Luiz Laitano Penha No dia 25 de fevereiro de 2011 defendeu sua disserta\u00e7\u00e3o de Mestrado o bi\u00f3logo T\u00falio Luiz Laitano Penha. A defesa ocorreu \u00e0s 9:00h tendo como membros da banca a Dra. In\u00eas Cordeiro, como membro interno ao programa, a Dra. Samantha Koehler, da Universidade Federal de S\u00e3o Paulo, campus Diadema e o [&hellip;]<\/p>\n","protected":false},"author":1,"featured_media":0,"parent":249,"menu_order":0,"comment_status":"closed","ping_status":"closed","template":"fullpage.php","meta":[],"_links":{"self":[{"href":"https:\/\/www.infraestruturameioambiente.sp.gov.br\/pgibt\/wp-json\/wp\/v2\/pages\/1072"}],"collection":[{"href":"https:\/\/www.infraestruturameioambiente.sp.gov.br\/pgibt\/wp-json\/wp\/v2\/pages"}],"about":[{"href":"https:\/\/www.infraestruturameioambiente.sp.gov.br\/pgibt\/wp-json\/wp\/v2\/types\/page"}],"author":[{"embeddable":true,"href":"https:\/\/www.infraestruturameioambiente.sp.gov.br\/pgibt\/wp-json\/wp\/v2\/users\/1"}],"replies":[{"embeddable":true,"href":"https:\/\/www.infraestruturameioambiente.sp.gov.br\/pgibt\/wp-json\/wp\/v2\/comments?post=1072"}],"version-history":[{"count":0,"href":"https:\/\/www.infraestruturameioambiente.sp.gov.br\/pgibt\/wp-json\/wp\/v2\/pages\/1072\/revisions"}],"up":[{"embeddable":true,"href":"https:\/\/www.infraestruturameioambiente.sp.gov.br\/pgibt\/wp-json\/wp\/v2\/pages\/249"}],"wp:attachment":[{"href":"https:\/\/www.infraestruturameioambiente.sp.gov.br\/pgibt\/wp-json\/wp\/v2\/media?parent=1072"}],"curies":[{"name":"wp","href":"https:\/\/api.w.org\/{rel}","templated":true}]}}