{"id":1068,"date":"2013-09-18T16:09:24","date_gmt":"2013-09-18T19:09:24","guid":{"rendered":"https:\/\/www.infraestruturameioambiente.sp.gov.br\/pgibt\/?page_id=1068"},"modified":"2013-09-18T16:09:24","modified_gmt":"2013-09-18T19:09:24","slug":"2011-rodrigo-santana-cabral","status":"publish","type":"page","link":"https:\/\/www.infraestruturameioambiente.sp.gov.br\/pgibt\/dissertacoesteses\/2011-rodrigo-santana-cabral\/","title":{"rendered":"Rodrigo Sant\u2019Ana Cabral MS"},"content":{"rendered":"<h2 style=\"text-align: center\"><a href=\"https:\/\/smastr16.blob.core.windows.net\/pgibt\/2015\/02\/faixapos6.jpg\"><img decoding=\"async\" loading=\"lazy\" class=\"aligncenter size-full wp-image-3777\" style=\"border: 0px\" alt=\"faixapos6\" src=\"https:\/\/smastr16.blob.core.windows.net\/pgibt\/2015\/02\/faixapos6.jpg\" width=\"950\" height=\"163\" srcset=\"https:\/\/smastr16.blob.core.windows.net\/pgibt\/2015\/02\/faixapos6.jpg 950w, https:\/\/smastr16.blob.core.windows.net\/pgibt\/2015\/02\/faixapos6-768x131.jpg 768w\" sizes=\"(max-width: 950px) 100vw, 950px\" \/><\/a><\/h2>\n<hr align=\"center\" noshade=\"noshade\" size=\"1\" width=\"100%\" \/>\n<h2 style=\"text-align: center\">Rodrigo Sant\u2019Ana Cabral<\/h2>\n<hr align=\"center\" noshade=\"noshade\" size=\"1\" width=\"100%\" \/>\n<p style=\"text-align: center\">No dia 29 de abril de 2011, o bi\u00f3logo Rodrigo Sant\u2019Ana Cabral, aluno do Programa de P\u00f3s-Gradua\u00e7\u00e3o em Biodiversidade Vegetal e Meio Ambiente do Instituto de Bot\u00e2nica de S\u00e3o Paulo, defendeu sua disserta\u00e7\u00e3o de mestrado intitulada:<br \/>\n&#8220;Estudo fitoqu\u00edmico e avalia\u00e7\u00e3o\u00a0da atividade anticolinester\u00e1sica de<br \/>\n<em>Conchocarpus fontanesianus\u00a0<\/em>(A. St.-Hil.) Kallunki &amp; Pirani (Rutaceae)&#8221;.<\/p>\n<div id=\"attachment_1069\" style=\"width: 435px\" class=\"wp-caption aligncenter\"><a href=\"https:\/\/smastr16.blob.core.windows.net\/pgibt\/2013\/09\/rodrigosantana.jpg\"><img aria-describedby=\"caption-attachment-1069\" decoding=\"async\" loading=\"lazy\" class=\"size-full wp-image-1069\" alt=\"A banca examinadora foi presidida pela sua orientadora Dra. Maria Cl\u00e1udia Marx Young (IBt) e contou com a participa\u00e7\u00e3o da  Dra. Maria F\u00e1tima das Gra\u00e7as Fernandes da Silva (UFSCar) e da Dra. Deborah Yara Alves Cursino dos Santos (USP).\" src=\"https:\/\/smastr16.blob.core.windows.net\/pgibt\/2013\/09\/rodrigosantana.jpg\" width=\"425\" height=\"318\" \/><\/a><p id=\"caption-attachment-1069\" class=\"wp-caption-text\">A banca examinadora foi presidida pela sua orientadora Dra. Maria Cl\u00e1udia Marx Young (IBt) e contou com a participa\u00e7\u00e3o da<br \/>Dra. Maria F\u00e1tima das Gra\u00e7as Fernandes da Silva (UFSCar) e da Dra. Deborah Yara Alves Cursino dos Santos (USP).<\/p><\/div>\n<hr align=\"center\" noshade=\"noshade\" size=\"1\" width=\"100%\" \/>\n<h3 style=\"text-align: center\">&#8220;Estudo fitoqu\u00edmico e avalia\u00e7\u00e3o da atividade anticolinester\u00e1sica de<br \/>\n<em>Conchocarpus fontanesianus\u00a0<\/em>(A. St.-Hil.) Kallunki &amp; Pirani (Rutaceae)&#8221;.<\/h3>\n<hr align=\"center\" noshade=\"noshade\" size=\"1\" width=\"100%\" \/>\n<h4 style=\"text-align: center\"><strong>RESUMO<\/strong><\/h4>\n<p style=\"text-align: justify\"><em>Conchocarpus fontanesianus<\/em>\u00a0(Rutaceae), conhecida popularmente como pitaguar\u00e1, \u00e9 uma esp\u00e9cie end\u00eamica de Floresta Ombr\u00f3fila Densa de Encosta, em \u00e1reas de Mata Atl\u00e2ntica, mais precisamente em regi\u00f5es de restinga do estado de S\u00e3o Paulo e Rio de janeiro. Na literatura, n\u00e3o foram encontrados registros sobre o estudo qu\u00edmico dessa esp\u00e9cie, por\u00e9m em esp\u00e9cies do mesmo g\u00eanero j\u00e1 foram encontrados diversos metab\u00f3litos como alcal\u00f3ides (furoquinol\u00ednicos, acrid\u00f4nicos) e cumarinas (furanocumarinas). O entendimento dos mecanismos de doen\u00e7as, acompanhado do aumento de ensaios com enzimas dispon\u00edveis permitiram o desenvolvimento de sistemas eficientes e r\u00e1pidos de bioensaios. A Doen\u00e7a de Alzheimer (DA), uma desordem neurodegenerativa de grande impacto s\u00f3cio-econ\u00f4mico, \u00e9 respons\u00e1vel por 50-60% do n\u00famero total de casos de dem\u00eancia em pessoas de 65 anos. Al\u00e9m disso, dados epidemiol\u00f3gicos indicam uma potencialidade consider\u00e1vel de aumento na incid\u00eancia da doen\u00e7a nas pr\u00f3ximas duas d\u00e9cadas. Atualmente, o tratamento cl\u00ednico mais eficiente utilizado tem foco na \u201cHip\u00f3tese Colin\u00e9rgica da Doen\u00e7a de Alzheimer\u201d, e vem mostrando que alcal\u00f3ides, inibidores da acetilcolinesterase, s\u00e3o candidatos potenciais para utiliza\u00e7\u00e3o no tratamento da doen\u00e7a. Estudos anteriores com o extrato bruto dos ramos caulinares de\u00a0<em>C. fontanesianus<\/em>\u00a0indicaram potencial inibi\u00e7\u00e3o da acetilcolinesterase em testes\u00a0<em>in vitro<\/em>. O presente trabalho teve como objetivo realizar o estudo qu\u00edmico de\u00a0<em>C. fontanesianus<\/em>\u00a0direcionado para a obten\u00e7\u00e3o dos compostos respons\u00e1veis pela atividade anticolinester\u00e1sica e avalia\u00e7\u00e3o da atividade dos compostos isolados em testes\u00a0<em>in vitro<\/em>. Os ramos caulinares secos e sem folhas de\u00a0<em>C. fontanesianus<\/em>\u00a0(2,02 kg) foram mo\u00eddos e extra\u00eddos com etanol, sob press\u00e3o e temperatura (ASE). O extrato etan\u00f3lico (51,02 g) foi dissolvido em solu\u00e7\u00e3o \u00e1cida (HCl 0,1 mol\/L) e submetido a processo de extra\u00e7\u00e3o STAS-OTTO (\u00e1cido-base) para obten\u00e7\u00e3o da fra\u00e7\u00e3o de alcal\u00f3ides totais (300 mg). A fra\u00e7\u00e3o de alcal\u00f3ides totais foi submetida a an\u00e1lises em HPLC, LC-DAD, LC-MS e ESI-MS. A purifica\u00e7\u00e3o dos compostos majorit\u00e1rios ativos foi realizada por meio de cromatografia de camada delgada preparativa. A identifica\u00e7\u00e3o das estruturas qu\u00edmicas dos compostos purificados foi feita por an\u00e1lises em GC-MS e HPLC, e compara\u00e7\u00e3o dos dados adquiridos com os da literatura. Da fra\u00e7\u00e3o de alcal\u00f3ides totais foram isolados quatro alcal\u00f3ides, sendo tr\u00eas furoquinol\u00ednicos (dictaminina,\u00a0g-fagarina e esquimianina) e um quinol\u00f3nico (2-metil-1-fenil-4-quinolona). Foi isolado tamb\u00e9m um constituinte minorit\u00e1rio, a furanocumarina linear marmesina. Todos os compostos apresentaram atividade anticolineter\u00e1sica moderada nos ensaios\u00a0<em>in vitro<\/em>. Dentre os compostos isolados, o alcal\u00f3ide esquimianina foi o que apresentou maior atividade (IC<sub>50<\/sub>=78,68\u00a0mg\/mL).<\/p>\n<p style=\"text-align: justify\"><strong>Palavras chave:<\/strong>\u00a0<em>Conchocarpus fontanesianus<\/em>, Rutaceae, Mata Atl\u00e2ntica, atividade anticolinester\u00e1sica, alcal\u00f3ides, ESI-MS, GC-MS.<\/p>\n<p>&nbsp;<\/p>\n<hr align=\"center\" noshade=\"noshade\" size=\"1\" width=\"100%\" \/>\n<p style=\"text-align: center\"><a href=\"https:\/\/smastr16.blob.core.windows.net\/pgibt\/2013\/09\/pdf_grande.gif\"><img decoding=\"async\" loading=\"lazy\" class=\"aligncenter size-full wp-image-2313\" style=\"border: 0px\" alt=\"pdf_grande\" src=\"https:\/\/smastr16.blob.core.windows.net\/pgibt\/2013\/09\/pdf_grande.gif\" width=\"60\" height=\"60\" \/><\/a><a href=\"https:\/\/smastr16.blob.core.windows.net\/pgibt\/2013\/09\/Rodrigo_Santana_Cabral_MS.pdf\" target=\"_blank\">Rodrigo Sant\u2019Ana Cabral<br \/>\n&#8220;Estudo fitoqu\u00edmico e avalia\u00e7\u00e3o da atividade anticolinester\u00e1sica de <em>Conchocarpus fontanesianus<\/em> (A. St.-Hil.) Kallunki &amp; Pirani (Rutaceae)&#8221;.<\/a><\/p>\n<hr align=\"center\" noshade=\"noshade\" size=\"1\" width=\"100%\" \/>\n<p style=\"text-align: center\"><strong>\u00a0<a href=\"https:\/\/www.infraestruturameioambiente.sp.gov.br\/pgibt\/dissertacoesteses\/\">VOLTAR AS DISSERTA\u00c7\u00d5ES E TESES<\/a><\/strong><\/p>\n<hr align=\"center\" noshade=\"noshade\" size=\"1\" width=\"100%\" \/>\n","protected":false},"excerpt":{"rendered":"<p>Rodrigo Sant\u2019Ana Cabral No dia 29 de abril de 2011, o bi\u00f3logo Rodrigo Sant\u2019Ana Cabral, aluno do Programa de P\u00f3s-Gradua\u00e7\u00e3o em Biodiversidade Vegetal e Meio Ambiente do Instituto de Bot\u00e2nica de S\u00e3o Paulo, defendeu sua disserta\u00e7\u00e3o de mestrado intitulada: &#8220;Estudo fitoqu\u00edmico e avalia\u00e7\u00e3o\u00a0da atividade anticolinester\u00e1sica de Conchocarpus fontanesianus\u00a0(A. St.-Hil.) Kallunki &amp; Pirani (Rutaceae)&#8221;. &#8220;Estudo fitoqu\u00edmico [&hellip;]<\/p>\n","protected":false},"author":1,"featured_media":0,"parent":249,"menu_order":0,"comment_status":"closed","ping_status":"closed","template":"fullpage.php","meta":[],"_links":{"self":[{"href":"https:\/\/www.infraestruturameioambiente.sp.gov.br\/pgibt\/wp-json\/wp\/v2\/pages\/1068"}],"collection":[{"href":"https:\/\/www.infraestruturameioambiente.sp.gov.br\/pgibt\/wp-json\/wp\/v2\/pages"}],"about":[{"href":"https:\/\/www.infraestruturameioambiente.sp.gov.br\/pgibt\/wp-json\/wp\/v2\/types\/page"}],"author":[{"embeddable":true,"href":"https:\/\/www.infraestruturameioambiente.sp.gov.br\/pgibt\/wp-json\/wp\/v2\/users\/1"}],"replies":[{"embeddable":true,"href":"https:\/\/www.infraestruturameioambiente.sp.gov.br\/pgibt\/wp-json\/wp\/v2\/comments?post=1068"}],"version-history":[{"count":0,"href":"https:\/\/www.infraestruturameioambiente.sp.gov.br\/pgibt\/wp-json\/wp\/v2\/pages\/1068\/revisions"}],"up":[{"embeddable":true,"href":"https:\/\/www.infraestruturameioambiente.sp.gov.br\/pgibt\/wp-json\/wp\/v2\/pages\/249"}],"wp:attachment":[{"href":"https:\/\/www.infraestruturameioambiente.sp.gov.br\/pgibt\/wp-json\/wp\/v2\/media?parent=1068"}],"curies":[{"name":"wp","href":"https:\/\/api.w.org\/{rel}","templated":true}]}}