{"id":1050,"date":"2013-09-18T15:36:54","date_gmt":"2013-09-18T18:36:54","guid":{"rendered":"https:\/\/www.infraestruturameioambiente.sp.gov.br\/pgibt\/?page_id=1050"},"modified":"2013-09-18T15:36:54","modified_gmt":"2013-09-18T18:36:54","slug":"2007-filipe-rosa-baptista","status":"publish","type":"page","link":"https:\/\/www.infraestruturameioambiente.sp.gov.br\/pgibt\/dissertacoesteses\/2007-filipe-rosa-baptista\/","title":{"rendered":"Filipe Rosa Baptista MS"},"content":{"rendered":"<h2 style=\"text-align: center\"><a href=\"https:\/\/smastr16.blob.core.windows.net\/pgibt\/2015\/02\/faixapos6.jpg\"><img decoding=\"async\" loading=\"lazy\" class=\"aligncenter size-full wp-image-3777\" style=\"border: 0px\" alt=\"faixapos6\" src=\"https:\/\/smastr16.blob.core.windows.net\/pgibt\/2015\/02\/faixapos6.jpg\" width=\"950\" height=\"163\" srcset=\"https:\/\/smastr16.blob.core.windows.net\/pgibt\/2015\/02\/faixapos6.jpg 950w, https:\/\/smastr16.blob.core.windows.net\/pgibt\/2015\/02\/faixapos6-768x131.jpg 768w\" sizes=\"(max-width: 950px) 100vw, 950px\" \/><\/a><\/h2>\n<hr align=\"center\" noshade=\"noshade\" size=\"1\" width=\"100%\" \/>\n<h2 style=\"text-align: center\">Filipe Rosa Baptista<\/h2>\n<hr align=\"center\" noshade=\"noshade\" size=\"1\" width=\"100%\" \/>\n<p style=\"text-align: center\">No dia 22 de junho de 2007, o aluno de P\u00f3s-gradua\u00e7\u00e3o em Biodiversidade Vegetal e Meio Ambiente do Instituto de Bot\u00e2nica de S\u00e3o Paulo (IBt), Filipe Rosa Baptista (Bolsista FAPESP), defendeu sua disserta\u00e7\u00e3o de mestrado intitulada:<br \/>\n&#8220;<em>Pythium middletonii <\/em>Sparrow\u00a0e\u00a0<em>Pythium dissotocum <\/em>Drechsler\u00a0em alface (<em>Lactuca sativa L.<\/em>): avalia\u00e7\u00e3o patog\u00eanica e controle biol\u00f3gico&#8221;.<\/p>\n<p style=\"text-align: center\"><a href=\"https:\/\/smastr16.blob.core.windows.net\/pgibt\/2013\/09\/filipe2.jpg\"><img decoding=\"async\" loading=\"lazy\" alt=\"\" src=\"https:\/\/smastr16.blob.core.windows.net\/pgibt\/2013\/09\/filipe2.jpg\" width=\"246\" height=\"185\" \/><\/a><\/p>\n<p style=\"text-align: center\">A banca examinadora foi composta pela Dra. Carmen L\u00eddia Amorim Pires Zottarelli (Orientadora &#8211; IBt),\u00a0Dr. D\u00e1cio Roberto Matheus (IBt) e pela<br \/>\nDra. Fl\u00e1via Rodrigues Alves Patr\u00edcio (Instituto Biol\u00f3gico &#8211; Campinas).<\/p>\n<hr align=\"center\" noshade=\"noshade\" size=\"1\" width=\"100%\" \/>\n<h3 style=\"text-align: center\"><em>Pythium middletonii<\/em> Sparrow<em>\u00a0<\/em>e<em>\u00a0Pythium dissotocum <\/em>Drechsler\u00a0em alface (<em>Lactuca sativa L.<\/em>):<br \/>\navalia\u00e7\u00e3o patog\u00eanica e controle biol\u00f3gico<\/h3>\n<hr align=\"center\" noshade=\"noshade\" size=\"1\" width=\"100%\" \/>\n<h4 style=\"text-align: center\"><strong>RESUMO<\/strong><\/h4>\n<p style=\"text-align: justify\">O cultivo de hortali\u00e7as em sistemas hidrop\u00f4nicos apresentou uma grande expans\u00e3o na \u00faltima d\u00e9cada no Brasil, especialmente da alface (<em>Lactuca sativa L.<\/em>), pois apresenta ciclo de vida curto e ampla aceita\u00e7\u00e3o no mercado. Em condi\u00e7\u00f5es hidrop\u00f4nicas, pat\u00f3genos como\u00a0<em>Pythium spp<\/em>., principalmente nos meses mais quentes do ano, s\u00e3o respons\u00e1veis por podrid\u00f5es em ra\u00edzes que resultam em preju\u00edzos consider\u00e1veis para os produtores.\u00a0Atualmente, a introdu\u00e7\u00e3o de microrganismos antagonistas no controle desses pat\u00f3genos perfaz uma alternativa para a substitui\u00e7\u00e3o do uso de agroqu\u00edmicos.\u00a0No presente estudo, buscou-se avaliar o potencial patog\u00eanico in vitro de<em>\u00a0Pythium middletonii <\/em>Sparrow\u00a0e Pythium\u00a0<em>dissotocum <\/em>Drechsler<em>,<\/em>\u00a0isolados de culturas hidrop\u00f4nicas sintom\u00e1ticas, em quatro variedades comerciais de alface, lisa (Elisa), crespa (Vera), mimosa (Mimosa) e, americana (Tain\u00e1), e analisar o efeito do Biotrich, produto biol\u00f3gico comercial \u00e0 base de<em>\u00a0Trichoderma<\/em>, como controle biol\u00f3gico in vitro e in vivo. \u00a0Os resultados demonstraram que\u00a0<em>P.dissotocum<\/em>, mostrou maior patogenicidade nas variedades de alface do que a apresentada por\u00a0<em>P. middletonii,<\/em>\u00a0reduzindo significativamente o comprimento dos hipoc\u00f3tilos e, principalmente, das rad\u00edculas, com a variedade Mimosa sendo a menos suscet\u00edvel e, a variedade Vera, a mais suscet\u00edvel aos isolados. O produto biol\u00f3gico comercial Biotrich demonstrou efeito positivo no controle de\u00a0<em>P. dissotocum in vitro<\/em>\u00a0e\u00a0<em>in vivo<\/em>, apresentando grande efetividade na redu\u00e7\u00e3o de podrid\u00e3o radicular.<\/p>\n<div id=\"attachment_1053\" style=\"width: 256px\" class=\"wp-caption aligncenter\"><a href=\"https:\/\/smastr16.blob.core.windows.net\/pgibt\/2013\/09\/filipe3.jpg\"><img aria-describedby=\"caption-attachment-1053\" decoding=\"async\" loading=\"lazy\" class=\"size-full wp-image-1053\" alt=\"In vivo\" src=\"https:\/\/smastr16.blob.core.windows.net\/pgibt\/2013\/09\/filipe3.jpg\" width=\"246\" height=\"185\" \/><\/a><p id=\"caption-attachment-1053\" class=\"wp-caption-text\">In vivo<\/p><\/div>\n<p style=\"text-align: justify\">Contato:\u00a0<a href=\"filiperbaptista@yahoo.com.br\">filiperbaptista@yahoo.com.br<\/a><\/p>\n<hr align=\"center\" noshade=\"noshade\" size=\"1\" width=\"100%\" \/>\n<p style=\"text-align: center\"><a href=\"https:\/\/smastr16.blob.core.windows.net\/pgibt\/2013\/09\/pdf_grande.gif\"><img decoding=\"async\" loading=\"lazy\" class=\"aligncenter size-full wp-image-2313\" style=\"border: 0px\" alt=\"pdf_grande\" src=\"https:\/\/smastr16.blob.core.windows.net\/pgibt\/2013\/09\/pdf_grande.gif\" width=\"60\" height=\"60\" \/><\/a><a href=\"https:\/\/smastr16.blob.core.windows.net\/pgibt\/2013\/09\/Filipe_Rosa_Baptista_MS.pdf\" target=\"_blank\">Filipe Rosa Baptista<em><br \/>\nPythium middletonii <\/em>Sparrow\u00a0e\u00a0<em>Pythium dissotocum<\/em>\u00a0Drechsler\u00a0em alface (Lactuca sativa L.):<br \/>\navalia\u00e7\u00e3o patog\u00eanica e controle biol\u00f3gico<\/a><\/p>\n<hr align=\"center\" noshade=\"noshade\" size=\"1\" width=\"100%\" \/>\n<p style=\"text-align: center\"><strong>\u00a0<a href=\"https:\/\/www.infraestruturameioambiente.sp.gov.br\/pgibt\/dissertacoesteses\/\">VOLTAR AS DISSERTA\u00c7\u00d5ES E TESES<\/a><\/strong><\/p>\n<hr align=\"center\" noshade=\"noshade\" size=\"1\" width=\"100%\" \/>\n","protected":false},"excerpt":{"rendered":"<p>Filipe Rosa Baptista No dia 22 de junho de 2007, o aluno de P\u00f3s-gradua\u00e7\u00e3o em Biodiversidade Vegetal e Meio Ambiente do Instituto de Bot\u00e2nica de S\u00e3o Paulo (IBt), Filipe Rosa Baptista (Bolsista FAPESP), defendeu sua disserta\u00e7\u00e3o de mestrado intitulada: &#8220;Pythium middletonii Sparrow\u00a0e\u00a0Pythium dissotocum Drechsler\u00a0em alface (Lactuca sativa L.): avalia\u00e7\u00e3o patog\u00eanica e controle biol\u00f3gico&#8221;. A banca [&hellip;]<\/p>\n","protected":false},"author":1,"featured_media":0,"parent":249,"menu_order":0,"comment_status":"closed","ping_status":"open","template":"fullpage.php","meta":[],"_links":{"self":[{"href":"https:\/\/www.infraestruturameioambiente.sp.gov.br\/pgibt\/wp-json\/wp\/v2\/pages\/1050"}],"collection":[{"href":"https:\/\/www.infraestruturameioambiente.sp.gov.br\/pgibt\/wp-json\/wp\/v2\/pages"}],"about":[{"href":"https:\/\/www.infraestruturameioambiente.sp.gov.br\/pgibt\/wp-json\/wp\/v2\/types\/page"}],"author":[{"embeddable":true,"href":"https:\/\/www.infraestruturameioambiente.sp.gov.br\/pgibt\/wp-json\/wp\/v2\/users\/1"}],"replies":[{"embeddable":true,"href":"https:\/\/www.infraestruturameioambiente.sp.gov.br\/pgibt\/wp-json\/wp\/v2\/comments?post=1050"}],"version-history":[{"count":0,"href":"https:\/\/www.infraestruturameioambiente.sp.gov.br\/pgibt\/wp-json\/wp\/v2\/pages\/1050\/revisions"}],"up":[{"embeddable":true,"href":"https:\/\/www.infraestruturameioambiente.sp.gov.br\/pgibt\/wp-json\/wp\/v2\/pages\/249"}],"wp:attachment":[{"href":"https:\/\/www.infraestruturameioambiente.sp.gov.br\/pgibt\/wp-json\/wp\/v2\/media?parent=1050"}],"curies":[{"name":"wp","href":"https:\/\/api.w.org\/{rel}","templated":true}]}}