{"id":1040,"date":"2013-09-18T15:05:20","date_gmt":"2013-09-18T18:05:20","guid":{"rendered":"https:\/\/www.infraestruturameioambiente.sp.gov.br\/pgibt\/?page_id=1040"},"modified":"2013-09-18T15:05:20","modified_gmt":"2013-09-18T18:05:20","slug":"2007-fernanda-ramlov","status":"publish","type":"page","link":"https:\/\/www.infraestruturameioambiente.sp.gov.br\/pgibt\/dissertacoesteses\/2007-fernanda-ramlov\/","title":{"rendered":"Fernanda Ramlov MS"},"content":{"rendered":"<h2 style=\"text-align: center\"><a href=\"https:\/\/smastr16.blob.core.windows.net\/pgibt\/2015\/02\/faixapos6.jpg\"><img decoding=\"async\" loading=\"lazy\" class=\"aligncenter size-full wp-image-3777\" style=\"border: 0px\" alt=\"faixapos6\" src=\"https:\/\/smastr16.blob.core.windows.net\/pgibt\/2015\/02\/faixapos6.jpg\" width=\"950\" height=\"163\" srcset=\"https:\/\/smastr16.blob.core.windows.net\/pgibt\/2015\/02\/faixapos6.jpg 950w, https:\/\/smastr16.blob.core.windows.net\/pgibt\/2015\/02\/faixapos6-768x131.jpg 768w\" sizes=\"(max-width: 950px) 100vw, 950px\" \/><\/a><\/h2>\n<hr align=\"center\" noshade=\"noshade\" size=\"1\" width=\"100%\" \/>\n<h2 style=\"text-align: center\">Fernanda Ramlov<\/h2>\n<hr align=\"center\" noshade=\"noshade\" size=\"1\" width=\"100%\" \/>\n<p style=\"text-align: center\">Em 14 de junho de 2007, no anfiteatro do Instituto de Bot\u00e2nica, Fernanda Ramlov, aluna do programa de P\u00f3s-gradua\u00e7\u00e3o em Biodiversidade Vegetal e Meio Ambiente do Instituto de Bot\u00e2nica de S\u00e3o Paulo, defendeu sua Disserta\u00e7\u00e3o de Mestrado intitulada<br \/>\n&#8220;Efeitos dos fitorreguladores e da irradi\u00e2ncia no crescimento e na morfog\u00eanese de morfos pigmentares de<br \/>\n<em>Gracilaria domingensis<\/em> (K\u00fctzing) Sonder ex Dickie (Gracilariales, Rhodophyta)&#8221;.<\/p>\n<p style=\"text-align: center\">A banca examinadora foi composta pelos Professores Doutores: Nair Sumie Yokoya (IBt\/SP), Yocie Y Valentin (UFRJ) e Mutue Toyota Fujii (IBt\/SP).<\/p>\n<div id=\"attachment_1047\" style=\"width: 256px\" class=\"wp-caption aligncenter\"><a href=\"https:\/\/smastr16.blob.core.windows.net\/pgibt\/2013\/09\/fernanda2.jpg\"><img aria-describedby=\"caption-attachment-1047\" decoding=\"async\" loading=\"lazy\" class=\"size-full wp-image-1047\" alt=\"Nair Sumie Yokoya (IBt\/SP), aluna Fernanda Ramlov Yocie Y Valentin (UFRJ) e Mutue Toyota Fujii (IBt\/SP).\" src=\"https:\/\/smastr16.blob.core.windows.net\/pgibt\/2013\/09\/fernanda2.jpg\" width=\"246\" height=\"185\" \/><\/a><p id=\"caption-attachment-1047\" class=\"wp-caption-text\">Nair Sumie Yokoya (IBt\/SP), aluna Fernanda Ramlov<br \/>Yocie Y Valentin (UFRJ) e Mutue Toyota Fujii (IBt\/SP).<\/p><\/div>\n<hr align=\"center\" noshade=\"noshade\" size=\"1\" width=\"100%\" \/>\n<h3 style=\"text-align: center\">Efeitos dos fitorreguladores e da irradi\u00e2ncia no crescimento e na\u00a0morfog\u00eanese de morfos pigmentares de<br \/>\n<em>Gracilaria domingensis <\/em>(K\u00fctzing)\u00a0Sonder ex Dickie (Gracilariales, Rhodophyta)<\/h3>\n<hr align=\"center\" noshade=\"noshade\" size=\"1\" width=\"100%\" \/>\n<h4 style=\"text-align: center\"><strong>RESUMO<\/strong><\/h4>\n<p style=\"text-align: justify\">O papel dos reguladores de crescimento vegetal no desenvolvimento das macroalgas marinhas \u00e9 pouco conhecido em compara\u00e7\u00e3o ao amplo conhecimento sobre os processos fisiol\u00f3gicos controlados por esses compostos em plantas vasculares. Os efeitos do \u00e1gar, dos fitorreguladores e da irradi\u00e2ncia no crescimento e na morfog\u00eanese foram avaliados em culturas ax\u00eanicas dos morfos verde (VD) e vermelho (VM) de Gracilaria domingensis (K\u00fctzing) Sonder ex Dickie. Os efeitos de diferentes concentra\u00e7\u00f5es de \u00e1gar (zero a 1%) foram avaliados em meio ASP 12-NTA, sob irradi\u00e2ncia de 50 &#8211; 80 \u00ecmol de f\u00f3tons.m-2.s-1. Os efeitos dos fitorreguladores foram testados em segmentos apicais (SA) e intercalares (SI) dos dois tipos de morfos e foram cultivados em meio s\u00f3lido ASP 12-NTA contendo 0,5% de \u00e1gar. Foram testadas duas auxinas [\u00e1cido indolil-3-ac\u00e9tico (AIA) e \u00e1cido 2,4-diclorofenoxiac\u00e9tico (2,4-D)] e duas citocininas [cinetina (K) e benzilaminopurina (BA)] em concentra\u00e7\u00f5es de 0,5 a 50,0 \u00b5M, sob dois n\u00edveis de irradi\u00e2ncia (50,0 e 150,0 mmol de f\u00f3tons.m-2.s-1). Os processos de regenera\u00e7\u00e3o direta (a partir de c\u00e9lulas do explante) e indireta (a partir de c\u00e9lulas do calo) foram induzidos com a transfer\u00eancia das culturas do meio s\u00f3lido ASP 12-NTA para o meio l\u00edquido ASP 12-NTA, durante 4 semanas, e em seguida, para o meio l\u00edquido von Stosch (25%) por 3 semanas. Todos os experimentos foram realizados em temperatura de 22\u00b12\u00baC, fotoper\u00edodo de 14 h, pH 8 e salinidade 30 ups. Os tratamentos foram testados com 3 repeti\u00e7\u00f5es com 9 explantes em cada. Os resultados foram submetidos a an\u00e1lise de vari\u00e2ncia de um ou de dois fatores e ao teste de compara\u00e7\u00e3o de Student-Newman-Keuls.<br \/>\nExplantes ax\u00eanicos foram obtidos atrav\u00e9s do pr\u00e9-tratamento por 48 h em solu\u00e7\u00e3o de \u00e1gua do mar esterilizada contendo 100 \u00ecg.L-1 de nistatina e 1 ml.L-1 da solu\u00e7\u00e3o antibi\u00f3tica e antimic\u00f3tica, seguida de uma lavagem com solu\u00e7\u00e3o esterilizada de hipoclorito de s\u00f3dio a 0,5% e 200 \u00b5l.L-1 de detergente por 20 segundos e tr\u00eas lavagens sucessivas em \u00e1gua do mar autoclavada. A presen\u00e7a de \u00e1gar no meio de cultura inibiu o crescimento de SA dos morfos pigmentares de\u00a0<em>Gracilaria domingensis<\/em>. Os tratamentos com \u00e1gar induziram a forma\u00e7\u00e3o de tr\u00eas tipos de calos, denominados conforme a regi\u00e3o do explante que originou o calo: calo apical, calo basal e calo intermedi\u00e1rio, sendo que a presen\u00e7a de \u00e1gar foi essencial para a forma\u00e7\u00e3o de calos apicais e intermedi\u00e1rios em ambos os morfos. Ainda, a adi\u00e7\u00e3o de \u00e1gar n\u00e3o influenciou o crescimento dos calos formados nos morfos estudados.<br \/>\nEm rela\u00e7\u00e3o aos fitorreguladores, o crescimento de ambos os morfos foi inibido pelo 2,4-D, enquanto que o AIA promoveu o crescimento de SI dos morfos VD e VM quando cultivados sob a irradi\u00e2ncia de 150 \u00ecmol de f\u00f3tons.m-2.s-1. As citocininas apresentaram efeito estimulat\u00f3rio sobre o crescimento de ambos os morfos. A forma\u00e7\u00e3o de calos e o processo de regenera\u00e7\u00e3o indireta foram nulos, de maneira geral. Foi observado que os efeitos estimulat\u00f3rios dos fitorreguladores ocorreram, em sua maioria, sob altos n\u00edveis de irradi\u00e2ncia, que foram necess\u00e1rios para promover a forma\u00e7\u00e3o de regenera\u00e7\u00f5es diretas e indiretas. Al\u00e9m disso, o morfo VM apresentou um desempenho superior em rela\u00e7\u00e3o ao morfo VD, o que indica que esse morfo pode ser mais adequado para a micro propaga\u00e7\u00e3o, tendo em vista o cultivo comercial de\u00a0<em>Gracilaria domingensis<\/em>.<\/p>\n<hr align=\"center\" noshade=\"noshade\" size=\"1\" width=\"100%\" \/>\n<p style=\"text-align: center\"><a href=\"https:\/\/smastr16.blob.core.windows.net\/pgibt\/2013\/09\/pdf_grande.gif\"><img decoding=\"async\" loading=\"lazy\" class=\"aligncenter size-full wp-image-2313\" style=\"border: 0px\" alt=\"pdf_grande\" src=\"https:\/\/smastr16.blob.core.windows.net\/pgibt\/2013\/09\/pdf_grande.gif\" width=\"60\" height=\"60\" \/><\/a><a href=\"https:\/\/smastr16.blob.core.windows.net\/pgibt\/2013\/09\/Fernanda_Ramlov_MS.pdf\" target=\"_blank\">Fernanda Ramlov<br \/>\nEfeitos dos fitorreguladores e da irradi\u00e2ncia no crescimento e na morfog\u00eanese de morfos pigmentares de<br \/>\n<em>Gracilaria domingensis<\/em> (K\u00fctzing) Sonder ex Dickie (Gracilariales, Rhodophyta)<\/a><\/p>\n<hr align=\"center\" noshade=\"noshade\" size=\"1\" width=\"100%\" \/>\n<p style=\"text-align: center\"><strong>\u00a0<a href=\"https:\/\/www.infraestruturameioambiente.sp.gov.br\/pgibt\/dissertacoesteses\/\">VOLTAR AS DISSERTA\u00c7\u00d5ES E TESES<\/a><\/strong><\/p>\n<hr align=\"center\" noshade=\"noshade\" size=\"1\" width=\"100%\" \/>\n","protected":false},"excerpt":{"rendered":"<p>Fernanda Ramlov Em 14 de junho de 2007, no anfiteatro do Instituto de Bot\u00e2nica, Fernanda Ramlov, aluna do programa de P\u00f3s-gradua\u00e7\u00e3o em Biodiversidade Vegetal e Meio Ambiente do Instituto de Bot\u00e2nica de S\u00e3o Paulo, defendeu sua Disserta\u00e7\u00e3o de Mestrado intitulada &#8220;Efeitos dos fitorreguladores e da irradi\u00e2ncia no crescimento e na morfog\u00eanese de morfos pigmentares de [&hellip;]<\/p>\n","protected":false},"author":1,"featured_media":0,"parent":249,"menu_order":0,"comment_status":"closed","ping_status":"open","template":"fullpage.php","meta":[],"_links":{"self":[{"href":"https:\/\/www.infraestruturameioambiente.sp.gov.br\/pgibt\/wp-json\/wp\/v2\/pages\/1040"}],"collection":[{"href":"https:\/\/www.infraestruturameioambiente.sp.gov.br\/pgibt\/wp-json\/wp\/v2\/pages"}],"about":[{"href":"https:\/\/www.infraestruturameioambiente.sp.gov.br\/pgibt\/wp-json\/wp\/v2\/types\/page"}],"author":[{"embeddable":true,"href":"https:\/\/www.infraestruturameioambiente.sp.gov.br\/pgibt\/wp-json\/wp\/v2\/users\/1"}],"replies":[{"embeddable":true,"href":"https:\/\/www.infraestruturameioambiente.sp.gov.br\/pgibt\/wp-json\/wp\/v2\/comments?post=1040"}],"version-history":[{"count":0,"href":"https:\/\/www.infraestruturameioambiente.sp.gov.br\/pgibt\/wp-json\/wp\/v2\/pages\/1040\/revisions"}],"up":[{"embeddable":true,"href":"https:\/\/www.infraestruturameioambiente.sp.gov.br\/pgibt\/wp-json\/wp\/v2\/pages\/249"}],"wp:attachment":[{"href":"https:\/\/www.infraestruturameioambiente.sp.gov.br\/pgibt\/wp-json\/wp\/v2\/media?parent=1040"}],"curies":[{"name":"wp","href":"https:\/\/api.w.org\/{rel}","templated":true}]}}