{"id":1033,"date":"2013-09-18T14:42:59","date_gmt":"2013-09-18T17:42:59","guid":{"rendered":"https:\/\/www.infraestruturameioambiente.sp.gov.br\/pgibt\/?page_id=1033"},"modified":"2013-09-18T14:42:59","modified_gmt":"2013-09-18T17:42:59","slug":"2011-murilo-borduqui","status":"publish","type":"page","link":"https:\/\/www.infraestruturameioambiente.sp.gov.br\/pgibt\/dissertacoesteses\/2011-murilo-borduqui\/","title":{"rendered":"Murilo Borduqui MS"},"content":{"rendered":"<h2 style=\"text-align: center\"><a href=\"https:\/\/smastr16.blob.core.windows.net\/pgibt\/2015\/02\/faixapos6.jpg\"><img decoding=\"async\" loading=\"lazy\" class=\"aligncenter size-full wp-image-3777\" style=\"border: 0px\" alt=\"faixapos6\" src=\"https:\/\/smastr16.blob.core.windows.net\/pgibt\/2015\/02\/faixapos6.jpg\" width=\"950\" height=\"163\" srcset=\"https:\/\/smastr16.blob.core.windows.net\/pgibt\/2015\/02\/faixapos6.jpg 950w, https:\/\/smastr16.blob.core.windows.net\/pgibt\/2015\/02\/faixapos6-768x131.jpg 768w\" sizes=\"(max-width: 950px) 100vw, 950px\" \/><\/a><\/h2>\n<hr align=\"center\" noshade=\"noshade\" size=\"1\" width=\"100%\" \/>\n<h2 style=\"text-align: center\">Murilo Borduqui<\/h2>\n<hr align=\"center\" noshade=\"noshade\" size=\"1\" width=\"100%\" \/>\n<hr align=\"center\" noshade=\"noshade\" size=\"1\" width=\"100%\" \/>\n<h3 style=\"text-align: center\">Avalia\u00e7\u00e3o sucessional da estrutura e estado nutricional da comunidade perif\u00edtica e sua inter-rela\u00e7\u00e3o com o fitopl\u00e2ncton, em pontos de entrada de \u00e1gua de nascente e efluente dom\u00e9stico, em reservat\u00f3rio hipereutr\u00f3fico<\/h3>\n<hr align=\"center\" noshade=\"noshade\" size=\"1\" width=\"100%\" \/>\n<h4 style=\"text-align: center\"><strong>RESUMO<\/strong><\/h4>\n<p style=\"text-align: justify\">O presente estudo pretende avaliar a estrutura, o estado nutricional e os nutrientes da \u00e1gua intersticial do perif\u00edton, conjuntamente com a estrutura da comunidade fitoplanct\u00f4nica, durante a sucess\u00e3o da comunidade perif\u00edtica desenvolvida em dois pontos de amostragem em escala sazonal, um pr\u00f3ximo ao efluente de esgoto dom\u00e9stico (E7) e outro pr\u00f3ximo \u00e0 entrada de \u00e1gua de nascente (E5). O trabalho foi desenvolvido no Lago das Gar\u00e7as, um reservat\u00f3rio hipereutr\u00f3fico situado no Parque Estadual das Fontes do Ipiranga \u2013 Munic\u00edpio de S\u00e3o Paulo \u2013 em dois per\u00edodos clim\u00e1ticos, chuva e seca. L\u00e2minas de vidro foram usadas como substrato artificial para a coloniza\u00e7\u00e3o do perif\u00edton durante 30 dias. A amostragem para determina\u00e7\u00e3o das vari\u00e1veis f\u00edsicas, qu\u00edmicas e biol\u00f3gicas foi realizada em intervalos de 3 dias na primeira quinzena e 5 dias na segunda (3d, 6d, 9d, 12d, 15d, 20d, 25d, 30d). O per\u00edodo de chuva foi caracterizado como o mais t\u00fabido (elevada biomassa fitoplanct\u00f4nica), menor disponibilidade de nutrientes e homogeneidade em escala espacial. A estrutura espec\u00edfica das esp\u00e9cies descritoras foi igual nos dois pontos de amostragem, com elevada contribui\u00e7\u00e3o de Cyanophyceae (<em>Synechocystis aquatilis, Merismopedia glauca e Cylindrospermopsis raciborskii<\/em>) nos est\u00e1gios iniciais e de Bacillariophyceae (<em>Gomphonema gracile<\/em>\u00a0e o complexo\u00a0<em>Achnanthidium minutissimum<\/em>) nos avan\u00e7ados. E, foi neste per\u00edodo, que a inter-rela\u00e7\u00e3o entre as comunidades perif\u00edtica e fitoplanct\u00f4nica foi mais evidente, principalmente nos est\u00e1dios inicias da sucess\u00e3o no perif\u00edton. O per\u00edodo de seca foi caracterizado como o menos t\u00farbido (menor biomassa do fitopl\u00e2ncton) e com maior disponibilidade de nutrientes, o que evidenciou a diferen\u00e7a entre os dois pontos de amostragem, e favoreceu o desenvolvimento do perif\u00edton. No ponto E5, nos est\u00e1gios iniciais, houve elevada representatividade de\u00a0<em>Ulnaria acus<\/em>; nos est\u00e1gios intermedi\u00e1rios, de\u00a0<em>U. acus<\/em>\u00a0e\u00a0<em>G. gracile<\/em>\u00a0e, nos est\u00e1dios avan\u00e7ados, de\u00a0<em>G. gracile<\/em>\u00a0e complexo\u00a0<em>Achnanthidium minutissimum<\/em>. No ponto E7, nos est\u00e1dios iniciais, houve elevada representatividade de\u00a0<em>Merismopedia glauca\u00a0<\/em>e<em>\u00a0Leptolyngbya\u00a0<\/em>cf<em>. subtilis<\/em>; nos est\u00e1dios intermedi\u00e1rios\u00a0<em>U. acus\u00a0<\/em>e\u00a0<em>G. gracile\u00a0<\/em>e, nos est\u00e1dios avan\u00e7ados\u00a0<em>G.gracile<\/em>. E a inter-rela\u00e7\u00e3o entre as duas comunidades foi menos evidente. Assim, a estrutura da comunidade de algas perif\u00edticas foi dirigida primariamente pela escala sazonal, sendo que a elevada biomassa do fitopl\u00e2ncton agiu sobre as flutua\u00e7\u00f5es da comunidade de algas perif\u00edticas. E em escala espacial, a influ\u00eancia da entrada de \u00e1gua de nascente e efluente dom\u00e9stico atuou secundariamente sobre o processo sucessional.\u00a0 O estado nutricional do perif\u00edton foi acoplado \u00e0 disponibilidade de nutrientes, em escala sazonal. E as raz\u00f5es N:P baseadas no perif\u00edton refletiram melhor o incremento de biomassa perif\u00edtica. Desta forma, em condi\u00e7\u00e3o hipereutr\u00f3fica, a intensidade da flora\u00e7\u00e3o exerce forte influ\u00eancia nas condi\u00e7\u00f5es limnol\u00f3gicas da \u00e1gua e esta, por sua vez, no processo sucessional do perif\u00edton.<\/p>\n<p style=\"text-align: justify\"><strong>Palavras-chave:<\/strong>\u00a0algas perif\u00edticas; estrutura espec\u00edfica; composi\u00e7\u00e3o qu\u00edmica, reservat\u00f3rio raso<\/p>\n<hr align=\"center\" noshade=\"noshade\" size=\"1\" width=\"100%\" \/>\n<p style=\"text-align: center\"><a href=\"https:\/\/smastr16.blob.core.windows.net\/pgibt\/2013\/09\/pdf_grande.gif\"><img decoding=\"async\" loading=\"lazy\" class=\"aligncenter size-full wp-image-2313\" style=\"border: 0px\" alt=\"pdf_grande\" src=\"https:\/\/smastr16.blob.core.windows.net\/pgibt\/2013\/09\/pdf_grande.gif\" width=\"60\" height=\"60\" \/><\/a><a href=\"https:\/\/smastr16.blob.core.windows.net\/pgibt\/2013\/09\/Murilo_Borduqui_MS.pdf\" target=\"_blank\">Murilo Borduqui<br \/>\nAvalia\u00e7\u00e3o sucessional da estrutura e estado nutricional da comunidade perif\u00edtica e sua inter-rela\u00e7\u00e3o com o fitopl\u00e2ncton,<br \/>\nem pontos de entrada de \u00e1gua de nascente e efluente dom\u00e9stico, em reservat\u00f3rio hipereutr\u00f3fico<\/a><\/p>\n<hr align=\"center\" noshade=\"noshade\" size=\"1\" width=\"100%\" \/>\n<p style=\"text-align: center\"><strong>\u00a0<a href=\"https:\/\/www.infraestruturameioambiente.sp.gov.br\/pgibt\/dissertacoesteses\/\">VOLTAR AS DISSERTA\u00c7\u00d5ES E TESES<\/a><\/strong><\/p>\n<hr align=\"center\" noshade=\"noshade\" size=\"1\" width=\"100%\" \/>\n","protected":false},"excerpt":{"rendered":"<p>Murilo Borduqui Avalia\u00e7\u00e3o sucessional da estrutura e estado nutricional da comunidade perif\u00edtica e sua inter-rela\u00e7\u00e3o com o fitopl\u00e2ncton, em pontos de entrada de \u00e1gua de nascente e efluente dom\u00e9stico, em reservat\u00f3rio hipereutr\u00f3fico RESUMO O presente estudo pretende avaliar a estrutura, o estado nutricional e os nutrientes da \u00e1gua intersticial do perif\u00edton, conjuntamente com a estrutura [&hellip;]<\/p>\n","protected":false},"author":1,"featured_media":0,"parent":249,"menu_order":0,"comment_status":"closed","ping_status":"closed","template":"fullpage.php","meta":[],"_links":{"self":[{"href":"https:\/\/www.infraestruturameioambiente.sp.gov.br\/pgibt\/wp-json\/wp\/v2\/pages\/1033"}],"collection":[{"href":"https:\/\/www.infraestruturameioambiente.sp.gov.br\/pgibt\/wp-json\/wp\/v2\/pages"}],"about":[{"href":"https:\/\/www.infraestruturameioambiente.sp.gov.br\/pgibt\/wp-json\/wp\/v2\/types\/page"}],"author":[{"embeddable":true,"href":"https:\/\/www.infraestruturameioambiente.sp.gov.br\/pgibt\/wp-json\/wp\/v2\/users\/1"}],"replies":[{"embeddable":true,"href":"https:\/\/www.infraestruturameioambiente.sp.gov.br\/pgibt\/wp-json\/wp\/v2\/comments?post=1033"}],"version-history":[{"count":0,"href":"https:\/\/www.infraestruturameioambiente.sp.gov.br\/pgibt\/wp-json\/wp\/v2\/pages\/1033\/revisions"}],"up":[{"embeddable":true,"href":"https:\/\/www.infraestruturameioambiente.sp.gov.br\/pgibt\/wp-json\/wp\/v2\/pages\/249"}],"wp:attachment":[{"href":"https:\/\/www.infraestruturameioambiente.sp.gov.br\/pgibt\/wp-json\/wp\/v2\/media?parent=1033"}],"curies":[{"name":"wp","href":"https:\/\/api.w.org\/{rel}","templated":true}]}}