{"id":1027,"date":"2013-09-18T14:42:33","date_gmt":"2013-09-18T17:42:33","guid":{"rendered":"https:\/\/www.infraestruturameioambiente.sp.gov.br\/pgibt\/?page_id=1027"},"modified":"2013-09-18T14:42:33","modified_gmt":"2013-09-18T17:42:33","slug":"2007-fatima-otavina-de-souza","status":"publish","type":"page","link":"https:\/\/www.infraestruturameioambiente.sp.gov.br\/pgibt\/dissertacoesteses\/2007-fatima-otavina-de-souza\/","title":{"rendered":"F\u00e1tima Otavina de Souza MS"},"content":{"rendered":"<h2 style=\"text-align: center\"><a href=\"https:\/\/smastr16.blob.core.windows.net\/pgibt\/2015\/02\/faixapos6.jpg\"><img decoding=\"async\" loading=\"lazy\" class=\"aligncenter size-full wp-image-3777\" style=\"border: 0px\" alt=\"faixapos6\" src=\"https:\/\/smastr16.blob.core.windows.net\/pgibt\/2015\/02\/faixapos6.jpg\" width=\"950\" height=\"163\" srcset=\"https:\/\/smastr16.blob.core.windows.net\/pgibt\/2015\/02\/faixapos6.jpg 950w, https:\/\/smastr16.blob.core.windows.net\/pgibt\/2015\/02\/faixapos6-768x131.jpg 768w\" sizes=\"(max-width: 950px) 100vw, 950px\" \/><\/a><\/h2>\n<hr align=\"center\" noshade=\"noshade\" size=\"1\" width=\"100%\" \/>\n<h2 style=\"text-align: center\">F\u00e1tima Otavina de Souza<\/h2>\n<hr align=\"center\" noshade=\"noshade\" size=\"1\" width=\"100%\" \/>\n<p style=\"text-align: center\">No dia 30 de maio de 2007, a aluna do Programa de P\u00f3s-Gradua\u00e7\u00e3o em Biodiversidade Vegetal e Meio Ambiente F\u00e1tima Otavina de Souza (bolsista FAPESP),<br \/>\ndefendeu sua disserta\u00e7\u00e3o de mestrado intitulada<br \/>\n&#8220;Asteraceae no Parque Estadual da Ilha do Cardoso, Canan\u00e9ia, SP&#8221;.<\/p>\n<p style=\"text-align: center\">Comp\u00f4s a banca examinadora, a sua orientadora Dra. Rosangela Sim\u00e3o Bianchini (Instituto de Bot\u00e2nica), a Dra. Lucia Rossi (Instituto de Bot\u00e2nica) e o sinanter\u00f3logo Prof. Dr. Roberto Louren\u00e7o Esteves (Universidade do Estado do Rio de Janeiro).<\/p>\n<p>O trabalho teve como principal objetivo o levantamento flor\u00edstico das Asteraceae ocorrentes no Parque Estadual da Ilha do Cardoso, visando a elabora\u00e7\u00e3o da monografia a ser publicada na s\u00e9rie &#8220;Flora Fanerog\u00e2mica da Ilha do Cardoso&#8221;. \u00a0O estudo foi baseado na an\u00e1lise de 218 exsicatas provenientes da Ilha do Cardoso e observa\u00e7\u00f5es das esp\u00e9cies em campo. Foram elaboradas chaves de identifica\u00e7\u00f5es, descri\u00e7\u00f5es e ilustra\u00e7\u00f5es para a fam\u00edlia, os g\u00eaneros e esp\u00e9cies,<br \/>\nal\u00e9m de coment\u00e1rios sobre distribui\u00e7\u00e3o geogr\u00e1fica e import\u00e2ncia econ\u00f4mica.<\/p>\n\n<hr align=\"center\" noshade=\"noshade\" size=\"1\" width=\"100%\" \/>\n<h3 style=\"text-align: center\"><em>Asteraceae<\/em>\u00a0no Parque Estadual da Ilha do Cardoso, Canan\u00e9ia, SP<\/h3>\n<hr align=\"center\" noshade=\"noshade\" size=\"1\" width=\"100%\" \/>\n<h4 style=\"text-align: center\"><strong>RESUMO<\/strong><\/h4>\n<p style=\"text-align: justify\">O trabalho teve como principal objetivo o levantamento flor\u00edstico das Asteraceae ocorrentes no Parque Estadual da Ilha do Cardoso, visando a elabora\u00e7\u00e3o da monografia a ser publicada na s\u00e9rie \u201cFlora Fanerog\u00e2mica da Ilha do Cardoso\u201d. O estudo foi baseado na an\u00e1lise de 218 exsicatas provenientes da Ilha do Cardoso e observa\u00e7\u00f5es das esp\u00e9cies em campo.<\/p>\n<p style=\"text-align: justify\">Foram elaboradas chaves de identifica\u00e7\u00f5es, descri\u00e7\u00f5es e ilustra\u00e7\u00f5es para a fam\u00edlia, os g\u00eaneros e esp\u00e9cies, al\u00e9m de coment\u00e1rios sobre distribui\u00e7\u00e3o geogr\u00e1fica e import\u00e2ncia econ\u00f4mica. Foram amostradas 51 esp\u00e9cies, distribu\u00eddas em 29 g\u00eaneros. Dos g\u00eaneros amostrados, 79% apresentaram apenas uma esp\u00e9cie, sendo aqueles com mais de um representante\u00a0<em>Mikania (13 spp.), Baccharis (4 spp.), Vernonia (4 spp.), Piptocarpha (3 spp.), Pterocaulon (2 spp.)\u00a0<\/em>e<em>\u00a0Symphyopappus (2 spp.)<\/em>.<br \/>\nAl\u00e9m de contribuir para o conhecimento da flora local, este trabalho auxiliar\u00e1 tamb\u00e9m no conhecimento das\u00a0<em>Asteraceae<\/em>\u00a0para a Flora Fanerog\u00e2mica do Estado de S\u00e3o Paulo, assim como para o conhecimento da biodiversidade brasileira.<\/p>\n<p style=\"text-align: justify\">E-mail para contato:\u00a0<a href=\"mailto:fatimaosouza@yahoo.com.br\">fatimaosouza@yahoo.com.br<\/a><\/p>\n<hr align=\"center\" noshade=\"noshade\" size=\"1\" width=\"100%\" \/>\n<p style=\"text-align: center\"><a href=\"https:\/\/smastr16.blob.core.windows.net\/pgibt\/2013\/09\/pdf_grande.gif\"><img decoding=\"async\" loading=\"lazy\" class=\"aligncenter size-full wp-image-2313\" style=\"border: 0px\" alt=\"pdf_grande\" src=\"https:\/\/smastr16.blob.core.windows.net\/pgibt\/2013\/09\/pdf_grande.gif\" width=\"60\" height=\"60\" \/><\/a><a href=\"https:\/\/smastr16.blob.core.windows.net\/pgibt\/2013\/09\/Fatima_Otavina_de_Souza_MS.pdf\" target=\"_blank\">F\u00e1tima Otavina de Souza<em><br \/>\nAsteraceae<\/em>\u00a0no Parque Estadual da Ilha do Cardoso, Canan\u00e9ia, SP<\/a><\/p>\n<hr align=\"center\" noshade=\"noshade\" size=\"1\" width=\"100%\" \/>\n<p style=\"text-align: center\"><strong>\u00a0<a href=\"https:\/\/www.infraestruturameioambiente.sp.gov.br\/pgibt\/dissertacoesteses\/\">VOLTAR AS DISSERTA\u00c7\u00d5ES E TESES<\/a><\/strong><\/p>\n<hr align=\"center\" noshade=\"noshade\" size=\"1\" width=\"100%\" \/>\n","protected":false},"excerpt":{"rendered":"<p>F\u00e1tima Otavina de Souza No dia 30 de maio de 2007, a aluna do Programa de P\u00f3s-Gradua\u00e7\u00e3o em Biodiversidade Vegetal e Meio Ambiente F\u00e1tima Otavina de Souza (bolsista FAPESP), defendeu sua disserta\u00e7\u00e3o de mestrado intitulada &#8220;Asteraceae no Parque Estadual da Ilha do Cardoso, Canan\u00e9ia, SP&#8221;. Comp\u00f4s a banca examinadora, a sua orientadora Dra. Rosangela Sim\u00e3o [&hellip;]<\/p>\n","protected":false},"author":1,"featured_media":0,"parent":249,"menu_order":0,"comment_status":"closed","ping_status":"closed","template":"fullpage.php","meta":[],"_links":{"self":[{"href":"https:\/\/www.infraestruturameioambiente.sp.gov.br\/pgibt\/wp-json\/wp\/v2\/pages\/1027"}],"collection":[{"href":"https:\/\/www.infraestruturameioambiente.sp.gov.br\/pgibt\/wp-json\/wp\/v2\/pages"}],"about":[{"href":"https:\/\/www.infraestruturameioambiente.sp.gov.br\/pgibt\/wp-json\/wp\/v2\/types\/page"}],"author":[{"embeddable":true,"href":"https:\/\/www.infraestruturameioambiente.sp.gov.br\/pgibt\/wp-json\/wp\/v2\/users\/1"}],"replies":[{"embeddable":true,"href":"https:\/\/www.infraestruturameioambiente.sp.gov.br\/pgibt\/wp-json\/wp\/v2\/comments?post=1027"}],"version-history":[{"count":0,"href":"https:\/\/www.infraestruturameioambiente.sp.gov.br\/pgibt\/wp-json\/wp\/v2\/pages\/1027\/revisions"}],"up":[{"embeddable":true,"href":"https:\/\/www.infraestruturameioambiente.sp.gov.br\/pgibt\/wp-json\/wp\/v2\/pages\/249"}],"wp:attachment":[{"href":"https:\/\/www.infraestruturameioambiente.sp.gov.br\/pgibt\/wp-json\/wp\/v2\/media?parent=1027"}],"curies":[{"name":"wp","href":"https:\/\/api.w.org\/{rel}","templated":true}]}}