{"id":1022,"date":"2013-09-18T14:23:26","date_gmt":"2013-09-18T17:23:26","guid":{"rendered":"https:\/\/www.infraestruturameioambiente.sp.gov.br\/pgibt\/?page_id=1022"},"modified":"2013-09-18T14:23:26","modified_gmt":"2013-09-18T17:23:26","slug":"2011-marcelo-rogerio-da-silva","status":"publish","type":"page","link":"https:\/\/www.infraestruturameioambiente.sp.gov.br\/pgibt\/dissertacoesteses\/2011-marcelo-rogerio-da-silva\/","title":{"rendered":"Marcelo Rog\u00e9rio da Silva DR"},"content":{"rendered":"<h2 style=\"text-align: center\"><a href=\"https:\/\/smastr16.blob.core.windows.net\/pgibt\/2015\/02\/faixapos6.jpg\"><img decoding=\"async\" loading=\"lazy\" class=\"aligncenter size-full wp-image-3777\" style=\"border: 0px\" alt=\"faixapos6\" src=\"https:\/\/smastr16.blob.core.windows.net\/pgibt\/2015\/02\/faixapos6.jpg\" width=\"950\" height=\"163\" srcset=\"https:\/\/smastr16.blob.core.windows.net\/pgibt\/2015\/02\/faixapos6.jpg 950w, https:\/\/smastr16.blob.core.windows.net\/pgibt\/2015\/02\/faixapos6-768x131.jpg 768w\" sizes=\"(max-width: 950px) 100vw, 950px\" \/><\/a><\/h2>\n<hr align=\"center\" noshade=\"noshade\" size=\"1\" width=\"100%\" \/>\n<h2 style=\"text-align: center\">Marcelo Rog\u00e9rio da Silva<\/h2>\n<hr align=\"center\" noshade=\"noshade\" size=\"1\" width=\"100%\" \/>\n<p style=\"text-align: center\">A tese de doutorado defendida pelo aluno Marcelo Rog\u00e9rio da Silva (bolsista FAPESP) em 24 de fevereiro de 2011. Compondo a comiss\u00e3o julgadora estavam a Dra. Maria Cl\u00e1udia Marx Young (Orientadora \u2013 Instituto de Bot\u00e2nica), o Dr. Marcos Pivatto (UNESP de Araraquara), o Dr. Jo\u00e3o Henrique Ghilard Lago (UFABC), o Dr. Paulo Roberto Hrihorowitsch Moreno (USP) e a Dra. Luciana Retz de Carvalho (Instituto de Bot\u00e2nica).<\/p>\n<hr align=\"center\" noshade=\"noshade\" size=\"1\" width=\"100%\" \/>\n<h3 style=\"text-align: center\">\u201cAn\u00e1lise da distribui\u00e7\u00e3o de alcal\u00f3ides pirid\u00ednicos em diferentes<br \/>\nfases fenol\u00f3gicas de\u00a0<em>Senna multijuga\u00a0<\/em>(Rich.) Irwin et Barn.\u201d<\/h3>\n<hr align=\"center\" noshade=\"noshade\" size=\"1\" width=\"100%\" \/>\n<h4 style=\"text-align: center\"><strong>RESUMO<\/strong><\/h4>\n<p style=\"text-align: justify\">A fenologia \u00e9 um estudo que identifica os fen\u00f4menos de flora\u00e7\u00e3o, frutifica\u00e7\u00e3o, brotamento e queda de folhas, nas suas mais diferentes e intensas fases, objetivando o conhecimento do ciclo anual das esp\u00e9cies em estudo, o qual est\u00e1 diretamente relacionado \u00e0s condi\u00e7\u00f5es clim\u00e1ticas e ao car\u00e1ter adaptativo de cada esp\u00e9cie em sua \u00e1rea de dispers\u00e3o. A observa\u00e7\u00e3o das fenofases ou fases fenol\u00f3gicas das esp\u00e9cies \u00e9 uma pr\u00e1tica que vem sendo realizada desde os prim\u00f3rdios das civiliza\u00e7\u00f5es, quando o homem, necessitando de alimento, buscou diferenciar quais esp\u00e9cies poderiam ser utilizadas em sua alimenta\u00e7\u00e3o nos diferentes per\u00edodos do ano. Em estudos realizados com algumas esp\u00e9cies de plantas, mostraram que metab\u00f3litos secund\u00e1rios podem ser acumulados em diferentes \u00f3rg\u00e3os e tecidos durante as fases fenol\u00f3gicas (flora\u00e7\u00e3o, frutifica\u00e7\u00e3o, dorm\u00eancia e brota\u00e7\u00e3o). Sabe-se tamb\u00e9m que tecidos mais novos \u201cgeralmente\u201d possuem maior taxa biossint\u00e9tica de metab\u00f3litos, tais como \u00f3leos essenciais, \u00e1cidos fen\u00f3licos, flavon\u00f3ides e alcal\u00f3ides. A esp\u00e9cie<em>Senna multijuga\u00a0<\/em>(Fabaceae), ocorre principalmente em regi\u00f5es de Mata Atl\u00e2ntica, sendo popularmente conhecida como pau-cigarra, caquera, aleluia ou canaf\u00edstula. Dois alcal\u00f3ides pirid\u00ednicos (7\u2019-multijuguinona e 12\u2019-hidroxi-7\u2019-multijuguinona) foram identificados nas folhas de\u00a0<em>Senna multijuga<\/em>, cujas estruturas moleculares ainda n\u00e3o haviam sido descritas na literatura. Estes alcal\u00f3ides apresentam um grande potencial com rela\u00e7\u00e3o a novas subst\u00e2ncias bioativas, como por exemplo a atividade inibit\u00f3ria da acetilcolinesterase (AChE), que est\u00e1 envolvida na Doen\u00e7a de Alzheimer e miastenia grave e, ainda, atividade contra fungos fitopatog\u00eanicos, como\u00a0<em>Cladosporium cladosporioides<\/em>\u00a0e\u00a0<em>Cladosporium sphaerospermum<\/em>. Com o objetivo de analisar os alcal\u00f3ides pirid\u00ednicos em diferentes \u00f3rg\u00e3os de\u00a0<em>Senna multijuga<\/em>\u00a0(folhas, flores, frutos e caules), amostras de 4 indiv\u00edduos adultos foram coletadas durante 2 anos em \u00e1reas do Parque Estadual das Fontes do Ipiranga, Instituto de Bot\u00e2nica de S\u00e3o Paulo. An\u00e1lises de alcal\u00f3ides tamb\u00e9m foram feitas com plantas jovens (3, 6 e 9 meses de idade), al\u00e9m de ensaios de cultura\u00a0<em>in vitro.<\/em>\u00a0Os alcal\u00f3ides pirid\u00ednicos foram extra\u00eddos de diferentes \u00f3rg\u00e3os pelo m\u00e9todo \u00e1cido-base e an\u00e1lises quantitativas foram feitas por cromatografia a g\u00e1s (CG-FID), utilizando-se um padr\u00e3o interno (PI). Dados de temperatura, precipita\u00e7\u00e3o e irradia\u00e7\u00e3o solar foram utilizados no presente estudo. O ensaio para avalia\u00e7\u00e3o da inibi\u00e7\u00e3o da enzima AChE foi realizado em microplaca. Os resultados mostraram que os alcal\u00f3ides pirid\u00ednicos 7\u2019-multijuguinona e 12\u2019-hidroxi-7\u2019-multijuguinona est\u00e3o presentes em todos os \u00f3rg\u00e3os de\u00a0<em>Senna multijuga,\u00a0<\/em>coletados em diferentes fases fenol\u00f3gicas, e est\u00e3o presentes tamb\u00e9m em \u00f3rg\u00e3os de plantas jovens, exceto nas ra\u00edzes. A concentra\u00e7\u00e3o desses alcal\u00f3ides pode variar em cada \u00f3rg\u00e3o da planta, sendo que a maior concentra\u00e7\u00e3o foi observada nas folhas (p&lt;0,05).<\/p>\n<p style=\"text-align: justify\"><strong>Palavras chave:\u00a0<\/strong><em>Senna multijuga,\u00a0<\/em>Fabaceae, fenologia, alcal\u00f3ides pirid\u00ednicos.<\/p>\n<hr align=\"center\" noshade=\"noshade\" size=\"1\" width=\"100%\" \/>\n<p style=\"text-align: center\"><a href=\"https:\/\/smastr16.blob.core.windows.net\/pgibt\/2013\/09\/pdf_grande.gif\"><img decoding=\"async\" loading=\"lazy\" class=\"aligncenter size-full wp-image-2313\" style=\"border: 0px\" alt=\"pdf_grande\" src=\"https:\/\/smastr16.blob.core.windows.net\/pgibt\/2013\/09\/pdf_grande.gif\" width=\"60\" height=\"60\" \/><\/a><a href=\"https:\/\/smastr16.blob.core.windows.net\/pgibt\/2013\/09\/Marcelo_Rogerio_da_Silva_DR.pdf\" target=\"_blank\">Marcelo Rog\u00e9rio da Silva<br \/>\n\u201cAn\u00e1lise da distribui\u00e7\u00e3o de alcal\u00f3ides pirid\u00ednicos em diferentes fases fenol\u00f3gicas de <em>Senna multijuga<\/em> (Rich.) Irwin et Barn.\u201d<\/a><\/p>\n<hr align=\"center\" noshade=\"noshade\" size=\"1\" width=\"100%\" \/>\n<p style=\"text-align: center\"><strong>\u00a0<a href=\"https:\/\/www.infraestruturameioambiente.sp.gov.br\/pgibt\/dissertacoesteses\/\">VOLTAR AS DISSERTA\u00c7\u00d5ES E TESES<\/a><\/strong><\/p>\n<hr align=\"center\" noshade=\"noshade\" size=\"1\" width=\"100%\" \/>\n","protected":false},"excerpt":{"rendered":"<p>Marcelo Rog\u00e9rio da Silva A tese de doutorado defendida pelo aluno Marcelo Rog\u00e9rio da Silva (bolsista FAPESP) em 24 de fevereiro de 2011. Compondo a comiss\u00e3o julgadora estavam a Dra. Maria Cl\u00e1udia Marx Young (Orientadora \u2013 Instituto de Bot\u00e2nica), o Dr. Marcos Pivatto (UNESP de Araraquara), o Dr. Jo\u00e3o Henrique Ghilard Lago (UFABC), o Dr. [&hellip;]<\/p>\n","protected":false},"author":1,"featured_media":0,"parent":249,"menu_order":0,"comment_status":"closed","ping_status":"closed","template":"fullpage.php","meta":[],"_links":{"self":[{"href":"https:\/\/www.infraestruturameioambiente.sp.gov.br\/pgibt\/wp-json\/wp\/v2\/pages\/1022"}],"collection":[{"href":"https:\/\/www.infraestruturameioambiente.sp.gov.br\/pgibt\/wp-json\/wp\/v2\/pages"}],"about":[{"href":"https:\/\/www.infraestruturameioambiente.sp.gov.br\/pgibt\/wp-json\/wp\/v2\/types\/page"}],"author":[{"embeddable":true,"href":"https:\/\/www.infraestruturameioambiente.sp.gov.br\/pgibt\/wp-json\/wp\/v2\/users\/1"}],"replies":[{"embeddable":true,"href":"https:\/\/www.infraestruturameioambiente.sp.gov.br\/pgibt\/wp-json\/wp\/v2\/comments?post=1022"}],"version-history":[{"count":0,"href":"https:\/\/www.infraestruturameioambiente.sp.gov.br\/pgibt\/wp-json\/wp\/v2\/pages\/1022\/revisions"}],"up":[{"embeddable":true,"href":"https:\/\/www.infraestruturameioambiente.sp.gov.br\/pgibt\/wp-json\/wp\/v2\/pages\/249"}],"wp:attachment":[{"href":"https:\/\/www.infraestruturameioambiente.sp.gov.br\/pgibt\/wp-json\/wp\/v2\/media?parent=1022"}],"curies":[{"name":"wp","href":"https:\/\/api.w.org\/{rel}","templated":true}]}}