{"id":1017,"date":"2013-09-18T14:11:01","date_gmt":"2013-09-18T17:11:01","guid":{"rendered":"https:\/\/www.infraestruturameioambiente.sp.gov.br\/pgibt\/?page_id=1017"},"modified":"2013-09-18T14:11:01","modified_gmt":"2013-09-18T17:11:01","slug":"2011-luciana-jandelli-gimenes","status":"publish","type":"page","link":"https:\/\/www.infraestruturameioambiente.sp.gov.br\/pgibt\/dissertacoesteses\/2011-luciana-jandelli-gimenes\/","title":{"rendered":"Luciana Jandelli Gimenes DR"},"content":{"rendered":"<h2 style=\"text-align: center\"><a href=\"https:\/\/smastr16.blob.core.windows.net\/pgibt\/2015\/02\/faixapos6.jpg\"><img decoding=\"async\" loading=\"lazy\" class=\"aligncenter size-full wp-image-3777\" style=\"border: 0px\" alt=\"faixapos6\" src=\"https:\/\/smastr16.blob.core.windows.net\/pgibt\/2015\/02\/faixapos6.jpg\" width=\"950\" height=\"163\" srcset=\"https:\/\/smastr16.blob.core.windows.net\/pgibt\/2015\/02\/faixapos6.jpg 950w, https:\/\/smastr16.blob.core.windows.net\/pgibt\/2015\/02\/faixapos6-768x131.jpg 768w\" sizes=\"(max-width: 950px) 100vw, 950px\" \/><\/a><\/h2>\n<hr align=\"center\" noshade=\"noshade\" size=\"1\" width=\"100%\" \/>\n<h2 style=\"text-align: center\">Luciana Jandelli Gimenes<\/h2>\n<hr align=\"center\" noshade=\"noshade\" size=\"1\" width=\"100%\" \/>\n<p align=\"center\">Luciana Jandelli Gimenes, aluna do Programa de P\u00f3s-Gradua\u00e7\u00e3o em Biodiversidade Vegetal e Meio Ambiente do Instituto de Bot\u00e2nica (IBt) e bolsista CAPES, defendeu no dia 26 de julho de 2011 sua tese de doutorado com o t\u00edtulo:<br \/>\n&#8221; Biodegrada\u00e7\u00e3o de pentaclorofenol por\u00a0<em>Trametes villosa<\/em>\u00a0(Sw.) Kreisel: an\u00e1lises bioqu\u00edmicas e moleculares&#8221;.<\/p>\n<p align=\"center\">A banca examinadora foi composta pelo seu orientador Dr. D\u00e1cio Roberto Matheus (UFABC), Dra. Elen Aquino Perpetuo (CEPEMA- Poli\/ USP), Dra. Milena de Luna Alves Lima (UFPR), Dra. Adriana de Mello Gugliotta (IBt) e Dra. Rosemeire Aparecida Bom Pessoni (Universidade Metodista).<\/p>\n<div id=\"attachment_1018\" style=\"width: 279px\" class=\"wp-caption aligncenter\"><a href=\"https:\/\/smastr16.blob.core.windows.net\/pgibt\/2013\/09\/Luciana1.jpg\"><img aria-describedby=\"caption-attachment-1018\" decoding=\"async\" loading=\"lazy\" class=\"size-full wp-image-1018\" alt=\"Da esquerda para a direita: Dra. Milena de L. A. Lima, Dra. Rosemeire Bom Pessoni, Dra. Adriana de M. Gugliotta, Dr. D\u00e1cio R. Matheus, Luciana J. Gimenes e Dra. Elen A. Perpetuo.\" src=\"https:\/\/smastr16.blob.core.windows.net\/pgibt\/2013\/09\/Luciana1.jpg\" width=\"269\" height=\"215\" \/><\/a><p id=\"caption-attachment-1018\" class=\"wp-caption-text\">Da esquerda para a direita: Dra. Milena de L. A. Lima, Dra. Rosemeire Bom Pessoni, Dra. Adriana de M. Gugliotta,<br \/>Dr. D\u00e1cio R. Matheus, Luciana J. Gimenes e Dra. Elen A. Perpetuo.<\/p><\/div>\n<hr align=\"center\" noshade=\"noshade\" size=\"1\" width=\"100%\" \/>\n<h3 style=\"text-align: center\">\u201cBiodegrada\u00e7\u00e3o de pentaclorofenol por\u00a0<em>Trametes villosa<\/em>\u00a0(Sw.) Kreisel:\u00a0an\u00e1lises bioqu\u00edmicas e moleculares\u201d<\/h3>\n<hr align=\"center\" noshade=\"noshade\" size=\"1\" width=\"100%\" \/>\n<h4 style=\"text-align: center\"><strong>RESUMO<\/strong><\/h4>\n<p style=\"text-align: justify\">Em estudos anteriores, duas linhagens de\u00a0<em>Trametes villosa<\/em>\u00a0(Sw.) Kreisel foram selecionadas por apresentarem comportamentos diferentes quanto \u00e0s atividades enzim\u00e1ticas e \u00e0s taxas de degrada\u00e7\u00e3o de pentaclorofenol (PCF), mostrando-se adequadas em sistemas de biorremedia\u00e7\u00e3o de solos contaminados com organoclorados. O fato de linhagens de uma mesma esp\u00e9cie apresentarem comportamento fisiol\u00f3gico diferente quanto \u00e0 degrada\u00e7\u00e3o de PCF pode representar uma grande vantagem no estudo molecular dos genes e fatores que regulam a atividade enzim\u00e1tica e a degrada\u00e7\u00e3o de xenobi\u00f3ticos. An\u00e1lises moleculares em fungos basidiomicetos relacionadas aos genes de enzimas ligninol\u00edticas est\u00e3o sendo realizadas, mas, at\u00e9 o momento, n\u00e3o h\u00e1 estudos da correla\u00e7\u00e3o entre a degrada\u00e7\u00e3o de poluentes e a identifica\u00e7\u00e3o desses genes por t\u00e9cnicas moleculares. Foram avaliadas atividades de fenoloxidases e a degrada\u00e7\u00e3o de PCF por quatro linhagens de\u00a0<em>T. villosa\u00a0<\/em>de diferentes localidades do Brasil. Evidenciaram-se perfis enzim\u00e1ticos distintos entre os isolados na presen\u00e7a de PCF. Na aus\u00eancia de PCF a atividade enzim\u00e1tica de CCIBt 3393 e CCIBt 2513 em solo foi aproximadamente de 40 UL<sup>-1<\/sup>, enquanto para CCIBt 2550 e SC foi menor, em torno de 9 UL<sup>-1<\/sup>, o que aumentou significativamente na presen\u00e7a do PCF, elevando as atividades para 300 UL<sup>-1<\/sup>\u00a0e 90 UL<sup>-1<\/sup>, respectivamente. Nos cultivos destas linhagens em meio Batata-Dextrose-\u00c1gar, as atividades enzim\u00e1ticas corresponderam \u00e0s observadas em solo. Todas as linhagens apresentaram taxas de degrada\u00e7\u00e3o ap\u00f3s seis dias de incuba\u00e7\u00e3o em cultivo em solo. A linhagem SC foi capaz de degradar 63,8% de PCF, a linhagem CCIBt 2513 degradou 42,2% e as linhagens CCIBt 2550 e CCIBt 3393 exibiram taxas de degrada\u00e7\u00e3o de 35,9 % e 24,2% respectivamente, fato muito interessante se comparado com trabalhos anteriores com per\u00edodos muito maiores de incuba\u00e7\u00e3o. Visando identificar genes de\u00a0<em>T. villosa<\/em>\u00a0envolvidos na degrada\u00e7\u00e3o de PCF, foi adotada a t\u00e9cnica de hibridiza\u00e7\u00e3o subtrativa por supress\u00e3o, onde foram encontrados genes potencialmente envolvidos na degrada\u00e7\u00e3o desta mol\u00e9cula, tais como: citocromo P450, oxidases, monooxigenases e desidrogenases. Dentre estes, foram selecionados cinco genes para verifica\u00e7\u00e3o da express\u00e3o g\u00eanica ap\u00f3s a exposi\u00e7\u00e3o de\u00a0<em>T. villosa<\/em>\u00a0ao pentaclorofenol, por meio da an\u00e1lise RT-PCR quantitativo em tempo real. Foram observados maiores n\u00edveis de express\u00e3o de um gene codificador de citocromo P450 e, com menor intensidade, de um gene codificador de monooxigenase ligada a flavina, ap\u00f3s a exposi\u00e7\u00e3o do fungo ao PCF.<\/p>\n<p style=\"text-align: justify\"><strong>Palavras chave:<\/strong>\u00a0Basidiomicetos, biodegrada\u00e7\u00e3o, citocromo P450, fenoloxidase, PCR em tempo real, xenobi\u00f3ticos.<\/p>\n<div id=\"attachment_1019\" style=\"width: 268px\" class=\"wp-caption aligncenter\"><a href=\"https:\/\/smastr16.blob.core.windows.net\/pgibt\/2013\/09\/Luciana2.jpg\"><img aria-describedby=\"caption-attachment-1019\" decoding=\"async\" loading=\"lazy\" class=\"size-full wp-image-1019\" alt=\"Trametes villosa (Sw.) Kreisel (Foto: A. M. Gugliotta)\" src=\"https:\/\/smastr16.blob.core.windows.net\/pgibt\/2013\/09\/Luciana2.jpg\" width=\"258\" height=\"246\" \/><\/a><p id=\"caption-attachment-1019\" class=\"wp-caption-text\"><em>Trametes villosa<\/em> (Sw.) Kreisel (Foto: A. M. Gugliotta)<\/p><\/div>\n<hr align=\"center\" noshade=\"noshade\" size=\"1\" width=\"100%\" \/>\n<p style=\"text-align: center\"><a href=\"https:\/\/smastr16.blob.core.windows.net\/pgibt\/2013\/09\/pdf_grande.gif\"><img decoding=\"async\" loading=\"lazy\" class=\"aligncenter size-full wp-image-2313\" style=\"border: 0px\" alt=\"pdf_grande\" src=\"https:\/\/smastr16.blob.core.windows.net\/pgibt\/2013\/09\/pdf_grande.gif\" width=\"60\" height=\"60\" \/><\/a><a href=\"https:\/\/smastr16.blob.core.windows.net\/pgibt\/2013\/09\/Luciana_Jandelli_Gimenes_DR.pdf\" target=\"_blank\">Luciana Jandelli Gimenes<br \/>\n\u201cBiodegrada\u00e7\u00e3o de pentaclorofenol por <em>Trametes villosa<\/em> (Sw.) Kreisel: an\u00e1lises bioqu\u00edmicas e moleculares\u201d<\/a><\/p>\n<hr align=\"center\" noshade=\"noshade\" size=\"1\" width=\"100%\" \/>\n<p style=\"text-align: center\"><strong>\u00a0<a href=\"https:\/\/www.infraestruturameioambiente.sp.gov.br\/pgibt\/dissertacoesteses\/\">VOLTAR AS DISSERTA\u00c7\u00d5ES E TESES<\/a><\/strong><\/p>\n<hr align=\"center\" noshade=\"noshade\" size=\"1\" width=\"100%\" \/>\n","protected":false},"excerpt":{"rendered":"<p>Luciana Jandelli Gimenes Luciana Jandelli Gimenes, aluna do Programa de P\u00f3s-Gradua\u00e7\u00e3o em Biodiversidade Vegetal e Meio Ambiente do Instituto de Bot\u00e2nica (IBt) e bolsista CAPES, defendeu no dia 26 de julho de 2011 sua tese de doutorado com o t\u00edtulo: &#8221; Biodegrada\u00e7\u00e3o de pentaclorofenol por\u00a0Trametes villosa\u00a0(Sw.) Kreisel: an\u00e1lises bioqu\u00edmicas e moleculares&#8221;. A banca examinadora foi [&hellip;]<\/p>\n","protected":false},"author":1,"featured_media":0,"parent":249,"menu_order":0,"comment_status":"closed","ping_status":"closed","template":"fullpage.php","meta":[],"_links":{"self":[{"href":"https:\/\/www.infraestruturameioambiente.sp.gov.br\/pgibt\/wp-json\/wp\/v2\/pages\/1017"}],"collection":[{"href":"https:\/\/www.infraestruturameioambiente.sp.gov.br\/pgibt\/wp-json\/wp\/v2\/pages"}],"about":[{"href":"https:\/\/www.infraestruturameioambiente.sp.gov.br\/pgibt\/wp-json\/wp\/v2\/types\/page"}],"author":[{"embeddable":true,"href":"https:\/\/www.infraestruturameioambiente.sp.gov.br\/pgibt\/wp-json\/wp\/v2\/users\/1"}],"replies":[{"embeddable":true,"href":"https:\/\/www.infraestruturameioambiente.sp.gov.br\/pgibt\/wp-json\/wp\/v2\/comments?post=1017"}],"version-history":[{"count":0,"href":"https:\/\/www.infraestruturameioambiente.sp.gov.br\/pgibt\/wp-json\/wp\/v2\/pages\/1017\/revisions"}],"up":[{"embeddable":true,"href":"https:\/\/www.infraestruturameioambiente.sp.gov.br\/pgibt\/wp-json\/wp\/v2\/pages\/249"}],"wp:attachment":[{"href":"https:\/\/www.infraestruturameioambiente.sp.gov.br\/pgibt\/wp-json\/wp\/v2\/media?parent=1017"}],"curies":[{"name":"wp","href":"https:\/\/api.w.org\/{rel}","templated":true}]}}