{"id":1006,"date":"2013-09-18T14:27:08","date_gmt":"2013-09-18T17:27:08","guid":{"rendered":"https:\/\/www.infraestruturameioambiente.sp.gov.br\/pgibt\/?page_id=1006"},"modified":"2013-09-18T14:27:08","modified_gmt":"2013-09-18T17:27:08","slug":"2007-fabio-reis-dalle-molle","status":"publish","type":"page","link":"https:\/\/www.infraestruturameioambiente.sp.gov.br\/pgibt\/dissertacoesteses\/2007-fabio-reis-dalle-molle\/","title":{"rendered":"F\u00e1bio Reis Dalle Molle MS"},"content":{"rendered":"<h2 style=\"text-align: center\"><a href=\"https:\/\/smastr16.blob.core.windows.net\/pgibt\/2015\/02\/faixapos6.jpg\"><img decoding=\"async\" loading=\"lazy\" class=\"aligncenter size-full wp-image-3777\" style=\"border: 0px\" alt=\"faixapos6\" src=\"https:\/\/smastr16.blob.core.windows.net\/pgibt\/2015\/02\/faixapos6.jpg\" width=\"950\" height=\"163\" srcset=\"https:\/\/smastr16.blob.core.windows.net\/pgibt\/2015\/02\/faixapos6.jpg 950w, https:\/\/smastr16.blob.core.windows.net\/pgibt\/2015\/02\/faixapos6-768x131.jpg 768w\" sizes=\"(max-width: 950px) 100vw, 950px\" \/><\/a><\/h2>\n<hr align=\"center\" noshade=\"noshade\" size=\"1\" width=\"100%\" \/>\n<h2 style=\"text-align: center\">F\u00e1bio Reis Dalle Molle<\/h2>\n<hr align=\"center\" noshade=\"noshade\" size=\"1\" width=\"100%\" \/>\n<p style=\"text-align: center\">F\u00e1bio Reis Dalle Molle, aluno de p\u00f3s-gradua\u00e7\u00e3o em Biodiversidade Vegetal e Meio Ambiente, do Instituto de Bot\u00e2nica de S\u00e3o Paulo (IBt), bolsista Fapesp,<br \/>\ndefendeu no dia 17 de abril de 2007 sua disserta\u00e7\u00e3o de Mestrado intitulada:<br \/>\n&#8220;Atividade de enzimas do catabolismo de sacarose em pl\u00e2ntulas de\u00a0<em>Hymenaea courbaril<\/em> L. (Hayne) Lee &amp; Lang.<br \/>\ndurante a mobiliza\u00e7\u00e3o do xiloglucano de reserva &#8220;.<\/p>\n<p style=\"text-align: center\">A banca examinadora foi composta por seu orientador o Dr. Marco Aur\u00e9lio Silva Tin\u00e9 (Instituto de Bot\u00e2nica),<br \/>\nDra. M\u00e1rcia Regina Braga (Instituto de Bot\u00e2nica) e Dra. Beatriz Rosana Cordenunsi (USP).<\/p>\n<hr align=\"center\" noshade=\"noshade\" size=\"1\" width=\"100%\" \/>\n<h3 style=\"text-align: center\">Atividade de enzimas do catabolismo de sacarose em pl\u00e2ntulas de\u00a0<em>Hymenaea courbaril <\/em>L. (Hayne) Lee &amp; Lang.<br \/>\ndurante a mobiliza\u00e7\u00e3o do xiloglucano de reserva<\/h3>\n<hr align=\"center\" noshade=\"noshade\" size=\"1\" width=\"100%\" \/>\n<h4 style=\"text-align: center\"><strong>RESUMO<\/strong><\/h4>\n<p style=\"text-align: justify\">Quase todas as sementes acumulam carboidratos que s\u00e3o utilizados pela pl\u00e2ntula como fonte de carbono durante o seu estabelecimento. No caso de\u00a0<em>Hymenaea courbaril L.<\/em>, uma das reservas da semente \u00e9 o xiloglucano, um polissacar\u00eddeo depositado nas paredes das c\u00e9lulas cotiledonares. Ap\u00f3s a germina\u00e7\u00e3o da semente, este polissacar\u00eddeo \u00e9 convertido em sacarose e transportado para outras partes da pl\u00e2ntula. A compreens\u00e3o do metabolismo da sacarose, portanto, \u00e9 essencial para a compreens\u00e3o das rela\u00e7\u00f5es de fonte e dreno entre as partes da pl\u00e2ntula em crescimento. As enzimas chave do metabolismo da sacarose s\u00e3o: sacarose fosfato sintase, que catalisa a s\u00edntese revers\u00edvel de sacarose a partir de frutose-6-P e NDP-glucose, a sacarose sintase que catalisa a degrada\u00e7\u00e3o revers\u00edvel da sacarose gerando NDP-glucose e frutose e as invertases que catalisam a hidr\u00f3lise irrevers\u00edvel da sacarose gerando glucose e frutose. Neste trabalho, foi feito um mapeamento espacial da sacarose sintase e espa\u00e7o-temporal das invertases nos diferentes \u00f3rg\u00e3os de pl\u00e2ntulas de<em>\u00a0H. courbaril<\/em>\u00a0ao longo de um dia. As sementes foram escarificadas manualmente, embebidas em uma bandeja com vermiculita a 25 \u00baC. Ap\u00f3s a germina\u00e7\u00e3o, as sementes foram transferidas para vasos com vermiculita e areia (1:2), cultivadas em casa de vegeta\u00e7\u00e3o at\u00e9 que os cotil\u00e9dones mostrassem sinais de murchamento, sinal que est\u00e1 ocorrendo a mobiliza\u00e7\u00e3o do polissacar\u00eddeo de reserva. As pl\u00e2ntulas foram coletadas em intervalos de 6 horas a partir da 0 hora por 24 horas, com uma coleta intermedi\u00e1ria \u00e0s 2 horas, imediatamente congeladas e armazenadas a -80 oC at\u00e9 a dosagem de atividade enzim\u00e1tica. Uma amostra dos diferentes \u00f3rg\u00e3os foi coletada nos diferentes hor\u00e1rios para a an\u00e1lise dos carboidratos sol\u00faveis por HPAEC-PAD. As maiores atividades de sacarose sintase por massa fresca ocorreram em cotil\u00e9done e hipoc\u00f3tilo e as menores em met\u00e1filo e e\u00f3filo. Os \u00f3rg\u00e3os que apresentaram as maiores atividades espec\u00edficas foram epic\u00f3tilo, hipoc\u00f3tilo e met\u00e1filo, enquanto que os cotil\u00e9dones apresentaram a menor atividade. As tr\u00eas isoformas de invertase estudadas tiveram varia\u00e7\u00e3o na atividade ao longo do dia nos diferentes \u00f3rg\u00e3os da pl\u00e2ntula, com destaque para o hor\u00e1rio das 6 horas para a invertase de parede celular, quando h\u00e1 queda de atividade desta enzima nos cotil\u00e9dones e e\u00f3filos, enquanto que nos demais \u00f3rg\u00e3os h\u00e1 um aumento de atividade nesse hor\u00e1rio. \u00c0s 12 horas h\u00e1 um pico de atividade espec\u00edfica de invertase sol\u00favel neutra em todos os \u00f3rg\u00e3os, exceto raiz. \u00c0s 6 horas h\u00e1 um enorme pico de atividade espec\u00edfica de invertase \u00e1cida no e\u00f3filo. O mapeamento temporal mostrou que o metabolismo de sacarose parece variar ao longo do dia, coordenando as diferentes fontes de carbono da pl\u00e2ntula: o xiloglucano de reserva e a fotoss\u00edntese. A an\u00e1lise dos carboidratos sol\u00faveis mostrou baixas concentra\u00e7\u00f5es destes em cotil\u00e9dones, diminui\u00e7\u00e3o da concentra\u00e7\u00e3o de sacarose durante o dia no e\u00f3filo e altas concentra\u00e7\u00f5es de monossacar\u00eddeos livres em met\u00e1filo e epic\u00f3tilo. A alta correla\u00e7\u00e3o encontrada entre a capacidade de dreno dos \u00f3rg\u00e3os e a atividade de sacarose sintase sugere que o catabolismo de sacarose por essa enzima \u00e9 um importante elemento no estabelecimento de drenos de carboidratos dentro da pl\u00e2ntula e pode ser usado como um marcador das rela\u00e7\u00f5es fonte-dreno entre os diferentes \u00f3rg\u00e3os da pl\u00e2ntula.<\/p>\n<hr align=\"center\" noshade=\"noshade\" size=\"1\" width=\"100%\" \/>\n<p style=\"text-align: center\"><a href=\"https:\/\/smastr16.blob.core.windows.net\/pgibt\/2013\/09\/pdf_grande.gif\"><img decoding=\"async\" loading=\"lazy\" class=\"aligncenter size-full wp-image-2313\" style=\"border: 0px\" alt=\"pdf_grande\" src=\"https:\/\/smastr16.blob.core.windows.net\/pgibt\/2013\/09\/pdf_grande.gif\" width=\"60\" height=\"60\" \/><\/a><a href=\"https:\/\/smastr16.blob.core.windows.net\/pgibt\/2013\/09\/Fabio_Reis_Dalle_Molle_MS.pdf\" target=\"_blank\">F\u00e1bio Reis Dalle Molle<br \/>\nAtividade de enzimas do catabolismo de sacarose em pl\u00e2ntulas de\u00a0<em>Hymenaea courbaril <\/em>L. (Hayne) Lee &amp; Lang.<br \/>\ndurante a mobiliza\u00e7\u00e3o do xiloglucano de reserva<\/a><\/p>\n<hr align=\"center\" noshade=\"noshade\" size=\"1\" width=\"100%\" \/>\n<p style=\"text-align: center\"><strong>\u00a0<a href=\"https:\/\/www.infraestruturameioambiente.sp.gov.br\/pgibt\/dissertacoesteses\/\">VOLTAR AS DISSERTA\u00c7\u00d5ES E TESES<\/a><\/strong><\/p>\n<hr align=\"center\" noshade=\"noshade\" size=\"1\" width=\"100%\" \/>\n<h1 style=\"text-align: center\"><\/h1>\n","protected":false},"excerpt":{"rendered":"<p>F\u00e1bio Reis Dalle Molle F\u00e1bio Reis Dalle Molle, aluno de p\u00f3s-gradua\u00e7\u00e3o em Biodiversidade Vegetal e Meio Ambiente, do Instituto de Bot\u00e2nica de S\u00e3o Paulo (IBt), bolsista Fapesp, defendeu no dia 17 de abril de 2007 sua disserta\u00e7\u00e3o de Mestrado intitulada: &#8220;Atividade de enzimas do catabolismo de sacarose em pl\u00e2ntulas de\u00a0Hymenaea courbaril L. (Hayne) Lee &amp; [&hellip;]<\/p>\n","protected":false},"author":1,"featured_media":0,"parent":249,"menu_order":0,"comment_status":"closed","ping_status":"open","template":"fullpage.php","meta":[],"_links":{"self":[{"href":"https:\/\/www.infraestruturameioambiente.sp.gov.br\/pgibt\/wp-json\/wp\/v2\/pages\/1006"}],"collection":[{"href":"https:\/\/www.infraestruturameioambiente.sp.gov.br\/pgibt\/wp-json\/wp\/v2\/pages"}],"about":[{"href":"https:\/\/www.infraestruturameioambiente.sp.gov.br\/pgibt\/wp-json\/wp\/v2\/types\/page"}],"author":[{"embeddable":true,"href":"https:\/\/www.infraestruturameioambiente.sp.gov.br\/pgibt\/wp-json\/wp\/v2\/users\/1"}],"replies":[{"embeddable":true,"href":"https:\/\/www.infraestruturameioambiente.sp.gov.br\/pgibt\/wp-json\/wp\/v2\/comments?post=1006"}],"version-history":[{"count":0,"href":"https:\/\/www.infraestruturameioambiente.sp.gov.br\/pgibt\/wp-json\/wp\/v2\/pages\/1006\/revisions"}],"up":[{"embeddable":true,"href":"https:\/\/www.infraestruturameioambiente.sp.gov.br\/pgibt\/wp-json\/wp\/v2\/pages\/249"}],"wp:attachment":[{"href":"https:\/\/www.infraestruturameioambiente.sp.gov.br\/pgibt\/wp-json\/wp\/v2\/media?parent=1006"}],"curies":[{"name":"wp","href":"https:\/\/api.w.org\/{rel}","templated":true}]}}