{"id":1004,"date":"2013-09-18T16:21:33","date_gmt":"2013-09-18T19:21:33","guid":{"rendered":"https:\/\/www.infraestruturameioambiente.sp.gov.br\/pgibt\/?page_id=1004"},"modified":"2013-09-18T16:21:33","modified_gmt":"2013-09-18T19:21:33","slug":"2011-jucara-bordin","status":"publish","type":"page","link":"https:\/\/www.infraestruturameioambiente.sp.gov.br\/pgibt\/dissertacoesteses\/2011-jucara-bordin\/","title":{"rendered":"Ju\u00e7ara Bordin DR"},"content":{"rendered":"<h2 style=\"text-align: center\"><a href=\"https:\/\/smastr16.blob.core.windows.net\/pgibt\/2015\/02\/faixapos6.jpg\"><img decoding=\"async\" loading=\"lazy\" class=\"aligncenter size-full wp-image-3777\" style=\"border: 0px\" alt=\"faixapos6\" src=\"https:\/\/smastr16.blob.core.windows.net\/pgibt\/2015\/02\/faixapos6.jpg\" width=\"950\" height=\"163\" srcset=\"https:\/\/smastr16.blob.core.windows.net\/pgibt\/2015\/02\/faixapos6.jpg 950w, https:\/\/smastr16.blob.core.windows.net\/pgibt\/2015\/02\/faixapos6-768x131.jpg 768w\" sizes=\"(max-width: 950px) 100vw, 950px\" \/><\/a><\/h2>\n<hr align=\"center\" noshade=\"noshade\" size=\"1\" width=\"100%\" \/>\n<h2 style=\"text-align: center\">Ju\u00e7ara Bordin<\/h2>\n<hr align=\"center\" noshade=\"noshade\" size=\"1\" width=\"100%\" \/>\n<p style=\"text-align: center\">Ju\u00e7ara Bordin, aluna do Programa de P\u00f3s-Gradua\u00e7\u00e3o em Biodiversidade Vegetal e Meio Ambiente do Instituto de Bot\u00e2nica e Bolsista CAPES, defendeu no dia 29 de agosto de 2011 a tese de doutorado intitulada:<br \/>\n\u201cFissidentaceae (Bryophyta) do Brasil\u201d.<\/p>\n<p style=\"text-align: center\">O trabalho consistiu na identifica\u00e7\u00e3o das esp\u00e9cies de Fissidens ocorrentes no Brasil, al\u00e9m do estudo morfom\u00e9trico das esp\u00e9cies do subg\u00eanero Fissidens e do estudo morfol\u00f3gico das papilas foliares. Foram identificadas 72 t\u00e1xons,<\/p>\n<p style=\"text-align: center\">sendo uma nova esp\u00e9cie descrita para a ci\u00eancia e 3 novas ocorr\u00eancias para o pa\u00eds.<\/p>\n<p>&nbsp;<\/p>\n<div id=\"attachment_1007\" style=\"width: 464px\" class=\"wp-caption aligncenter\"><a href=\"https:\/\/smastr16.blob.core.windows.net\/pgibt\/2013\/09\/Banca_jucara.jpg\"><img aria-describedby=\"caption-attachment-1007\" decoding=\"async\" loading=\"lazy\" class=\"size-full wp-image-1007\" alt=\"A banca examinadora foi composta pela Dra. Olga Yano (Orientadora\/IBt), Dra. K\u00e1tia Cavalcanti P\u00f4rto (UFPE), Dr. Paulo Eduardo Aguiar Saraiva C\u00e2mara (UnB), Dr. Cid Jos\u00e9 Passos Bastos (UFBA) e Dra. C\u00e9lia Leite Sant\u2019Anna (IBt).\" src=\"https:\/\/smastr16.blob.core.windows.net\/pgibt\/2013\/09\/Banca_jucara.jpg\" width=\"454\" height=\"284\" \/><\/a><p id=\"caption-attachment-1007\" class=\"wp-caption-text\">A banca examinadora foi composta pela Dra. Olga Yano (Orientadora\/IBt), Dra. K\u00e1tia Cavalcanti P\u00f4rto (UFPE), Dr. Paulo Eduardo Aguiar Saraiva C\u00e2mara (UnB), Dr. Cid Jos\u00e9 Passos Bastos (UFBA) e Dra. C\u00e9lia Leite Sant\u2019Anna (IBt).<\/p><\/div>\n<hr align=\"center\" noshade=\"noshade\" size=\"1\" width=\"100%\" \/>\n<h3 style=\"text-align: center\">Fissidentaceae (Bryophyta) do Brasil<\/h3>\n<hr align=\"center\" noshade=\"noshade\" size=\"1\" width=\"100%\" \/>\n<h4 style=\"text-align: center\"><strong>RESUMO<\/strong><\/h4>\n<p style=\"text-align: justify\">Fissidentaceae \u00e9 uma das maiores e mais representativas fam\u00edlias de musgos, amplamente distribu\u00edda pelo mundo. \u00c9 facilmente reconhecida em campo, por\u00e9m h\u00e1 grande dificuldade na identifica\u00e7\u00e3o das esp\u00e9cies, principalmente as esp\u00e9cies do subg\u00eanero\u00a0<em>Fissidens\u00a0<\/em>devido \u00e0 variabilidade destes t\u00e1xons. Os objetivos deste trabalho foram realizar um estudo das esp\u00e9cies de\u00a0<em>Fissidens<\/em>ocorrentes no Brasil; avaliar a varia\u00e7\u00e3o morfol\u00f3gica e delimitar as esp\u00e9cies do subg\u00eanero\u00a0<em>Fissidens<\/em>\u00a0utilizando an\u00e1lises morfom\u00e9tricas; estudar morfologicamente as papilas foliares utilizando microsc\u00f3pio eletr\u00f4nico de varredura e avaliar a distribui\u00e7\u00e3o geogr\u00e1fica das esp\u00e9cies. Foram encontrados 72 t\u00e1xons de\u00a0<em>Fissidens\u00a0<\/em>no Brasil. Uma nova esp\u00e9cie foi descrita:\u00a0<em>Fissidens pseudoplurisetus<\/em>\u00a0Bordin, Pursell &amp; O. Yano; tr\u00eas novas ocorr\u00eancias para o Brasil foram encontradas:\u00a0<em>Fissidens ecuadorensis\u00a0<\/em>Pursell &amp; Brugg.-Nann.<em>, Fissidens steerei\u00a0<\/em>Grout e\u00a0<em>Fissidens yucatanensis\u00a0<\/em>Steere<em>;\u00a0<\/em>um novo sin\u00f4nimo foi designado e 33 t\u00e1xons tiveram sua distribui\u00e7\u00e3o geogr\u00e1fica ampliada para 21 estados brasileiros. Todos os t\u00e1xons tiveram seu status de conserva\u00e7\u00e3o avaliado, sendo que 15 (23%) foram indicados como amea\u00e7ados dentro das categorias e crit\u00e9rios da IUCN. O estudo morfom\u00e9trico dos 13 t\u00e1xons do subg\u00eanero\u00a0<em>Fissidens,<\/em>se\u00e7\u00e3o\u00a0<em>Fissidens<\/em>\u00a0ocorrentes no Brasil mostrou a presen\u00e7a de poucas caracter\u00edsticas morfol\u00f3gicas est\u00e1veis confirmando a grande variabilidade deste grupo. O estudo morfol\u00f3gico das papilas foliares de Fissidentaceae com a utiliza\u00e7\u00e3o de microscopia eletr\u00f4nica de varredura (MEV) indicou que as ornamenta\u00e7\u00f5es celulares presentes em\u00a0<em>Fissidens<\/em>\u00a0s\u00e3o de natureza s\u00f3lida, portanto devem ser denominadas papilas. Est\u00e3o sendo apresentadas chaves para identifica\u00e7\u00e3o das esp\u00e9cies ocorrentes no Brasil, descri\u00e7\u00f5es, coment\u00e1rios e ilustra\u00e7\u00e3o para todos os t\u00e1xons.<\/p>\n<p style=\"text-align: justify\"><strong>Palavras-chave:<\/strong>\u00a0Bryophyta, Morfometria, papilas foliares<\/p>\n\n<hr align=\"center\" noshade=\"noshade\" size=\"1\" width=\"100%\" \/>\n<p style=\"text-align: center\"><a href=\"https:\/\/smastr16.blob.core.windows.net\/pgibt\/2013\/09\/pdf_grande.gif\"><img decoding=\"async\" loading=\"lazy\" class=\"aligncenter size-full wp-image-2313\" style=\"border: 0px\" alt=\"pdf_grande\" src=\"https:\/\/smastr16.blob.core.windows.net\/pgibt\/2013\/09\/pdf_grande.gif\" width=\"60\" height=\"60\" \/><\/a><a href=\"https:\/\/smastr16.blob.core.windows.net\/pgibt\/2013\/09\/Jucara_Bordin_DR.pdf\" target=\"_blank\">Ju\u00e7ara Bordin<br \/>\nFissidentaceae (Bryophyta) do Brasil<\/a><\/p>\n<hr align=\"center\" noshade=\"noshade\" size=\"1\" width=\"100%\" \/>\n<p style=\"text-align: center\"><strong>\u00a0<a href=\"https:\/\/www.infraestruturameioambiente.sp.gov.br\/pgibt\/dissertacoesteses\/\">VOLTAR AS DISSERTA\u00c7\u00d5ES E TESES<\/a><\/strong><\/p>\n<hr align=\"center\" noshade=\"noshade\" size=\"1\" width=\"100%\" \/>\n","protected":false},"excerpt":{"rendered":"<p>Ju\u00e7ara Bordin Ju\u00e7ara Bordin, aluna do Programa de P\u00f3s-Gradua\u00e7\u00e3o em Biodiversidade Vegetal e Meio Ambiente do Instituto de Bot\u00e2nica e Bolsista CAPES, defendeu no dia 29 de agosto de 2011 a tese de doutorado intitulada: \u201cFissidentaceae (Bryophyta) do Brasil\u201d. O trabalho consistiu na identifica\u00e7\u00e3o das esp\u00e9cies de Fissidens ocorrentes no Brasil, al\u00e9m do estudo morfom\u00e9trico [&hellip;]<\/p>\n","protected":false},"author":1,"featured_media":0,"parent":249,"menu_order":0,"comment_status":"closed","ping_status":"closed","template":"fullpage.php","meta":[],"_links":{"self":[{"href":"https:\/\/www.infraestruturameioambiente.sp.gov.br\/pgibt\/wp-json\/wp\/v2\/pages\/1004"}],"collection":[{"href":"https:\/\/www.infraestruturameioambiente.sp.gov.br\/pgibt\/wp-json\/wp\/v2\/pages"}],"about":[{"href":"https:\/\/www.infraestruturameioambiente.sp.gov.br\/pgibt\/wp-json\/wp\/v2\/types\/page"}],"author":[{"embeddable":true,"href":"https:\/\/www.infraestruturameioambiente.sp.gov.br\/pgibt\/wp-json\/wp\/v2\/users\/1"}],"replies":[{"embeddable":true,"href":"https:\/\/www.infraestruturameioambiente.sp.gov.br\/pgibt\/wp-json\/wp\/v2\/comments?post=1004"}],"version-history":[{"count":0,"href":"https:\/\/www.infraestruturameioambiente.sp.gov.br\/pgibt\/wp-json\/wp\/v2\/pages\/1004\/revisions"}],"up":[{"embeddable":true,"href":"https:\/\/www.infraestruturameioambiente.sp.gov.br\/pgibt\/wp-json\/wp\/v2\/pages\/249"}],"wp:attachment":[{"href":"https:\/\/www.infraestruturameioambiente.sp.gov.br\/pgibt\/wp-json\/wp\/v2\/media?parent=1004"}],"curies":[{"name":"wp","href":"https:\/\/api.w.org\/{rel}","templated":true}]}}