{"id":963,"date":"2022-03-30T12:17:09","date_gmt":"2022-03-30T15:17:09","guid":{"rendered":"https:\/\/portal-sima-homologacao.azurewebsites.net\/ipa\/?page_id=963"},"modified":"2025-11-05T10:06:51","modified_gmt":"2025-11-05T13:06:51","slug":"nucleo-de-bibliotecas-e-mapotecas","status":"publish","type":"page","link":"https:\/\/www.infraestruturameioambiente.sp.gov.br\/ipa\/centro-de-gestao-de-acervos\/nucleo-de-bibliotecas-e-mapotecas\/","title":{"rendered":"Bibliotecas, Mapotecas, Museus, Acervos Arquiv\u00edsticos e Iconogr\u00e1ficos"},"content":{"rendered":"<p>[vc_row][vc_column width=&#8221;2\/3&#8243;][vc_column_text]O Servi\u00e7o de<strong> Bibliotecas, Mapotecas, Museus, Acervos Arquiv\u00edsticos e Iconogr\u00e1ficos<\/strong> preserva, organiza e desenvolve os acervos bibliogr\u00e1ficos do Instituto de Pesquisas Ambientais, compostos por livros, monografias, teses, peri\u00f3dicos e material cartogr\u00e1fico de natureza hist\u00f3rica e tamb\u00e9m de conte\u00fado t\u00e9cnico-cient\u00edfico, mantendo atualizados bancos de dados relativos a estes acervos. Gerencia o sistema de interc\u00e2mbio entre bibliotecas e auxilia usu\u00e1rios na pesquisa bibliogr\u00e1fica e na normatiza\u00e7\u00e3o da documenta\u00e7\u00e3o cient\u00edfica. Obt\u00e9m informa\u00e7\u00f5es para aquisi\u00e7\u00e3o de novos t\u00edtulos para o acervo e providencia a exposi\u00e7\u00e3o e divulga\u00e7\u00e3o do material adquirido, al\u00e9m de buscar integra\u00e7\u00e3o \u00e0s redes de informa\u00e7\u00e3o e comunica\u00e7\u00e3o em ci\u00eancia e desenvolvimento tecnol\u00f3gico, nas \u00e1reas de atribui\u00e7\u00f5es do instituto, promovendo a moderniza\u00e7\u00e3o e informatiza\u00e7\u00e3o de acervos. Tamb\u00e9m organiza, recupera e indexa os acervos de museus (tridimensionais), acervos arquiv\u00edsticos e iconogr\u00e1ficos, preservando o patrim\u00f4nio cultural e documental dos Institutos de Bot\u00e2nica, Geol\u00f3gico e Florestal, que deram origem ao Instituto de Pesquisas Ambientais. Tamb\u00e9m preserva a mem\u00f3ria visual dos tr\u00eas antigos institutos, administrando e conservando todo o material iconogr\u00e1fico, especialmente fotografias, v\u00eddeos em vhs, slides, negativos de vidro, negativos em acetato, quadros, ilustra\u00e7\u00f5es cient\u00edficas, desenhos, CDs e DVDs, sendo respons\u00e1vel pela implanta\u00e7\u00e3o de projeto de digitaliza\u00e7\u00e3o dos acervos citados, visando \u00e0 amplia\u00e7\u00e3o do acesso \u00e0 informa\u00e7\u00e3o e a\u00e7\u00f5es de preserva\u00e7\u00e3o. Orienta, acompanha e supervisiona a realiza\u00e7\u00e3o de estudos, pesquisas e trabalhos, nas \u00e1reas da museologia sob sua gest\u00e3o, e realiza supervis\u00e3o t\u00e9cnico-cient\u00edfica do acervo dos museus e de sua reserva t\u00e9cnica.<\/p>\n<p>[\/vc_column_text][\/vc_column][vc_column width=&#8221;1\/3&#8243;][vc_column_text]<span style=\"font-size: 14pt\"><strong>Servi\u00e7o<\/strong><\/span><\/p>\n<ul>\n<li><a href=\"https:\/\/www.infraestruturameioambiente.sp.gov.br\/ipa\/bibliotecas\/\">Bibliotecas e Mapotecas<\/a><\/li>\n<li><a href=\"https:\/\/www.infraestruturameioambiente.sp.gov.br\/ipa\/museus\/\">Museus<\/a><\/li>\n<li><a href=\"https:\/\/www.infraestruturameioambiente.sp.gov.br\/ipa\/acervos\/\">Acervos Arquiv\u00edsticos e Iconogr\u00e1ficos<\/a><\/li>\n<\/ul>\n<p>[\/vc_column_text][\/vc_column][\/vc_row]<\/p>\n","protected":false},"excerpt":{"rendered":"<p>[vc_row][vc_column width=&#8221;2\/3&#8243;][vc_column_text]O Servi\u00e7o de Bibliotecas, Mapotecas, Museus, Acervos Arquiv\u00edsticos e Iconogr\u00e1ficos preserva, organiza e desenvolve os acervos bibliogr\u00e1ficos do Instituto de Pesquisas Ambientais, compostos por livros, monografias, teses, peri\u00f3dicos e [&hellip;]<\/p>\n","protected":false},"author":184,"featured_media":0,"parent":454,"menu_order":0,"comment_status":"closed","ping_status":"closed","template":"","meta":[],"_links":{"self":[{"href":"https:\/\/www.infraestruturameioambiente.sp.gov.br\/ipa\/wp-json\/wp\/v2\/pages\/963"}],"collection":[{"href":"https:\/\/www.infraestruturameioambiente.sp.gov.br\/ipa\/wp-json\/wp\/v2\/pages"}],"about":[{"href":"https:\/\/www.infraestruturameioambiente.sp.gov.br\/ipa\/wp-json\/wp\/v2\/types\/page"}],"author":[{"embeddable":true,"href":"https:\/\/www.infraestruturameioambiente.sp.gov.br\/ipa\/wp-json\/wp\/v2\/users\/184"}],"replies":[{"embeddable":true,"href":"https:\/\/www.infraestruturameioambiente.sp.gov.br\/ipa\/wp-json\/wp\/v2\/comments?post=963"}],"version-history":[{"count":6,"href":"https:\/\/www.infraestruturameioambiente.sp.gov.br\/ipa\/wp-json\/wp\/v2\/pages\/963\/revisions"}],"predecessor-version":[{"id":8894,"href":"https:\/\/www.infraestruturameioambiente.sp.gov.br\/ipa\/wp-json\/wp\/v2\/pages\/963\/revisions\/8894"}],"up":[{"embeddable":true,"href":"https:\/\/www.infraestruturameioambiente.sp.gov.br\/ipa\/wp-json\/wp\/v2\/pages\/454"}],"wp:attachment":[{"href":"https:\/\/www.infraestruturameioambiente.sp.gov.br\/ipa\/wp-json\/wp\/v2\/media?parent=963"}],"curies":[{"name":"wp","href":"https:\/\/api.w.org\/{rel}","templated":true}]}}