{"id":9297,"date":"2026-04-13T15:52:43","date_gmt":"2026-04-13T18:52:43","guid":{"rendered":"https:\/\/www.infraestruturameioambiente.sp.gov.br\/ipa\/?page_id=9297"},"modified":"2026-04-13T15:55:06","modified_gmt":"2026-04-13T18:55:06","slug":"laboratorio-de-climatologia-experimental-climex","status":"publish","type":"page","link":"https:\/\/www.infraestruturameioambiente.sp.gov.br\/ipa\/laboratorios\/laboratorio-de-climatologia-experimental-climex\/","title":{"rendered":"Laborat\u00f3rio de Climatologia Experimental \u2013 CLIMEX"},"content":{"rendered":"<p>[vc_row][vc_column width=&#8221;2\/3&#8243;][vc_column_text]Em 2024 o Laborat\u00f3rio de Climatologia Experimental (CLIMEX) foi criado no instituto com o intuito de desenvolver melhor a \u00e1rea de Climatologia. O CLIMEX atua no desenvolvimento de pesquisas, diagn\u00f3sticos, assessorias e treinamentos em climatologia aplicada ao planejamento ambiental e territorial. O laborat\u00f3rio integra atividades de coleta, an\u00e1lise e modelagem de dados clim\u00e1ticos, com foco na gera\u00e7\u00e3o de conhecimento cient\u00edfico e solu\u00e7\u00f5es aplicadas para apoio \u00e0 tomada de decis\u00e3o.<\/p>\n<p><strong>Atendimento, uso do laborat\u00f3rio e consulta \u00e0 cole\u00e7\u00e3o<\/strong><\/p>\n<p>O CLIMEX atende \u00f3rg\u00e3os governamentais, empresas, ONGs, institui\u00e7\u00f5es de ensino e p\u00fablico em geral, oferecendo consultorias, an\u00e1lises t\u00e9cnicas, simula\u00e7\u00f5es, cursos e eventos cient\u00edficos. O uso do laborat\u00f3rio ocorre mediante demanda e agendamento pr\u00e9vio.<\/p>\n<p><strong>An\u00e1lises realizadas, equipamentos e servi\u00e7os dispon\u00edveis:<\/strong><\/p>\n<p>O laborat\u00f3rio pode realizar coletas e an\u00e1lises de dados meteorol\u00f3gicos, mapeamento clim\u00e1tico, modelagem clim\u00e1tica, geoprocessamento e sensoriamento remoto, al\u00e9m de estudos de caso e an\u00e1lises de risco clim\u00e1tico.<\/p>\n<p>Orientar na instala\u00e7\u00e3o e opera\u00e7\u00e3o de esta\u00e7\u00f5es meteorol\u00f3gicas.<br \/>\nTreinamentos em diversas \u00e1reas da climatologia: instrumenta\u00e7\u00e3o, observa\u00e7\u00e3o meteorol\u00f3gica, divulga\u00e7\u00e3o cient\u00edfica, cursos tem\u00e1ticos especializados.<\/p>\n<p>O Laborat\u00f3rio <strong>CLIMEX<\/strong> conta com:<\/p>\n<ul>\n<li>Esta\u00e7\u00f5es meteorol\u00f3gicas autom\u00e1ticas;<\/li>\n<li>Sala de an\u00e1lises e mapeamentos;<\/li>\n<li>Computadores dedicados e softwares especializados para modelagem clim\u00e1tica e sistemas de informa\u00e7\u00e3o geogr\u00e1fica (SIG);<\/li>\n<li>\u00c1rea externa para instala\u00e7\u00e3o de equipamentos e realiza\u00e7\u00e3o de experimentos em campo\/calibra\u00e7\u00f5es;<\/li>\n<li>Equipamentos para trabalhos de campo: psicr\u00f4metros, pluvi\u00f4metros, anem\u00f4metros, radi\u00f4metros e equipamentos auxiliares, como alt\u00edmetros, GPS, m\u00e1quinas fotogr\u00e1ficas, trados;<\/li>\n<li>Equipamentos de apoio \u00e0 instrumenta\u00e7\u00e3o: esta\u00e7\u00e3o de solda, micro ret\u00edfica, mult\u00edmetro, etc;<\/li>\n<li>Na unidade da Vila Mariana o CLIMEX conta com o apoio de outros laborat\u00f3rios e audit\u00f3rios para a realiza\u00e7\u00e3o de diferentes atividades\/treinamentos.<\/li>\n<\/ul>\n<p><strong>\u00a0<\/strong><strong>Esta\u00e7\u00e3o meteorol\u00f3gica experimental<\/strong><\/p>\n<p><strong>\u00a0<\/strong>O CLIMEX mant\u00e9m uma esta\u00e7\u00e3o meteorol\u00f3gica experimental instalada em sua \u00e1rea externa, utilizada para monitoramento cont\u00ednuo de vari\u00e1veis atmosf\u00e9ricas no meio urbano, apoio a pesquisas e atividades de ensino e treinamento.<\/p>\n<p>A esta\u00e7\u00e3o integra sensores autom\u00e1ticos e sistemas de aquisi\u00e7\u00e3o de dados, permitindo an\u00e1lises em alta resolu\u00e7\u00e3o temporal e suporte a estudos aplicados em climatologia.<\/p>\n<p>Os dados meteorol\u00f3gicos apresentados referem-se a medi\u00e7\u00f5es realizadas em ambiente urbano, em \u00e1rea experimental com cobertura tipo telhado verde e forte influ\u00eancia do entorno edificado. Assim, refletem condi\u00e7\u00f5es microclim\u00e1ticas espec\u00edficas, n\u00e3o sendo diretamente compar\u00e1veis a s\u00e9ries de esta\u00e7\u00f5es meteorol\u00f3gicas convencionais ou representativas de escalas regionais.<\/p>\n<p>Apresenta\u00e7\u00e3o da esta\u00e7\u00e3o meteorol\u00f3gica (link)<\/p>\n<p>Acesso aos dados meteorol\u00f3gicos em tempo real (link)<\/p>\n<p><strong>T\u00edtulos de projetos atendidos:<\/strong><\/p>\n<ul>\n<li>Centro de Inova\u00e7\u00e3o para aumento da resili\u00eancia agr\u00edcola frente aos estresses do clima.<\/li>\n<li>Variabilidade da concentra\u00e7\u00e3o de g\u00e1s carb\u00f4nico na atmosfera: estudo comparativo entre a cidade de S\u00e3o Paulo e a Amaz\u00f4nia brasileira<\/li>\n<\/ul>\n<p><strong>Informa\u00e7\u00f5es Gerais:<\/strong><\/p>\n<p><strong>Composto por 3 ambientes:<\/strong> <strong>Gabinete:<\/strong> 32 m\u00b2; <strong>\u00c1rea experimental:<\/strong> 88 m\u00b2; <strong>Reserva t\u00e9cnica:<\/strong> 3,2 m\u00b2.<br \/>\n<strong>Descri\u00e7\u00e3o do uso:<\/strong> laborat\u00f3rio\/sala de pesquisa e \u00e1rea externa para experimenta\u00e7\u00e3o. \u00c1rea para eventos e treinamentos para forma\u00e7\u00e3o de recursos humanos em Climatologia.<br \/>\n<strong>Localiza\u00e7\u00e3o:<\/strong> IPA &#8211; Unidade Via Mariana, Rua Joaquim T\u00e1vora, 822 Vila Mariana \u2013 S\u00e3o Paulo &#8211; SP<br \/>\n<strong>Hor\u00e1rio de funcionamento:<\/strong> 8:00 \u00e0s 17:00h.<br \/>\n<strong>Gest\u00e3o:<\/strong> Departamento de Geoci\u00eancias, Gest\u00e3o de Riscos e Monitoramento Ambiental do IPA.<\/p>\n<p><strong>\u00a0<\/strong><strong>Contato e Informa\u00e7\u00f5es: <\/strong><em>e-mail em breve<\/em><\/p>\n<p><strong>\u00a0<\/strong><strong>Equipe:<\/strong><\/p>\n<p>Gustavo Armani \u2013 <a href=\"mailto:garmani@sp.gov.br\">garmani@sp.gov.br<\/a> (coordenador)<br \/>\nGe\u00f3grafo \/ Pesquisador Cient\u00edfico VI \/ Mestre e Doutor em Geografia-Climatologia<\/p>\n<p>Renato Tavares \u2013 <a href=\"mailto:rtavares@sp.gov.br\">rtavares@sp.gov.br<\/a><br \/>\nGe\u00f3grafo \/ Pesquisador Cient\u00edfico VI \/ Mestre e Doutor em Geografia-Climatologia<\/p>\n<p><strong><em>Apoio t\u00e9cnico<\/em><\/strong><\/p>\n<p>Gilberto da Silva Sanches\u00a0 &#8211; <a href=\"mailto:gssanchez@sp.gov.br\">gssanchez@sp.gov.br<\/a><\/p>\n<p>M\u00e1rcio F\u00e9lix Dion\u00edsio\u00a0 &#8211; <a href=\"mailto:marciofd@sp.gov.br\">marciofd@sp.gov.br<\/a><\/p>\n<p>&nbsp;<\/p>\n<p>[\/vc_column_text][\/vc_column][vc_column width=&#8221;1\/3&#8243;][vc_column_text]<span style=\"font-size: 12pt\"><strong>Laborat\u00f3rios do IPA<\/strong><\/span><\/p>\n<p><span style=\"font-size: 12pt\"><strong>Unidade jardim Bot\u00e2nico<\/strong><\/span><\/p>\n<ul>\n<li><a href=\"https:\/\/www.infraestruturameioambiente.sp.gov.br\/ipa\/laboratorios\/laboratorio-de-estudos-ambientais\/\"><span style=\"font-size: 10pt\">Laborat\u00f3rio de Estudos ambientais &#8211; LEA<\/span><\/a><\/li>\n<li><span style=\"font-size: 10pt\">Laborat\u00f3rio de Micologia B\u00e1sica &#8211; LMB<\/span><\/li>\n<li><a href=\"https:\/\/www.infraestruturameioambiente.sp.gov.br\/ipa\/laboratorios\/laboratorio-de-palinologia-palino-ipa\/\"><span style=\"font-size: 10pt\">Laborat\u00f3rio de Palinologia &#8211; PALINO<\/span><\/a><\/li>\n<li><span style=\"font-size: 10pt\">Laborat\u00f3rio de Anatomia Vegetal &#8211; LAVeg<\/span><\/li>\n<li><a href=\"https:\/\/www.infraestruturameioambiente.sp.gov.br\/ipa\/laboratorios\/laboratorio-de-biotecnologia-de-plantas-nativas-e-ou-comerciais\/\"><span style=\"font-size: 10pt\">Laborat\u00f3rio de Biotecnologia de Plantas Nativas e\/ou Comerciais &#8211; LBPNC<\/span><\/a><\/li>\n<li><span style=\"font-size: 10pt\">Laborat\u00f3rio de Ecofisiologia e Bioqu\u00edmica de Plantas &#8211; LEBP<\/span><\/li>\n<li><span style=\"font-size: 10pt\">Laborat\u00f3rio de intera\u00e7\u00e3o Atmosfera-Planta &#8211; LABIAP<\/span><\/li>\n<li><span style=\"font-size: 10pt\"><a href=\"https:\/\/www.infraestruturameioambiente.sp.gov.br\/ipa\/laboratorios\/lab-algas\/\">Laborat\u00f3rio de Pesquisas em Macroalgas Marinhas &#8211; LabAlgas<\/a><\/span><\/li>\n<li><span style=\"font-size: 10pt\">Laborat\u00f3rio de Taxonomia e Ecologia de Microalgas &#8211; LAC<\/span><\/li>\n<li><span style=\"font-size: 10pt\">Laborat\u00f3rio de Ecologia Terrestre e Aqu\u00e1tica &#8211; LECO<\/span><\/li>\n<li><span style=\"font-size: 10pt\">Laborat\u00f3rio de Micologia Aplicada &#8211; LMA<\/span><\/li>\n<li><span style=\"font-size: 10pt\">Laborat\u00f3rio de Pesquisa em Sementes &#8211; LPS<\/span><\/li>\n<li><span style=\"font-size: 10pt\">Laborat\u00f3rio Experimental de \u00c1reas Verdes &#8211; LEAV<\/span><\/li>\n<\/ul>\n<p><span style=\"font-size: 12pt\"><strong>Unidade Vila Mariana<\/strong><\/span><\/p>\n<ul>\n<li><span style=\"font-size: 10pt\">Laborat\u00f3rio de An\u00e1lises Geol\u00f3gicas &#8211; LABGEO<\/span><\/li>\n<li><span style=\"font-size: 10pt\">Laborat\u00f3rio de Microscopia Petrogr\u00e1fica &#8211; LABPETRO<\/span><\/li>\n<li><a href=\"https:\/\/www.infraestruturameioambiente.sp.gov.br\/ipa\/laboratorios\/laboratorio-de-hidrossistemas-carsticos\/\"><span style=\"font-size: 10pt\">Laborat\u00f3rio de Hidrossistemas C\u00e1rsticos &#8211; LHC<\/span><\/a><\/li>\n<li><strong><span style=\"font-size: 10pt\">Laborat\u00f3rio de Climatologia Experimental \u2013 CLIMEX<\/span><\/strong><\/li>\n<\/ul>\n<p><span style=\"font-size: 12pt\"><strong>Unidade Horto Florestal<\/strong><\/span><\/p>\n<ul>\n<li><span style=\"font-size: 10pt\">Laborat\u00f3rio de Anatomia e Propriedades de Madeira &#8211; LAPM<\/span><\/li>\n<li><a href=\"https:\/\/www.infraestruturameioambiente.sp.gov.br\/ipa\/laboratorios\/laboratorio-de-sementes\/\"><span style=\"font-size: 10pt\">Laborat\u00f3rio de An\u00e1lise e Pesquisa de Sementes Florestais &#8211; LAPSF<\/span><\/a><\/li>\n<\/ul>\n<p><span style=\"font-size: 12pt\"><strong>PESM &#8211; Cunha<\/strong><\/span><\/p>\n<ul>\n<li><a href=\"https:\/\/www.infraestruturameioambiente.sp.gov.br\/ipa\/laboratorios\/laboratorio-de-hidrologia-florestal-engenheiro-agronomo-walter-emmerich-lhfeawe\/\"><span style=\"font-size: 10pt\">Laborat\u00f3rio de Hidrologia Florestal \u201cEngenheiro Agr\u00f4nomo Walter Emmerich\u201d &#8211; LHFEAWE<\/span><\/a><\/li>\n<\/ul>\n<p>[\/vc_column_text][\/vc_column][\/vc_row]<\/p>\n","protected":false},"excerpt":{"rendered":"<p>[vc_row][vc_column width=&#8221;2\/3&#8243;][vc_column_text]Em 2024 o Laborat\u00f3rio de Climatologia Experimental (CLIMEX) foi criado no instituto com o intuito de desenvolver melhor a \u00e1rea de Climatologia. O CLIMEX atua no desenvolvimento de pesquisas, [&hellip;]<\/p>\n","protected":false},"author":196,"featured_media":0,"parent":351,"menu_order":0,"comment_status":"closed","ping_status":"closed","template":"","meta":[],"_links":{"self":[{"href":"https:\/\/www.infraestruturameioambiente.sp.gov.br\/ipa\/wp-json\/wp\/v2\/pages\/9297"}],"collection":[{"href":"https:\/\/www.infraestruturameioambiente.sp.gov.br\/ipa\/wp-json\/wp\/v2\/pages"}],"about":[{"href":"https:\/\/www.infraestruturameioambiente.sp.gov.br\/ipa\/wp-json\/wp\/v2\/types\/page"}],"author":[{"embeddable":true,"href":"https:\/\/www.infraestruturameioambiente.sp.gov.br\/ipa\/wp-json\/wp\/v2\/users\/196"}],"replies":[{"embeddable":true,"href":"https:\/\/www.infraestruturameioambiente.sp.gov.br\/ipa\/wp-json\/wp\/v2\/comments?post=9297"}],"version-history":[{"count":7,"href":"https:\/\/www.infraestruturameioambiente.sp.gov.br\/ipa\/wp-json\/wp\/v2\/pages\/9297\/revisions"}],"predecessor-version":[{"id":9305,"href":"https:\/\/www.infraestruturameioambiente.sp.gov.br\/ipa\/wp-json\/wp\/v2\/pages\/9297\/revisions\/9305"}],"up":[{"embeddable":true,"href":"https:\/\/www.infraestruturameioambiente.sp.gov.br\/ipa\/wp-json\/wp\/v2\/pages\/351"}],"wp:attachment":[{"href":"https:\/\/www.infraestruturameioambiente.sp.gov.br\/ipa\/wp-json\/wp\/v2\/media?parent=9297"}],"curies":[{"name":"wp","href":"https:\/\/api.w.org\/{rel}","templated":true}]}}