{"id":9106,"date":"2025-12-12T14:29:39","date_gmt":"2025-12-12T17:29:39","guid":{"rendered":"https:\/\/www.infraestruturameioambiente.sp.gov.br\/ipa\/?page_id=9106"},"modified":"2026-01-19T15:24:45","modified_gmt":"2026-01-19T18:24:45","slug":"expediente","status":"publish","type":"page","link":"https:\/\/www.infraestruturameioambiente.sp.gov.br\/ipa\/publicacoes\/anais-do-sipa\/expediente\/","title":{"rendered":"ANAIS DO SIMP\u00d3SIO DO INSTITUTO DE PESQUISAS AMBIENTAIS"},"content":{"rendered":"<p>[vc_row][vc_column width=&#8221;2\/3&#8243;][vc_column_text]<span style=\"font-size: 14pt\"><strong>EXPEDIENTE<\/strong><\/span><\/p>\n<div data-ogsc=\"rgb(0, 0, 0)\">\n<hr \/>\n<\/div>\n<div class=\"x_elementToProof\" data-ogsc=\"rgb(0, 0, 0)\"><strong>Institui\u00e7\u00e3o respons\u00e1vel pela publica\u00e7\u00e3o:<\/strong><br \/>\nSecretaria de Meio Ambiente, Infraestrutura e Log\u00edstica<br \/>\nInstituto de Pesquisas Ambientais<\/div>\n<div data-ogsc=\"rgb(0, 0, 0)\">\n<hr \/>\n<\/div>\n<div class=\"x_elementToProof\" data-ogsc=\"rgb(0, 0, 0)\"><strong>Endere\u00e7o:<\/strong><br \/>\nAv. Professor Frederico Hermann J\u00fanior, 345 \u2013 Alto de Pinheiros &#8211; S\u00e3o Paulo \u2013 SP &#8211; Brasil, CEP: 05459-010,<\/div>\n<div class=\"x_elementToProof\" data-ogsc=\"rgb(0, 0, 0)\"><strong>E-mail:<\/strong> ipa.coordenadoria@sp.gov.br<\/div>\n<div class=\"x_elementToProof\" data-ogsc=\"rgb(0, 0, 0)\"><strong>Tel.:<\/strong> +55 11 3133-3000 \/ +55 11 5067-6049<\/div>\n<div data-ogsc=\"rgb(0, 0, 0)\">\n<hr \/>\n<\/div>\n<div class=\"x_elementToProof\" data-ogsc=\"rgb(0, 0, 0)\"><strong>Periodicidade do Evento:<\/strong><br \/>\nAnual<\/div>\n<div data-ogsc=\"rgb(0, 0, 0)\">\n<hr \/>\n<\/div>\n<div class=\"x_elementToProof\" data-ogsc=\"rgb(0, 0, 0)\"><strong>Idioma:<\/strong><br \/>\nPortugu\u00eas<\/div>\n<div data-ogsc=\"rgb(0, 0, 0)\">\n<hr \/>\n<\/div>\n<div class=\"x_elementToProof\" data-ogsc=\"rgb(0, 0, 0)\"><strong>Corpo Editorial:<\/strong><br \/>\nDiretor do IPA \u2013 Marco Aur\u00e9lio Nalon<br \/>\nDepartamento de Divulga\u00e7\u00e3o do Conhecimento e Eventos \u2013 Tania Aparecida Amorim Valeriano<\/div>\n<div class=\"x_elementToProof\" data-ogsc=\"rgb(0, 0, 0)\">A Comiss\u00e3o Organizadora do evento tem diferentes pessoas indicadas anualmente para cada edi\u00e7\u00e3o.<\/div>\n<p>[\/vc_column_text][\/vc_column][vc_column width=&#8221;1\/3&#8243;][vc_column_text]<span style=\"font-size: 14pt\"><strong>Anais do SIPA<\/strong><\/span><\/p>\n<ul>\n<li><a href=\"https:\/\/www.infraestruturameioambiente.sp.gov.br\/ipa\/publicacoes\/anais-do-sipa\/apresentacao-sipa\/\">Apresenta\u00e7\u00e3o<\/a><\/li>\n<li><a href=\"https:\/\/www.infraestruturameioambiente.sp.gov.br\/ipa\/publicacoes\/anais-do-sipa\/normas-para-publicacao\/\">Normas para publica\u00e7\u00e3o<\/a><\/li>\n<li><strong>Expediente<\/strong><\/li>\n<li><a href=\"https:\/\/www.infraestruturameioambiente.sp.gov.br\/ipa\/publicacoes\/anais-do-sipa\/\">Edi\u00e7\u00f5es<\/a><\/li>\n<li><a href=\"https:\/\/www.infraestruturameioambiente.sp.gov.br\/ipa\/publicacoes\/publicacoes-virtuais\/\">Voltar para publica\u00e7\u00f5es<\/a><\/li>\n<\/ul>\n<p>[\/vc_column_text][\/vc_column][\/vc_row]<\/p>\n","protected":false},"excerpt":{"rendered":"<p>[vc_row][vc_column width=&#8221;2\/3&#8243;][vc_column_text]EXPEDIENTE Institui\u00e7\u00e3o respons\u00e1vel pela publica\u00e7\u00e3o: Secretaria de Meio Ambiente, Infraestrutura e Log\u00edstica Instituto de Pesquisas Ambientais Endere\u00e7o: Av. Professor Frederico Hermann J\u00fanior, 345 \u2013 Alto de Pinheiros &#8211; S\u00e3o [&hellip;]<\/p>\n","protected":false},"author":196,"featured_media":0,"parent":7680,"menu_order":0,"comment_status":"closed","ping_status":"closed","template":"","meta":[],"_links":{"self":[{"href":"https:\/\/www.infraestruturameioambiente.sp.gov.br\/ipa\/wp-json\/wp\/v2\/pages\/9106"}],"collection":[{"href":"https:\/\/www.infraestruturameioambiente.sp.gov.br\/ipa\/wp-json\/wp\/v2\/pages"}],"about":[{"href":"https:\/\/www.infraestruturameioambiente.sp.gov.br\/ipa\/wp-json\/wp\/v2\/types\/page"}],"author":[{"embeddable":true,"href":"https:\/\/www.infraestruturameioambiente.sp.gov.br\/ipa\/wp-json\/wp\/v2\/users\/196"}],"replies":[{"embeddable":true,"href":"https:\/\/www.infraestruturameioambiente.sp.gov.br\/ipa\/wp-json\/wp\/v2\/comments?post=9106"}],"version-history":[{"count":10,"href":"https:\/\/www.infraestruturameioambiente.sp.gov.br\/ipa\/wp-json\/wp\/v2\/pages\/9106\/revisions"}],"predecessor-version":[{"id":9226,"href":"https:\/\/www.infraestruturameioambiente.sp.gov.br\/ipa\/wp-json\/wp\/v2\/pages\/9106\/revisions\/9226"}],"up":[{"embeddable":true,"href":"https:\/\/www.infraestruturameioambiente.sp.gov.br\/ipa\/wp-json\/wp\/v2\/pages\/7680"}],"wp:attachment":[{"href":"https:\/\/www.infraestruturameioambiente.sp.gov.br\/ipa\/wp-json\/wp\/v2\/media?parent=9106"}],"curies":[{"name":"wp","href":"https:\/\/api.w.org\/{rel}","templated":true}]}}