{"id":9104,"date":"2025-12-12T14:26:01","date_gmt":"2025-12-12T17:26:01","guid":{"rendered":"https:\/\/www.infraestruturameioambiente.sp.gov.br\/ipa\/?page_id=9104"},"modified":"2026-01-19T07:38:37","modified_gmt":"2026-01-19T10:38:37","slug":"normas-para-publicacao","status":"publish","type":"page","link":"https:\/\/www.infraestruturameioambiente.sp.gov.br\/ipa\/publicacoes\/anais-do-sipa\/normas-para-publicacao\/","title":{"rendered":"ANAIS DO SIMP\u00d3SIO DO INSTITUTO DE PESQUISAS AMBIENTAIS"},"content":{"rendered":"<p>[vc_row][vc_column width=&#8221;2\/3&#8243;][vc_column_text]<strong><span style=\"font-size: 14pt\">NORMAS PARA PUBLICA\u00c7\u00c3O<\/span><\/strong><\/p>\n<p>O t\u00edtulo dever\u00e1 ser formatado com as seguintes caracter\u00edsticas <strong>\u201c<\/strong><strong>Fonte Calibri 16, negrito, centralizado, espa\u00e7o simples, m\u00e1ximo 16 palavras, apenas primeira letra mai\u00fascula\u201d<\/strong><\/p>\n<p>O texto do resumo simples n\u00e3o dever\u00e1 ultrapassar 300 palavras (excluindo-se nesse limite t\u00edtulo, autores\/filia\u00e7\u00e3o institucional, palavras-chave e \u00f3rg\u00e3o financiador). No resumo, dever\u00e1 haver uma pequena introdu\u00e7\u00e3o, objetivo(s) bem claro(s), material e m\u00e9todos bem concisos, resultados e discuss\u00e3o breves e conclus\u00e3o, sem repetir os resultados. N\u00e3o citar refer\u00eancias bibliogr\u00e1ficas no texto. O texto dever\u00e1 ser em Fonte Calibri tamanho 12 e justificado. Todas as margens do resumo simples devem ser de 3 cm em folha tamanho A4 (21 x 29,7 cm) e orienta\u00e7\u00e3o tipo retrato. O espa\u00e7o entre as linhas deve ser simples. O arquivo dever\u00e1 ser salvo em Word (.doc ou .docx) com o nome \u201cResumo \u2013 nome do autor respons\u00e1vel pela inscri\u00e7\u00e3o do trabalho\u201d. O texto do resumo simples n\u00e3o dever\u00e1 ultrapassar 300 palavras (excluindo-se nesse limite t\u00edtulo, autores\/filia\u00e7\u00e3o institucional, palavras-chave e \u00f3rg\u00e3o financiador). No resumo, dever\u00e1 haver uma pequena introdu\u00e7\u00e3o, objetivo(s) bem claro(s), material e m\u00e9todos bem concisos, resultados e discuss\u00e3o breves e conclus\u00e3o, sem repetir os resultados. N\u00e3o citar refer\u00eancias bibliogr\u00e1ficas no texto. O texto dever\u00e1 ser em Fonte Calibri tamanho 12 e justificado. Todas as margens do resumo simples devem ser de 3 cm em folha tamanho A4 (21 x 29,7 cm) e orienta\u00e7\u00e3o tipo retrato. O espa\u00e7o entre as linhas deve ser simples. O arquivo dever\u00e1 ser salvo em Word (.doc ou .docx) com o nome \u201cResumo \u2013 nome do autor respons\u00e1vel pela inscri\u00e7\u00e3o do trabalho\u201d. Todo texto explicativo dever\u00e1 ser substitu\u00eddo pelo conte\u00fado do seu trabalho.<\/p>\n<ul>\n<li><a href=\"https:\/\/smastr16.blob.core.windows.net\/2001\/sites\/261\/2025\/12\/sipa-normas-para-publicacao.pdf\">Modelo de Resumo SIPA<\/a><\/li>\n<\/ul>\n<p>[\/vc_column_text][\/vc_column][vc_column width=&#8221;1\/3&#8243;][vc_column_text]<span style=\"font-size: 14pt\"><strong>Anais do SIPA<\/strong><\/span><\/p>\n<ul>\n<li><a href=\"https:\/\/www.infraestruturameioambiente.sp.gov.br\/ipa\/publicacoes\/anais-do-sipa\/apresentacao-sipa\/\">Apresenta\u00e7\u00e3o<\/a><\/li>\n<li><strong>Normas para publica\u00e7\u00e3o<\/strong><\/li>\n<li><a href=\"https:\/\/www.infraestruturameioambiente.sp.gov.br\/ipa\/publicacoes\/anais-do-sipa\/expediente\/\">Expediente<\/a><\/li>\n<li><a href=\"https:\/\/www.infraestruturameioambiente.sp.gov.br\/ipa\/publicacoes\/anais-do-sipa\/\">Edi\u00e7\u00f5es<\/a><\/li>\n<li><a href=\"https:\/\/www.infraestruturameioambiente.sp.gov.br\/ipa\/publicacoes\/publicacoes-virtuais\/\">Voltar para publica\u00e7\u00f5es<\/a><\/li>\n<\/ul>\n<p>[\/vc_column_text][\/vc_column][\/vc_row]<\/p>\n","protected":false},"excerpt":{"rendered":"<p>[vc_row][vc_column width=&#8221;2\/3&#8243;][vc_column_text]NORMAS PARA PUBLICA\u00c7\u00c3O O t\u00edtulo dever\u00e1 ser formatado com as seguintes caracter\u00edsticas \u201cFonte Calibri 16, negrito, centralizado, espa\u00e7o simples, m\u00e1ximo 16 palavras, apenas primeira letra mai\u00fascula\u201d O texto do [&hellip;]<\/p>\n","protected":false},"author":196,"featured_media":0,"parent":7680,"menu_order":0,"comment_status":"closed","ping_status":"closed","template":"","meta":[],"_links":{"self":[{"href":"https:\/\/www.infraestruturameioambiente.sp.gov.br\/ipa\/wp-json\/wp\/v2\/pages\/9104"}],"collection":[{"href":"https:\/\/www.infraestruturameioambiente.sp.gov.br\/ipa\/wp-json\/wp\/v2\/pages"}],"about":[{"href":"https:\/\/www.infraestruturameioambiente.sp.gov.br\/ipa\/wp-json\/wp\/v2\/types\/page"}],"author":[{"embeddable":true,"href":"https:\/\/www.infraestruturameioambiente.sp.gov.br\/ipa\/wp-json\/wp\/v2\/users\/196"}],"replies":[{"embeddable":true,"href":"https:\/\/www.infraestruturameioambiente.sp.gov.br\/ipa\/wp-json\/wp\/v2\/comments?post=9104"}],"version-history":[{"count":6,"href":"https:\/\/www.infraestruturameioambiente.sp.gov.br\/ipa\/wp-json\/wp\/v2\/pages\/9104\/revisions"}],"predecessor-version":[{"id":9205,"href":"https:\/\/www.infraestruturameioambiente.sp.gov.br\/ipa\/wp-json\/wp\/v2\/pages\/9104\/revisions\/9205"}],"up":[{"embeddable":true,"href":"https:\/\/www.infraestruturameioambiente.sp.gov.br\/ipa\/wp-json\/wp\/v2\/pages\/7680"}],"wp:attachment":[{"href":"https:\/\/www.infraestruturameioambiente.sp.gov.br\/ipa\/wp-json\/wp\/v2\/media?parent=9104"}],"curies":[{"name":"wp","href":"https:\/\/api.w.org\/{rel}","templated":true}]}}