{"id":9102,"date":"2025-12-12T14:21:46","date_gmt":"2025-12-12T17:21:46","guid":{"rendered":"https:\/\/www.infraestruturameioambiente.sp.gov.br\/ipa\/?page_id=9102"},"modified":"2026-01-19T07:36:17","modified_gmt":"2026-01-19T10:36:17","slug":"apresentacao-sipa","status":"publish","type":"page","link":"https:\/\/www.infraestruturameioambiente.sp.gov.br\/ipa\/publicacoes\/anais-do-sipa\/apresentacao-sipa\/","title":{"rendered":"Anais do Simp\u00f3sio do Instituto de Pesquisas Ambientais"},"content":{"rendered":"<p>[vc_row][vc_column width=&#8221;2\/3&#8243;][vc_column_text]<strong><span style=\"font-size: 14pt\">APRESENTA\u00c7\u00c3O<\/span><\/strong><\/p>\n<p>O Simp\u00f3sio do Instituto de Pesquisas Ambientais \u00e9 um evento cient\u00edfico, acad\u00eamico e institucional promovido pelo Instituto de Pesquisas Ambientais (IPA) com o objetivo de divulgar, integrar e debater os conhecimentos produzidos pela institui\u00e7\u00e3o.<\/p>\n<p>De forma geral, o Simp\u00f3sio:<\/p>\n<p>&#8211; Celebra o anivers\u00e1rio de cria\u00e7\u00e3o do Instituto\u00a0e apresenta pesquisas, projetos e resultados t\u00e9cnicos desenvolvidos pelas diferentes \u00e1reas do IPA (Bot\u00e2nica, Florestas, Geologia, Biodiversidade, Meio Ambiente, entre outras);<\/p>\n<p>&#8211; Re\u00fane pesquisadores, t\u00e9cnicos, estudantes, gestores p\u00fablicos do pr\u00f3prio Instituto e parceiros externos\u00a0de outras institui\u00e7\u00f5es para compartilhar resultados das pesquisas realizadas pela institui\u00e7\u00e3o<br \/>\npor meio de mesas redondas, palestras e apresenta\u00e7\u00e3o artigos e trabalhos de pesquisa cient\u00edfica desenvolvidas pelos alunos do curso P\u00f3s- Gradua\u00e7\u00e3o do Instituto.<\/p>\n<p>&#8211; Fortalece a integra\u00e7\u00e3o institucional, reunindo os diferentes centros, n\u00facleos e acervos que comp\u00f5em o IPA;<\/p>\n<p>&#8211; Promove debates sobre temas ambientais estrat\u00e9gicos, como conserva\u00e7\u00e3o da biodiversidade, mudan\u00e7as clim\u00e1ticas, gest\u00e3o ambiental, uso sustent\u00e1vel dos recursos naturais e pol\u00edticas p\u00fablicas;<\/p>\n<p>&#8211; Valoriza a mem\u00f3ria cient\u00edfica e os acervos hist\u00f3ricos herdados dos antigos institutos que deram origem ao IPA.<\/p>\n<p>A cada edi\u00e7\u00e3o \u00e9 abordado um tema espec\u00edfico, geralmente relacionado a quest\u00f5es ambientais urgentes, como &#8220;Mudan\u00e7as no Clima: Desastres Naturais, Meio Ambiente e Sociedade&#8221; ou &#8220;As a\u00e7\u00f5es do IPA frente ao desequil\u00edbrio dos ecossistemas&#8221;.<\/p>\n<p>Resumindo, o Simp\u00f3sio do Instituto de Pesquisa Ambientais tem se firmado a cada ano como um evento de grande relev\u00e2ncia e se tornado um espa\u00e7o de di\u00e1logo cient\u00edfico, institucional e social, voltado \u00e0 produ\u00e7\u00e3o e difus\u00e3o do conhecimento ambiental e ao apoio \u00e0 tomada de decis\u00e3o em pol\u00edticas p\u00fablicas.[\/vc_column_text][\/vc_column][vc_column width=&#8221;1\/3&#8243;][vc_column_text]<span style=\"font-size: 14pt\"><strong>Anais do SIPA<\/strong><\/span><\/p>\n<ul>\n<li><strong>Apresenta\u00e7\u00e3o<\/strong><\/li>\n<li><a href=\"https:\/\/www.infraestruturameioambiente.sp.gov.br\/ipa\/publicacoes\/anais-do-sipa\/normas-para-publicacao\/\">Normas para publica\u00e7\u00e3o<\/a><\/li>\n<li><a href=\"https:\/\/www.infraestruturameioambiente.sp.gov.br\/ipa\/publicacoes\/anais-do-sipa\/expediente\/\">Expediente<\/a><\/li>\n<li><a href=\"https:\/\/www.infraestruturameioambiente.sp.gov.br\/ipa\/publicacoes\/anais-do-sipa\/\">Edi\u00e7\u00f5es<\/a><\/li>\n<li><a href=\"https:\/\/www.infraestruturameioambiente.sp.gov.br\/ipa\/publicacoes\/publicacoes-virtuais\/\">Voltar para publica\u00e7\u00f5es<\/a><\/li>\n<\/ul>\n<p>[\/vc_column_text][\/vc_column][\/vc_row]<\/p>\n","protected":false},"excerpt":{"rendered":"<p>[vc_row][vc_column width=&#8221;2\/3&#8243;][vc_column_text]APRESENTA\u00c7\u00c3O O Simp\u00f3sio do Instituto de Pesquisas Ambientais \u00e9 um evento cient\u00edfico, acad\u00eamico e institucional promovido pelo Instituto de Pesquisas Ambientais (IPA) com o objetivo de divulgar, integrar e [&hellip;]<\/p>\n","protected":false},"author":196,"featured_media":0,"parent":7680,"menu_order":0,"comment_status":"closed","ping_status":"closed","template":"","meta":[],"_links":{"self":[{"href":"https:\/\/www.infraestruturameioambiente.sp.gov.br\/ipa\/wp-json\/wp\/v2\/pages\/9102"}],"collection":[{"href":"https:\/\/www.infraestruturameioambiente.sp.gov.br\/ipa\/wp-json\/wp\/v2\/pages"}],"about":[{"href":"https:\/\/www.infraestruturameioambiente.sp.gov.br\/ipa\/wp-json\/wp\/v2\/types\/page"}],"author":[{"embeddable":true,"href":"https:\/\/www.infraestruturameioambiente.sp.gov.br\/ipa\/wp-json\/wp\/v2\/users\/196"}],"replies":[{"embeddable":true,"href":"https:\/\/www.infraestruturameioambiente.sp.gov.br\/ipa\/wp-json\/wp\/v2\/comments?post=9102"}],"version-history":[{"count":5,"href":"https:\/\/www.infraestruturameioambiente.sp.gov.br\/ipa\/wp-json\/wp\/v2\/pages\/9102\/revisions"}],"predecessor-version":[{"id":9203,"href":"https:\/\/www.infraestruturameioambiente.sp.gov.br\/ipa\/wp-json\/wp\/v2\/pages\/9102\/revisions\/9203"}],"up":[{"embeddable":true,"href":"https:\/\/www.infraestruturameioambiente.sp.gov.br\/ipa\/wp-json\/wp\/v2\/pages\/7680"}],"wp:attachment":[{"href":"https:\/\/www.infraestruturameioambiente.sp.gov.br\/ipa\/wp-json\/wp\/v2\/media?parent=9102"}],"curies":[{"name":"wp","href":"https:\/\/api.w.org\/{rel}","templated":true}]}}