{"id":8836,"date":"2025-10-16T11:43:26","date_gmt":"2025-10-16T14:43:26","guid":{"rendered":"https:\/\/www.infraestruturameioambiente.sp.gov.br\/ipa\/?page_id=8836"},"modified":"2025-10-16T11:54:47","modified_gmt":"2025-10-16T14:54:47","slug":"pesquisas-publicadas-na-revista-do-instituto-florestal-divulgadas-pela-agencia-bori","status":"publish","type":"page","link":"https:\/\/www.infraestruturameioambiente.sp.gov.br\/ipa\/pesquisas-publicadas-na-revista-do-instituto-florestal-divulgadas-pela-agencia-bori\/","title":{"rendered":"Pesquisas publicadas na Revista do Instituto Florestal divulgadas pela Ag\u00eancia Bori"},"content":{"rendered":"<p><a href=\"https:\/\/abori.com.br\/ambiente\/estudo-identifica-aptidao-da-jurema-preta-para-uso-em-pisos-de-madeira\/\"><strong>Estudo identifica aptid\u00e3o da jurema-preta para uso em pisos de madeira<\/strong><\/a>\u00a0(6\/12\/2021)<\/p>\n<p><a href=\"https:\/\/abori.com.br\/ambiente\/com-grande-volume-de-agua-bacias-de-cunha-sp-sao-importante-manancial-da-mata-atlantica\/\"><strong>Com grande volume de \u00e1gua, bacias de Cunha (SP) s\u00e3o importante manancial da Mata Atl\u00e2ntica<\/strong><\/a>\u00a0(30\/03\/2022)<\/p>\n<p><a href=\"https:\/\/abori.com.br\/ambiente\/meio-ambiente\/cultivo-de-eucalipto-protege-matas-e-contribui-para-preservacao-da-biodiversidade-em-florestas\/\"><strong>Cultivo de eucalipto protege matas e contribui para preserva\u00e7\u00e3o da biodiversidade em florestas<\/strong><\/a>\u00a0(11\/05\/2022)<\/p>\n<p><a href=\"https:\/\/abori.com.br\/ambiente\/meio-ambiente\/em-meio-a-grande-diversidade-18-especies-sao-vistas-pela-primeira-vez-em-bauru-interior-de-sp\/\"><strong>Dezoito esp\u00e9cies de aves s\u00e3o vistas pela primeira vez em matas de brejo no interior de SP<\/strong><\/a>\u00a0(30\/06\/2022)<\/p>\n<p><strong><a href=\"https:\/\/abori.com.br\/ciencias-da-terra\/esterco-de-aves-e-o-que-mais-reduz-acidez-de-solo-e-favorece-plantacoes-no-cerrado-aponta-estudo\/\">Esterco de aves \u00e9 o que mais reduz acidez de solo e favorece planta\u00e7\u00f5es no Cerrado, aponta estudo\u00a0<\/a><\/strong>(12\/09\/2022)<\/p>\n<p><a href=\"https:\/\/abori.com.br\/ambiente\/meio-ambiente\/com-historico-de-desastres-um-terco-das-areas-de-preservacao-permanente-em-sao-luiz-do-paraitinga-estao-suscetiveis-a-escorregamentos-e-inundacoes\/\"><strong>Um ter\u00e7o das \u00c1reas de Preserva\u00e7\u00e3o Permanente em S\u00e3o Luiz do Paraitinga (SP) est\u00e3o suscet\u00edveis a inunda\u00e7\u00f5es\u00a0<\/strong><\/a>(16\/12\/2022)<\/p>\n<p><a href=\"https:\/\/abori.com.br\/agricultura\/arvore-nativa-usada-na-restauracao-do-cerrado-se-torna-mais-fertil-com-adicao-de-calcario-e-fosforo\/\"><strong>\u00c1rvore usada na restaura\u00e7\u00e3o do Cerrado se torna mais f\u00e9rtil com adi\u00e7\u00e3o de calc\u00e1rio e f\u00f3sforo<\/strong><\/a>\u00a0(30\/04\/2023)<\/p>\n<p><a href=\"https:\/\/abori.com.br\/ambiente\/desmatamento-do-interior-paulista-provocou-desaparecimento-de-80-especies-de-aves\/\"><strong>Desmatamento do interior paulista provocou desaparecimento de 80 esp\u00e9cies de aves<\/strong><\/a>\u00a0(22\/05\/2023)<\/p>\n<p><a href=\"https:\/\/abori.com.br\/ambiente\/uma-em-cada-dez-especies-de-arvores-da-serra-de-paranapiacaba-esta-em-risco-de-extincao\/\"><strong>Uma em cada dez esp\u00e9cies de \u00e1rvores da Serra de Paranapiacaba est\u00e1 em risco de extin\u00e7\u00e3o<\/strong><\/a>\u00a0(30\/06\/2023)<\/p>\n<p><a href=\"https:\/\/abori.com.br\/ambiente\/casca-de-coco-serve-para-cultivo-de-bromelias-o-que-pode-reduzir-o-extrativismo-da-planta\/\"><strong>Uso de casca de coco melhora cultivo de brom\u00e9lias e pode reduzir o extrativismo predat\u00f3rio<\/strong><\/a>\u00a0(4\/12\/2023)<\/p>\n<p><a href=\"https:\/\/abori.com.br\/ambiente\/86-das-especies-de-animais-vertebrados-do-estado-de-sao-paulo-estao-em-unidades-de-protecao\/\"><strong>Ao menos 86% das esp\u00e9cies nativas de animais vertebrados do estado de SP est\u00e3o em unidades de prote\u00e7\u00e3o<\/strong><\/a>\u00a0(18\/12\/2023)<\/p>\n<p><strong><a href=\"https:\/\/abori.com.br\/agronegocio\/oleos-naturais-de-acai-e-murmuru-preservam-madeiras-amazonicas\/\">\u00d3leos naturais como o de a\u00e7a\u00ed t\u00eam potencial para preservar madeiras amaz\u00f4nicas usadas no setor moveleiro<\/a>\u00a0<\/strong>(3\/05\/2024)<\/p>\n<p><a href=\"https:\/\/abori.com.br\/ambiente\/mamiferos-em-extincao-registrados-em-parque\/\"><strong>Foto in\u00e9dita: fur\u00e3o-pequeno \u00e9 flagrado pela primeira vez em unidade de conserva\u00e7\u00e3o ambiental, em S\u00e3o Paulo<\/strong><\/a>\u00a0(12\/07\/2024)<\/p>\n<p><strong><a href=\"https:\/\/abori.com.br\/ambiente\/239-especies-de-aves-mapeadas-vale-da-quietude-serra-de-paranapiacaba\/\">239 esp\u00e9cies de aves s\u00e3o mapeadas em \u00e1rea da Serra de Paranapiacaba; 2 est\u00e3o em risco de extin\u00e7\u00e3o<\/a><\/strong>\u00a0(20\/12\/2024)<\/p>\n<p><a href=\"https:\/\/abori.com.br\/ambiente\/estudo-mapeia-261-especies-de-aves-em-parque-na-regiao-da-represa-guarapiranga-em-sao-paulo\/\"><strong>Estudo mapeia 261 esp\u00e9cies de aves em parque na regi\u00e3o da represa Guarapiranga, em S\u00e3o Paulo<\/strong><\/a>\u00a0(6\/03\/2025)<\/p>\n<p><a href=\"https:\/\/abori.com.br\/ambiente\/riscos-alimentacao-macaco-prego-parque\/\"><strong>Estudo alerta para riscos da alimenta\u00e7\u00e3o de macacos-pregos por visitantes em parque paulista<\/strong><\/a> (31\/07\/2025)<\/p>\n<p><a href=\"https:\/\/abori.com.br\/ambiente\/psitacideos-sao-paulo-alimentacao-arvores-nativas\/\"><strong>Em S\u00e3o Paulo, periquitos, maracan\u00e3s e papagaios buscam alimento em 79 esp\u00e9cies de plantas<\/strong><\/a> (9\/10\/2025)<\/p>\n","protected":false},"excerpt":{"rendered":"<p>Estudo identifica aptid\u00e3o da jurema-preta para uso em pisos de madeira\u00a0(6\/12\/2021) Com grande volume de \u00e1gua, bacias de Cunha (SP) s\u00e3o importante manancial da Mata Atl\u00e2ntica\u00a0(30\/03\/2022) Cultivo de eucalipto protege [&hellip;]<\/p>\n","protected":false},"author":197,"featured_media":0,"parent":0,"menu_order":0,"comment_status":"closed","ping_status":"closed","template":"","meta":[],"_links":{"self":[{"href":"https:\/\/www.infraestruturameioambiente.sp.gov.br\/ipa\/wp-json\/wp\/v2\/pages\/8836"}],"collection":[{"href":"https:\/\/www.infraestruturameioambiente.sp.gov.br\/ipa\/wp-json\/wp\/v2\/pages"}],"about":[{"href":"https:\/\/www.infraestruturameioambiente.sp.gov.br\/ipa\/wp-json\/wp\/v2\/types\/page"}],"author":[{"embeddable":true,"href":"https:\/\/www.infraestruturameioambiente.sp.gov.br\/ipa\/wp-json\/wp\/v2\/users\/197"}],"replies":[{"embeddable":true,"href":"https:\/\/www.infraestruturameioambiente.sp.gov.br\/ipa\/wp-json\/wp\/v2\/comments?post=8836"}],"version-history":[{"count":3,"href":"https:\/\/www.infraestruturameioambiente.sp.gov.br\/ipa\/wp-json\/wp\/v2\/pages\/8836\/revisions"}],"predecessor-version":[{"id":8841,"href":"https:\/\/www.infraestruturameioambiente.sp.gov.br\/ipa\/wp-json\/wp\/v2\/pages\/8836\/revisions\/8841"}],"wp:attachment":[{"href":"https:\/\/www.infraestruturameioambiente.sp.gov.br\/ipa\/wp-json\/wp\/v2\/media?parent=8836"}],"curies":[{"name":"wp","href":"https:\/\/api.w.org\/{rel}","templated":true}]}}