{"id":8090,"date":"2025-04-14T09:29:15","date_gmt":"2025-04-14T12:29:15","guid":{"rendered":"https:\/\/www.infraestruturameioambiente.sp.gov.br\/ipa\/?page_id=8090"},"modified":"2025-05-20T13:05:41","modified_gmt":"2025-05-20T16:05:41","slug":"conexao-pesquisa-ambiental-o-podcast-do-ipa","status":"publish","type":"page","link":"https:\/\/www.infraestruturameioambiente.sp.gov.br\/ipa\/conexao-pesquisa-ambiental-o-podcast-do-ipa\/","title":{"rendered":"Podcast &#8211; Conex\u00e3o Pesquisa Ambiental"},"content":{"rendered":"<p>[vc_row][vc_column][vc_column_text]<a href=\"https:\/\/youtube.com\/playlist?list=PLmVt1a_M-qHriMf-QLUSoI1VWGYln3Llu&amp;si=Kpnqkrh2myrM5cQD\" target=\"_blank\" rel=\"noopener\"><img decoding=\"async\" loading=\"lazy\" class=\"alignleft wp-image-8091 size-medium\" src=\"https:\/\/smastr16.blob.core.windows.net\/2001\/sites\/261\/2025\/04\/podcast_ipa_2024-300x300.jpg\" alt=\"\" width=\"300\" height=\"300\" srcset=\"https:\/\/smastr16.blob.core.windows.net\/2001\/sites\/261\/2025\/04\/podcast_ipa_2024-300x300.jpg 300w, https:\/\/smastr16.blob.core.windows.net\/2001\/sites\/261\/2025\/04\/podcast_ipa_2024-150x150.jpg 150w, https:\/\/smastr16.blob.core.windows.net\/2001\/sites\/261\/2025\/04\/podcast_ipa_2024-768x768.jpg 768w, https:\/\/smastr16.blob.core.windows.net\/2001\/sites\/261\/2025\/04\/podcast_ipa_2024-48x48.jpg 48w, https:\/\/smastr16.blob.core.windows.net\/2001\/sites\/261\/2025\/04\/podcast_ipa_2024-250x250.jpg 250w, https:\/\/smastr16.blob.core.windows.net\/2001\/sites\/261\/2025\/04\/podcast_ipa_2024-550x550.jpg 550w, https:\/\/smastr16.blob.core.windows.net\/2001\/sites\/261\/2025\/04\/podcast_ipa_2024-800x800.jpg 800w, https:\/\/smastr16.blob.core.windows.net\/2001\/sites\/261\/2025\/04\/podcast_ipa_2024-180x180.jpg 180w, https:\/\/smastr16.blob.core.windows.net\/2001\/sites\/261\/2025\/04\/podcast_ipa_2024-500x500.jpg 500w, https:\/\/smastr16.blob.core.windows.net\/2001\/sites\/261\/2025\/04\/podcast_ipa_2024.jpg 1000w\" sizes=\"(max-width: 300px) 100vw, 300px\" \/><\/a>Em 2024 o Instituto de Pesquisas Ambientais lan\u00e7ou o \u201cConex\u00e3o \u2013 Pesquisa Ambiental\u201d, uma s\u00e9rie de podcasts com temas relevantes \u00e0 institui\u00e7\u00e3o.<\/p>\n<p>A proposta foi utilizar mais esta ferramenta de comunica\u00e7\u00e3o para levar o conte\u00fado da produ\u00e7\u00e3o t\u00e9cnica e cient\u00edfica aos diferentes p\u00fablicos, ampliando a acessibilidade, interna e externa, aos trabalhos desenvolvidos pelo Instituto.<\/p>\n<p>A s\u00e9rie de \u00e1udios teve 10 epis\u00f3dios em formato de reportagens especiais com entrevistas e informa\u00e7\u00f5es sobre a\u00e7\u00f5es do IPA no Estado de S\u00e3o Paulo. Os temas abordados s\u00e3o fruto das pesquisas cient\u00edficas realizadas pelo IPA e seu impacto na sociedade, incluindo as pesquisas desenvolvidas nas \u00e1reas de conserva\u00e7\u00e3o da biodiversidade, restaura\u00e7\u00e3o ecol\u00f3gica, geoci\u00eancias e uso sustent\u00e1vel de recursos naturais.<\/p>\n<p>Os epis\u00f3dios est\u00e3o dispon\u00edveis no site do IPA e nas m\u00eddias sociais.[\/vc_column_text][\/vc_column][\/vc_row][vc_row][vc_column width=&#8221;1\/3&#8243;][vc_column_text]<a href=\"https:\/\/youtu.be\/hUFxS85ShWU?si=NSrQxpTaUYGB10Iw\" target=\"_blank\" rel=\"noopener\"><img decoding=\"async\" loading=\"lazy\" class=\"alignnone wp-image-8093 size-medium\" src=\"https:\/\/smastr16.blob.core.windows.net\/2001\/sites\/261\/2025\/04\/podcast_ipa_2024-e01-300x300.jpg\" alt=\"\" width=\"300\" height=\"300\" srcset=\"https:\/\/smastr16.blob.core.windows.net\/2001\/sites\/261\/2025\/04\/podcast_ipa_2024-e01-300x300.jpg 300w, https:\/\/smastr16.blob.core.windows.net\/2001\/sites\/261\/2025\/04\/podcast_ipa_2024-e01-150x150.jpg 150w, https:\/\/smastr16.blob.core.windows.net\/2001\/sites\/261\/2025\/04\/podcast_ipa_2024-e01-768x768.jpg 768w, https:\/\/smastr16.blob.core.windows.net\/2001\/sites\/261\/2025\/04\/podcast_ipa_2024-e01-48x48.jpg 48w, https:\/\/smastr16.blob.core.windows.net\/2001\/sites\/261\/2025\/04\/podcast_ipa_2024-e01-250x250.jpg 250w, https:\/\/smastr16.blob.core.windows.net\/2001\/sites\/261\/2025\/04\/podcast_ipa_2024-e01-550x550.jpg 550w, https:\/\/smastr16.blob.core.windows.net\/2001\/sites\/261\/2025\/04\/podcast_ipa_2024-e01-800x800.jpg 800w, https:\/\/smastr16.blob.core.windows.net\/2001\/sites\/261\/2025\/04\/podcast_ipa_2024-e01-180x180.jpg 180w, https:\/\/smastr16.blob.core.windows.net\/2001\/sites\/261\/2025\/04\/podcast_ipa_2024-e01-500x500.jpg 500w, https:\/\/smastr16.blob.core.windows.net\/2001\/sites\/261\/2025\/04\/podcast_ipa_2024-e01.jpg 1000w\" sizes=\"(max-width: 300px) 100vw, 300px\" \/><\/a><\/p>\n<ul>\n<li><a href=\"https:\/\/youtu.be\/hUFxS85ShWU?si=KGsHQCXl1OcitQ3e\">Ep.01 &#8211; Apresenta\u00e7\u00e3o do Instituto de Pesquisas Ambientais &#8211; IPA<\/a><\/li>\n<\/ul>\n<p>[\/vc_column_text][\/vc_column][vc_column width=&#8221;1\/3&#8243;][vc_column_text]<a href=\"https:\/\/youtu.be\/BLs0g5vLtVY?si=dZUB86PFZSzVcSBk\" target=\"_blank\" rel=\"noopener\"><img decoding=\"async\" loading=\"lazy\" class=\"alignnone wp-image-8094 size-medium\" src=\"https:\/\/smastr16.blob.core.windows.net\/2001\/sites\/261\/2025\/04\/podcast_ipa_2024-e02-300x300.jpg\" alt=\"\" width=\"300\" height=\"300\" srcset=\"https:\/\/smastr16.blob.core.windows.net\/2001\/sites\/261\/2025\/04\/podcast_ipa_2024-e02-300x300.jpg 300w, https:\/\/smastr16.blob.core.windows.net\/2001\/sites\/261\/2025\/04\/podcast_ipa_2024-e02-150x150.jpg 150w, https:\/\/smastr16.blob.core.windows.net\/2001\/sites\/261\/2025\/04\/podcast_ipa_2024-e02-768x768.jpg 768w, https:\/\/smastr16.blob.core.windows.net\/2001\/sites\/261\/2025\/04\/podcast_ipa_2024-e02-48x48.jpg 48w, https:\/\/smastr16.blob.core.windows.net\/2001\/sites\/261\/2025\/04\/podcast_ipa_2024-e02-250x250.jpg 250w, https:\/\/smastr16.blob.core.windows.net\/2001\/sites\/261\/2025\/04\/podcast_ipa_2024-e02-550x550.jpg 550w, https:\/\/smastr16.blob.core.windows.net\/2001\/sites\/261\/2025\/04\/podcast_ipa_2024-e02-800x800.jpg 800w, https:\/\/smastr16.blob.core.windows.net\/2001\/sites\/261\/2025\/04\/podcast_ipa_2024-e02-180x180.jpg 180w, https:\/\/smastr16.blob.core.windows.net\/2001\/sites\/261\/2025\/04\/podcast_ipa_2024-e02-500x500.jpg 500w, https:\/\/smastr16.blob.core.windows.net\/2001\/sites\/261\/2025\/04\/podcast_ipa_2024-e02.jpg 1000w\" sizes=\"(max-width: 300px) 100vw, 300px\" \/><\/a><\/p>\n<ul>\n<li><a href=\"https:\/\/youtu.be\/BLs0g5vLtVY?si=GadjLUuPbvu2taRZ\">Ep.<\/a><a href=\"https:\/\/youtu.be\/BLs0g5vLtVY?si=GadjLUuPbvu2taRZ\">02 &#8211; Conserva\u00e7\u00e3o e Monitoramento de Fauna em SP<\/a><\/li>\n<\/ul>\n<p>[\/vc_column_text][\/vc_column][vc_column width=&#8221;1\/3&#8243;][vc_column_text]<a href=\"https:\/\/youtu.be\/nHhuyJuWFns?si=wa8NLwAzhWH1Inme\" target=\"_blank\" rel=\"noopener\"><img decoding=\"async\" loading=\"lazy\" class=\"alignnone wp-image-8095 size-medium\" src=\"https:\/\/smastr16.blob.core.windows.net\/2001\/sites\/261\/2025\/04\/podcast_ipa_2024-e03-300x300.jpg\" alt=\"\" width=\"300\" height=\"300\" srcset=\"https:\/\/smastr16.blob.core.windows.net\/2001\/sites\/261\/2025\/04\/podcast_ipa_2024-e03-300x300.jpg 300w, https:\/\/smastr16.blob.core.windows.net\/2001\/sites\/261\/2025\/04\/podcast_ipa_2024-e03-150x150.jpg 150w, https:\/\/smastr16.blob.core.windows.net\/2001\/sites\/261\/2025\/04\/podcast_ipa_2024-e03-768x768.jpg 768w, https:\/\/smastr16.blob.core.windows.net\/2001\/sites\/261\/2025\/04\/podcast_ipa_2024-e03-48x48.jpg 48w, https:\/\/smastr16.blob.core.windows.net\/2001\/sites\/261\/2025\/04\/podcast_ipa_2024-e03-250x250.jpg 250w, https:\/\/smastr16.blob.core.windows.net\/2001\/sites\/261\/2025\/04\/podcast_ipa_2024-e03-550x550.jpg 550w, https:\/\/smastr16.blob.core.windows.net\/2001\/sites\/261\/2025\/04\/podcast_ipa_2024-e03-800x800.jpg 800w, https:\/\/smastr16.blob.core.windows.net\/2001\/sites\/261\/2025\/04\/podcast_ipa_2024-e03-180x180.jpg 180w, https:\/\/smastr16.blob.core.windows.net\/2001\/sites\/261\/2025\/04\/podcast_ipa_2024-e03-500x500.jpg 500w, https:\/\/smastr16.blob.core.windows.net\/2001\/sites\/261\/2025\/04\/podcast_ipa_2024-e03.jpg 1000w\" sizes=\"(max-width: 300px) 100vw, 300px\" \/><\/a><\/p>\n<ul>\n<li><a href=\"https:\/\/youtu.be\/nHhuyJuWFns?si=zmFbUvOnVeA1gpOZ\">Ep.03 &#8211; Recupera\u00e7\u00e3o de \u00c1reas Degradadas e Preven\u00e7\u00e3o de Desastres<\/a><\/li>\n<\/ul>\n<p>[\/vc_column_text][\/vc_column][\/vc_row][vc_row][vc_column width=&#8221;1\/3&#8243;][vc_column_text]<a href=\"https:\/\/youtu.be\/P9wNRgi7A4c?si=ywfvQHzS5WFktJea\" target=\"_blank\" rel=\"noopener\"><img decoding=\"async\" loading=\"lazy\" class=\"alignnone wp-image-8096 size-medium\" src=\"https:\/\/smastr16.blob.core.windows.net\/2001\/sites\/261\/2025\/04\/podcast_ipa_2024-e04-300x300.jpg\" alt=\"\" width=\"300\" height=\"300\" srcset=\"https:\/\/smastr16.blob.core.windows.net\/2001\/sites\/261\/2025\/04\/podcast_ipa_2024-e04-300x300.jpg 300w, https:\/\/smastr16.blob.core.windows.net\/2001\/sites\/261\/2025\/04\/podcast_ipa_2024-e04-150x150.jpg 150w, https:\/\/smastr16.blob.core.windows.net\/2001\/sites\/261\/2025\/04\/podcast_ipa_2024-e04-768x768.jpg 768w, https:\/\/smastr16.blob.core.windows.net\/2001\/sites\/261\/2025\/04\/podcast_ipa_2024-e04-48x48.jpg 48w, https:\/\/smastr16.blob.core.windows.net\/2001\/sites\/261\/2025\/04\/podcast_ipa_2024-e04-250x250.jpg 250w, https:\/\/smastr16.blob.core.windows.net\/2001\/sites\/261\/2025\/04\/podcast_ipa_2024-e04-550x550.jpg 550w, https:\/\/smastr16.blob.core.windows.net\/2001\/sites\/261\/2025\/04\/podcast_ipa_2024-e04-800x800.jpg 800w, https:\/\/smastr16.blob.core.windows.net\/2001\/sites\/261\/2025\/04\/podcast_ipa_2024-e04-180x180.jpg 180w, https:\/\/smastr16.blob.core.windows.net\/2001\/sites\/261\/2025\/04\/podcast_ipa_2024-e04-500x500.jpg 500w, https:\/\/smastr16.blob.core.windows.net\/2001\/sites\/261\/2025\/04\/podcast_ipa_2024-e04.jpg 1000w\" sizes=\"(max-width: 300px) 100vw, 300px\" \/><\/a><\/p>\n<ul>\n<li><a href=\"https:\/\/youtu.be\/P9wNRgi7A4c?si=8KoiStiRsw0Xbydb\">Ep.04 &#8211; Desafios da Pesquisa de Sementes Nativas para a Conserva\u00e7\u00e3o<\/a><\/li>\n<\/ul>\n<p>[\/vc_column_text][\/vc_column][vc_column width=&#8221;1\/3&#8243;][vc_column_text]<a href=\"https:\/\/youtu.be\/dqPJ7hXdcDg?si=CZ6WuAU-6cNRPoIQ\" target=\"_blank\" rel=\"noopener\"><img decoding=\"async\" loading=\"lazy\" class=\"alignnone wp-image-8097 size-medium\" src=\"https:\/\/smastr16.blob.core.windows.net\/2001\/sites\/261\/2025\/04\/podcast_ipa_2024-e05-300x300.jpg\" alt=\"\" width=\"300\" height=\"300\" srcset=\"https:\/\/smastr16.blob.core.windows.net\/2001\/sites\/261\/2025\/04\/podcast_ipa_2024-e05-300x300.jpg 300w, https:\/\/smastr16.blob.core.windows.net\/2001\/sites\/261\/2025\/04\/podcast_ipa_2024-e05-150x150.jpg 150w, https:\/\/smastr16.blob.core.windows.net\/2001\/sites\/261\/2025\/04\/podcast_ipa_2024-e05-768x768.jpg 768w, https:\/\/smastr16.blob.core.windows.net\/2001\/sites\/261\/2025\/04\/podcast_ipa_2024-e05-48x48.jpg 48w, https:\/\/smastr16.blob.core.windows.net\/2001\/sites\/261\/2025\/04\/podcast_ipa_2024-e05-250x250.jpg 250w, https:\/\/smastr16.blob.core.windows.net\/2001\/sites\/261\/2025\/04\/podcast_ipa_2024-e05-550x550.jpg 550w, https:\/\/smastr16.blob.core.windows.net\/2001\/sites\/261\/2025\/04\/podcast_ipa_2024-e05-800x800.jpg 800w, https:\/\/smastr16.blob.core.windows.net\/2001\/sites\/261\/2025\/04\/podcast_ipa_2024-e05-180x180.jpg 180w, https:\/\/smastr16.blob.core.windows.net\/2001\/sites\/261\/2025\/04\/podcast_ipa_2024-e05-500x500.jpg 500w, https:\/\/smastr16.blob.core.windows.net\/2001\/sites\/261\/2025\/04\/podcast_ipa_2024-e05.jpg 1000w\" sizes=\"(max-width: 300px) 100vw, 300px\" \/><\/a><\/p>\n<ul>\n<li><a href=\"https:\/\/youtu.be\/dqPJ7hXdcDg?si=pk1x3DKSvzuRp5BE\">Ep.05 &#8211; Sistema de Alerta de Ressacas e Inunda\u00e7\u00f5es Costeiras de SP<\/a><\/li>\n<\/ul>\n<p>[\/vc_column_text][\/vc_column][vc_column width=&#8221;1\/3&#8243;][vc_column_text]<a href=\"https:\/\/youtu.be\/16sgjgd9izg?si=VRm3yTm7vo8S-a9_\" target=\"_blank\" rel=\"noopener\"><img decoding=\"async\" loading=\"lazy\" class=\"alignnone wp-image-8098 size-medium\" src=\"https:\/\/smastr16.blob.core.windows.net\/2001\/sites\/261\/2025\/04\/podcast_ipa_2024-e06-300x300.jpg\" alt=\"\" width=\"300\" height=\"300\" srcset=\"https:\/\/smastr16.blob.core.windows.net\/2001\/sites\/261\/2025\/04\/podcast_ipa_2024-e06-300x300.jpg 300w, https:\/\/smastr16.blob.core.windows.net\/2001\/sites\/261\/2025\/04\/podcast_ipa_2024-e06-150x150.jpg 150w, https:\/\/smastr16.blob.core.windows.net\/2001\/sites\/261\/2025\/04\/podcast_ipa_2024-e06-768x768.jpg 768w, https:\/\/smastr16.blob.core.windows.net\/2001\/sites\/261\/2025\/04\/podcast_ipa_2024-e06-48x48.jpg 48w, https:\/\/smastr16.blob.core.windows.net\/2001\/sites\/261\/2025\/04\/podcast_ipa_2024-e06-250x250.jpg 250w, https:\/\/smastr16.blob.core.windows.net\/2001\/sites\/261\/2025\/04\/podcast_ipa_2024-e06-550x550.jpg 550w, https:\/\/smastr16.blob.core.windows.net\/2001\/sites\/261\/2025\/04\/podcast_ipa_2024-e06-800x800.jpg 800w, https:\/\/smastr16.blob.core.windows.net\/2001\/sites\/261\/2025\/04\/podcast_ipa_2024-e06-180x180.jpg 180w, https:\/\/smastr16.blob.core.windows.net\/2001\/sites\/261\/2025\/04\/podcast_ipa_2024-e06-500x500.jpg 500w, https:\/\/smastr16.blob.core.windows.net\/2001\/sites\/261\/2025\/04\/podcast_ipa_2024-e06.jpg 1000w\" sizes=\"(max-width: 300px) 100vw, 300px\" \/><\/a><\/p>\n<ul>\n<li><a href=\"https:\/\/youtu.be\/16sgjgd9izg?si=Yjm601cPm_ZFkDqy\">Ep.06 &#8211; O papel da Pesquisa no Combate ao Com\u00e9rcio Ilegal de Madeira<\/a><\/li>\n<\/ul>\n<p>[\/vc_column_text][\/vc_column][\/vc_row][vc_row][vc_column width=&#8221;1\/3&#8243;][vc_column_text]<a href=\"https:\/\/youtu.be\/tpjDDRQNl1c?si=fXY4E6Oi6N87gZWb\" target=\"_blank\" rel=\"noopener\"><img decoding=\"async\" loading=\"lazy\" class=\"alignnone wp-image-8099 size-medium\" src=\"https:\/\/smastr16.blob.core.windows.net\/2001\/sites\/261\/2025\/04\/podcast_ipa_2024-e07-300x300.jpg\" alt=\"\" width=\"300\" height=\"300\" srcset=\"https:\/\/smastr16.blob.core.windows.net\/2001\/sites\/261\/2025\/04\/podcast_ipa_2024-e07-300x300.jpg 300w, https:\/\/smastr16.blob.core.windows.net\/2001\/sites\/261\/2025\/04\/podcast_ipa_2024-e07-150x150.jpg 150w, https:\/\/smastr16.blob.core.windows.net\/2001\/sites\/261\/2025\/04\/podcast_ipa_2024-e07-768x768.jpg 768w, https:\/\/smastr16.blob.core.windows.net\/2001\/sites\/261\/2025\/04\/podcast_ipa_2024-e07-48x48.jpg 48w, https:\/\/smastr16.blob.core.windows.net\/2001\/sites\/261\/2025\/04\/podcast_ipa_2024-e07-250x250.jpg 250w, https:\/\/smastr16.blob.core.windows.net\/2001\/sites\/261\/2025\/04\/podcast_ipa_2024-e07-550x550.jpg 550w, https:\/\/smastr16.blob.core.windows.net\/2001\/sites\/261\/2025\/04\/podcast_ipa_2024-e07-800x800.jpg 800w, https:\/\/smastr16.blob.core.windows.net\/2001\/sites\/261\/2025\/04\/podcast_ipa_2024-e07-180x180.jpg 180w, https:\/\/smastr16.blob.core.windows.net\/2001\/sites\/261\/2025\/04\/podcast_ipa_2024-e07-500x500.jpg 500w, https:\/\/smastr16.blob.core.windows.net\/2001\/sites\/261\/2025\/04\/podcast_ipa_2024-e07.jpg 1000w\" sizes=\"(max-width: 300px) 100vw, 300px\" \/><\/a><\/p>\n<ul>\n<li><a href=\"https:\/\/youtu.be\/tpjDDRQNl1c?si=xnY6eDTbtSUH3wUk\">Ep.07 &#8211; Programa ReflorestaSP Promove Restaura\u00e7\u00e3o Ecol\u00f3gica no Estado<\/a><\/li>\n<\/ul>\n<p>[\/vc_column_text][\/vc_column][vc_column width=&#8221;1\/3&#8243;][vc_column_text]<a href=\"https:\/\/youtu.be\/c3QpTGERGCg?si=FRQo_lh0eiyvDTPs\" target=\"_blank\" rel=\"noopener\"><img decoding=\"async\" loading=\"lazy\" class=\"alignnone wp-image-8115 size-medium\" src=\"https:\/\/smastr16.blob.core.windows.net\/2001\/sites\/261\/2025\/04\/podcast_ipa_2024-rs-08-300x300.jpg\" alt=\"\" width=\"300\" height=\"300\" srcset=\"https:\/\/smastr16.blob.core.windows.net\/2001\/sites\/261\/2025\/04\/podcast_ipa_2024-rs-08-300x300.jpg 300w, https:\/\/smastr16.blob.core.windows.net\/2001\/sites\/261\/2025\/04\/podcast_ipa_2024-rs-08-150x150.jpg 150w, https:\/\/smastr16.blob.core.windows.net\/2001\/sites\/261\/2025\/04\/podcast_ipa_2024-rs-08-768x768.jpg 768w, https:\/\/smastr16.blob.core.windows.net\/2001\/sites\/261\/2025\/04\/podcast_ipa_2024-rs-08-48x48.jpg 48w, https:\/\/smastr16.blob.core.windows.net\/2001\/sites\/261\/2025\/04\/podcast_ipa_2024-rs-08-250x250.jpg 250w, https:\/\/smastr16.blob.core.windows.net\/2001\/sites\/261\/2025\/04\/podcast_ipa_2024-rs-08-550x550.jpg 550w, https:\/\/smastr16.blob.core.windows.net\/2001\/sites\/261\/2025\/04\/podcast_ipa_2024-rs-08-800x800.jpg 800w, https:\/\/smastr16.blob.core.windows.net\/2001\/sites\/261\/2025\/04\/podcast_ipa_2024-rs-08-180x180.jpg 180w, https:\/\/smastr16.blob.core.windows.net\/2001\/sites\/261\/2025\/04\/podcast_ipa_2024-rs-08-500x500.jpg 500w, https:\/\/smastr16.blob.core.windows.net\/2001\/sites\/261\/2025\/04\/podcast_ipa_2024-rs-08.jpg 1000w\" sizes=\"(max-width: 300px) 100vw, 300px\" \/><\/a><\/p>\n<ul>\n<li><a href=\"https:\/\/youtu.be\/c3QpTGERGCg?si=xbOEYeOygONdTsi6\">Ep.08 &#8211; Como Proteger a Biodiversidade no Contexto das Mudan\u00e7as Clim\u00e1ticas<\/a><\/li>\n<\/ul>\n<p>[\/vc_column_text][\/vc_column][vc_column width=&#8221;1\/3&#8243;][vc_column_text]<a href=\"https:\/\/youtu.be\/tkiE8cwIn-k?si=6UQjmiQ0YI1HS4I5\" target=\"_blank\" rel=\"noopener\"><img decoding=\"async\" loading=\"lazy\" class=\"alignnone wp-image-8101 size-medium\" src=\"https:\/\/smastr16.blob.core.windows.net\/2001\/sites\/261\/2025\/04\/podcast_ipa_2024-e09-300x300.jpg\" alt=\"\" width=\"300\" height=\"300\" srcset=\"https:\/\/smastr16.blob.core.windows.net\/2001\/sites\/261\/2025\/04\/podcast_ipa_2024-e09-300x300.jpg 300w, https:\/\/smastr16.blob.core.windows.net\/2001\/sites\/261\/2025\/04\/podcast_ipa_2024-e09-150x150.jpg 150w, https:\/\/smastr16.blob.core.windows.net\/2001\/sites\/261\/2025\/04\/podcast_ipa_2024-e09-768x768.jpg 768w, https:\/\/smastr16.blob.core.windows.net\/2001\/sites\/261\/2025\/04\/podcast_ipa_2024-e09-48x48.jpg 48w, https:\/\/smastr16.blob.core.windows.net\/2001\/sites\/261\/2025\/04\/podcast_ipa_2024-e09-250x250.jpg 250w, https:\/\/smastr16.blob.core.windows.net\/2001\/sites\/261\/2025\/04\/podcast_ipa_2024-e09-550x550.jpg 550w, https:\/\/smastr16.blob.core.windows.net\/2001\/sites\/261\/2025\/04\/podcast_ipa_2024-e09-800x800.jpg 800w, https:\/\/smastr16.blob.core.windows.net\/2001\/sites\/261\/2025\/04\/podcast_ipa_2024-e09-180x180.jpg 180w, https:\/\/smastr16.blob.core.windows.net\/2001\/sites\/261\/2025\/04\/podcast_ipa_2024-e09-500x500.jpg 500w, https:\/\/smastr16.blob.core.windows.net\/2001\/sites\/261\/2025\/04\/podcast_ipa_2024-e09.jpg 1000w\" sizes=\"(max-width: 300px) 100vw, 300px\" \/><\/a><\/p>\n<ul>\n<li><a href=\"https:\/\/youtu.be\/tkiE8cwIn-k?si=_mVgm8qiClb2m2Db\">Ep.09 &#8211; Tecnologia como Ferramenta na Preven\u00e7\u00e3o de Desastres Naturais<\/a><\/li>\n<\/ul>\n<p>[\/vc_column_text][\/vc_column][\/vc_row][vc_row][vc_column width=&#8221;1\/3&#8243;][vc_column_text]<a href=\"https:\/\/youtu.be\/Ag5pO27Lm5s?si=DNQy0ZlLhAfzHUDM\" target=\"_blank\" rel=\"noopener\"><img decoding=\"async\" loading=\"lazy\" class=\"alignnone wp-image-8102 size-medium\" src=\"https:\/\/smastr16.blob.core.windows.net\/2001\/sites\/261\/2025\/04\/podcast_ipa_2024-e10-300x300.jpg\" alt=\"\" width=\"300\" height=\"300\" srcset=\"https:\/\/smastr16.blob.core.windows.net\/2001\/sites\/261\/2025\/04\/podcast_ipa_2024-e10-300x300.jpg 300w, https:\/\/smastr16.blob.core.windows.net\/2001\/sites\/261\/2025\/04\/podcast_ipa_2024-e10-150x150.jpg 150w, https:\/\/smastr16.blob.core.windows.net\/2001\/sites\/261\/2025\/04\/podcast_ipa_2024-e10-768x768.jpg 768w, https:\/\/smastr16.blob.core.windows.net\/2001\/sites\/261\/2025\/04\/podcast_ipa_2024-e10-48x48.jpg 48w, https:\/\/smastr16.blob.core.windows.net\/2001\/sites\/261\/2025\/04\/podcast_ipa_2024-e10-250x250.jpg 250w, https:\/\/smastr16.blob.core.windows.net\/2001\/sites\/261\/2025\/04\/podcast_ipa_2024-e10-550x550.jpg 550w, https:\/\/smastr16.blob.core.windows.net\/2001\/sites\/261\/2025\/04\/podcast_ipa_2024-e10-800x800.jpg 800w, https:\/\/smastr16.blob.core.windows.net\/2001\/sites\/261\/2025\/04\/podcast_ipa_2024-e10-180x180.jpg 180w, https:\/\/smastr16.blob.core.windows.net\/2001\/sites\/261\/2025\/04\/podcast_ipa_2024-e10-500x500.jpg 500w, https:\/\/smastr16.blob.core.windows.net\/2001\/sites\/261\/2025\/04\/podcast_ipa_2024-e10.jpg 1000w\" sizes=\"(max-width: 300px) 100vw, 300px\" \/><\/a><\/p>\n<ul>\n<li><a href=\"https:\/\/youtu.be\/Ag5pO27Lm5s?si=3ludMWCXYMm7Aa9v\">Ep.10 &#8211; Cole\u00e7\u00f5es de Fungos do IPA e sua Import\u00e2ncia para a Sociedade<\/a><\/li>\n<\/ul>\n<p>[\/vc_column_text][\/vc_column][vc_column width=&#8221;1\/3&#8243;][\/vc_column][vc_column width=&#8221;1\/3&#8243;][\/vc_column][\/vc_row]<\/p>\n","protected":false},"excerpt":{"rendered":"<p>[vc_row][vc_column][vc_column_text]Em 2024 o Instituto de Pesquisas Ambientais lan\u00e7ou o \u201cConex\u00e3o \u2013 Pesquisa Ambiental\u201d, uma s\u00e9rie de podcasts com temas relevantes \u00e0 institui\u00e7\u00e3o. A proposta foi utilizar mais esta ferramenta de [&hellip;]<\/p>\n","protected":false},"author":196,"featured_media":0,"parent":0,"menu_order":0,"comment_status":"closed","ping_status":"closed","template":"","meta":[],"_links":{"self":[{"href":"https:\/\/www.infraestruturameioambiente.sp.gov.br\/ipa\/wp-json\/wp\/v2\/pages\/8090"}],"collection":[{"href":"https:\/\/www.infraestruturameioambiente.sp.gov.br\/ipa\/wp-json\/wp\/v2\/pages"}],"about":[{"href":"https:\/\/www.infraestruturameioambiente.sp.gov.br\/ipa\/wp-json\/wp\/v2\/types\/page"}],"author":[{"embeddable":true,"href":"https:\/\/www.infraestruturameioambiente.sp.gov.br\/ipa\/wp-json\/wp\/v2\/users\/196"}],"replies":[{"embeddable":true,"href":"https:\/\/www.infraestruturameioambiente.sp.gov.br\/ipa\/wp-json\/wp\/v2\/comments?post=8090"}],"version-history":[{"count":10,"href":"https:\/\/www.infraestruturameioambiente.sp.gov.br\/ipa\/wp-json\/wp\/v2\/pages\/8090\/revisions"}],"predecessor-version":[{"id":8308,"href":"https:\/\/www.infraestruturameioambiente.sp.gov.br\/ipa\/wp-json\/wp\/v2\/pages\/8090\/revisions\/8308"}],"wp:attachment":[{"href":"https:\/\/www.infraestruturameioambiente.sp.gov.br\/ipa\/wp-json\/wp\/v2\/media?parent=8090"}],"curies":[{"name":"wp","href":"https:\/\/api.w.org\/{rel}","templated":true}]}}