{"id":8,"date":"2021-09-14T12:26:10","date_gmt":"2021-09-14T15:26:10","guid":{"rendered":"https:\/\/portal-sima-homologacao.azurewebsites.net\/ipa\/?page_id=8"},"modified":"2025-11-06T08:52:55","modified_gmt":"2025-11-06T11:52:55","slug":"missao","status":"publish","type":"page","link":"https:\/\/www.infraestruturameioambiente.sp.gov.br\/ipa\/missao\/","title":{"rendered":"Miss\u00e3o e Campo de Atua\u00e7\u00e3o"},"content":{"rendered":"<p>[vc_row][vc_column width=&#8221;2\/3&#8243;][vc_column_text]<em><img decoding=\"async\" loading=\"lazy\" class=\"alignleft wp-image-1014 size-large\" src=\"https:\/\/smastr16.blob.core.windows.net\/2001\/sites\/261\/2022\/03\/foto-ipa-site-1024x377.jpg\" alt=\"\" width=\"1024\" height=\"377\" srcset=\"https:\/\/www.infraestruturameioambiente.sp.gov.br\/ipa\/wp-content\/uploads\/sites\/261\/2022\/03\/foto-ipa-site-1024x377.jpg 1024w, https:\/\/www.infraestruturameioambiente.sp.gov.br\/ipa\/wp-content\/uploads\/sites\/261\/2022\/03\/foto-ipa-site-300x110.jpg 300w, https:\/\/www.infraestruturameioambiente.sp.gov.br\/ipa\/wp-content\/uploads\/sites\/261\/2022\/03\/foto-ipa-site-768x283.jpg 768w, https:\/\/www.infraestruturameioambiente.sp.gov.br\/ipa\/wp-content\/uploads\/sites\/261\/2022\/03\/foto-ipa-site-1536x566.jpg 1536w, https:\/\/www.infraestruturameioambiente.sp.gov.br\/ipa\/wp-content\/uploads\/sites\/261\/2022\/03\/foto-ipa-site-250x92.jpg 250w, https:\/\/www.infraestruturameioambiente.sp.gov.br\/ipa\/wp-content\/uploads\/sites\/261\/2022\/03\/foto-ipa-site-550x203.jpg 550w, https:\/\/www.infraestruturameioambiente.sp.gov.br\/ipa\/wp-content\/uploads\/sites\/261\/2022\/03\/foto-ipa-site-800x295.jpg 800w, https:\/\/www.infraestruturameioambiente.sp.gov.br\/ipa\/wp-content\/uploads\/sites\/261\/2022\/03\/foto-ipa-site-489x180.jpg 489w, https:\/\/www.infraestruturameioambiente.sp.gov.br\/ipa\/wp-content\/uploads\/sites\/261\/2022\/03\/foto-ipa-site-815x300.jpg 815w, https:\/\/www.infraestruturameioambiente.sp.gov.br\/ipa\/wp-content\/uploads\/sites\/261\/2022\/03\/foto-ipa-site-1358x500.jpg 1358w, https:\/\/www.infraestruturameioambiente.sp.gov.br\/ipa\/wp-content\/uploads\/sites\/261\/2022\/03\/foto-ipa-site.jpg 1765w\" sizes=\"(max-width: 1024px) 100vw, 1024px\" \/><\/em><\/p>\n<p><em>Preparando S\u00e3o Paulo para enfrentar os desafios ambientais<\/em><\/p>\n<p>O <strong>IPA &#8211; Instituto de Pesquisas Ambientais<\/strong>, formado a partir da experi\u00eancia centen\u00e1ria de pesquisadores com atua\u00e7\u00e3o na \u00e1rea ambiental dos institutos de Bot\u00e2nica, Florestal e Geol\u00f3gico, foi criado recentemente, pelo decreto estadual 65.796 de 16 de junho de 2021, com a finalidade de mesclar a experi\u00eancia acumulada pela hist\u00f3ria dos institutos que formam a sua base, com a necessidade de uma vis\u00e3o inovadora e interdisciplinar, sempre com o objetivo de enfrentar os novos desafios ambientais que temos pela frente.<\/p>\n<p>O IPA tem como atribui\u00e7\u00f5es centrais:<\/p>\n<p>&#8211; desenvolver pesquisas cient\u00edficas nas \u00e1reas de biodiversidade, bot\u00e2nica, geoci\u00eancias e ci\u00eancias florestais;<br \/>\n&#8211; promover a dissemina\u00e7\u00e3o do conhecimento na \u00e1rea ambiental;<br \/>\n&#8211; organizar e implementar a aplica\u00e7\u00e3o de normas e pol\u00edticas relacionadas \u00e0 \u00e1rea da ci\u00eancia, tecnologia e inova\u00e7\u00e3o nos seus campos de atua\u00e7\u00e3o;<br \/>\n&#8211; capacitar e formar profissionais nas \u00e1reas de biodiversidade e meio ambiente, habilitados para realiza\u00e7\u00e3o de pesquisas cient\u00edficas, para produ\u00e7\u00e3o de conhecimento e para gest\u00e3o ambiental;<br \/>\n&#8211; organizar, manter, divulgar e ampliar os museus, acervos e cole\u00e7\u00f5es de natureza cient\u00edfica e cultural sob sua guarda.<\/p>\n<p>As atividades do IPA s\u00e3o orientadas pelo princ\u00edpio de fazer ci\u00eancia interdisciplinar, para subsidiar pol\u00edticas p\u00fablicas ambientais, observado o direito \u00e0 informa\u00e7\u00e3o, \u00e0 ampla publicidade e transpar\u00eancia, bem como a biosseguran\u00e7a. Temas transversais, como as mudan\u00e7as clim\u00e1ticas, devem pautar suas atividades.<\/p>\n<p>Para atender a tais atribui\u00e7\u00f5es, o IPA \u00e9 formado, na sua dire\u00e7\u00e3o geral, por \u00f3rg\u00e3os colegiados que t\u00eam a responsabilidade de orientar as atividades dos pesquisadores: Conselho Cient\u00edfico, Comiss\u00e3o de Ensino e Pesquisa, Conselho Editorial e Comiss\u00e3o de \u00c9tica e Biosseguran\u00e7a. Vale destacar que \u00e9 no Conselho Cient\u00edfico que s\u00e3o definidas as diretrizes gerais do instituto e elaborado, e posteriormente avaliado, o Plano Anual de Pesquisas.<\/p>\n<p>Visando a executar suas atividades, o IPA \u00e9 formado por tr\u00eas departamentos, e diversos n\u00facleos, com as seguintes atribui\u00e7\u00f5es centrais:<\/p>\n<p>Departamento T\u00e9cnico-Cient\u00edfico, com a responsabilidade de desenvolver, orientar, aprovar e acompanhar as pesquisas;<\/p>\n<p>Departamento de Tecnologia e Inova\u00e7\u00e3o, com a tarefa de incentivar a pesquisa por meio de projetos de inova\u00e7\u00e3o tecnol\u00f3gica;<\/p>\n<p>Departamento de Gest\u00e3o do Conhecimento, com a miss\u00e3o de sistematizar e disseminar o conhecimento produzido pelas pesquisas, na busca de formar novos pesquisadores e aperfei\u00e7oar a forma\u00e7\u00e3o dos atuais.<\/p>\n<p>O IPA &#8211; Instituto de Pesquisas Ambientais tem uma hist\u00f3ria a respeitar, valorizando os conhecimentos j\u00e1 produzidos no \u00e2mbito dos institutos de Bot\u00e2nica, Florestal e Geol\u00f3gico, bem como um futuro a ser trilhado, produzindo novas pesquisas para subsidiar as pol\u00edticas de prote\u00e7\u00e3o do meio ambiente e da biodiversidade; enfim, preparando S\u00e3o Paulo para enfrentar os desafios ambientais contempor\u00e2neos.[\/vc_column_text][\/vc_column][vc_column width=&#8221;1\/3&#8243;][vc_column_text]<strong>Instituto de Pesquisas Ambientais<\/strong><\/p>\n<ul>\n<li><a href=\"https:\/\/www.infraestruturameioambiente.sp.gov.br\/ipa\/historia\/\">Hist\u00f3ria<\/a>\n<ul>\n<li><a href=\"https:\/\/www.infraestruturameioambiente.sp.gov.br\/ipa\/memorias\/\">Mem\u00f3rias dos Institutos<\/a><\/li>\n<\/ul>\n<\/li>\n<li><a href=\"https:\/\/www.infraestruturameioambiente.sp.gov.br\/ipa\/diretrizes\/\">Diretrizes<\/a><\/li>\n<li><strong>Miss\u00e3o e Campo de Atua\u00e7\u00e3o<\/strong><\/li>\n<li><a href=\"https:\/\/www.infraestruturameioambiente.sp.gov.br\/ipa\/organograma\/\">Organograma<\/a>\n<ul>\n<li><a href=\"https:\/\/www.al.sp.gov.br\/repositorio\/legislacao\/decreto\/2021\/decreto-65796-16.06.2021.html\">Decreto de Cria\u00e7\u00e3o<\/a><\/li>\n<li><a href=\"https:\/\/www.doe.sp.gov.br\/executivo\/secretaria-de-meio-ambiente-infraestrutura-e-logistica\/resolucao-semil-n-017-de-30-de-marco-de-2025-2025033111321220982667\">Decreto de Restrutura\u00e7\u00e3o<\/a><\/li>\n<\/ul>\n<\/li>\n<li><a href=\"https:\/\/www.infraestruturameioambiente.sp.gov.br\/ipa\/legislacao\/\">Legisla\u00e7\u00e3o<\/a><\/li>\n<li><a href=\"https:\/\/www.infraestruturameioambiente.sp.gov.br\/ipa\/orgaos-colegiados__trashed\/conselho-cientifico\/\">Conselho Cient\u00edfico<\/a><\/li>\n<li><a href=\"https:\/\/www.infraestruturameioambiente.sp.gov.br\/ipa\/orgaos-colegiados__trashed\/comissao-de-etica-e-biosseguranca\/\">Comiss\u00e3o de \u00c9tica e Biosseguran\u00e7a<\/a><\/li>\n<li><a href=\"https:\/\/www.infraestruturameioambiente.sp.gov.br\/ipa\/departamento-de-tecnologia-e-inovacao__trashed\/centro-de-inovacao-tecnologica__trashed\/nucleo-de-inovacao-tecnologica-nit-ipa\/\">Inova\u00e7\u00e3o Tecnol\u00f3gica<\/a><\/li>\n<li><a href=\"https:\/\/www.infraestruturameioambiente.sp.gov.br\/ipa\/relatorio\/\">Relat\u00f3rio de Atividades<\/a><\/li>\n<li><a href=\"https:\/\/www.infraestruturameioambiente.sp.gov.br\/ipa\/folder\/\">Folder<\/a><\/li>\n<\/ul>\n<p>[\/vc_column_text][\/vc_column][\/vc_row]<\/p>\n","protected":false},"excerpt":{"rendered":"<p>[vc_row][vc_column width=&#8221;2\/3&#8243;][vc_column_text] Preparando S\u00e3o Paulo para enfrentar os desafios ambientais O IPA &#8211; Instituto de Pesquisas Ambientais, formado a partir da experi\u00eancia centen\u00e1ria de pesquisadores com atua\u00e7\u00e3o na \u00e1rea ambiental [&hellip;]<\/p>\n","protected":false},"author":184,"featured_media":0,"parent":0,"menu_order":0,"comment_status":"closed","ping_status":"closed","template":"","meta":[],"_links":{"self":[{"href":"https:\/\/www.infraestruturameioambiente.sp.gov.br\/ipa\/wp-json\/wp\/v2\/pages\/8"}],"collection":[{"href":"https:\/\/www.infraestruturameioambiente.sp.gov.br\/ipa\/wp-json\/wp\/v2\/pages"}],"about":[{"href":"https:\/\/www.infraestruturameioambiente.sp.gov.br\/ipa\/wp-json\/wp\/v2\/types\/page"}],"author":[{"embeddable":true,"href":"https:\/\/www.infraestruturameioambiente.sp.gov.br\/ipa\/wp-json\/wp\/v2\/users\/184"}],"replies":[{"embeddable":true,"href":"https:\/\/www.infraestruturameioambiente.sp.gov.br\/ipa\/wp-json\/wp\/v2\/comments?post=8"}],"version-history":[{"count":7,"href":"https:\/\/www.infraestruturameioambiente.sp.gov.br\/ipa\/wp-json\/wp\/v2\/pages\/8\/revisions"}],"predecessor-version":[{"id":8971,"href":"https:\/\/www.infraestruturameioambiente.sp.gov.br\/ipa\/wp-json\/wp\/v2\/pages\/8\/revisions\/8971"}],"wp:attachment":[{"href":"https:\/\/www.infraestruturameioambiente.sp.gov.br\/ipa\/wp-json\/wp\/v2\/media?parent=8"}],"curies":[{"name":"wp","href":"https:\/\/api.w.org\/{rel}","templated":true}]}}