{"id":7680,"date":"2025-01-08T15:20:08","date_gmt":"2025-01-08T18:20:08","guid":{"rendered":"https:\/\/www.infraestruturameioambiente.sp.gov.br\/ipa\/?page_id=7680"},"modified":"2026-01-29T07:52:55","modified_gmt":"2026-01-29T10:52:55","slug":"anais-do-sipa","status":"publish","type":"page","link":"https:\/\/www.infraestruturameioambiente.sp.gov.br\/ipa\/publicacoes\/anais-do-sipa\/","title":{"rendered":"Anais do Simp\u00f3sio do Instituto de Pesquisas Ambientais"},"content":{"rendered":"<p>[vc_row][vc_column width=&#8221;2\/3&#8243;][vc_column_text][\/vc_column_text][vc_column_text][\/vc_column_text][vc_column_text][\/vc_column_text][vc_column_text]<\/p>\n<hr \/>\n<p>[\/vc_column_text][vc_column_text]<\/p>\n<hr \/>\n<p style=\"text-align: center\"><strong><span style=\"font-size: 14pt\">EDI\u00c7\u00d5ES<\/span><\/strong><\/p>\n<hr \/>\n<p>[\/vc_column_text][vc_column_text]<\/p>\n<hr \/>\n<p>[\/vc_column_text][\/vc_column][vc_column width=&#8221;1\/3&#8243;][vc_column_text][\/vc_column_text][vc_column_text]<span style=\"font-size: 14pt\"><strong>Anais do SIPA<\/strong><\/span><\/p>\n<ul>\n<li><a href=\"https:\/\/www.infraestruturameioambiente.sp.gov.br\/ipa\/publicacoes\/anais-do-sipa\/apresentacao-sipa\/\">Apresenta\u00e7\u00e3o<\/a><\/li>\n<li><a href=\"https:\/\/www.infraestruturameioambiente.sp.gov.br\/ipa\/publicacoes\/anais-do-sipa\/normas-para-publicacao\/\">Normas para publica\u00e7\u00e3o<\/a><\/li>\n<li><a href=\"https:\/\/www.infraestruturameioambiente.sp.gov.br\/ipa\/publicacoes\/anais-do-sipa\/expediente\/\">Expediente<\/a><\/li>\n<li><strong>Edi\u00e7\u00f5es<\/strong><\/li>\n<li><a href=\"https:\/\/www.infraestruturameioambiente.sp.gov.br\/ipa\/publicacoes\/publicacoes-virtuais\/\">Voltar para publica\u00e7\u00f5es<\/a><\/li>\n<\/ul>\n<p>[\/vc_column_text][\/vc_column][\/vc_row][vc_row][vc_column width=&#8221;1\/3&#8243;][vc_column_text]<\/p>\n<hr \/>\n<p style=\"text-align: center\"><span style=\"font-size: 14pt\"><strong>2024<\/strong><\/span><\/p>\n<hr \/>\n<p>[\/vc_column_text][vc_column_text]<a href=\"https:\/\/smastr16.blob.core.windows.net\/2001\/sites\/261\/2026\/01\/anais-do-simposio-do-ipa-2024-v1.pdf\" target=\"_blank\" rel=\"noopener\"><img decoding=\"async\" loading=\"lazy\" class=\"aligncenter wp-image-9208 size-medium\" src=\"https:\/\/smastr16.blob.core.windows.net\/2001\/sites\/261\/2026\/01\/capa-dos-anais-do-simposio-do-ipa-2024-212x300.jpg\" alt=\"\" width=\"212\" height=\"300\" srcset=\"https:\/\/smastr16.blob.core.windows.net\/2001\/sites\/261\/2026\/01\/capa-dos-anais-do-simposio-do-ipa-2024-212x300.jpg 212w, https:\/\/smastr16.blob.core.windows.net\/2001\/sites\/261\/2026\/01\/capa-dos-anais-do-simposio-do-ipa-2024-725x1024.jpg 725w, https:\/\/smastr16.blob.core.windows.net\/2001\/sites\/261\/2026\/01\/capa-dos-anais-do-simposio-do-ipa-2024-768x1084.jpg 768w, https:\/\/smastr16.blob.core.windows.net\/2001\/sites\/261\/2026\/01\/capa-dos-anais-do-simposio-do-ipa-2024-1088x1536.jpg 1088w, https:\/\/smastr16.blob.core.windows.net\/2001\/sites\/261\/2026\/01\/capa-dos-anais-do-simposio-do-ipa-2024-1450x2048.jpg 1450w, https:\/\/smastr16.blob.core.windows.net\/2001\/sites\/261\/2026\/01\/capa-dos-anais-do-simposio-do-ipa-2024-250x353.jpg 250w, https:\/\/smastr16.blob.core.windows.net\/2001\/sites\/261\/2026\/01\/capa-dos-anais-do-simposio-do-ipa-2024-550x777.jpg 550w, https:\/\/smastr16.blob.core.windows.net\/2001\/sites\/261\/2026\/01\/capa-dos-anais-do-simposio-do-ipa-2024-800x1130.jpg 800w, https:\/\/smastr16.blob.core.windows.net\/2001\/sites\/261\/2026\/01\/capa-dos-anais-do-simposio-do-ipa-2024-127x180.jpg 127w, https:\/\/smastr16.blob.core.windows.net\/2001\/sites\/261\/2026\/01\/capa-dos-anais-do-simposio-do-ipa-2024-354x500.jpg 354w, https:\/\/smastr16.blob.core.windows.net\/2001\/sites\/261\/2026\/01\/capa-dos-anais-do-simposio-do-ipa-2024.jpg 1903w\" sizes=\"(max-width: 212px) 100vw, 212px\" \/><\/a><\/p>\n<p style=\"text-align: center\"><a href=\"https:\/\/smastr16.blob.core.windows.net\/2001\/sites\/261\/2026\/01\/anais-do-simposio-do-ipa-2024-v1.pdf\">Anais do Simp\u00f3sio do Instituto de Pesquisas Ambientais. Vol. 01 2024<\/a>. (PDF 0,9 MB)<\/p>\n<p>[\/vc_column_text][\/vc_column][vc_column width=&#8221;1\/3&#8243;][vc_column_text]<\/p>\n<hr \/>\n<p style=\"text-align: center\"><span style=\"font-size: 14pt\"><strong>2025<\/strong><\/span><\/p>\n<hr \/>\n<p>[\/vc_column_text][vc_column_text]<a href=\"https:\/\/smastr16.blob.core.windows.net\/2001\/sites\/261\/2026\/01\/anais-do-simposio-do-ipa-2025-v2.pdf\" target=\"_blank\" rel=\"noopener\"><img decoding=\"async\" loading=\"lazy\" class=\"aligncenter wp-image-9211 size-medium\" src=\"https:\/\/smastr16.blob.core.windows.net\/2001\/sites\/261\/2026\/01\/capa-dos-anais-do-simposio-do-ipa-2025-212x300.jpg\" alt=\"\" width=\"212\" height=\"300\" srcset=\"https:\/\/smastr16.blob.core.windows.net\/2001\/sites\/261\/2026\/01\/capa-dos-anais-do-simposio-do-ipa-2025-212x300.jpg 212w, https:\/\/smastr16.blob.core.windows.net\/2001\/sites\/261\/2026\/01\/capa-dos-anais-do-simposio-do-ipa-2025-725x1024.jpg 725w, https:\/\/smastr16.blob.core.windows.net\/2001\/sites\/261\/2026\/01\/capa-dos-anais-do-simposio-do-ipa-2025-768x1084.jpg 768w, https:\/\/smastr16.blob.core.windows.net\/2001\/sites\/261\/2026\/01\/capa-dos-anais-do-simposio-do-ipa-2025-1088x1536.jpg 1088w, https:\/\/smastr16.blob.core.windows.net\/2001\/sites\/261\/2026\/01\/capa-dos-anais-do-simposio-do-ipa-2025-1450x2048.jpg 1450w, https:\/\/smastr16.blob.core.windows.net\/2001\/sites\/261\/2026\/01\/capa-dos-anais-do-simposio-do-ipa-2025-250x353.jpg 250w, https:\/\/smastr16.blob.core.windows.net\/2001\/sites\/261\/2026\/01\/capa-dos-anais-do-simposio-do-ipa-2025-550x777.jpg 550w, https:\/\/smastr16.blob.core.windows.net\/2001\/sites\/261\/2026\/01\/capa-dos-anais-do-simposio-do-ipa-2025-800x1130.jpg 800w, https:\/\/smastr16.blob.core.windows.net\/2001\/sites\/261\/2026\/01\/capa-dos-anais-do-simposio-do-ipa-2025-127x180.jpg 127w, https:\/\/smastr16.blob.core.windows.net\/2001\/sites\/261\/2026\/01\/capa-dos-anais-do-simposio-do-ipa-2025-354x500.jpg 354w, https:\/\/smastr16.blob.core.windows.net\/2001\/sites\/261\/2026\/01\/capa-dos-anais-do-simposio-do-ipa-2025.jpg 1903w\" sizes=\"(max-width: 212px) 100vw, 212px\" \/><\/a><\/p>\n<p style=\"text-align: center\"><a href=\"https:\/\/smastr16.blob.core.windows.net\/2001\/sites\/261\/2026\/01\/anais-do-simposio-do-ipa-2025-v2.pdf\">Anais do Simp\u00f3sio do Instituto de Pesquisas Ambientais. Vol. 02 2025<\/a>. (PDF 0,9 MB)<\/p>\n<p>[\/vc_column_text][\/vc_column][vc_column width=&#8221;1\/3&#8243;][\/vc_column][\/vc_row]<\/p>\n","protected":false},"excerpt":{"rendered":"<p>[vc_row][vc_column width=&#8221;2\/3&#8243;][vc_column_text][\/vc_column_text][vc_column_text][\/vc_column_text][vc_column_text][\/vc_column_text][vc_column_text] [\/vc_column_text][vc_column_text] EDI\u00c7\u00d5ES [\/vc_column_text][vc_column_text] [\/vc_column_text][\/vc_column][vc_column width=&#8221;1\/3&#8243;][vc_column_text][\/vc_column_text][vc_column_text]Anais do SIPA Apresenta\u00e7\u00e3o Normas para publica\u00e7\u00e3o Expediente Edi\u00e7\u00f5es Voltar para publica\u00e7\u00f5es [\/vc_column_text][\/vc_column][\/vc_row][vc_row][vc_column width=&#8221;1\/3&#8243;][vc_column_text] 2024 [\/vc_column_text][vc_column_text] Anais do Simp\u00f3sio do Instituto de Pesquisas Ambientais. [&hellip;]<\/p>\n","protected":false},"author":196,"featured_media":0,"parent":28,"menu_order":0,"comment_status":"closed","ping_status":"closed","template":"","meta":[],"_links":{"self":[{"href":"https:\/\/www.infraestruturameioambiente.sp.gov.br\/ipa\/wp-json\/wp\/v2\/pages\/7680"}],"collection":[{"href":"https:\/\/www.infraestruturameioambiente.sp.gov.br\/ipa\/wp-json\/wp\/v2\/pages"}],"about":[{"href":"https:\/\/www.infraestruturameioambiente.sp.gov.br\/ipa\/wp-json\/wp\/v2\/types\/page"}],"author":[{"embeddable":true,"href":"https:\/\/www.infraestruturameioambiente.sp.gov.br\/ipa\/wp-json\/wp\/v2\/users\/196"}],"replies":[{"embeddable":true,"href":"https:\/\/www.infraestruturameioambiente.sp.gov.br\/ipa\/wp-json\/wp\/v2\/comments?post=7680"}],"version-history":[{"count":33,"href":"https:\/\/www.infraestruturameioambiente.sp.gov.br\/ipa\/wp-json\/wp\/v2\/pages\/7680\/revisions"}],"predecessor-version":[{"id":9238,"href":"https:\/\/www.infraestruturameioambiente.sp.gov.br\/ipa\/wp-json\/wp\/v2\/pages\/7680\/revisions\/9238"}],"up":[{"embeddable":true,"href":"https:\/\/www.infraestruturameioambiente.sp.gov.br\/ipa\/wp-json\/wp\/v2\/pages\/28"}],"wp:attachment":[{"href":"https:\/\/www.infraestruturameioambiente.sp.gov.br\/ipa\/wp-json\/wp\/v2\/media?parent=7680"}],"curies":[{"name":"wp","href":"https:\/\/api.w.org\/{rel}","templated":true}]}}