{"id":7509,"date":"2024-11-19T13:32:16","date_gmt":"2024-11-19T16:32:16","guid":{"rendered":"https:\/\/www.infraestruturameioambiente.sp.gov.br\/ipa\/?page_id=7509"},"modified":"2024-11-19T13:32:16","modified_gmt":"2024-11-19T16:32:16","slug":"herbario-seccional-de-algas-sp-algae","status":"publish","type":"page","link":"https:\/\/www.infraestruturameioambiente.sp.gov.br\/ipa\/colecoes\/herbario-maria-eneyda-pacheco-kauffmann-fidalgo-herbario-sp\/herbario-seccional-de-algas-sp-algae\/","title":{"rendered":"HERB\u00c1RIO SECCIONAL DE ALGAS (SP-ALGAE)"},"content":{"rendered":"<p>[vc_row][vc_column width=&#8221;2\/3&#8243;][vc_column_text]<\/p>\n<div class=\"wc-gallery\"><div class='wcflexslider-container wc-gallery-bottomspace-default wc-gallery-clear'><div id='gallery-1' class='gallery wc-gallery-captions-onhover gallery-link-file wcflexslider wcsliderauto' data-gutter-width='5' data-columns='1' data-hide-controls='false'><ul class='slides'>\n\t\t\t\t<li class='gallery-item gallery-item-position-1 gallery-item-attachment-7512 wcflex-slide-item'>\n\t\t\t\t\t<div class='gallery-icon landscape'>\n\t\t\t\t\t\t<a href=\"https:\/\/smastr16.blob.core.windows.net\/2001\/sites\/261\/2024\/11\/01-armario-da-colecao-liquida.jpg\" target=\"_self\"><img src='https:\/\/smastr16.blob.core.windows.net\/2001\/sites\/261\/2024\/11\/01-armario-da-colecao-liquida.jpg' width='800' height='600' alt='' \/><\/a>\n\t\t\t\t\t<\/div>\n\t\t\t\t\t<div class='wp-caption-text gallery-caption' style='width:800px;'>\n\t\t\t\t\t<p>\n\t\t\t\t\tArm\u00e1rio da \u201ccole\u00e7\u00e3o l\u00edquida\u201d com os frascos contendo amostras de algas _ Cole\u00e7\u00e3o do Herb\u00e1rio SP \u2013 Algae. Foto de Andr\u00e9a Tucci\n\t\t\t\t\t<\/p>\n\t\t\t\t\t<\/div><\/li>\n\t\t\t\t<li class='gallery-item gallery-item-position-2 gallery-item-attachment-7513 wcflex-slide-item'>\n\t\t\t\t\t<div class='gallery-icon landscape'>\n\t\t\t\t\t\t<a href=\"https:\/\/smastr16.blob.core.windows.net\/2001\/sites\/261\/2024\/11\/02-frasco-de-vidro-com-amostra-de-alga.jpg\" target=\"_self\"><img src='https:\/\/smastr16.blob.core.windows.net\/2001\/sites\/261\/2024\/11\/02-frasco-de-vidro-com-amostra-de-alga.jpg' width='800' height='600' alt='' \/><\/a>\n\t\t\t\t\t<\/div>\n\t\t\t\t\t<div class='wp-caption-text gallery-caption' style='width:800px;'>\n\t\t\t\t\t<p>\n\t\t\t\t\tFrasco de vidro com amostra de alga _ Cole\u00e7\u00e3o do Herb\u00e1rio SP \u2013 Algae. Foto de Andr\u00e9a Tucci.\n\t\t\t\t\t<\/p>\n\t\t\t\t\t<\/div><\/li>\n\t\t\t\t<li class='gallery-item gallery-item-position-3 gallery-item-attachment-7514 wcflex-slide-item'>\n\t\t\t\t\t<div class='gallery-icon landscape'>\n\t\t\t\t\t\t<a href=\"https:\/\/smastr16.blob.core.windows.net\/2001\/sites\/261\/2024\/11\/03-laminario-e-lamina.jpg\" target=\"_self\"><img src='https:\/\/smastr16.blob.core.windows.net\/2001\/sites\/261\/2024\/11\/03-laminario-e-lamina.jpg' width='800' height='600' alt='' \/><\/a>\n\t\t\t\t\t<\/div>\n\t\t\t\t\t<div class='wp-caption-text gallery-caption' style='width:800px;'>\n\t\t\t\t\t<p>\n\t\t\t\t\tLamin\u00e1rio e l\u00e2mina _ Cole\u00e7\u00e3o do Herb\u00e1rio SP \u2013 Algae. Foto de Andr\u00e9a Tucci.\n\t\t\t\t\t<\/p>\n\t\t\t\t\t<\/div><\/li>\n\t\t\t\t<li class='gallery-item gallery-item-position-4 gallery-item-attachment-7515 wcflex-slide-item'>\n\t\t\t\t\t<div class='gallery-icon landscape'>\n\t\t\t\t\t\t<a href=\"https:\/\/smastr16.blob.core.windows.net\/2001\/sites\/261\/2024\/11\/04-lamina-de-characeae.jpg\" target=\"_self\"><img src='https:\/\/smastr16.blob.core.windows.net\/2001\/sites\/261\/2024\/11\/04-lamina-de-characeae.jpg' width='800' height='600' alt='' \/><\/a>\n\t\t\t\t\t<\/div>\n\t\t\t\t\t<div class='wp-caption-text gallery-caption' style='width:800px;'>\n\t\t\t\t\t<p>\n\t\t\t\t\tL\u00e2mina de Characeae _ Cole\u00e7\u00e3o do Herb\u00e1rio SP \u2013 Algae. Foto de Andr\u00e9a Tucci.\n\t\t\t\t\t<\/p>\n\t\t\t\t\t<\/div><\/li>\n\t\t\t\t<li class='gallery-item gallery-item-position-5 gallery-item-attachment-7516 wcflex-slide-item'>\n\t\t\t\t\t<div class='gallery-icon landscape'>\n\t\t\t\t\t\t<a href=\"https:\/\/smastr16.blob.core.windows.net\/2001\/sites\/261\/2024\/11\/05-exsicata-de-sargassum-hystrix.jpg\" target=\"_self\"><img src='https:\/\/smastr16.blob.core.windows.net\/2001\/sites\/261\/2024\/11\/05-exsicata-de-sargassum-hystrix.jpg' width='800' height='600' alt='' \/><\/a>\n\t\t\t\t\t<\/div>\n\t\t\t\t\t<div class='wp-caption-text gallery-caption' style='width:800px;'>\n\t\t\t\t\t<p>\n\t\t\t\t\tExsicata de <i>Sargassum hystrix<\/i>  _ Cole\u00e7\u00e3o do Herb\u00e1rio SP \u2013 Algae. Foto de Caroline Gruber\n\t\t\t\t\t<\/p>\n\t\t\t\t\t<\/div><\/li>\n\t\t\t\t<li class='gallery-item gallery-item-position-6 gallery-item-attachment-7517 wcflex-slide-item'>\n\t\t\t\t\t<div class='gallery-icon landscape'>\n\t\t\t\t\t\t<a href=\"https:\/\/smastr16.blob.core.windows.net\/2001\/sites\/261\/2024\/11\/06-armario-com-material-de-rodolitos.jpg\" target=\"_self\"><img src='https:\/\/smastr16.blob.core.windows.net\/2001\/sites\/261\/2024\/11\/06-armario-com-material-de-rodolitos.jpg' width='800' height='600' alt='' \/><\/a>\n\t\t\t\t\t<\/div>\n\t\t\t\t\t<div class='wp-caption-text gallery-caption' style='width:800px;'>\n\t\t\t\t\t<p>\n\t\t\t\t\tArm\u00e1rio com Material de Rodolitos _ Cole\u00e7\u00e3o do Herb\u00e1rio SP \u2013 Algae. Foto de Andr\u00e9a Tucci\n\t\t\t\t\t<\/p>\n\t\t\t\t\t<\/div><\/li><\/ul><\/div>\n<\/div>\n<\/div>\n<p>&nbsp;<\/p>\n<p><strong>SOBRE<\/strong><\/p>\n<p>O Herb\u00e1rio Seccional de Algas (SP-ALGAE) \u00e9 parte integrante do Herb\u00e1rio Maria Eneyda Pacheco Kauffmann Fidalgo &#8211; Herb\u00e1rio SP.<\/p>\n<p>Criado em 1917, o Herb\u00e1rio SP esteve vinculado ao Instituto de Bot\u00e2nica no per\u00edodo de 1960 a 2021, onde diversos pesquisadores brasileiros, bem como visitantes estrangeiros, desenvolveram suas pesquisas e depositaram amostras, incluindo materiais provenientes de coletas e experimentos em Ficologia (estudo das algas) e Limnologia (estudo das \u00e1guas continentais).<\/p>\n<p>As amostras de algas mais antigas desta cole\u00e7\u00e3o datam de 1890, provenientes da Comiss\u00e3o Geogr\u00e1fica e Geol\u00f3gica do Estado de S\u00e3o Paulo.<\/p>\n<p>A partir de 1960, a cole\u00e7\u00e3o de algas de \u00e1guas continentais expandiu-se significativamente, abrangendo amostras de diversas regi\u00f5es paulistas, especialmente atrav\u00e9s de projetos do programa Biota FAPESP, para estudar a flora dulciaqu\u00edcola. Recentemente, projetos em reservat\u00f3rios paulistas, com foco em diatom\u00e1ceas, enriqueceram a cole\u00e7\u00e3o com l\u00e2minas permanentes de diversas esp\u00e9cies, aumentando o n\u00famero de materiais tipo.<\/p>\n<p>A cole\u00e7\u00e3o de algas marinhas expandiu-se a partir de 1960, com amostras coletadas por alunos do curso ministrado pelo professor e pesquisador Aylthon Brand\u00e3o Joly. O projeto &#8220;Flora Ficol\u00f3gica do Litoral Norte do Estado de S\u00e3o Paulo&#8221;, idealizado e dirigido pelo Prof. Joly, contribuiu significativamente para o acervo. Posteriormente, al\u00e9m de material paulista, as algas marinhas de Santa Catarina e Esp\u00edrito Santo foram intensamente estudadas, tornando-se uma importante fonte de refer\u00eancia para pesquisadores brasileiros e internacionais.<\/p>\n<p><strong>IMPORT\u00c2NCIA e USOS<\/strong><\/p>\n<p>A cole\u00e7\u00e3o de algas tem por objetivo realizar a guarda, a preserva\u00e7\u00e3o e a manuten\u00e7\u00e3o do conhecimento da biodiversidade, possibilitando o registro e documenta\u00e7\u00e3o, subsidiando a pesquisa cient\u00edfica, pol\u00edticas p\u00fablicas ambientais e o uso t\u00e9cnico e educativo dos materiais depositados na cole\u00e7\u00e3o.<\/p>\n<p>A principal import\u00e2ncia do acervo reside na documenta\u00e7\u00e3o e preserva\u00e7\u00e3o <em>ex situ<\/em> da diversidade de algas do estado de S\u00e3o Paulo, de outras regi\u00f5es do Brasil e de outros pa\u00edses. Destacam-se, entre os materiais depositados no Herb\u00e1rio SP-ALGAE, os tipos nomenclaturais de algas verdes, algas vermelhas, diatom\u00e1ceas e cianobact\u00e9rias, totalizando mais de 139 tipos.<\/p>\n<p>O herb\u00e1rio \u00e9 uma ferramenta fundamental para o conhecimento da biodiversidade, representando um instrumento b\u00e1sico para taxonomistas. Ele re\u00fane materiais estudados, disponibilizando-os para pesquisadores e institui\u00e7\u00f5es, permitindo compara\u00e7\u00f5es, an\u00e1lises de distribui\u00e7\u00e3o geogr\u00e1fica, composi\u00e7\u00e3o flor\u00edstica e identifica\u00e7\u00e3o de esp\u00e9cies extintas.<\/p>\n<p>O Herb\u00e1rio Seccional de Algas (SP-ALGAE) possui um dos maiores acervos de algas do estado de S\u00e3o Paulo, sendo uma das primeiras cole\u00e7\u00f5es do Brasil com acervo armazenado em material l\u00edquido, preservado, em sua maioria, em formol.<\/p>\n<p><strong>DESCRI\u00c7\u00c3O DO ACERVO<\/strong><\/p>\n<p>A maior particularidade desse acervo est\u00e1 relacionada aos diferentes tipos de amostras que o comp\u00f5em: amostras l\u00edquidas, l\u00e2minas permanentes (especialmente de diatom\u00e1ceas), exsicatas de materiais secos e rodolitos (algas marinhas aderidas a rochas).<\/p>\n<p>Na<strong> Cole\u00e7\u00e3o L\u00edquida<\/strong>, as amostras s\u00e3o armazenadas em frascos de vidro e fixadas em formalina ou solu\u00e7\u00e3o Transeau. S\u00e3o amostras de macro e microalgas, provenientes de diversas regi\u00f5es do Brasil, incluindo ambientes de \u00e1guas continentais (reservat\u00f3rios, lagos, rios e banhados), ambientes marinhos e representantes de algas suba\u00e9reas, especialmente da Mata Atl\u00e2ntica. Al\u00e9m disso, h\u00e1 amostras de bancos de cultivo de algas e de experimentos.<\/p>\n<p>A cole\u00e7\u00e3o re\u00fane representantes de diversos grupos de algas, totalizando aproximadamente 8.900 frascos, distribu\u00eddos em nove arm\u00e1rios de a\u00e7o devidamente numerados e identificados. A organiza\u00e7\u00e3o segue a ordem crescente de numera\u00e7\u00e3o de SP (tombo), com cada amostra tendo uma ficha de informa\u00e7\u00f5es associada ao seu n\u00famero de SP.<\/p>\n<p>A <strong>Cole\u00e7\u00e3o de L\u00e2minas <\/strong>\u00e9 representada, em sua maioria, por l\u00e2minas de amostras preparadas para observa\u00e7\u00e3o de diatom\u00e1ceas, provenientes de ambientes continentais e marinhos, de sedimentos superficiais e de estudos paleolimnol\u00f3gicos, totalizando mais de 2.400 l\u00e2minas.<\/p>\n<p>Esta cole\u00e7\u00e3o abrange diversas esp\u00e9cies de diatom\u00e1ceas, correspondendo a registros de materiais brasileiros. Geralmente, essas l\u00e2minas recebem o mesmo n\u00famero de SP dos frascos correspondentes, seja de amostra l\u00edquida ou seca. A organiza\u00e7\u00e3o desta cole\u00e7\u00e3o segue a ordem crescente de numera\u00e7\u00e3o de SP. Cada amostra possui uma ficha de informa\u00e7\u00f5es associada ao seu n\u00famero de SP.<\/p>\n<p>A<strong> Cole\u00e7\u00e3o de Exsicatas <\/strong>\u00e9 composta, em sua grande maioria, por materiais correspondentes a macroalgas marinhas, com representantes de Cyanobacteria, Rhodophyta, Phaeophyta e Chlorophyta, incluindo in\u00fameros representantes do litoral paulista e capixaba, al\u00e9m de exemplares de todo o litoral brasileiro e material proveniente do Caribe, Am\u00e9rica do Norte, Europa e Continente Ant\u00e1rtico, dentre outras regi\u00f5es. Al\u00e9m disso, h\u00e1 materiais coletados em ambientes de \u00e1gua doce, como representantes de <em>Chara<\/em> e <em>Nitella<\/em> (algas verdes) e rodofitas de \u00e1gua doce. A cole\u00e7\u00e3o conta com aproximadamente 45.000 exsicatas.<\/p>\n<p><strong>ACESSO \u00c0 COLE\u00c7\u00c3O \u2013 VIRTUAL<\/strong><\/p>\n<p>O Herb\u00e1rio Seccional de Algas est\u00e1 em processo de informatiza\u00e7\u00e3o. Est\u00e1 integrado \u00e0 rede INCT-Herb\u00e1rio Virtual da Flora e dos Fungos (INCT-HVFF), e as informa\u00e7\u00f5es j\u00e1 digitalizadas est\u00e3o disponibilizadas para a comunidade atrav\u00e9s das redes <em>species<\/em>Link (<a href=\"https:\/\/specieslink.net\/\">https:\/\/specieslink.net\/<\/a>) e SiBBr &#8211; Sistema de Informa\u00e7\u00e3o sobre a Biodiversidade Brasileira (<a href=\"https:\/\/www.sibbr.gov.br\/\">https:\/\/www.sibbr.gov.br\/<\/a>).<\/p>\n<p><strong>ACESSO \u00c0 COLE\u00c7\u00c3O \u2013 PRESENCIAL<\/strong><\/p>\n<ul>\n<li>O acervo pode ser consultado presencialmente. As visitas para consulta devem ser agendadas previamente.<\/li>\n<li>O acesso \u00e9 restrito a profissionais e estudantes da \u00e1rea.<\/li>\n<li>A visita presencial \u00e9 limitada a 5 pessoas por dia.<\/li>\n<\/ul>\n<p><u>Para o agendamento<\/u>, enviar solicita\u00e7\u00e3o por e-mail para a curadora (atucci@sp.gov.br) informando:<\/p>\n<ul>\n<li>Nome e institui\u00e7\u00e3o.<\/li>\n<li>Data e hor\u00e1rio desejados.<\/li>\n<li>Objetivo da visita.<\/li>\n<li>Materiais de interesse.<\/li>\n<li>Aguarde a confirma\u00e7\u00e3o da curadora.<\/li>\n<\/ul>\n<p><u>Orienta\u00e7\u00f5es<\/u>:<\/p>\n<ul>\n<li>Respeitar e ter cuidado com as amostras e equipamentos.<\/li>\n<li>N\u00e3o tocar nos esp\u00e9cimes sem autoriza\u00e7\u00e3o.<\/li>\n<li>Utilizar equipamentos de prote\u00e7\u00e3o individual.<\/li>\n<li>Para fotos, \u00e9 necess\u00e1ria autoriza\u00e7\u00e3o.<\/li>\n<li>Hor\u00e1rio de atendimento: 9h00 \u00e0s 17h00.<\/li>\n<\/ul>\n<p><strong>EMPR\u00c9STIMO DE MATERIAL<\/strong><\/p>\n<p>Para empr\u00e9stimo de material: envie por e-mail a solicita\u00e7\u00e3o detalhada dos materiais desejados. A curadora informar\u00e1 a disponibilidade do material para empr\u00e9stimo.<\/p>\n<p>O empr\u00e9stimo n\u00e3o compromete a visita presencial, mas requer responsabilidade pelo material.<\/p>\n<p>\u00c9 necess\u00e1rio respeitar os prazos de devolu\u00e7\u00e3o.<\/p>\n<p><strong>DEP\u00d3SITO DE MATERIAIS<\/strong><\/p>\n<p>Para dep\u00f3sito de materiais no herb\u00e1rio, \u00e9 necess\u00e1rio que estejam identificados e com as informa\u00e7\u00f5es de coleta conforme os padr\u00f5es estabelecidos. Para mais informa\u00e7\u00f5es, entre em contato com a curadora.<\/p>\n<p><strong>LOCALIZA\u00c7\u00c3O<\/strong><\/p>\n<p>IPA Unidade Jardim Bot\u00e2nico, Pr\u00e9dio 4 &#8211; T\u00e9rreo.<\/p>\n<p><strong>CONTATO<\/strong><\/p>\n<p><a href=\"http:\/\/lattes.cnpq.br\/3042923736125076\">Andr\u00e9a Tucci<\/a> (<a href=\"mailto:atucci@sp.gov.br\">atucci@sp.gov.br<\/a>)<\/p>\n<p>Telefone: (11) 5067-6121<\/p>\n<p><strong>CURADORA<\/strong><\/p>\n<ul>\n<li><a href=\"http:\/\/lattes.cnpq.br\/3042923736125076\">Andr\u00e9a Tucci<\/a> (<a href=\"mailto:atucci@sp.gov.br\">atucci@sp.gov.br<\/a>)<\/li>\n<\/ul>\n<p>[\/vc_column_text][\/vc_column][vc_column width=&#8221;1\/3&#8243;][vc_column_text]<span style=\"font-size: 14pt\"><strong>Cole\u00e7\u00f5es do IPA<\/strong><\/span><\/p>\n<ul>\n<li><a href=\"https:\/\/www.infraestruturameioambiente.sp.gov.br\/ipa\/colecoes\/banco-ativo-de-germoplasma-de-arboreas-nativas\/\">Banco Ativo de Germoplasma de Arb\u00f3reas Nativas<\/a><\/li>\n<li><a href=\"https:\/\/www.infraestruturameioambiente.sp.gov.br\/ipa\/colecoes\/banco-ativo-de-germoplasma-de-arboreas-exoticas\/\">Banco Ativo de Germoplasma de Arb\u00f3reas Ex\u00f3ticas<\/a><\/li>\n<li><a href=\"https:\/\/www.infraestruturameioambiente.sp.gov.br\/ipa\/colecoes\/banco-de-sementes-bs-ipa\/\">Banco de Sementes<\/a><\/li>\n<li>Cole\u00e7\u00e3o de Plantas Vivas do Jardim Bot\u00e2nico de S\u00e3o Paulo<\/li>\n<li>Culturas de Algas<\/li>\n<li><a href=\"https:\/\/www.infraestruturameioambiente.sp.gov.br\/ipa\/colecoes\/colecao-de-culturas-de-algas-cianobacterias-e-fungos\/\">Culturas de Fungos Basidiomicetos<\/a><\/li>\n<li><a href=\"https:\/\/www.infraestruturameioambiente.sp.gov.br\/ipa\/colecoes\/colecao-de-culturas-de-algas-cianobacterias-e-fungos\/\">Culturas de Fungos Terrestres e Aqu\u00e1ticos<\/a><\/li>\n<li>Extratoteca<\/li>\n<li><a href=\"https:\/\/www.infraestruturameioambiente.sp.gov.br\/ipa\/colecoes\/herbario-maria-eneyda-pacheco-kauffmann-fidalgo-herbario-sp\/\">Herb\u00e1rio SP<\/a>\n<ul>\n<li><strong>Algas<\/strong><\/li>\n<li><a href=\"https:\/\/www.infraestruturameioambiente.sp.gov.br\/ipa\/colecoes\/herbario-maria-eneyda-pacheco-kauffmann-fidalgo-herbario-sp\/colecao-de-briofitas\/\">Bri\u00f3fitas<\/a><\/li>\n<li><a href=\"https:\/\/www.infraestruturameioambiente.sp.gov.br\/ipa\/colecoes\/herbario-maria-eneyda-pacheco-kauffmann-fidalgo-herbario-sp\/colecao-de-plantas-vasculares\/\">Vasculares<\/a><\/li>\n<li><a href=\"https:\/\/www.infraestruturameioambiente.sp.gov.br\/ipa\/colecoes\/herbario-maria-eneyda-pacheco-kauffmann-fidalgo-herbario-sp\/herbario-seccional-de-fungos-sp-fungi\/\">Fungos<\/a><\/li>\n<\/ul>\n<\/li>\n<li><a href=\"https:\/\/www.infraestruturameioambiente.sp.gov.br\/ipa\/colecoes\/herbario-dom-bento-jose-pickel-spsf\/\">Herb\u00e1rio SPSF<\/a><\/li>\n<li>Litoteca<\/li>\n<li>Paleontol\u00f3gico<\/li>\n<li><a href=\"https:\/\/www.infraestruturameioambiente.sp.gov.br\/ipa\/colecoes\/palinoteca-do-laboratorio-de-palinologia-palino-ipa\/\">Palinoteca<\/a><\/li>\n<li>Petrogr\u00e1fica<\/li>\n<li>Xiloteca SPSFw<\/li>\n<\/ul>\n<p>[\/vc_column_text][\/vc_column][\/vc_row]<\/p>\n","protected":false},"excerpt":{"rendered":"<p>[vc_row][vc_column width=&#8221;2\/3&#8243;][vc_column_text] &nbsp; SOBRE O Herb\u00e1rio Seccional de Algas (SP-ALGAE) \u00e9 parte integrante do Herb\u00e1rio Maria Eneyda Pacheco Kauffmann Fidalgo &#8211; Herb\u00e1rio SP. Criado em 1917, o Herb\u00e1rio SP esteve [&hellip;]<\/p>\n","protected":false},"author":196,"featured_media":0,"parent":4790,"menu_order":0,"comment_status":"closed","ping_status":"closed","template":"","meta":[],"_links":{"self":[{"href":"https:\/\/www.infraestruturameioambiente.sp.gov.br\/ipa\/wp-json\/wp\/v2\/pages\/7509"}],"collection":[{"href":"https:\/\/www.infraestruturameioambiente.sp.gov.br\/ipa\/wp-json\/wp\/v2\/pages"}],"about":[{"href":"https:\/\/www.infraestruturameioambiente.sp.gov.br\/ipa\/wp-json\/wp\/v2\/types\/page"}],"author":[{"embeddable":true,"href":"https:\/\/www.infraestruturameioambiente.sp.gov.br\/ipa\/wp-json\/wp\/v2\/users\/196"}],"replies":[{"embeddable":true,"href":"https:\/\/www.infraestruturameioambiente.sp.gov.br\/ipa\/wp-json\/wp\/v2\/comments?post=7509"}],"version-history":[{"count":2,"href":"https:\/\/www.infraestruturameioambiente.sp.gov.br\/ipa\/wp-json\/wp\/v2\/pages\/7509\/revisions"}],"predecessor-version":[{"id":7519,"href":"https:\/\/www.infraestruturameioambiente.sp.gov.br\/ipa\/wp-json\/wp\/v2\/pages\/7509\/revisions\/7519"}],"up":[{"embeddable":true,"href":"https:\/\/www.infraestruturameioambiente.sp.gov.br\/ipa\/wp-json\/wp\/v2\/pages\/4790"}],"wp:attachment":[{"href":"https:\/\/www.infraestruturameioambiente.sp.gov.br\/ipa\/wp-json\/wp\/v2\/media?parent=7509"}],"curies":[{"name":"wp","href":"https:\/\/api.w.org\/{rel}","templated":true}]}}