{"id":738,"date":"2022-03-10T11:53:58","date_gmt":"2022-03-10T14:53:58","guid":{"rendered":"https:\/\/portal-sima-homologacao.azurewebsites.net\/ipa\/?page_id=738"},"modified":"2025-11-07T09:28:12","modified_gmt":"2025-11-07T12:28:12","slug":"nucleo-de-geociencias-gestao-de-riscos-e-monitoramento-ambiental","status":"publish","type":"page","link":"https:\/\/www.infraestruturameioambiente.sp.gov.br\/ipa\/nucleo-de-geociencias-gestao-de-riscos-e-monitoramento-ambiental\/","title":{"rendered":"Geoci\u00eancias, Gest\u00e3o de Riscos e Monitoramento Ambiental"},"content":{"rendered":"<p>[vc_row][vc_column width=&#8221;2\/3&#8243;][vc_column_text]O Departamento de<strong> Geoci\u00eancias, Gest\u00e3o de Riscos e Monitoramento Ambiental <\/strong>realiza pesquisas em cartografia geol\u00f3gica e din\u00e2mica das paisagens, avalia\u00e7\u00e3o da potencialidade dos aqu\u00edferos e hidrologia fluvial, recursos minerais, an\u00e1lise, mapeamento e monitoramento de processos geodin\u00e2micos e de riscos, monitoramento ambiental e mitiga\u00e7\u00e3o e adapta\u00e7\u00e3o \u00e0s mudan\u00e7as clim\u00e1ticas.<\/p>\n<ul>\n<li><a href=\"https:\/\/sigam.ambiente.sp.gov.br\/sigam3\/Default.aspx?idPagina=17120\">Projetos de pesquisa em desenvolvimento no Departamento de Geoci\u00eancias, Gest\u00e3o de Riscos e Monitoramento Ambiental<\/a><\/li>\n<\/ul>\n<hr \/>\n<p><strong>MATERIAL EDUCATIVO<\/strong><\/p>\n<ul>\n<li><a href=\"https:\/\/www.infraestruturameioambiente.sp.gov.br\/ipa\/aguas-subterraneas\/\">\u00c1guas Subterr\u00e2neas<\/a><\/li>\n<li><a href=\"https:\/\/www.infraestruturameioambiente.sp.gov.br\/ipa\/prevencao-aos-desastres-naturais\/\">Preven\u00e7\u00e3o aos Desastres Naturais<\/a><\/li>\n<\/ul>\n<p>[\/vc_column_text][\/vc_column][vc_column width=&#8221;1\/3&#8243;][vc_column_text]<\/p>\n<h4><span style=\"font-size: 14pt\">Pesquisa Cient\u00edfica<\/span><\/h4>\n<ul>\n<li><a href=\"https:\/\/www.infraestruturameioambiente.sp.gov.br\/ipa\/centro-de-gestao-de-pesquisas\/\">Gest\u00e3o de Pesquisa<\/a><\/li>\n<li><a href=\"https:\/\/www.infraestruturameioambiente.sp.gov.br\/ipa\/pesquisadores-cientificos\/\">Pesquisadores Cient\u00edficos<\/a><\/li>\n<li><a href=\"https:\/\/www.infraestruturameioambiente.sp.gov.br\/ipa\/departamento-tecnico-cientifico\/centro-de-apoio-tecnico-cientifico\/\">Apoio T\u00e9cnico-Cient\u00edfico<\/a><\/li>\n<li><a href=\"https:\/\/www.infraestruturameioambiente.sp.gov.br\/ipa\/departamento-tecnico-cientifico\/centro-de-pesquisa\/nucleo-de-conservacao-da-biodiversidade\/\">Conserva\u00e7\u00e3o da Biodiversidade<\/a><\/li>\n<li><a href=\"https:\/\/www.infraestruturameioambiente.sp.gov.br\/ipa\/departamento-tecnico-cientifico\/centro-de-pesquisa\/nucleo-de-restauracao-ecologica-e-recuperacao-de-areas-degradadas\/\">Restaura\u00e7\u00e3o Ecol\u00f3gica e Recupera\u00e7\u00e3o de \u00c1reas Degradadas<\/a><\/li>\n<li><a href=\"https:\/\/www.infraestruturameioambiente.sp.gov.br\/ipa\/departamento-tecnico-cientifico\/centro-de-pesquisa\/nucleo-de-uso-sustentavel-de-recursos-naturais\/\">Uso Sustent\u00e1vel de Recursos Naturais<\/a><\/li>\n<li><strong>Geoci\u00eancias, Gest\u00e3o de Riscos e Monitoramento Ambiental<\/strong><\/li>\n<li><a href=\"https:\/\/www.infraestruturameioambiente.sp.gov.br\/ipa\/departamento-tecnico-cientifico\/centro-de-apoio-tecnico-cientifico\/\">Apoio T\u00e9cnico-Cient\u00edfico<\/a><\/li>\n<\/ul>\n<h4><span style=\"font-size: 14pt\"><strong>Servi\u00e7os<\/strong><\/span><\/h4>\n<ul>\n<li><a href=\"https:\/\/www.infraestruturameioambiente.sp.gov.br\/ipa\/laboratorios\/\">Laborat\u00f3rios<\/a><\/li>\n<li><a href=\"https:\/\/www.infraestruturameioambiente.sp.gov.br\/ipa\/departamento-tecnico-cientifico\/centro-de-apoio-tecnico-cientifico\/nucleo-de-laboratorios-e-areas-experimentais\/\">Laborat\u00f3rios e \u00c1reas Experimentais<\/a><\/li>\n<li><a href=\"https:\/\/sigam.ambiente.sp.gov.br\/sigam3\/Default.aspx?idPagina=17022\">Cadastro e Gest\u00e3o dos Projetos de Pesquisa<\/a><\/li>\n<li><a href=\"https:\/\/www.infraestruturameioambiente.sp.gov.br\/ipa\/departamento-tecnico-cientifico\/centro-de-apoio-tecnico-cientifico\/nucleo-de-colecoes-biologicas-geologicas-e-paleontologicas\/\">Cole\u00e7\u00f5es Biol\u00f3gicas, Geol\u00f3gicas e Paleontol\u00f3gicas<\/a><\/li>\n<\/ul>\n<p>[\/vc_column_text][\/vc_column][\/vc_row]<\/p>\n","protected":false},"excerpt":{"rendered":"<p>[vc_row][vc_column width=&#8221;2\/3&#8243;][vc_column_text]O Departamento de Geoci\u00eancias, Gest\u00e3o de Riscos e Monitoramento Ambiental realiza pesquisas em cartografia geol\u00f3gica e din\u00e2mica das paisagens, avalia\u00e7\u00e3o da potencialidade dos aqu\u00edferos e hidrologia fluvial, recursos minerais, [&hellip;]<\/p>\n","protected":false},"author":184,"featured_media":0,"parent":0,"menu_order":0,"comment_status":"closed","ping_status":"closed","template":"","meta":[],"_links":{"self":[{"href":"https:\/\/www.infraestruturameioambiente.sp.gov.br\/ipa\/wp-json\/wp\/v2\/pages\/738"}],"collection":[{"href":"https:\/\/www.infraestruturameioambiente.sp.gov.br\/ipa\/wp-json\/wp\/v2\/pages"}],"about":[{"href":"https:\/\/www.infraestruturameioambiente.sp.gov.br\/ipa\/wp-json\/wp\/v2\/types\/page"}],"author":[{"embeddable":true,"href":"https:\/\/www.infraestruturameioambiente.sp.gov.br\/ipa\/wp-json\/wp\/v2\/users\/184"}],"replies":[{"embeddable":true,"href":"https:\/\/www.infraestruturameioambiente.sp.gov.br\/ipa\/wp-json\/wp\/v2\/comments?post=738"}],"version-history":[{"count":16,"href":"https:\/\/www.infraestruturameioambiente.sp.gov.br\/ipa\/wp-json\/wp\/v2\/pages\/738\/revisions"}],"predecessor-version":[{"id":8993,"href":"https:\/\/www.infraestruturameioambiente.sp.gov.br\/ipa\/wp-json\/wp\/v2\/pages\/738\/revisions\/8993"}],"wp:attachment":[{"href":"https:\/\/www.infraestruturameioambiente.sp.gov.br\/ipa\/wp-json\/wp\/v2\/media?parent=738"}],"curies":[{"name":"wp","href":"https:\/\/api.w.org\/{rel}","templated":true}]}}