{"id":7311,"date":"2024-10-24T09:09:44","date_gmt":"2024-10-24T12:09:44","guid":{"rendered":"https:\/\/www.infraestruturameioambiente.sp.gov.br\/ipa\/?page_id=7311"},"modified":"2024-11-19T13:40:02","modified_gmt":"2024-11-19T16:40:02","slug":"colecao-de-briofitas","status":"publish","type":"page","link":"https:\/\/www.infraestruturameioambiente.sp.gov.br\/ipa\/colecoes\/herbario-maria-eneyda-pacheco-kauffmann-fidalgo-herbario-sp\/colecao-de-briofitas\/","title":{"rendered":"Cole\u00e7\u00e3o de Bri\u00f3fitas"},"content":{"rendered":"<p>[vc_row][vc_column width=&#8221;2\/3&#8243;][vc_column_text]<\/p>\n<div class=\"wc-gallery\"><div class='wcflexslider-container wc-gallery-bottomspace-default wc-gallery-clear'><div id='gallery-1' class='gallery wc-gallery-captions-onhover gallery-link-file wcflexslider wcsliderauto' data-gutter-width='5' data-columns='1' data-hide-controls='false'><ul class='slides'>\n\t\t\t\t<li class='gallery-item gallery-item-position-1 gallery-item-attachment-7315 wcflex-slide-item'>\n\t\t\t\t\t<div class='gallery-icon landscape'>\n\t\t\t\t\t\t<a href=\"https:\/\/smastr16.blob.core.windows.net\/2001\/sites\/261\/2024\/10\/1-substratogalhos-iporanga_colecaobriofitas_dfperalta_19-06-2013.jpg\" target=\"_self\"><img src='https:\/\/smastr16.blob.core.windows.net\/2001\/sites\/261\/2024\/10\/1-substratogalhos-iporanga_colecaobriofitas_dfperalta_19-06-2013.jpg' width='800' height='600' alt='' \/><\/a>\n\t\t\t\t\t<\/div>\n\t\t\t\t\t<div class='wp-caption-text gallery-caption' style='width:800px;'>\n\t\t\t\t\t<p>\n\t\t\t\t\tBri\u00f3fitas crescendo sobre galhos. Iporanga \u2013 SP. Foto de\u00a0D.F. Peralta\n\t\t\t\t\t<\/p>\n\t\t\t\t\t<\/div><\/li>\n\t\t\t\t<li class='gallery-item gallery-item-position-2 gallery-item-attachment-7314 wcflex-slide-item'>\n\t\t\t\t\t<div class='gallery-icon landscape'>\n\t\t\t\t\t\t<a href=\"https:\/\/smastr16.blob.core.windows.net\/2001\/sites\/261\/2024\/10\/2-substratofolhas-paranapiacaba_colecaobriofitas_dfperalta_11-07-2010.jpg\" target=\"_self\"><img src='https:\/\/smastr16.blob.core.windows.net\/2001\/sites\/261\/2024\/10\/2-substratofolhas-paranapiacaba_colecaobriofitas_dfperalta_11-07-2010.jpg' width='800' height='600' alt='' \/><\/a>\n\t\t\t\t\t<\/div>\n\t\t\t\t\t<div class='wp-caption-text gallery-caption' style='width:800px;'>\n\t\t\t\t\t<p>\n\t\t\t\t\tBri\u00f3fitas crescendo sobre folhas. Paranapiacaba &#8211; Santo Andr\u00e9 \u2013 SP. Foto de\u00a0D.F. Peralta\n\t\t\t\t\t<\/p>\n\t\t\t\t\t<\/div><\/li>\n\t\t\t\t<li class='gallery-item gallery-item-position-3 gallery-item-attachment-7313 wcflex-slide-item'>\n\t\t\t\t\t<div class='gallery-icon landscape'>\n\t\t\t\t\t\t<a href=\"https:\/\/smastr16.blob.core.windows.net\/2001\/sites\/261\/2024\/10\/3-substratorochas-catas-altas_colecaobriofitas_dfperalta_02-06-2008.jpg\" target=\"_self\"><img src='https:\/\/smastr16.blob.core.windows.net\/2001\/sites\/261\/2024\/10\/3-substratorochas-catas-altas_colecaobriofitas_dfperalta_02-06-2008.jpg' width='800' height='600' alt='' \/><\/a>\n\t\t\t\t\t<\/div>\n\t\t\t\t\t<div class='wp-caption-text gallery-caption' style='width:800px;'>\n\t\t\t\t\t<p>\n\t\t\t\t\tBri\u00f3fitas crescendo sobre rochas. Catas Altas \u2013 SP. Foto de\u00a0D.F. Peralta\n\t\t\t\t\t<\/p>\n\t\t\t\t\t<\/div><\/li>\n\t\t\t\t<li class='gallery-item gallery-item-position-4 gallery-item-attachment-7312 wcflex-slide-item'>\n\t\t\t\t\t<div class='gallery-icon landscape'>\n\t\t\t\t\t\t<a href=\"https:\/\/smastr16.blob.core.windows.net\/2001\/sites\/261\/2024\/10\/4-symphyogyna-piquete_colecaobriofitas_dfperalta_09-01-2019.jpg\" target=\"_self\"><img src='https:\/\/smastr16.blob.core.windows.net\/2001\/sites\/261\/2024\/10\/4-symphyogyna-piquete_colecaobriofitas_dfperalta_09-01-2019.jpg' width='800' height='600' alt='' \/><\/a>\n\t\t\t\t\t<\/div>\n\t\t\t\t\t<div class='wp-caption-text gallery-caption' style='width:800px;'>\n\t\t\t\t\t<p>\n\t\t\t\t\tHep\u00e1tica do g\u00eanero <i>Symphyogyna<\/i>. Piquete &#8211; SP. Foto de D.F. Peralta\n\t\t\t\t\t<\/p>\n\t\t\t\t\t<\/div><\/li>\n\t\t\t\t<li class='gallery-item gallery-item-position-5 gallery-item-attachment-7318 wcflex-slide-item'>\n\t\t\t\t\t<div class='gallery-icon landscape'>\n\t\t\t\t\t\t<a href=\"https:\/\/smastr16.blob.core.windows.net\/2001\/sites\/261\/2024\/10\/5-cololejeunea-paranapiacaba_colecaobriofitas_dfperalta_24-06-2017.jpg\" target=\"_self\"><img src='https:\/\/smastr16.blob.core.windows.net\/2001\/sites\/261\/2024\/10\/5-cololejeunea-paranapiacaba_colecaobriofitas_dfperalta_24-06-2017.jpg' width='800' height='600' alt='' \/><\/a>\n\t\t\t\t\t<\/div>\n\t\t\t\t\t<div class='wp-caption-text gallery-caption' style='width:800px;'>\n\t\t\t\t\t<p>\n\t\t\t\t\tHep\u00e1tica do g\u00eanero <i>Cololejeunea<\/i>. Paranapiacaba &#8211; Santo Andr\u00e9 \u2013 SP. Foto de D.F. Peralta\n\t\t\t\t\t<\/p>\n\t\t\t\t\t<\/div><\/li><\/ul><\/div>\n<\/div>\n<\/div>\n<hr \/>\n<p><strong>SOBRE<\/strong><\/p>\n<p>As bri\u00f3fitas s\u00e3o representadas por tr\u00eas divis\u00f5es: ant\u00f3ceros (Anthocerotophyta), hep\u00e1ticas (Hepatophyta) e musgos (Bryophyta).<\/p>\n<p>\u00c9 um grupo muito diverso, podendo ser encontrado nos mais variados ambientes, com exce\u00e7\u00e3o do ambiente marinho. No mundo, existem cerca de 15 mil esp\u00e9cies de bri\u00f3fitas, sendo que no Brasil ocorrem aproximadamente 1.625 esp\u00e9cies.<\/p>\n<p><strong>HIST\u00d3RICO<\/strong><\/p>\n<p>O Herb\u00e1rio Seccional de Bri\u00f3fitas (SP-BRYOPHYTA) teve in\u00edcio com as coletas de Frederico Carlos Hoehne (especialista em orqu\u00eddeas), na \u201cReserva Biol\u00f3gica do Alto da Serra de Paranapiacaba\u201d, e de sua intera\u00e7\u00e3o com o estudioso de bri\u00f3fitas alem\u00e3o Theodor Herzog. Essa intera\u00e7\u00e3o motivou o crescimento da cole\u00e7\u00e3o (cerca de 5 mil amostras naquela \u00e9poca) e o interesse de Hoehne em trazer de volta ao Brasil as bri\u00f3fitas coletadas por Puiggari, na \u201cComiss\u00e3o Geogr\u00e1fica e Geol\u00f3gica do Estado de S\u00e3o Paulo\u201d, que haviam sido levadas para a Inglaterra.<\/p>\n<p>Ap\u00f3s um per\u00edodo sem incremento na cole\u00e7\u00e3o, o pesquisador Daniel Moreira Vital teve grande contribui\u00e7\u00e3o, de um lado pelo seu enorme esfor\u00e7o de coleta e pesquisa e, de outro, pela grande intera\u00e7\u00e3o com estudiosos de outros pa\u00edses. Essa intera\u00e7\u00e3o resultou no recebimento de amostras de todo o mundo e, principalmente, de duplicatas de amostras hist\u00f3ricas coletadas no Brasil, como a \u201cBryoteca Brasiliensis\u201d coletada por Ernst Ule. Nessa \u00e9poca, a cole\u00e7\u00e3o estava com cerca de 30 mil amostras, acondicionadas em caixas de metal e organizadas por fam\u00edlia\/g\u00eanero\/esp\u00e9cie.<\/p>\n<p>Na sequ\u00eancia, a pesquisadora Olga Yano, em suas pesquisas pelo Brasil, realizando coletas pr\u00f3prias e em conjunto com seus alunos, expandiu a cole\u00e7\u00e3o, chegando a 80 mil amostras. Nessa \u00e9poca, a cole\u00e7\u00e3o foi reorganizada em ordem crescente de n\u00famero de registro e acondicionada em arm\u00e1rios deslizantes.<\/p>\n<p><strong>IMPORT\u00c2NCIA e USOS<\/strong><\/p>\n<p>O Herb\u00e1rio Seccional de Bri\u00f3fitas \u00e9 atualmente a maior cole\u00e7\u00e3o de bri\u00f3fitas da Am\u00e9rica Latina. Tem como objetivo realizar a guarda, a preserva\u00e7\u00e3o e a manuten\u00e7\u00e3o das amostras depositadas, possibilitando e subsidiando a pesquisa cient\u00edfica.<\/p>\n<p>Devido ao seu valor hist\u00f3rico e cient\u00edfico, o acervo \u00e9 fonte de material e de dados para pesquisas, como:<\/p>\n<ul>\n<li>Identidade das esp\u00e9cies depositadas (incluindo a descri\u00e7\u00e3o de esp\u00e9cies novas);<\/li>\n<li>Hist\u00f3ria da origem das amostras e dos coletores, mostrando a diversidade geogr\u00e1fica;<\/li>\n<li>Qu\u00edmica das esp\u00e9cies ou dos substratos onde elas crescem (troncos, solo, etc.);<\/li>\n<li>Tra\u00e7os de poluentes e elementos radioativos das \u00e1reas origin\u00e1rias das amostras;<\/li>\n<li>Fauna (animais que foram preservados junto com as amostras);<\/li>\n<li>Gr\u00e3os de p\u00f3len que contam a hist\u00f3ria do entorno do local onde essas amostras foram coletadas; entre outros.<\/li>\n<\/ul>\n<p>A cole\u00e7\u00e3o recebe, em m\u00e9dia, 10 consulentes por ano e s\u00e3o realizados, aproximadamente, 3.000 interc\u00e2mbios de amostras de bri\u00f3fitas com outras institui\u00e7\u00f5es de pesquisa.<\/p>\n<p><strong>DESCRI\u00c7\u00c3O DO ACERVO<\/strong><\/p>\n<p>Atualmente a cole\u00e7\u00e3o possui 160 mil amostras de bri\u00f3fitas e mais de 300 materiais tipo.<\/p>\n<p>A amostragem \u00e9 representativa de todos os estados e ecossistemas brasileiros e de outros 99 pa\u00edses. Est\u00e1 organizada em ordem alfab\u00e9tica de g\u00eanero, possuindo 1.008 g\u00eaneros de todo o mundo.<\/p>\n<p>O n\u00famero de exsicatas em bri\u00f3fitas normalmente n\u00e3o corresponde \u00e0 amostra de uma \u00fanica esp\u00e9cie, pois, in\u00fameras vezes, existem v\u00e1rias esp\u00e9cies na mesma exsicata. Dessa maneira, o n\u00famero de exsicatas \u00e9 menor que o n\u00famero de registros de esp\u00e9cies que ela representa. 45% da cole\u00e7\u00e3o ainda precisa ser identificada, assim, existe muita diversidade j\u00e1 preservada neste herb\u00e1rio para ser conhecida.<\/p>\n<p>A capacidade instalada no instituto, para armazenamento de amostras de bri\u00f3fitas, comporta tr\u00eas vezes a quantidade de amostras depositadas atualmente.<\/p>\n<p><strong>ACESSO \u00c0 COLE\u00c7\u00c3O \u2013 VIRTUAL<\/strong><\/p>\n<p>A cole\u00e7\u00e3o de bri\u00f3fitas do IPA est\u00e1 100% informatizada (programa BRAHMS) e pode ser acessada atrav\u00e9s das redes speciesLink (<a href=\"https:\/\/specieslink.net\/col\/SP-Bryophyta\/\">speciesLink<\/a>) e GIBF &#8211; <em>The Global Biodiversity Information Facility<\/em> (<a href=\"https:\/\/www.gbif.org\/dataset\/f2f31bf8-abd3-4bbc-b55e-8fa88c5c8222\">SP-Bryophyta- gbif.org<\/a>)<em>.<\/em><\/p>\n<p><strong>ACESSO \u00c0 COLE\u00c7\u00c3O \u2013 PRESENCIAL<\/strong><\/p>\n<p>A cole\u00e7\u00e3o pode ser consultada presencialmente.<\/p>\n<p>As visitas para consulta ao acervo devem ser agendadas com o curador, atrav\u00e9s do e-mail <a href=\"mailto:dperalta@sp.gov.br\">dperalta@sp.gov.br<\/a>.<\/p>\n<p>H\u00e1 uma sala de apoio para an\u00e1lise das amostras com lupa e microsc\u00f3pio.<\/p>\n<p><strong>LOCALIZA\u00c7\u00c3O<\/strong><\/p>\n<p>IPA Unidade Jardim Bot\u00e2nico, Pr\u00e9dio 4 &#8211; T\u00e9rreo.<\/p>\n<p><strong>CONTATO<\/strong><\/p>\n<p>Denilson Fernandes Peralta (<a href=\"mailto:dperalta@sp.gov.br\">dperalta@sp.gov.br)<\/a><\/p>\n<p>telefone: (11) 5067-6115<\/p>\n<p><strong>CURADOR<\/strong><\/p>\n<ul>\n<li><a href=\"http:\/\/lattes.cnpq.br\/8084147980411650\">Denilson Fernandes Peralta<\/a> (<a href=\"mailto:dperalta@sp.gov.br\">dperalta@sp.gov.br)<\/a><\/li>\n<\/ul>\n<p>[\/vc_column_text][\/vc_column][vc_column width=&#8221;1\/3&#8243;][vc_column_text]<span style=\"font-size: 14pt\"><strong>Cole\u00e7\u00f5es do IPA<\/strong><\/span><\/p>\n<ul>\n<li><a href=\"https:\/\/www.infraestruturameioambiente.sp.gov.br\/ipa\/colecoes\/banco-ativo-de-germoplasma-de-arboreas-nativas\/\">Banco Ativo de Germoplasma de Arb\u00f3reas Nativas<\/a><\/li>\n<li><a href=\"https:\/\/www.infraestruturameioambiente.sp.gov.br\/ipa\/colecoes\/banco-ativo-de-germoplasma-de-arboreas-exoticas\/\">Banco Ativo de Germoplasma de Arb\u00f3reas Ex\u00f3ticas<\/a><\/li>\n<li><a href=\"https:\/\/www.infraestruturameioambiente.sp.gov.br\/ipa\/colecoes\/banco-de-sementes-bs-ipa\/\">Banco de Sementes<\/a><\/li>\n<li>Cole\u00e7\u00e3o de Plantas Vivas do Jardim Bot\u00e2nico de S\u00e3o Paulo<\/li>\n<li>Culturas de Algas<\/li>\n<li><a href=\"https:\/\/www.infraestruturameioambiente.sp.gov.br\/ipa\/colecoes\/colecao-de-culturas-de-algas-cianobacterias-e-fungos\/\">Culturas de Fungos Basidiomicetos<\/a><\/li>\n<li><a href=\"https:\/\/www.infraestruturameioambiente.sp.gov.br\/ipa\/colecoes\/colecao-de-culturas-de-algas-cianobacterias-e-fungos\/\">Culturas de Fungos Terrestres e Aqu\u00e1ticos<\/a><\/li>\n<li>Extratoteca<\/li>\n<li><a href=\"https:\/\/www.infraestruturameioambiente.sp.gov.br\/ipa\/colecoes\/herbario-maria-eneyda-pacheco-kauffmann-fidalgo-herbario-sp\/\">Herb\u00e1rio SP<\/a>\n<ul>\n<li><a href=\"https:\/\/www.infraestruturameioambiente.sp.gov.br\/ipa\/colecoes\/herbario-maria-eneyda-pacheco-kauffmann-fidalgo-herbario-sp\/herbario-seccional-de-algas-sp-algae\/\">Algas<\/a><\/li>\n<li><strong>Bri\u00f3fitas<\/strong><\/li>\n<li><a href=\"https:\/\/www.infraestruturameioambiente.sp.gov.br\/ipa\/colecoes\/herbario-maria-eneyda-pacheco-kauffmann-fidalgo-herbario-sp\/colecao-de-plantas-vasculares\/\">Vasculares<\/a><\/li>\n<li><a href=\"https:\/\/www.infraestruturameioambiente.sp.gov.br\/ipa\/colecoes\/herbario-maria-eneyda-pacheco-kauffmann-fidalgo-herbario-sp\/herbario-seccional-de-fungos-sp-fungi\/\">Fungos<\/a><\/li>\n<\/ul>\n<\/li>\n<li><a href=\"https:\/\/www.infraestruturameioambiente.sp.gov.br\/ipa\/colecoes\/herbario-dom-bento-jose-pickel-spsf\/\">Herb\u00e1rio SPSF<\/a><\/li>\n<li>Litoteca<\/li>\n<li>Paleontol\u00f3gico<\/li>\n<li><a href=\"https:\/\/www.infraestruturameioambiente.sp.gov.br\/ipa\/colecoes\/palinoteca-do-laboratorio-de-palinologia-palino-ipa\/\">Palinoteca<\/a><\/li>\n<li>Petrogr\u00e1fica<\/li>\n<li>Xiloteca SPSFw<\/li>\n<\/ul>\n<p>[\/vc_column_text][\/vc_column][\/vc_row]<\/p>\n","protected":false},"excerpt":{"rendered":"<p>[vc_row][vc_column width=&#8221;2\/3&#8243;][vc_column_text] SOBRE As bri\u00f3fitas s\u00e3o representadas por tr\u00eas divis\u00f5es: ant\u00f3ceros (Anthocerotophyta), hep\u00e1ticas (Hepatophyta) e musgos (Bryophyta). \u00c9 um grupo muito diverso, podendo ser encontrado nos mais variados ambientes, com [&hellip;]<\/p>\n","protected":false},"author":196,"featured_media":0,"parent":4790,"menu_order":0,"comment_status":"closed","ping_status":"closed","template":"","meta":[],"_links":{"self":[{"href":"https:\/\/www.infraestruturameioambiente.sp.gov.br\/ipa\/wp-json\/wp\/v2\/pages\/7311"}],"collection":[{"href":"https:\/\/www.infraestruturameioambiente.sp.gov.br\/ipa\/wp-json\/wp\/v2\/pages"}],"about":[{"href":"https:\/\/www.infraestruturameioambiente.sp.gov.br\/ipa\/wp-json\/wp\/v2\/types\/page"}],"author":[{"embeddable":true,"href":"https:\/\/www.infraestruturameioambiente.sp.gov.br\/ipa\/wp-json\/wp\/v2\/users\/196"}],"replies":[{"embeddable":true,"href":"https:\/\/www.infraestruturameioambiente.sp.gov.br\/ipa\/wp-json\/wp\/v2\/comments?post=7311"}],"version-history":[{"count":7,"href":"https:\/\/www.infraestruturameioambiente.sp.gov.br\/ipa\/wp-json\/wp\/v2\/pages\/7311\/revisions"}],"predecessor-version":[{"id":7527,"href":"https:\/\/www.infraestruturameioambiente.sp.gov.br\/ipa\/wp-json\/wp\/v2\/pages\/7311\/revisions\/7527"}],"up":[{"embeddable":true,"href":"https:\/\/www.infraestruturameioambiente.sp.gov.br\/ipa\/wp-json\/wp\/v2\/pages\/4790"}],"wp:attachment":[{"href":"https:\/\/www.infraestruturameioambiente.sp.gov.br\/ipa\/wp-json\/wp\/v2\/media?parent=7311"}],"curies":[{"name":"wp","href":"https:\/\/api.w.org\/{rel}","templated":true}]}}